{"id":7131,"date":"2025-01-31T13:44:42","date_gmt":"2025-01-31T11:44:42","guid":{"rendered":"https:\/\/membrasin.com\/tuote\/skin-hydration-supplement-fin\/"},"modified":"2026-04-10T23:34:31","modified_gmt":"2026-04-10T20:34:31","slug":"skin-hydration-supplement-se","status":"publish","type":"product","link":"https:\/\/membrasin.com\/sv\/produkt\/skin-hydration-supplement-se\/","title":{"rendered":"Skin Hydration Supplement"},"content":{"rendered":"<h2 data-start=\"168\" data-end=\"231\">Finskt kosttillskott f\u00f6r torr hud \u2013 kliniskt bevisad effekt<\/h2>\n<p data-start=\"233\" data-end=\"534\">Membrasin\u00ae Skin Hydration Supplement \u00e4r ett finskt kosttillskott som hj\u00e4lper till att uppr\u00e4tth\u00e5lla hudens skyddsbarri\u00e4r samt f\u00f6rebygga och lugna torr och kliande hud. Det v\u00e5rdar huden inifr\u00e5n och st\u00f6djer hudens v\u00e4lm\u00e5ende p\u00e5 ett naturligt s\u00e4tt. N\u00e4r huden f\u00e5r n\u00e4ring inifr\u00e5n k\u00e4nns och ser den b\u00e4ttre ut.<\/p>\n<p data-start=\"536\" data-end=\"848\">Kosttillskottet inneh\u00e5ller en unik kombination av BC634\u00ae svartvinb\u00e4rsfr\u00f6olja och SBA24\u00ae havtornsolja, som \u00e4r rika p\u00e5 essentiella fettsyror och andra n\u00e4rings\u00e4mnen viktiga f\u00f6r huden. Sammans\u00e4ttningen, effekten och s\u00e4kerheten hos SBA24\u00ae havtornsolja och BC634\u00ae svartvinb\u00e4rsfr\u00f6olja har bekr\u00e4ftats i kliniska studier.<\/p>\n<h3 data-start=\"850\" data-end=\"943\">Hudviktiga vitaminer med naturlig effekt \u2013 verkar inifr\u00e5n f\u00f6r att st\u00f6dja och skydda huden<\/h3>\n<p data-start=\"945\" data-end=\"1203\">Membrasin\u00ae Skin Hydration Supplement inneh\u00e5ller \u00e4ven vitamin A fr\u00e5n betakaroten samt vitamin E. Vitamin A bidrar till att bibeh\u00e5lla hudens och slemhinnornas normala funktion. Vitamin E bidrar till att skydda cellerna i huden och kroppen mot oxidativ stress.*<\/p>\n<p data-start=\"1205\" data-end=\"1451\">Svartvinb\u00e4rsfr\u00f6oljan och havtornsoljan extraheras varsamt fr\u00e5n b\u00e4r och fr\u00f6n, vilket bevarar de k\u00e4nsliga bioaktiva \u00e4mnena. B\u00e4ren \u00e4r rena ekologiska eller vilt v\u00e4xande b\u00e4r. Tillverkningsprocessen \u00e4r milj\u00f6v\u00e4nlig och utan anv\u00e4ndning av l\u00f6sningsmedel.<\/p>\n<ul data-start=\"1453\" data-end=\"1855\">\n<li data-start=\"1453\" data-end=\"1532\">\n<p data-start=\"1455\" data-end=\"1532\">Inneh\u00e5ller hudviktiga omega-3, -6, -7 och -9 fettsyror samt vitamin A och E<\/p>\n<\/li>\n<li data-start=\"1533\" data-end=\"1584\">\n<p data-start=\"1535\" data-end=\"1584\">Gammalinolensyra (GLA) st\u00f6der hudens fuktbalans<\/p>\n<\/li>\n<li data-start=\"1585\" data-end=\"1663\">\n<p data-start=\"1587\" data-end=\"1663\">Vitamin A* bidrar till normal funktion av hud, slemhinnor och immunf\u00f6rsvar<\/p>\n<\/li>\n<li data-start=\"1664\" data-end=\"1727\">\n<p data-start=\"1666\" data-end=\"1727\">Vitamin E* skyddar hudens och kroppens celler mot oxidation<\/p>\n<\/li>\n<li data-start=\"1728\" data-end=\"1775\">\n<p data-start=\"1730\" data-end=\"1775\">Endast rena, naturligt utvunna ingredienser<\/p>\n<\/li>\n<li data-start=\"1776\" data-end=\"1804\">\n<p data-start=\"1778\" data-end=\"1804\">Mjuk vegetabilisk kapsel<\/p>\n<\/li>\n<li data-start=\"1805\" data-end=\"1822\">\n<p data-start=\"1807\" data-end=\"1822\">100 % vegansk<\/p>\n<\/li>\n<li data-start=\"1823\" data-end=\"1855\">\n<p data-start=\"1825\" data-end=\"1855\">Inga animaliska ingredienser<\/p>\n<\/li>\n<\/ul>\n<p data-start=\"1857\" data-end=\"1934\"><strong data-start=\"1857\" data-end=\"1934\">V\u00e5rda huden inifr\u00e5n med kapslar \u2013 lindra symtom utifr\u00e5n med kr\u00e4m och olja<\/strong><\/p>\n<p data-start=\"1936\" data-end=\"2300\">F\u00f6r b\u00e4sta resultat anv\u00e4nd Membrasin\u00aes tredelade hudv\u00e5rdsl\u00f6sning: Membrasin\u00ae Skin Hydration Supplement-kapseln ger huden l\u00e5ngvarig, naturlig \u00e5terfuktning och skydd inifr\u00e5n, medan Membrasin\u00ae Atopic Skin Repair Cream kliniskt bevisat lindrar symtom p\u00e5 atopisk hud. Membrasin\u00ae Probiotic Skincare Oil \u00e4r en specialprodukt som \u00e5terfuktar och balanserar torra hudomr\u00e5den.<\/p>\n<p data-start=\"2302\" data-end=\"2514\">* Kosttillskott: inneh\u00e5ller naturligt betakaroten, en k\u00e4lla till vitamin A, som bidrar till att bibeh\u00e5lla hudens och slemhinnornas normala funktion. Vitamin E bidrar till att skydda cellerna mot oxidativ stress.<\/p>\n","protected":false},"excerpt":{"rendered":"<p>Skyddar och st\u00f6djer naturligt hudens v\u00e4lbefinnande. Speciellt f\u00f6r torr och atopisk hud f\u00f6r att ge n\u00e4ring internt.<\/p>\n<ul>\n<li>Naturlig \u00e5terfuktning av huden p\u00e5 2\u20135 veckor<\/li>\n<li>F\u00f6r torr och irriterad hud<\/li>\n<li>Omega-3, -6, -7 och -9-fettsyror samt A- och E-vitamin<\/li>\n<li>Uppr\u00e4tth\u00e5ller hudens v\u00e4lbefinnande<\/li>\n<li>Kliniskt bevisad effekt<\/li>\n<\/ul>\n","protected":false},"featured_media":1463,"comment_status":"open","ping_status":"closed","template":"","meta":{"_acf_changed":false},"product_brand":[],"product_cat":[114],"product_tag":[],"class_list":{"0":"post-7131","1":"product","2":"type-product","3":"status-publish","4":"has-post-thumbnail","6":"product_cat-dermal-sv","8":"first","9":"instock","10":"taxable","11":"shipping-taxable","12":"purchasable","13":"product-type-simple"},"bundled_by":[],"bundle_stock_status":"instock","bundle_stock_quantity":null,"bundle_virtual":false,"bundle_layout":"","bundle_add_to_cart_form_location":"","bundle_editable_in_cart":false,"bundle_sold_individually_context":"","bundle_item_grouping":"","bundle_min_size":"","bundle_max_size":"","bundled_items":[],"bundle_sell_ids":[],"acf":[],"yoast_head":"<!-- This site is optimized with the Yoast SEO plugin v27.3 - https:\/\/yoast.com\/product\/yoast-seo-wordpress\/ -->\n<title>Skin Hydration Supplement - Membrasin<\/title>\n<meta name=\"description\" content=\"Membrasin Skin Hydration Supplement - Kosttillskott f\u00f6r torr hud. Det v\u00e5rdar huden inifr\u00e5n och st\u00f6djer hudens v\u00e4lm\u00e5ende p\u00e5 ett naturligt s\u00e4t\" \/>\n<meta name=\"robots\" content=\"index, follow, max-snippet:-1, max-image-preview:large, max-video-preview:-1\" \/>\n<link rel=\"canonical\" href=\"https:\/\/membrasin.com\/sv\/produkt\/skin-hydration-supplement-se\/\" \/>\n<meta property=\"og:locale\" content=\"sv_SE\" \/>\n<meta property=\"og:type\" content=\"article\" \/>\n<meta property=\"og:title\" content=\"Skin Hydration Supplement - Membrasin\" \/>\n<meta property=\"og:description\" content=\"Membrasin Skin Hydration Supplement - Kosttillskott f\u00f6r torr hud. Det v\u00e5rdar huden inifr\u00e5n och st\u00f6djer hudens v\u00e4lm\u00e5ende p\u00e5 ett naturligt s\u00e4t\" \/>\n<meta property=\"og:url\" content=\"https:\/\/membrasin.com\/sv\/produkt\/skin-hydration-supplement-se\/\" \/>\n<meta property=\"og:site_name\" content=\"Membrasin\" \/>\n<meta property=\"article:publisher\" content=\"https:\/\/www.facebook.com\/Membrasin\" \/>\n<meta property=\"article:modified_time\" content=\"2026-04-10T20:34:31+00:00\" \/>\n<meta property=\"og:image\" content=\"https:\/\/membrasin.com\/wp-content\/uploads\/2022\/06\/Membrasin_dermal_capsules_caps_package_72dpi_600x600px-1.png\" \/>\n\t<meta property=\"og:image:width\" content=\"600\" \/>\n\t<meta property=\"og:image:height\" content=\"600\" \/>\n\t<meta property=\"og:image:type\" content=\"image\/png\" \/>\n<meta name=\"twitter:card\" content=\"summary_large_image\" \/>\n<meta name=\"twitter:label1\" content=\"Ber\u00e4knad l\u00e4stid\" \/>\n\t<meta name=\"twitter:data1\" content=\"3 minuter\" \/>\n<script type=\"application\/ld+json\" class=\"yoast-schema-graph\">{\"@context\":\"https:\\\/\\\/schema.org\",\"@graph\":[{\"@type\":\"WebPage\",\"@id\":\"https:\\\/\\\/membrasin.com\\\/sv\\\/produkt\\\/skin-hydration-supplement-se\\\/\",\"url\":\"https:\\\/\\\/membrasin.com\\\/sv\\\/produkt\\\/skin-hydration-supplement-se\\\/\",\"name\":\"Skin Hydration Supplement - Membrasin\",\"isPartOf\":{\"@id\":\"https:\\\/\\\/membrasin.com\\\/sv\\\/#website\"},\"primaryImageOfPage\":{\"@id\":\"https:\\\/\\\/membrasin.com\\\/sv\\\/produkt\\\/skin-hydration-supplement-se\\\/#primaryimage\"},\"image\":{\"@id\":\"https:\\\/\\\/membrasin.com\\\/sv\\\/produkt\\\/skin-hydration-supplement-se\\\/#primaryimage\"},\"thumbnailUrl\":\"https:\\\/\\\/membrasin.com\\\/wp-content\\\/uploads\\\/2022\\\/06\\\/Membrasin_dermal_capsules_caps_package_72dpi_600x600px-1.png\",\"datePublished\":\"2025-01-31T11:44:42+00:00\",\"dateModified\":\"2026-04-10T20:34:31+00:00\",\"description\":\"Membrasin Skin Hydration Supplement - Kosttillskott f\u00f6r torr hud. Det v\u00e5rdar huden inifr\u00e5n och st\u00f6djer hudens v\u00e4lm\u00e5ende p\u00e5 ett naturligt s\u00e4t\",\"breadcrumb\":{\"@id\":\"https:\\\/\\\/membrasin.com\\\/sv\\\/produkt\\\/skin-hydration-supplement-se\\\/#breadcrumb\"},\"inLanguage\":\"sv-SE\",\"potentialAction\":[{\"@type\":\"ReadAction\",\"target\":[\"https:\\\/\\\/membrasin.com\\\/sv\\\/produkt\\\/skin-hydration-supplement-se\\\/\"]}]},{\"@type\":\"ImageObject\",\"inLanguage\":\"sv-SE\",\"@id\":\"https:\\\/\\\/membrasin.com\\\/sv\\\/produkt\\\/skin-hydration-supplement-se\\\/#primaryimage\",\"url\":\"https:\\\/\\\/membrasin.com\\\/wp-content\\\/uploads\\\/2022\\\/06\\\/Membrasin_dermal_capsules_caps_package_72dpi_600x600px-1.png\",\"contentUrl\":\"https:\\\/\\\/membrasin.com\\\/wp-content\\\/uploads\\\/2022\\\/06\\\/Membrasin_dermal_capsules_caps_package_72dpi_600x600px-1.png\",\"width\":600,\"height\":600},{\"@type\":\"BreadcrumbList\",\"@id\":\"https:\\\/\\\/membrasin.com\\\/sv\\\/produkt\\\/skin-hydration-supplement-se\\\/#breadcrumb\",\"itemListElement\":[{\"@type\":\"ListItem\",\"position\":1,\"name\":\"Etusivu\",\"item\":\"https:\\\/\\\/membrasin.com\\\/sv\\\/\"},{\"@type\":\"ListItem\",\"position\":2,\"name\":\"Produkter\",\"item\":\"https:\\\/\\\/membrasin.com\\\/sv\\\/shop\\\/\"},{\"@type\":\"ListItem\",\"position\":3,\"name\":\"Skin Hydration Supplement\"}]},{\"@type\":\"WebSite\",\"@id\":\"https:\\\/\\\/membrasin.com\\\/sv\\\/#website\",\"url\":\"https:\\\/\\\/membrasin.com\\\/sv\\\/\",\"name\":\"Membrasin\",\"description\":\"\",\"publisher\":{\"@id\":\"https:\\\/\\\/membrasin.com\\\/sv\\\/#organization\"},\"potentialAction\":[{\"@type\":\"SearchAction\",\"target\":{\"@type\":\"EntryPoint\",\"urlTemplate\":\"https:\\\/\\\/membrasin.com\\\/sv\\\/?s={search_term_string}\"},\"query-input\":{\"@type\":\"PropertyValueSpecification\",\"valueRequired\":true,\"valueName\":\"search_term_string\"}}],\"inLanguage\":\"sv-SE\"},{\"@type\":\"Organization\",\"@id\":\"https:\\\/\\\/membrasin.com\\\/sv\\\/#organization\",\"name\":\"Membrasin\",\"url\":\"https:\\\/\\\/membrasin.com\\\/sv\\\/\",\"logo\":{\"@type\":\"ImageObject\",\"inLanguage\":\"sv-SE\",\"@id\":\"https:\\\/\\\/membrasin.com\\\/sv\\\/#\\\/schema\\\/logo\\\/image\\\/\",\"url\":\"https:\\\/\\\/membrasin.com\\\/wp-content\\\/uploads\\\/2022\\\/09\\\/product_placeholder_membrasin_logo.png\",\"contentUrl\":\"https:\\\/\\\/membrasin.com\\\/wp-content\\\/uploads\\\/2022\\\/09\\\/product_placeholder_membrasin_logo.png\",\"width\":600,\"height\":600,\"caption\":\"Membrasin\"},\"image\":{\"@id\":\"https:\\\/\\\/membrasin.com\\\/sv\\\/#\\\/schema\\\/logo\\\/image\\\/\"},\"sameAs\":[\"https:\\\/\\\/www.facebook.com\\\/Membrasin\",\"https:\\\/\\\/www.instagram.com\\\/membrasin\\\/\"]}]}<\/script>\n<!-- \/ Yoast SEO plugin. -->","yoast_head_json":{"title":"Skin Hydration Supplement - Membrasin","description":"Membrasin Skin Hydration Supplement - Kosttillskott f\u00f6r torr hud. Det v\u00e5rdar huden inifr\u00e5n och st\u00f6djer hudens v\u00e4lm\u00e5ende p\u00e5 ett naturligt s\u00e4t","robots":{"index":"index","follow":"follow","max-snippet":"max-snippet:-1","max-image-preview":"max-image-preview:large","max-video-preview":"max-video-preview:-1"},"canonical":"https:\/\/membrasin.com\/sv\/produkt\/skin-hydration-supplement-se\/","og_locale":"sv_SE","og_type":"article","og_title":"Skin Hydration Supplement - Membrasin","og_description":"Membrasin Skin Hydration Supplement - Kosttillskott f\u00f6r torr hud. Det v\u00e5rdar huden inifr\u00e5n och st\u00f6djer hudens v\u00e4lm\u00e5ende p\u00e5 ett naturligt s\u00e4t","og_url":"https:\/\/membrasin.com\/sv\/produkt\/skin-hydration-supplement-se\/","og_site_name":"Membrasin","article_publisher":"https:\/\/www.facebook.com\/Membrasin","article_modified_time":"2026-04-10T20:34:31+00:00","og_image":[{"width":600,"height":600,"url":"https:\/\/membrasin.com\/wp-content\/uploads\/2022\/06\/Membrasin_dermal_capsules_caps_package_72dpi_600x600px-1.png","type":"image\/png"}],"twitter_card":"summary_large_image","twitter_misc":{"Ber\u00e4knad l\u00e4stid":"3 minuter"},"schema":{"@context":"https:\/\/schema.org","@graph":[{"@type":"WebPage","@id":"https:\/\/membrasin.com\/sv\/produkt\/skin-hydration-supplement-se\/","url":"https:\/\/membrasin.com\/sv\/produkt\/skin-hydration-supplement-se\/","name":"Skin Hydration Supplement - Membrasin","isPartOf":{"@id":"https:\/\/membrasin.com\/sv\/#website"},"primaryImageOfPage":{"@id":"https:\/\/membrasin.com\/sv\/produkt\/skin-hydration-supplement-se\/#primaryimage"},"image":{"@id":"https:\/\/membrasin.com\/sv\/produkt\/skin-hydration-supplement-se\/#primaryimage"},"thumbnailUrl":"https:\/\/membrasin.com\/wp-content\/uploads\/2022\/06\/Membrasin_dermal_capsules_caps_package_72dpi_600x600px-1.png","datePublished":"2025-01-31T11:44:42+00:00","dateModified":"2026-04-10T20:34:31+00:00","description":"Membrasin Skin Hydration Supplement - Kosttillskott f\u00f6r torr hud. Det v\u00e5rdar huden inifr\u00e5n och st\u00f6djer hudens v\u00e4lm\u00e5ende p\u00e5 ett naturligt s\u00e4t","breadcrumb":{"@id":"https:\/\/membrasin.com\/sv\/produkt\/skin-hydration-supplement-se\/#breadcrumb"},"inLanguage":"sv-SE","potentialAction":[{"@type":"ReadAction","target":["https:\/\/membrasin.com\/sv\/produkt\/skin-hydration-supplement-se\/"]}]},{"@type":"ImageObject","inLanguage":"sv-SE","@id":"https:\/\/membrasin.com\/sv\/produkt\/skin-hydration-supplement-se\/#primaryimage","url":"https:\/\/membrasin.com\/wp-content\/uploads\/2022\/06\/Membrasin_dermal_capsules_caps_package_72dpi_600x600px-1.png","contentUrl":"https:\/\/membrasin.com\/wp-content\/uploads\/2022\/06\/Membrasin_dermal_capsules_caps_package_72dpi_600x600px-1.png","width":600,"height":600},{"@type":"BreadcrumbList","@id":"https:\/\/membrasin.com\/sv\/produkt\/skin-hydration-supplement-se\/#breadcrumb","itemListElement":[{"@type":"ListItem","position":1,"name":"Etusivu","item":"https:\/\/membrasin.com\/sv\/"},{"@type":"ListItem","position":2,"name":"Produkter","item":"https:\/\/membrasin.com\/sv\/shop\/"},{"@type":"ListItem","position":3,"name":"Skin Hydration Supplement"}]},{"@type":"WebSite","@id":"https:\/\/membrasin.com\/sv\/#website","url":"https:\/\/membrasin.com\/sv\/","name":"Membrasin","description":"","publisher":{"@id":"https:\/\/membrasin.com\/sv\/#organization"},"potentialAction":[{"@type":"SearchAction","target":{"@type":"EntryPoint","urlTemplate":"https:\/\/membrasin.com\/sv\/?s={search_term_string}"},"query-input":{"@type":"PropertyValueSpecification","valueRequired":true,"valueName":"search_term_string"}}],"inLanguage":"sv-SE"},{"@type":"Organization","@id":"https:\/\/membrasin.com\/sv\/#organization","name":"Membrasin","url":"https:\/\/membrasin.com\/sv\/","logo":{"@type":"ImageObject","inLanguage":"sv-SE","@id":"https:\/\/membrasin.com\/sv\/#\/schema\/logo\/image\/","url":"https:\/\/membrasin.com\/wp-content\/uploads\/2022\/09\/product_placeholder_membrasin_logo.png","contentUrl":"https:\/\/membrasin.com\/wp-content\/uploads\/2022\/09\/product_placeholder_membrasin_logo.png","width":600,"height":600,"caption":"Membrasin"},"image":{"@id":"https:\/\/membrasin.com\/sv\/#\/schema\/logo\/image\/"},"sameAs":["https:\/\/www.facebook.com\/Membrasin","https:\/\/www.instagram.com\/membrasin\/"]}]}},"_links":{"self":[{"href":"https:\/\/membrasin.com\/sv\/wp-json\/wp\/v2\/product\/7131","targetHints":{"allow":["GET"]}}],"collection":[{"href":"https:\/\/membrasin.com\/sv\/wp-json\/wp\/v2\/product"}],"about":[{"href":"https:\/\/membrasin.com\/sv\/wp-json\/wp\/v2\/types\/product"}],"replies":[{"embeddable":true,"href":"https:\/\/membrasin.com\/sv\/wp-json\/wp\/v2\/comments?post=7131"}],"wp:featuredmedia":[{"embeddable":true,"href":"https:\/\/membrasin.com\/sv\/wp-json\/wp\/v2\/media\/1463"}],"wp:attachment":[{"href":"https:\/\/membrasin.com\/sv\/wp-json\/wp\/v2\/media?parent=7131"}],"wp:term":[{"taxonomy":"product_brand","embeddable":true,"href":"https:\/\/membrasin.com\/sv\/wp-json\/wp\/v2\/product_brand?post=7131"},{"taxonomy":"product_cat","embeddable":true,"href":"https:\/\/membrasin.com\/sv\/wp-json\/wp\/v2\/product_cat?post=7131"},{"taxonomy":"product_tag","embeddable":true,"href":"https:\/\/membrasin.com\/sv\/wp-json\/wp\/v2\/product_tag?post=7131"}],"curies":[{"name":"wp","href":"https:\/\/api.w.org\/{rel}","templated":true}]}}