{"id":6714,"date":"2025-01-17T13:32:38","date_gmt":"2025-01-17T11:32:38","guid":{"rendered":"https:\/\/membrasin.com\/tuote\/atopic-skin-repair-cream-fin\/"},"modified":"2026-04-07T22:16:32","modified_gmt":"2026-04-07T19:16:32","slug":"atopic-skin-repair-cream-swe","status":"publish","type":"product","link":"https:\/\/membrasin.com\/sv\/produkt\/atopic-skin-repair-cream-swe\/","title":{"rendered":"Atopic Skin Repair Cream"},"content":{"rendered":"<p>Membrasin<sup>\u00ae<\/sup> Atopic Skin Repair Cream lindrar atopiskt eksem, kl\u00e5da och rodnad. Dessutom mjukar och \u00e5terfuktar den torr hud.<\/p>\n<p>Svartvinb\u00e4rsfr\u00f6olja inneh\u00e5ller rikligt av omega-3, -6 och -9 fettsyror som \u00e4r n\u00f6dv\u00e4ndiga f\u00f6r hudens v\u00e4lbefinnande. Kombinationen av svartvinb\u00e4rsfr\u00f6olja och andra naturliga aktiva ingredienser skyddar effektivt k\u00e4nslig, torr och atopisk hud.<\/p>\n<p>Sammans\u00e4ttningen, effekten och s\u00e4kerheten hos Atopic Skin Repair Cream har bekr\u00e4ftats genom kliniska studier och salvan \u00e4r l\u00e4mplig f\u00f6r hela familjen.<\/p>\n<ul>\n<li>Lindrar kl\u00e5da och rodnad<\/li>\n<li>\u00c5terfuktar och mjukar upp huden<\/li>\n<li>Skyddar och f\u00f6rb\u00e4ttrar hudens skyddsskikt f\u00f6r att f\u00f6rhindra uttorkning och inflammation<\/li>\n<li>Naturliga aktiva ingredienser (svartvinb\u00e4rsfr\u00f6olja, hyaluronsyra, kokosolja, sheasm\u00f6r, mandelolja, mj\u00f6lksyra)<\/li>\n<li>S\u00e4kerheten och effekten har s\u00e4kerst\u00e4llts genom kliniska pr\u00f6vningar<\/li>\n<li>I kliniska pr\u00f6vningar ville 75 % av respondenterna forts\u00e4tta att anv\u00e4nda Membrasin<sup>\u00ae<\/sup> Atopic Skin Repair Cream f\u00f6r att behandla symtom p\u00e5 atopisk hud.*<\/li>\n<\/ul>\n<p>F\u00f6r b\u00e4sta resultat, anv\u00e4nd Membrasin<sup>\u00ae<\/sup> Dermal med v\u00e5r trestegsl\u00f6sning: Membrasin<sup>\u00ae<\/sup> Atopic Skin Repair Cream lindrar symtomen p\u00e5 atopisk hud. Membrasin<sup>\u00ae<\/sup> Skin Hydration Supplement ger l\u00e5ngvarig naturlig \u00e5terfuktning inv\u00e4rtes och skydd f\u00f6r huden. Membrasin<sup>\u00ae<\/sup> Probiotic Skincare Oil \u00e4r avsett f\u00f6r att \u00e5terfukta och balansera torra hudomr\u00e5den.<\/p>\n<p>*N=69, 2 veckor och 5 veckor<\/p>\n","protected":false},"excerpt":{"rendered":"<p>Skyddar och f\u00f6rb\u00e4ttrar naturligt hudens skyddande skikt f\u00f6r att f\u00f6rhindra torrhet. V\u00e5rdar atopisk och torr hud samt lindrar kl\u00e5da.<\/p>\n<ul>\n<li>Behandlar symtom p\u00e5 atopisk hud<\/li>\n<li>Kliniskt bevisad effekt<\/li>\n<li>Passar hela familjen<\/li>\n<\/ul>\n","protected":false},"featured_media":6704,"comment_status":"open","ping_status":"closed","template":"","meta":{"_acf_changed":false},"product_brand":[],"product_cat":[114],"product_tag":[],"class_list":{"0":"post-6714","1":"product","2":"type-product","3":"status-publish","4":"has-post-thumbnail","6":"product_cat-dermal-sv","8":"first","9":"instock","10":"taxable","11":"shipping-taxable","12":"purchasable","13":"product-type-simple"},"bundled_by":[],"bundle_stock_status":"instock","bundle_stock_quantity":null,"bundle_virtual":false,"bundle_layout":"","bundle_add_to_cart_form_location":"","bundle_editable_in_cart":false,"bundle_sold_individually_context":"","bundle_item_grouping":"","bundle_min_size":"","bundle_max_size":"","bundled_items":[],"bundle_sell_ids":[],"acf":[],"yoast_head":"<!-- This site is optimized with the Yoast SEO plugin v27.3 - https:\/\/yoast.com\/product\/yoast-seo-wordpress\/ -->\n<title>Atopic Skin Repair Cream - Membrasin<\/title>\n<meta name=\"description\" content=\"Membrasin\u00ae Atopic Skin Repair Cream lindrar atopiskt eksem, kl\u00e5da och rodnad. Dessutom mjukar och \u00e5terfuktar den torr hud.\" \/>\n<meta name=\"robots\" content=\"index, follow, max-snippet:-1, max-image-preview:large, max-video-preview:-1\" \/>\n<link rel=\"canonical\" href=\"https:\/\/membrasin.com\/sv\/produkt\/atopic-skin-repair-cream-swe\/\" \/>\n<meta property=\"og:locale\" content=\"sv_SE\" \/>\n<meta property=\"og:type\" content=\"article\" \/>\n<meta property=\"og:title\" content=\"Atopic Skin Repair Cream - Membrasin\" \/>\n<meta property=\"og:description\" content=\"Membrasin\u00ae Atopic Skin Repair Cream lindrar atopiskt eksem, kl\u00e5da och rodnad. Dessutom mjukar och \u00e5terfuktar den torr hud.\" \/>\n<meta property=\"og:url\" content=\"https:\/\/membrasin.com\/sv\/produkt\/atopic-skin-repair-cream-swe\/\" \/>\n<meta property=\"og:site_name\" content=\"Membrasin\" \/>\n<meta property=\"article:publisher\" content=\"https:\/\/www.facebook.com\/Membrasin\" \/>\n<meta property=\"article:modified_time\" content=\"2026-04-07T19:16:32+00:00\" \/>\n<meta property=\"og:image\" content=\"https:\/\/membrasin.com\/wp-content\/uploads\/2025\/01\/Nimeton-malli-2025-01-17T132955.994.png\" \/>\n\t<meta property=\"og:image:width\" content=\"600\" \/>\n\t<meta property=\"og:image:height\" content=\"600\" \/>\n\t<meta property=\"og:image:type\" content=\"image\/png\" \/>\n<meta name=\"twitter:card\" content=\"summary_large_image\" \/>\n<meta name=\"twitter:label1\" content=\"Ber\u00e4knad l\u00e4stid\" \/>\n\t<meta name=\"twitter:data1\" content=\"2 minuter\" \/>\n<script type=\"application\/ld+json\" class=\"yoast-schema-graph\">{\"@context\":\"https:\\\/\\\/schema.org\",\"@graph\":[{\"@type\":\"WebPage\",\"@id\":\"https:\\\/\\\/membrasin.com\\\/sv\\\/produkt\\\/atopic-skin-repair-cream-swe\\\/\",\"url\":\"https:\\\/\\\/membrasin.com\\\/sv\\\/produkt\\\/atopic-skin-repair-cream-swe\\\/\",\"name\":\"Atopic Skin Repair Cream - Membrasin\",\"isPartOf\":{\"@id\":\"https:\\\/\\\/membrasin.com\\\/sv\\\/#website\"},\"primaryImageOfPage\":{\"@id\":\"https:\\\/\\\/membrasin.com\\\/sv\\\/produkt\\\/atopic-skin-repair-cream-swe\\\/#primaryimage\"},\"image\":{\"@id\":\"https:\\\/\\\/membrasin.com\\\/sv\\\/produkt\\\/atopic-skin-repair-cream-swe\\\/#primaryimage\"},\"thumbnailUrl\":\"https:\\\/\\\/membrasin.com\\\/wp-content\\\/uploads\\\/2025\\\/01\\\/Nimeton-malli-2025-01-17T132955.994.png\",\"datePublished\":\"2025-01-17T11:32:38+00:00\",\"dateModified\":\"2026-04-07T19:16:32+00:00\",\"description\":\"Membrasin\u00ae Atopic Skin Repair Cream lindrar atopiskt eksem, kl\u00e5da och rodnad. Dessutom mjukar och \u00e5terfuktar den torr hud.\",\"breadcrumb\":{\"@id\":\"https:\\\/\\\/membrasin.com\\\/sv\\\/produkt\\\/atopic-skin-repair-cream-swe\\\/#breadcrumb\"},\"inLanguage\":\"sv-SE\",\"potentialAction\":[{\"@type\":\"ReadAction\",\"target\":[\"https:\\\/\\\/membrasin.com\\\/sv\\\/produkt\\\/atopic-skin-repair-cream-swe\\\/\"]}]},{\"@type\":\"ImageObject\",\"inLanguage\":\"sv-SE\",\"@id\":\"https:\\\/\\\/membrasin.com\\\/sv\\\/produkt\\\/atopic-skin-repair-cream-swe\\\/#primaryimage\",\"url\":\"https:\\\/\\\/membrasin.com\\\/wp-content\\\/uploads\\\/2025\\\/01\\\/Nimeton-malli-2025-01-17T132955.994.png\",\"contentUrl\":\"https:\\\/\\\/membrasin.com\\\/wp-content\\\/uploads\\\/2025\\\/01\\\/Nimeton-malli-2025-01-17T132955.994.png\",\"width\":600,\"height\":600},{\"@type\":\"BreadcrumbList\",\"@id\":\"https:\\\/\\\/membrasin.com\\\/sv\\\/produkt\\\/atopic-skin-repair-cream-swe\\\/#breadcrumb\",\"itemListElement\":[{\"@type\":\"ListItem\",\"position\":1,\"name\":\"Etusivu\",\"item\":\"https:\\\/\\\/membrasin.com\\\/sv\\\/\"},{\"@type\":\"ListItem\",\"position\":2,\"name\":\"Produkter\",\"item\":\"https:\\\/\\\/membrasin.com\\\/sv\\\/shop\\\/\"},{\"@type\":\"ListItem\",\"position\":3,\"name\":\"Atopic Skin Repair Cream\"}]},{\"@type\":\"WebSite\",\"@id\":\"https:\\\/\\\/membrasin.com\\\/sv\\\/#website\",\"url\":\"https:\\\/\\\/membrasin.com\\\/sv\\\/\",\"name\":\"Membrasin\",\"description\":\"\",\"publisher\":{\"@id\":\"https:\\\/\\\/membrasin.com\\\/sv\\\/#organization\"},\"potentialAction\":[{\"@type\":\"SearchAction\",\"target\":{\"@type\":\"EntryPoint\",\"urlTemplate\":\"https:\\\/\\\/membrasin.com\\\/sv\\\/?s={search_term_string}\"},\"query-input\":{\"@type\":\"PropertyValueSpecification\",\"valueRequired\":true,\"valueName\":\"search_term_string\"}}],\"inLanguage\":\"sv-SE\"},{\"@type\":\"Organization\",\"@id\":\"https:\\\/\\\/membrasin.com\\\/sv\\\/#organization\",\"name\":\"Membrasin\",\"url\":\"https:\\\/\\\/membrasin.com\\\/sv\\\/\",\"logo\":{\"@type\":\"ImageObject\",\"inLanguage\":\"sv-SE\",\"@id\":\"https:\\\/\\\/membrasin.com\\\/sv\\\/#\\\/schema\\\/logo\\\/image\\\/\",\"url\":\"https:\\\/\\\/membrasin.com\\\/wp-content\\\/uploads\\\/2022\\\/09\\\/product_placeholder_membrasin_logo.png\",\"contentUrl\":\"https:\\\/\\\/membrasin.com\\\/wp-content\\\/uploads\\\/2022\\\/09\\\/product_placeholder_membrasin_logo.png\",\"width\":600,\"height\":600,\"caption\":\"Membrasin\"},\"image\":{\"@id\":\"https:\\\/\\\/membrasin.com\\\/sv\\\/#\\\/schema\\\/logo\\\/image\\\/\"},\"sameAs\":[\"https:\\\/\\\/www.facebook.com\\\/Membrasin\",\"https:\\\/\\\/www.instagram.com\\\/membrasin\\\/\"]}]}<\/script>\n<!-- \/ Yoast SEO plugin. -->","yoast_head_json":{"title":"Atopic Skin Repair Cream - Membrasin","description":"Membrasin\u00ae Atopic Skin Repair Cream lindrar atopiskt eksem, kl\u00e5da och rodnad. Dessutom mjukar och \u00e5terfuktar den torr hud.","robots":{"index":"index","follow":"follow","max-snippet":"max-snippet:-1","max-image-preview":"max-image-preview:large","max-video-preview":"max-video-preview:-1"},"canonical":"https:\/\/membrasin.com\/sv\/produkt\/atopic-skin-repair-cream-swe\/","og_locale":"sv_SE","og_type":"article","og_title":"Atopic Skin Repair Cream - Membrasin","og_description":"Membrasin\u00ae Atopic Skin Repair Cream lindrar atopiskt eksem, kl\u00e5da och rodnad. Dessutom mjukar och \u00e5terfuktar den torr hud.","og_url":"https:\/\/membrasin.com\/sv\/produkt\/atopic-skin-repair-cream-swe\/","og_site_name":"Membrasin","article_publisher":"https:\/\/www.facebook.com\/Membrasin","article_modified_time":"2026-04-07T19:16:32+00:00","og_image":[{"width":600,"height":600,"url":"https:\/\/membrasin.com\/wp-content\/uploads\/2025\/01\/Nimeton-malli-2025-01-17T132955.994.png","type":"image\/png"}],"twitter_card":"summary_large_image","twitter_misc":{"Ber\u00e4knad l\u00e4stid":"2 minuter"},"schema":{"@context":"https:\/\/schema.org","@graph":[{"@type":"WebPage","@id":"https:\/\/membrasin.com\/sv\/produkt\/atopic-skin-repair-cream-swe\/","url":"https:\/\/membrasin.com\/sv\/produkt\/atopic-skin-repair-cream-swe\/","name":"Atopic Skin Repair Cream - Membrasin","isPartOf":{"@id":"https:\/\/membrasin.com\/sv\/#website"},"primaryImageOfPage":{"@id":"https:\/\/membrasin.com\/sv\/produkt\/atopic-skin-repair-cream-swe\/#primaryimage"},"image":{"@id":"https:\/\/membrasin.com\/sv\/produkt\/atopic-skin-repair-cream-swe\/#primaryimage"},"thumbnailUrl":"https:\/\/membrasin.com\/wp-content\/uploads\/2025\/01\/Nimeton-malli-2025-01-17T132955.994.png","datePublished":"2025-01-17T11:32:38+00:00","dateModified":"2026-04-07T19:16:32+00:00","description":"Membrasin\u00ae Atopic Skin Repair Cream lindrar atopiskt eksem, kl\u00e5da och rodnad. Dessutom mjukar och \u00e5terfuktar den torr hud.","breadcrumb":{"@id":"https:\/\/membrasin.com\/sv\/produkt\/atopic-skin-repair-cream-swe\/#breadcrumb"},"inLanguage":"sv-SE","potentialAction":[{"@type":"ReadAction","target":["https:\/\/membrasin.com\/sv\/produkt\/atopic-skin-repair-cream-swe\/"]}]},{"@type":"ImageObject","inLanguage":"sv-SE","@id":"https:\/\/membrasin.com\/sv\/produkt\/atopic-skin-repair-cream-swe\/#primaryimage","url":"https:\/\/membrasin.com\/wp-content\/uploads\/2025\/01\/Nimeton-malli-2025-01-17T132955.994.png","contentUrl":"https:\/\/membrasin.com\/wp-content\/uploads\/2025\/01\/Nimeton-malli-2025-01-17T132955.994.png","width":600,"height":600},{"@type":"BreadcrumbList","@id":"https:\/\/membrasin.com\/sv\/produkt\/atopic-skin-repair-cream-swe\/#breadcrumb","itemListElement":[{"@type":"ListItem","position":1,"name":"Etusivu","item":"https:\/\/membrasin.com\/sv\/"},{"@type":"ListItem","position":2,"name":"Produkter","item":"https:\/\/membrasin.com\/sv\/shop\/"},{"@type":"ListItem","position":3,"name":"Atopic Skin Repair Cream"}]},{"@type":"WebSite","@id":"https:\/\/membrasin.com\/sv\/#website","url":"https:\/\/membrasin.com\/sv\/","name":"Membrasin","description":"","publisher":{"@id":"https:\/\/membrasin.com\/sv\/#organization"},"potentialAction":[{"@type":"SearchAction","target":{"@type":"EntryPoint","urlTemplate":"https:\/\/membrasin.com\/sv\/?s={search_term_string}"},"query-input":{"@type":"PropertyValueSpecification","valueRequired":true,"valueName":"search_term_string"}}],"inLanguage":"sv-SE"},{"@type":"Organization","@id":"https:\/\/membrasin.com\/sv\/#organization","name":"Membrasin","url":"https:\/\/membrasin.com\/sv\/","logo":{"@type":"ImageObject","inLanguage":"sv-SE","@id":"https:\/\/membrasin.com\/sv\/#\/schema\/logo\/image\/","url":"https:\/\/membrasin.com\/wp-content\/uploads\/2022\/09\/product_placeholder_membrasin_logo.png","contentUrl":"https:\/\/membrasin.com\/wp-content\/uploads\/2022\/09\/product_placeholder_membrasin_logo.png","width":600,"height":600,"caption":"Membrasin"},"image":{"@id":"https:\/\/membrasin.com\/sv\/#\/schema\/logo\/image\/"},"sameAs":["https:\/\/www.facebook.com\/Membrasin","https:\/\/www.instagram.com\/membrasin\/"]}]}},"_links":{"self":[{"href":"https:\/\/membrasin.com\/sv\/wp-json\/wp\/v2\/product\/6714","targetHints":{"allow":["GET"]}}],"collection":[{"href":"https:\/\/membrasin.com\/sv\/wp-json\/wp\/v2\/product"}],"about":[{"href":"https:\/\/membrasin.com\/sv\/wp-json\/wp\/v2\/types\/product"}],"replies":[{"embeddable":true,"href":"https:\/\/membrasin.com\/sv\/wp-json\/wp\/v2\/comments?post=6714"}],"wp:featuredmedia":[{"embeddable":true,"href":"https:\/\/membrasin.com\/sv\/wp-json\/wp\/v2\/media\/6704"}],"wp:attachment":[{"href":"https:\/\/membrasin.com\/sv\/wp-json\/wp\/v2\/media?parent=6714"}],"wp:term":[{"taxonomy":"product_brand","embeddable":true,"href":"https:\/\/membrasin.com\/sv\/wp-json\/wp\/v2\/product_brand?post=6714"},{"taxonomy":"product_cat","embeddable":true,"href":"https:\/\/membrasin.com\/sv\/wp-json\/wp\/v2\/product_cat?post=6714"},{"taxonomy":"product_tag","embeddable":true,"href":"https:\/\/membrasin.com\/sv\/wp-json\/wp\/v2\/product_tag?post=6714"}],"curies":[{"name":"wp","href":"https:\/\/api.w.org\/{rel}","templated":true}]}}