{"id":2659,"date":"2023-06-13T14:16:44","date_gmt":"2023-06-13T11:16:44","guid":{"rendered":"https:\/\/membrasin.com\/tuote\/dry-eye-relief-spray-fi-2\/"},"modified":"2026-03-22T11:58:25","modified_gmt":"2026-03-22T09:58:25","slug":"dry-eye-relief-spray-se","status":"publish","type":"product","link":"https:\/\/membrasin.com\/sv\/produkt\/dry-eye-relief-spray-se\/","title":{"rendered":"Dry Eye Relief Spray"},"content":{"rendered":"<p>Membrasin<sup>\u00ae<\/sup>\u00a0Dry Eye Relief Spray \u00e4r en \u00f6gonspray som omedelbart lindrar symtomen p\u00e5 torra \u00f6gon och \u00e5terfuktar \u00f6gonlocken. Sprayen inneh\u00e5ller havtornsolja och hyaluronat. Havtornsoljan st\u00e4rker \u00f6gats lipidmembran och hyaluronatet f\u00f6rb\u00e4ttrar t\u00e5rv\u00e4tskans vattenbindningsf\u00f6rm\u00e5ga samt skyddar \u00f6gats slemhinnor mot cellskador. Sprayen v\u00e5rdar och \u00e5terfuktar \u00e4ven huden runt \u00f6gonen.<\/p>\n<p>Den l\u00e4ttanv\u00e4nda sprayen passar k\u00e4nsliga \u00f6gon och kan anv\u00e4ndas tillsammans med kontaktlinser och makeup under hela dagen. Sprayen \u00e4r alkoholfri och konserveringsmedelsfri och inneh\u00e5ller inga animaliska ingredienser.<\/p>\n<p>Dubbelverkande Dry Eye Relief Spray:<\/p>\n<ul>\n<li>Havtornsolja st\u00e4rker t\u00e5rv\u00e4tskans membranstruktur och minskar d\u00e4rmed avsev\u00e4rt avdunstning av fukt fr\u00e5n \u00f6gonytan<\/li>\n<li>Hyaluronat f\u00f6rb\u00e4ttrar t\u00e5rv\u00e4tskans f\u00f6rm\u00e5ga att binda vatten och skyddar \u00f6gats slemhinnor mot cellskador<\/li>\n<\/ul>\n<p>F\u00f6r b\u00e4sta resultat, anv\u00e4nd Membrasin<sup>\u00ae<\/sup>\u00a0Vision med v\u00e5r tv\u00e5stegsl\u00f6sning: Membrasin<sup>\u00ae<\/sup>\u00a0Dry Eye Relief Spray \u00e5terfuktar omedelbart \u00f6gat och huden runt \u00f6gonen. Membrasin<sup>\u00ae<\/sup>\u00a0Eye Hydration Supplement ger l\u00e5ngvarig naturlig \u00e5terfuktning inv\u00e4rtes och skydd f\u00f6r \u00f6gonen.<\/p>\n","protected":false},"excerpt":{"rendered":"<p>Lindrar naturligt och effektivt symtom p\u00e5 torra \u00f6gon och \u00e5terfuktar \u00f6gonlocken. V\u00e5rdar huden runt \u00f6gonen.<\/p>\n<ul>\n<li>Underl\u00e4ttar omedelbart symtom p\u00e5 torra \u00f6gon<\/li>\n<li>Kliniskt bevisad effekt<\/li>\n<li>Alkohol- och konserveringsmedelsfri<\/li>\n<li>L\u00e4ttanv\u00e4nd och hygienisk<\/li>\n<li>Utvecklad i samarbete med \u00f6gonl\u00e4kare<\/li>\n<\/ul>\n","protected":false},"featured_media":1536,"comment_status":"open","ping_status":"closed","template":"","meta":{"_acf_changed":false},"product_brand":[],"product_cat":[116],"product_tag":[],"class_list":{"0":"post-2659","1":"product","2":"type-product","3":"status-publish","4":"has-post-thumbnail","6":"product_cat-vision-sv","8":"first","9":"instock","10":"taxable","11":"shipping-taxable","12":"purchasable","13":"product-type-simple"},"bundled_by":[],"bundle_stock_status":"instock","bundle_stock_quantity":null,"bundle_virtual":false,"bundle_layout":"","bundle_add_to_cart_form_location":"","bundle_editable_in_cart":false,"bundle_sold_individually_context":"","bundle_item_grouping":"","bundle_min_size":"","bundle_max_size":"","bundled_items":[],"bundle_sell_ids":[],"acf":[],"yoast_head":"<!-- This site is optimized with the Yoast SEO plugin v27.3 - https:\/\/yoast.com\/product\/yoast-seo-wordpress\/ -->\n<title>Dry Eye Relief Spray - Membrasin<\/title>\n<meta name=\"description\" content=\"Membrasin \u00f6gonspray lindrar naturligt och effektivt symtom p\u00e5 torra \u00f6gon och \u00e5terfuktar \u00f6gonlocken. V\u00e5rdar huden runt \u00f6gonen.\" \/>\n<meta name=\"robots\" content=\"index, follow, max-snippet:-1, max-image-preview:large, max-video-preview:-1\" \/>\n<link rel=\"canonical\" href=\"https:\/\/membrasin.com\/sv\/produkt\/dry-eye-relief-spray-se\/\" \/>\n<meta property=\"og:locale\" content=\"sv_SE\" \/>\n<meta property=\"og:type\" content=\"article\" \/>\n<meta property=\"og:title\" content=\"Dry Eye Relief Spray - Membrasin\" \/>\n<meta property=\"og:description\" content=\"Membrasin \u00f6gonspray lindrar naturligt och effektivt symtom p\u00e5 torra \u00f6gon och \u00e5terfuktar \u00f6gonlocken. V\u00e5rdar huden runt \u00f6gonen.\" \/>\n<meta property=\"og:url\" content=\"https:\/\/membrasin.com\/sv\/produkt\/dry-eye-relief-spray-se\/\" \/>\n<meta property=\"og:site_name\" content=\"Membrasin\" \/>\n<meta property=\"article:publisher\" content=\"https:\/\/www.facebook.com\/Membrasin\" \/>\n<meta property=\"article:modified_time\" content=\"2026-03-22T09:58:25+00:00\" \/>\n<meta property=\"og:image\" content=\"https:\/\/membrasin.com\/wp-content\/uploads\/2022\/06\/Membrasin_Vision_Spray_package_600x600_FIN.png\" \/>\n\t<meta property=\"og:image:width\" content=\"600\" \/>\n\t<meta property=\"og:image:height\" content=\"600\" \/>\n\t<meta property=\"og:image:type\" content=\"image\/png\" \/>\n<meta name=\"twitter:card\" content=\"summary_large_image\" \/>\n<meta name=\"twitter:label1\" content=\"Ber\u00e4knad l\u00e4stid\" \/>\n\t<meta name=\"twitter:data1\" content=\"2 minuter\" \/>\n<script type=\"application\/ld+json\" class=\"yoast-schema-graph\">{\"@context\":\"https:\\\/\\\/schema.org\",\"@graph\":[{\"@type\":\"WebPage\",\"@id\":\"https:\\\/\\\/membrasin.com\\\/sv\\\/produkt\\\/dry-eye-relief-spray-se\\\/\",\"url\":\"https:\\\/\\\/membrasin.com\\\/sv\\\/produkt\\\/dry-eye-relief-spray-se\\\/\",\"name\":\"Dry Eye Relief Spray - Membrasin\",\"isPartOf\":{\"@id\":\"https:\\\/\\\/membrasin.com\\\/sv\\\/#website\"},\"primaryImageOfPage\":{\"@id\":\"https:\\\/\\\/membrasin.com\\\/sv\\\/produkt\\\/dry-eye-relief-spray-se\\\/#primaryimage\"},\"image\":{\"@id\":\"https:\\\/\\\/membrasin.com\\\/sv\\\/produkt\\\/dry-eye-relief-spray-se\\\/#primaryimage\"},\"thumbnailUrl\":\"https:\\\/\\\/membrasin.com\\\/wp-content\\\/uploads\\\/2022\\\/06\\\/Membrasin_Vision_Spray_package_600x600_FIN.png\",\"datePublished\":\"2023-06-13T11:16:44+00:00\",\"dateModified\":\"2026-03-22T09:58:25+00:00\",\"description\":\"Membrasin \u00f6gonspray lindrar naturligt och effektivt symtom p\u00e5 torra \u00f6gon och \u00e5terfuktar \u00f6gonlocken. V\u00e5rdar huden runt \u00f6gonen.\",\"breadcrumb\":{\"@id\":\"https:\\\/\\\/membrasin.com\\\/sv\\\/produkt\\\/dry-eye-relief-spray-se\\\/#breadcrumb\"},\"inLanguage\":\"sv-SE\",\"potentialAction\":[{\"@type\":\"ReadAction\",\"target\":[\"https:\\\/\\\/membrasin.com\\\/sv\\\/produkt\\\/dry-eye-relief-spray-se\\\/\"]}]},{\"@type\":\"ImageObject\",\"inLanguage\":\"sv-SE\",\"@id\":\"https:\\\/\\\/membrasin.com\\\/sv\\\/produkt\\\/dry-eye-relief-spray-se\\\/#primaryimage\",\"url\":\"https:\\\/\\\/membrasin.com\\\/wp-content\\\/uploads\\\/2022\\\/06\\\/Membrasin_Vision_Spray_package_600x600_FIN.png\",\"contentUrl\":\"https:\\\/\\\/membrasin.com\\\/wp-content\\\/uploads\\\/2022\\\/06\\\/Membrasin_Vision_Spray_package_600x600_FIN.png\",\"width\":600,\"height\":600},{\"@type\":\"BreadcrumbList\",\"@id\":\"https:\\\/\\\/membrasin.com\\\/sv\\\/produkt\\\/dry-eye-relief-spray-se\\\/#breadcrumb\",\"itemListElement\":[{\"@type\":\"ListItem\",\"position\":1,\"name\":\"Etusivu\",\"item\":\"https:\\\/\\\/membrasin.com\\\/sv\\\/\"},{\"@type\":\"ListItem\",\"position\":2,\"name\":\"Produkter\",\"item\":\"https:\\\/\\\/membrasin.com\\\/sv\\\/shop\\\/\"},{\"@type\":\"ListItem\",\"position\":3,\"name\":\"Dry Eye Relief Spray\"}]},{\"@type\":\"WebSite\",\"@id\":\"https:\\\/\\\/membrasin.com\\\/sv\\\/#website\",\"url\":\"https:\\\/\\\/membrasin.com\\\/sv\\\/\",\"name\":\"Membrasin\",\"description\":\"\",\"publisher\":{\"@id\":\"https:\\\/\\\/membrasin.com\\\/sv\\\/#organization\"},\"potentialAction\":[{\"@type\":\"SearchAction\",\"target\":{\"@type\":\"EntryPoint\",\"urlTemplate\":\"https:\\\/\\\/membrasin.com\\\/sv\\\/?s={search_term_string}\"},\"query-input\":{\"@type\":\"PropertyValueSpecification\",\"valueRequired\":true,\"valueName\":\"search_term_string\"}}],\"inLanguage\":\"sv-SE\"},{\"@type\":\"Organization\",\"@id\":\"https:\\\/\\\/membrasin.com\\\/sv\\\/#organization\",\"name\":\"Membrasin\",\"url\":\"https:\\\/\\\/membrasin.com\\\/sv\\\/\",\"logo\":{\"@type\":\"ImageObject\",\"inLanguage\":\"sv-SE\",\"@id\":\"https:\\\/\\\/membrasin.com\\\/sv\\\/#\\\/schema\\\/logo\\\/image\\\/\",\"url\":\"https:\\\/\\\/membrasin.com\\\/wp-content\\\/uploads\\\/2022\\\/09\\\/product_placeholder_membrasin_logo.png\",\"contentUrl\":\"https:\\\/\\\/membrasin.com\\\/wp-content\\\/uploads\\\/2022\\\/09\\\/product_placeholder_membrasin_logo.png\",\"width\":600,\"height\":600,\"caption\":\"Membrasin\"},\"image\":{\"@id\":\"https:\\\/\\\/membrasin.com\\\/sv\\\/#\\\/schema\\\/logo\\\/image\\\/\"},\"sameAs\":[\"https:\\\/\\\/www.facebook.com\\\/Membrasin\",\"https:\\\/\\\/www.instagram.com\\\/membrasin\\\/\"]}]}<\/script>\n<!-- \/ Yoast SEO plugin. -->","yoast_head_json":{"title":"Dry Eye Relief Spray - Membrasin","description":"Membrasin \u00f6gonspray lindrar naturligt och effektivt symtom p\u00e5 torra \u00f6gon och \u00e5terfuktar \u00f6gonlocken. V\u00e5rdar huden runt \u00f6gonen.","robots":{"index":"index","follow":"follow","max-snippet":"max-snippet:-1","max-image-preview":"max-image-preview:large","max-video-preview":"max-video-preview:-1"},"canonical":"https:\/\/membrasin.com\/sv\/produkt\/dry-eye-relief-spray-se\/","og_locale":"sv_SE","og_type":"article","og_title":"Dry Eye Relief Spray - Membrasin","og_description":"Membrasin \u00f6gonspray lindrar naturligt och effektivt symtom p\u00e5 torra \u00f6gon och \u00e5terfuktar \u00f6gonlocken. V\u00e5rdar huden runt \u00f6gonen.","og_url":"https:\/\/membrasin.com\/sv\/produkt\/dry-eye-relief-spray-se\/","og_site_name":"Membrasin","article_publisher":"https:\/\/www.facebook.com\/Membrasin","article_modified_time":"2026-03-22T09:58:25+00:00","og_image":[{"width":600,"height":600,"url":"https:\/\/membrasin.com\/wp-content\/uploads\/2022\/06\/Membrasin_Vision_Spray_package_600x600_FIN.png","type":"image\/png"}],"twitter_card":"summary_large_image","twitter_misc":{"Ber\u00e4knad l\u00e4stid":"2 minuter"},"schema":{"@context":"https:\/\/schema.org","@graph":[{"@type":"WebPage","@id":"https:\/\/membrasin.com\/sv\/produkt\/dry-eye-relief-spray-se\/","url":"https:\/\/membrasin.com\/sv\/produkt\/dry-eye-relief-spray-se\/","name":"Dry Eye Relief Spray - Membrasin","isPartOf":{"@id":"https:\/\/membrasin.com\/sv\/#website"},"primaryImageOfPage":{"@id":"https:\/\/membrasin.com\/sv\/produkt\/dry-eye-relief-spray-se\/#primaryimage"},"image":{"@id":"https:\/\/membrasin.com\/sv\/produkt\/dry-eye-relief-spray-se\/#primaryimage"},"thumbnailUrl":"https:\/\/membrasin.com\/wp-content\/uploads\/2022\/06\/Membrasin_Vision_Spray_package_600x600_FIN.png","datePublished":"2023-06-13T11:16:44+00:00","dateModified":"2026-03-22T09:58:25+00:00","description":"Membrasin \u00f6gonspray lindrar naturligt och effektivt symtom p\u00e5 torra \u00f6gon och \u00e5terfuktar \u00f6gonlocken. V\u00e5rdar huden runt \u00f6gonen.","breadcrumb":{"@id":"https:\/\/membrasin.com\/sv\/produkt\/dry-eye-relief-spray-se\/#breadcrumb"},"inLanguage":"sv-SE","potentialAction":[{"@type":"ReadAction","target":["https:\/\/membrasin.com\/sv\/produkt\/dry-eye-relief-spray-se\/"]}]},{"@type":"ImageObject","inLanguage":"sv-SE","@id":"https:\/\/membrasin.com\/sv\/produkt\/dry-eye-relief-spray-se\/#primaryimage","url":"https:\/\/membrasin.com\/wp-content\/uploads\/2022\/06\/Membrasin_Vision_Spray_package_600x600_FIN.png","contentUrl":"https:\/\/membrasin.com\/wp-content\/uploads\/2022\/06\/Membrasin_Vision_Spray_package_600x600_FIN.png","width":600,"height":600},{"@type":"BreadcrumbList","@id":"https:\/\/membrasin.com\/sv\/produkt\/dry-eye-relief-spray-se\/#breadcrumb","itemListElement":[{"@type":"ListItem","position":1,"name":"Etusivu","item":"https:\/\/membrasin.com\/sv\/"},{"@type":"ListItem","position":2,"name":"Produkter","item":"https:\/\/membrasin.com\/sv\/shop\/"},{"@type":"ListItem","position":3,"name":"Dry Eye Relief Spray"}]},{"@type":"WebSite","@id":"https:\/\/membrasin.com\/sv\/#website","url":"https:\/\/membrasin.com\/sv\/","name":"Membrasin","description":"","publisher":{"@id":"https:\/\/membrasin.com\/sv\/#organization"},"potentialAction":[{"@type":"SearchAction","target":{"@type":"EntryPoint","urlTemplate":"https:\/\/membrasin.com\/sv\/?s={search_term_string}"},"query-input":{"@type":"PropertyValueSpecification","valueRequired":true,"valueName":"search_term_string"}}],"inLanguage":"sv-SE"},{"@type":"Organization","@id":"https:\/\/membrasin.com\/sv\/#organization","name":"Membrasin","url":"https:\/\/membrasin.com\/sv\/","logo":{"@type":"ImageObject","inLanguage":"sv-SE","@id":"https:\/\/membrasin.com\/sv\/#\/schema\/logo\/image\/","url":"https:\/\/membrasin.com\/wp-content\/uploads\/2022\/09\/product_placeholder_membrasin_logo.png","contentUrl":"https:\/\/membrasin.com\/wp-content\/uploads\/2022\/09\/product_placeholder_membrasin_logo.png","width":600,"height":600,"caption":"Membrasin"},"image":{"@id":"https:\/\/membrasin.com\/sv\/#\/schema\/logo\/image\/"},"sameAs":["https:\/\/www.facebook.com\/Membrasin","https:\/\/www.instagram.com\/membrasin\/"]}]}},"_links":{"self":[{"href":"https:\/\/membrasin.com\/sv\/wp-json\/wp\/v2\/product\/2659","targetHints":{"allow":["GET"]}}],"collection":[{"href":"https:\/\/membrasin.com\/sv\/wp-json\/wp\/v2\/product"}],"about":[{"href":"https:\/\/membrasin.com\/sv\/wp-json\/wp\/v2\/types\/product"}],"replies":[{"embeddable":true,"href":"https:\/\/membrasin.com\/sv\/wp-json\/wp\/v2\/comments?post=2659"}],"wp:featuredmedia":[{"embeddable":true,"href":"https:\/\/membrasin.com\/sv\/wp-json\/wp\/v2\/media\/1536"}],"wp:attachment":[{"href":"https:\/\/membrasin.com\/sv\/wp-json\/wp\/v2\/media?parent=2659"}],"wp:term":[{"taxonomy":"product_brand","embeddable":true,"href":"https:\/\/membrasin.com\/sv\/wp-json\/wp\/v2\/product_brand?post=2659"},{"taxonomy":"product_cat","embeddable":true,"href":"https:\/\/membrasin.com\/sv\/wp-json\/wp\/v2\/product_cat?post=2659"},{"taxonomy":"product_tag","embeddable":true,"href":"https:\/\/membrasin.com\/sv\/wp-json\/wp\/v2\/product_tag?post=2659"}],"curies":[{"name":"wp","href":"https:\/\/api.w.org\/{rel}","templated":true}]}}