{"id":2656,"date":"2023-06-13T14:09:15","date_gmt":"2023-06-13T11:09:15","guid":{"rendered":"https:\/\/membrasin.com\/tuote\/eye-hydration-supplemet-fi\/"},"modified":"2026-04-02T16:44:16","modified_gmt":"2026-04-02T13:44:16","slug":"eye-hydration-supplemet-se","status":"publish","type":"product","link":"https:\/\/membrasin.com\/sv\/produkt\/eye-hydration-supplemet-se\/","title":{"rendered":"Eye Hydration Supplement"},"content":{"rendered":"<p>Membrasin<sup>\u00ae<\/sup>\u00a0Eye Hydration Supplement \u00e4r ett kosttillskott som \u00e5terfuktar och skyddar \u00f6gonen naturligt. Kapseln inneh\u00e5ller en unik kombination av SBA24<sup>\u00ae<\/sup>-havtornsolja, lutein och zeaxantin f\u00f6r \u00f6gats slemhinnor, n\u00e4thinnan och t\u00e5rv\u00e4tskan. Kosttillskottet st\u00e4rker ocks\u00e5 pigmentet i makulan och skyddar \u00f6gat mot bl\u00e5tt ljus. SBA24<sup>\u00ae<\/sup>\u00a0\u00e4r v\u00e4rldens mest unders\u00f6kta havtornsolja, vars sammans\u00e4ttning, effekt och s\u00e4kerhet har s\u00e4kerst\u00e4llts genom kliniska studier.<\/p>\n<p>Lutein och zeaxantin \u00e4r essentiella best\u00e5ndsdelar f\u00f6r \u00f6gats funktion. Den unika floraglo-lutein-zeaxantinblandningen \u00e4r effektivt absorberande och dess f\u00f6rdelar f\u00f6r \u00f6gonen har visats i flera vetenskapliga studier.<\/p>\n<p>Membrasin<sup>\u00ae<\/sup>\u00a0Eye Hydration Supplement inneh\u00e5ller \u00e4ven naturligt A-vitamin fr\u00e5n betakaroten och E-vitamin. A-vitamin bidrar till att h\u00e5lla synen normal och vitamin E skyddar cellerna mot oxidationsstress*.<\/p>\n<ul>\n<li>Inneh\u00e5ller SBA24<sup>\u00ae<\/sup>-havtornsolja, omega-3, -6, -7 och -9 fettsyror, A- och E-vitamin samt lutein och zeaxantin<\/li>\n<li>Utvecklad i samarbete med \u00f6gonl\u00e4kare<\/li>\n<li>S\u00e4kerheten och effekten har s\u00e4kerst\u00e4llts genom kliniska pr\u00f6vningar<\/li>\n<li>Typiskt m\u00e4rks effekten inom 2\u20135 veckor<\/li>\n<li>Endast rena ingredienser isolerade fr\u00e5n naturen<\/li>\n<li>Mjuk v\u00e4xtbaserad kapsel<\/li>\n<li>100 % vegansk. Inga animaliska ingredienser<\/li>\n<li>Inga tr\u00e5kiga eftersmaker, som med fiskoljeprodukter<\/li>\n<\/ul>\n<p>F\u00f6r b\u00e4sta resultat, anv\u00e4nd Membrasin<sup>\u00ae<\/sup>\u00a0Vision med v\u00e5r tv\u00e5stegsl\u00f6sning: Membrasin<sup>\u00ae<\/sup>\u00a0Eye Hydration Supplement ger l\u00e5ngvarig naturlig \u00e5terfuktning inv\u00e4rtes och skydd f\u00f6r \u00f6gonen. Membrasin<sup>\u00ae<\/sup>\u00a0Dry Eye Relief Spray \u00e5terfuktar omedelbart \u00f6gat och huden runt \u00f6gonen.<\/p>\n<p>*Kosttillskott: inneh\u00e5ller naturligt beta-karoten, en A-vitamink\u00e4lla som bidrar till att h\u00e5lla synen normal. E-vitamin bidrar till att skydda cellerna mot oxidationsstress.<\/p>\n","protected":false},"excerpt":{"rendered":"<p>Naturligt preparat som \u00e5terfuktar torra \u00f6gon och skyddar slemhinnorna i \u00f6gonen. Hj\u00e4lper till att uppr\u00e4tth\u00e5lla normal syn.<\/p>\n<ul>\n<li>Naturlig \u00e5terfuktning och skydd mot torra \u00f6gon p\u00e5 2\u20135 veckor<\/li>\n<li>Omega-3, -6, -7 och -9 fettsyror, A- och E-vitamin samt lutein och zeaxantin<\/li>\n<li>Kliniskt bevisad effekt<\/li>\n<li>Utvecklad i samarbete med \u00f6gonl\u00e4kare<\/li>\n<\/ul>\n","protected":false},"featured_media":3079,"comment_status":"open","ping_status":"closed","template":"","meta":{"_acf_changed":false},"product_brand":[],"product_cat":[116],"product_tag":[],"class_list":{"0":"post-2656","1":"product","2":"type-product","3":"status-publish","4":"has-post-thumbnail","6":"product_cat-vision-sv","8":"first","9":"instock","10":"taxable","11":"shipping-taxable","12":"purchasable","13":"product-type-simple"},"bundled_by":[],"bundle_stock_status":"instock","bundle_stock_quantity":null,"bundle_virtual":false,"bundle_layout":"","bundle_add_to_cart_form_location":"","bundle_editable_in_cart":false,"bundle_sold_individually_context":"","bundle_item_grouping":"","bundle_min_size":"","bundle_max_size":"","bundled_items":[],"bundle_sell_ids":[],"acf":[],"yoast_head":"<!-- This site is optimized with the Yoast SEO plugin v27.3 - https:\/\/yoast.com\/product\/yoast-seo-wordpress\/ -->\n<title>Eye Hydration Supplement - Membrasin<\/title>\n<meta name=\"description\" content=\"Membrasin Vision Naturligt preparat som \u00e5terfuktar torra \u00f6gon och skyddar slemhinnorna i \u00f6gonen. Hj\u00e4lper till att uppr\u00e4tth\u00e5lla normal syn.\" \/>\n<meta name=\"robots\" content=\"index, follow, max-snippet:-1, max-image-preview:large, max-video-preview:-1\" \/>\n<link rel=\"canonical\" href=\"https:\/\/membrasin.com\/sv\/produkt\/eye-hydration-supplemet-se\/\" \/>\n<meta property=\"og:locale\" content=\"sv_SE\" \/>\n<meta property=\"og:type\" content=\"article\" \/>\n<meta property=\"og:title\" content=\"Eye Hydration Supplement - Membrasin\" \/>\n<meta property=\"og:description\" content=\"Membrasin Vision Naturligt preparat som \u00e5terfuktar torra \u00f6gon och skyddar slemhinnorna i \u00f6gonen. Hj\u00e4lper till att uppr\u00e4tth\u00e5lla normal syn.\" \/>\n<meta property=\"og:url\" content=\"https:\/\/membrasin.com\/sv\/produkt\/eye-hydration-supplemet-se\/\" \/>\n<meta property=\"og:site_name\" content=\"Membrasin\" \/>\n<meta property=\"article:publisher\" content=\"https:\/\/www.facebook.com\/Membrasin\" \/>\n<meta property=\"article:modified_time\" content=\"2026-04-02T13:44:16+00:00\" \/>\n<meta property=\"og:image\" content=\"https:\/\/membrasin.com\/wp-content\/uploads\/2023\/06\/Nimeton-malli-19.png\" \/>\n\t<meta property=\"og:image:width\" content=\"600\" \/>\n\t<meta property=\"og:image:height\" content=\"600\" \/>\n\t<meta property=\"og:image:type\" content=\"image\/png\" \/>\n<meta name=\"twitter:card\" content=\"summary_large_image\" \/>\n<meta name=\"twitter:label1\" content=\"Ber\u00e4knad l\u00e4stid\" \/>\n\t<meta name=\"twitter:data1\" content=\"2 minuter\" \/>\n<script type=\"application\/ld+json\" class=\"yoast-schema-graph\">{\"@context\":\"https:\\\/\\\/schema.org\",\"@graph\":[{\"@type\":\"WebPage\",\"@id\":\"https:\\\/\\\/membrasin.com\\\/sv\\\/produkt\\\/eye-hydration-supplemet-se\\\/\",\"url\":\"https:\\\/\\\/membrasin.com\\\/sv\\\/produkt\\\/eye-hydration-supplemet-se\\\/\",\"name\":\"Eye Hydration Supplement - Membrasin\",\"isPartOf\":{\"@id\":\"https:\\\/\\\/membrasin.com\\\/sv\\\/#website\"},\"primaryImageOfPage\":{\"@id\":\"https:\\\/\\\/membrasin.com\\\/sv\\\/produkt\\\/eye-hydration-supplemet-se\\\/#primaryimage\"},\"image\":{\"@id\":\"https:\\\/\\\/membrasin.com\\\/sv\\\/produkt\\\/eye-hydration-supplemet-se\\\/#primaryimage\"},\"thumbnailUrl\":\"https:\\\/\\\/membrasin.com\\\/wp-content\\\/uploads\\\/2023\\\/06\\\/Nimeton-malli-19.png\",\"datePublished\":\"2023-06-13T11:09:15+00:00\",\"dateModified\":\"2026-04-02T13:44:16+00:00\",\"description\":\"Membrasin Vision Naturligt preparat som \u00e5terfuktar torra \u00f6gon och skyddar slemhinnorna i \u00f6gonen. Hj\u00e4lper till att uppr\u00e4tth\u00e5lla normal syn.\",\"breadcrumb\":{\"@id\":\"https:\\\/\\\/membrasin.com\\\/sv\\\/produkt\\\/eye-hydration-supplemet-se\\\/#breadcrumb\"},\"inLanguage\":\"sv-SE\",\"potentialAction\":[{\"@type\":\"ReadAction\",\"target\":[\"https:\\\/\\\/membrasin.com\\\/sv\\\/produkt\\\/eye-hydration-supplemet-se\\\/\"]}]},{\"@type\":\"ImageObject\",\"inLanguage\":\"sv-SE\",\"@id\":\"https:\\\/\\\/membrasin.com\\\/sv\\\/produkt\\\/eye-hydration-supplemet-se\\\/#primaryimage\",\"url\":\"https:\\\/\\\/membrasin.com\\\/wp-content\\\/uploads\\\/2023\\\/06\\\/Nimeton-malli-19.png\",\"contentUrl\":\"https:\\\/\\\/membrasin.com\\\/wp-content\\\/uploads\\\/2023\\\/06\\\/Nimeton-malli-19.png\",\"width\":600,\"height\":600},{\"@type\":\"BreadcrumbList\",\"@id\":\"https:\\\/\\\/membrasin.com\\\/sv\\\/produkt\\\/eye-hydration-supplemet-se\\\/#breadcrumb\",\"itemListElement\":[{\"@type\":\"ListItem\",\"position\":1,\"name\":\"Etusivu\",\"item\":\"https:\\\/\\\/membrasin.com\\\/sv\\\/\"},{\"@type\":\"ListItem\",\"position\":2,\"name\":\"Produkter\",\"item\":\"https:\\\/\\\/membrasin.com\\\/sv\\\/shop\\\/\"},{\"@type\":\"ListItem\",\"position\":3,\"name\":\"Eye Hydration Supplement\"}]},{\"@type\":\"WebSite\",\"@id\":\"https:\\\/\\\/membrasin.com\\\/sv\\\/#website\",\"url\":\"https:\\\/\\\/membrasin.com\\\/sv\\\/\",\"name\":\"Membrasin\",\"description\":\"\",\"publisher\":{\"@id\":\"https:\\\/\\\/membrasin.com\\\/sv\\\/#organization\"},\"potentialAction\":[{\"@type\":\"SearchAction\",\"target\":{\"@type\":\"EntryPoint\",\"urlTemplate\":\"https:\\\/\\\/membrasin.com\\\/sv\\\/?s={search_term_string}\"},\"query-input\":{\"@type\":\"PropertyValueSpecification\",\"valueRequired\":true,\"valueName\":\"search_term_string\"}}],\"inLanguage\":\"sv-SE\"},{\"@type\":\"Organization\",\"@id\":\"https:\\\/\\\/membrasin.com\\\/sv\\\/#organization\",\"name\":\"Membrasin\",\"url\":\"https:\\\/\\\/membrasin.com\\\/sv\\\/\",\"logo\":{\"@type\":\"ImageObject\",\"inLanguage\":\"sv-SE\",\"@id\":\"https:\\\/\\\/membrasin.com\\\/sv\\\/#\\\/schema\\\/logo\\\/image\\\/\",\"url\":\"https:\\\/\\\/membrasin.com\\\/wp-content\\\/uploads\\\/2022\\\/09\\\/product_placeholder_membrasin_logo.png\",\"contentUrl\":\"https:\\\/\\\/membrasin.com\\\/wp-content\\\/uploads\\\/2022\\\/09\\\/product_placeholder_membrasin_logo.png\",\"width\":600,\"height\":600,\"caption\":\"Membrasin\"},\"image\":{\"@id\":\"https:\\\/\\\/membrasin.com\\\/sv\\\/#\\\/schema\\\/logo\\\/image\\\/\"},\"sameAs\":[\"https:\\\/\\\/www.facebook.com\\\/Membrasin\",\"https:\\\/\\\/www.instagram.com\\\/membrasin\\\/\"]}]}<\/script>\n<!-- \/ Yoast SEO plugin. -->","yoast_head_json":{"title":"Eye Hydration Supplement - Membrasin","description":"Membrasin Vision Naturligt preparat som \u00e5terfuktar torra \u00f6gon och skyddar slemhinnorna i \u00f6gonen. Hj\u00e4lper till att uppr\u00e4tth\u00e5lla normal syn.","robots":{"index":"index","follow":"follow","max-snippet":"max-snippet:-1","max-image-preview":"max-image-preview:large","max-video-preview":"max-video-preview:-1"},"canonical":"https:\/\/membrasin.com\/sv\/produkt\/eye-hydration-supplemet-se\/","og_locale":"sv_SE","og_type":"article","og_title":"Eye Hydration Supplement - Membrasin","og_description":"Membrasin Vision Naturligt preparat som \u00e5terfuktar torra \u00f6gon och skyddar slemhinnorna i \u00f6gonen. Hj\u00e4lper till att uppr\u00e4tth\u00e5lla normal syn.","og_url":"https:\/\/membrasin.com\/sv\/produkt\/eye-hydration-supplemet-se\/","og_site_name":"Membrasin","article_publisher":"https:\/\/www.facebook.com\/Membrasin","article_modified_time":"2026-04-02T13:44:16+00:00","og_image":[{"width":600,"height":600,"url":"https:\/\/membrasin.com\/wp-content\/uploads\/2023\/06\/Nimeton-malli-19.png","type":"image\/png"}],"twitter_card":"summary_large_image","twitter_misc":{"Ber\u00e4knad l\u00e4stid":"2 minuter"},"schema":{"@context":"https:\/\/schema.org","@graph":[{"@type":"WebPage","@id":"https:\/\/membrasin.com\/sv\/produkt\/eye-hydration-supplemet-se\/","url":"https:\/\/membrasin.com\/sv\/produkt\/eye-hydration-supplemet-se\/","name":"Eye Hydration Supplement - Membrasin","isPartOf":{"@id":"https:\/\/membrasin.com\/sv\/#website"},"primaryImageOfPage":{"@id":"https:\/\/membrasin.com\/sv\/produkt\/eye-hydration-supplemet-se\/#primaryimage"},"image":{"@id":"https:\/\/membrasin.com\/sv\/produkt\/eye-hydration-supplemet-se\/#primaryimage"},"thumbnailUrl":"https:\/\/membrasin.com\/wp-content\/uploads\/2023\/06\/Nimeton-malli-19.png","datePublished":"2023-06-13T11:09:15+00:00","dateModified":"2026-04-02T13:44:16+00:00","description":"Membrasin Vision Naturligt preparat som \u00e5terfuktar torra \u00f6gon och skyddar slemhinnorna i \u00f6gonen. Hj\u00e4lper till att uppr\u00e4tth\u00e5lla normal syn.","breadcrumb":{"@id":"https:\/\/membrasin.com\/sv\/produkt\/eye-hydration-supplemet-se\/#breadcrumb"},"inLanguage":"sv-SE","potentialAction":[{"@type":"ReadAction","target":["https:\/\/membrasin.com\/sv\/produkt\/eye-hydration-supplemet-se\/"]}]},{"@type":"ImageObject","inLanguage":"sv-SE","@id":"https:\/\/membrasin.com\/sv\/produkt\/eye-hydration-supplemet-se\/#primaryimage","url":"https:\/\/membrasin.com\/wp-content\/uploads\/2023\/06\/Nimeton-malli-19.png","contentUrl":"https:\/\/membrasin.com\/wp-content\/uploads\/2023\/06\/Nimeton-malli-19.png","width":600,"height":600},{"@type":"BreadcrumbList","@id":"https:\/\/membrasin.com\/sv\/produkt\/eye-hydration-supplemet-se\/#breadcrumb","itemListElement":[{"@type":"ListItem","position":1,"name":"Etusivu","item":"https:\/\/membrasin.com\/sv\/"},{"@type":"ListItem","position":2,"name":"Produkter","item":"https:\/\/membrasin.com\/sv\/shop\/"},{"@type":"ListItem","position":3,"name":"Eye Hydration Supplement"}]},{"@type":"WebSite","@id":"https:\/\/membrasin.com\/sv\/#website","url":"https:\/\/membrasin.com\/sv\/","name":"Membrasin","description":"","publisher":{"@id":"https:\/\/membrasin.com\/sv\/#organization"},"potentialAction":[{"@type":"SearchAction","target":{"@type":"EntryPoint","urlTemplate":"https:\/\/membrasin.com\/sv\/?s={search_term_string}"},"query-input":{"@type":"PropertyValueSpecification","valueRequired":true,"valueName":"search_term_string"}}],"inLanguage":"sv-SE"},{"@type":"Organization","@id":"https:\/\/membrasin.com\/sv\/#organization","name":"Membrasin","url":"https:\/\/membrasin.com\/sv\/","logo":{"@type":"ImageObject","inLanguage":"sv-SE","@id":"https:\/\/membrasin.com\/sv\/#\/schema\/logo\/image\/","url":"https:\/\/membrasin.com\/wp-content\/uploads\/2022\/09\/product_placeholder_membrasin_logo.png","contentUrl":"https:\/\/membrasin.com\/wp-content\/uploads\/2022\/09\/product_placeholder_membrasin_logo.png","width":600,"height":600,"caption":"Membrasin"},"image":{"@id":"https:\/\/membrasin.com\/sv\/#\/schema\/logo\/image\/"},"sameAs":["https:\/\/www.facebook.com\/Membrasin","https:\/\/www.instagram.com\/membrasin\/"]}]}},"_links":{"self":[{"href":"https:\/\/membrasin.com\/sv\/wp-json\/wp\/v2\/product\/2656","targetHints":{"allow":["GET"]}}],"collection":[{"href":"https:\/\/membrasin.com\/sv\/wp-json\/wp\/v2\/product"}],"about":[{"href":"https:\/\/membrasin.com\/sv\/wp-json\/wp\/v2\/types\/product"}],"replies":[{"embeddable":true,"href":"https:\/\/membrasin.com\/sv\/wp-json\/wp\/v2\/comments?post=2656"}],"wp:featuredmedia":[{"embeddable":true,"href":"https:\/\/membrasin.com\/sv\/wp-json\/wp\/v2\/media\/3079"}],"wp:attachment":[{"href":"https:\/\/membrasin.com\/sv\/wp-json\/wp\/v2\/media?parent=2656"}],"wp:term":[{"taxonomy":"product_brand","embeddable":true,"href":"https:\/\/membrasin.com\/sv\/wp-json\/wp\/v2\/product_brand?post=2656"},{"taxonomy":"product_cat","embeddable":true,"href":"https:\/\/membrasin.com\/sv\/wp-json\/wp\/v2\/product_cat?post=2656"},{"taxonomy":"product_tag","embeddable":true,"href":"https:\/\/membrasin.com\/sv\/wp-json\/wp\/v2\/product_tag?post=2656"}],"curies":[{"name":"wp","href":"https:\/\/api.w.org\/{rel}","templated":true}]}}