{"id":2585,"date":"2023-06-07T10:39:48","date_gmt":"2023-06-07T07:39:48","guid":{"rendered":"https:\/\/membrasin.com\/tuote\/feminine-moisturiser-supplement-uusi\/"},"modified":"2026-03-16T01:36:50","modified_gmt":"2026-03-15T23:36:50","slug":"feminine-moisturiser-supplement-se","status":"publish","type":"product","link":"https:\/\/membrasin.com\/sv\/produkt\/feminine-moisturiser-supplement-se\/","title":{"rendered":"Feminine Moisturiser Supplement"},"content":{"rendered":"<p>Membrasin<sup>\u00ae<\/sup>\u00a0Feminine Moisturiser Supplement \u00e4r kosttillskott f\u00f6r k\u00e4nsla av torrhet i slemhinnorna och huden. Det f\u00f6rnyar och ger n\u00e4ring \u00e5t slemhinnor,\u00a0 s\u00e4rskilt de som finns i intimomr\u00e5det och \u00e4r viktiga f\u00f6r kvinnor. Samtidigt \u00e5terfuktar kapseln naturligt huden.<\/p>\n<p>Kosttillskottet inneh\u00e5ller den unika SBA24<sup>\u00ae<\/sup>-havtornsoljan som \u00e5terfuktar och skyddar slemhinnorna och huden. SBA24<sup>\u00ae<\/sup>-olja best\u00e5r av b\u00e5de havtornsb\u00e4rolja och fr\u00f6olja. Den standardiserade kompositionen inneh\u00e5ller alla viktiga omegafettsyror. F\u00f6rutom fettsyror inneh\u00e5ller produkten rikligt med antioxidanter och v\u00e4xtsteroler som \u00e4r n\u00f6dv\u00e4ndiga f\u00f6r m\u00e4nniskans vitalitet.<\/p>\n<p>Kosttillskottet inneh\u00e5ller \u00e4ven A-vitamin fr\u00e5n betakaroten samt E-vitamin. A-vitamin bidrar till att h\u00e5lla slemhinnorna och huden normala. E-vitamin skyddar cellerna mot oxidationsstress*.<\/p>\n<p>SBA24<sup>\u00ae<\/sup>\u00a0\u00e4r v\u00e4rldens mest unders\u00f6kta havtornsolja, vars sammans\u00e4ttning, effekt och s\u00e4kerhet har s\u00e4kerst\u00e4llts genom kliniska studier. Havtornsoljan extraheras skonsamt fr\u00e5n b\u00e4r och fr\u00f6n och bevarar de k\u00e4nsliga bioaktiva ingredienserna. B\u00e4ren \u00e4r rena ekologiska b\u00e4r eller b\u00e4r som vuxit vilt i naturen. Produktionsprocessen \u00e4r milj\u00f6v\u00e4nlig och inga l\u00f6sningsmedel anv\u00e4nds.<\/p>\n<ul>\n<li>Den unika SBA24<sup>\u00ae<\/sup>-havtornsoljan inneh\u00e5ller omega-3, -6, -7, och -9-fettsyror samt A- och E-vitamin<\/li>\n<li>S\u00e4kerheten och effekten har s\u00e4kerst\u00e4llts genom kliniska pr\u00f6vningar<\/li>\n<li>Typiskt m\u00e4rks effekten inom 2\u20135 veckor<\/li>\n<li>Endast rena ingredienser isolerade fr\u00e5n naturen<\/li>\n<li>Mjuk v\u00e4xtbaserad kapsel<\/li>\n<li>100 % vegansk. Inga animaliska ingredienser<\/li>\n<li>Inga tr\u00e5kiga eftersmaker, som med fiskoljeprodukter<\/li>\n<\/ul>\n<p>F\u00f6r b\u00e4sta resultat, anv\u00e4nd Membrasin<sup>\u00ae<\/sup>\u00a0Moisture med v\u00e5r tv\u00e5stegsl\u00f6sning: Membrasin<sup>\u00ae<\/sup>\u00a0Feminine Moisturiser Supplement ger l\u00e5ngvarig naturlig \u00e5terfuktning av slemhinnorna. Membrasin Vaginal Vitality Cream-salvan lindrar omedelbart symtom p\u00e5 intim och och vaginal torrhet.<\/p>\n<p>*Kosttillskott: inneh\u00e5ller naturligt beta-karoten, en A-vitamink\u00e4lla som bidrar till att h\u00e5lla slemhinnorna och huden normala. E-vitamin bidrar till att skydda cellerna mot oxidationsstress.<\/p>\n","protected":false},"excerpt":{"rendered":"<p>\u00c5terfuktar och skyddar slemhinnorna i intimomr\u00e5det p\u00e5 ett naturligt och l\u00e5ngvarigt s\u00e4tt. St\u00f6djer hudens v\u00e4lbefinnande.<\/p>\n<ul>\n<li>\u00c5terfuktar effektivt slemhinnorna i intimomr\u00e5det inom 2\u20135 veckor<\/li>\n<li>Inneh\u00e5ller SBA24<sup>\u00ae<\/sup>-havtornsolja, v\u00e4rldens mest unders\u00f6kta havtornsolja,<\/li>\n<li>Omega-3, -6, -7 och -9-fettsyror samt A- och E-vitamin<\/li>\n<li>Kliniskt bevisad effekt<\/li>\n<li>Hundratusentals n\u00f6jda anv\u00e4ndare<\/li>\n<\/ul>\n","protected":false},"featured_media":3073,"comment_status":"open","ping_status":"closed","template":"","meta":{"_acf_changed":false},"product_brand":[],"product_cat":[115],"product_tag":[],"class_list":{"0":"post-2585","1":"product","2":"type-product","3":"status-publish","4":"has-post-thumbnail","6":"product_cat-moisture-sv","8":"first","9":"instock","10":"taxable","11":"shipping-taxable","12":"purchasable","13":"product-type-variable"},"bundled_by":[],"bundle_stock_status":"instock","bundle_stock_quantity":null,"bundle_virtual":false,"bundle_layout":"","bundle_add_to_cart_form_location":"","bundle_editable_in_cart":false,"bundle_sold_individually_context":"","bundle_item_grouping":"","bundle_min_size":"","bundle_max_size":"","bundled_items":[],"bundle_sell_ids":[],"acf":[],"yoast_head":"<!-- This site is optimized with the Yoast SEO plugin v27.3 - https:\/\/yoast.com\/product\/yoast-seo-wordpress\/ -->\n<title>Feminine Moisturiser Supplement - Membrasin<\/title>\n<meta name=\"description\" content=\"Membrasin Moisture kapslar \u00e5terfuktar och skyddar slemhinnorna i intimomr\u00e5det p\u00e5 ett naturligt och l\u00e5ngvarigt s\u00e4tt. St\u00f6djer hudens v\u00e4lbefinnande.\" \/>\n<meta name=\"robots\" content=\"index, follow, max-snippet:-1, max-image-preview:large, max-video-preview:-1\" \/>\n<link rel=\"canonical\" href=\"https:\/\/membrasin.com\/sv\/produkt\/feminine-moisturiser-supplement-se\/\" \/>\n<meta property=\"og:locale\" content=\"sv_SE\" \/>\n<meta property=\"og:type\" content=\"article\" \/>\n<meta property=\"og:title\" content=\"Feminine Moisturiser Supplement - Membrasin\" \/>\n<meta property=\"og:description\" content=\"Membrasin Moisture kapslar \u00e5terfuktar och skyddar slemhinnorna i intimomr\u00e5det p\u00e5 ett naturligt och l\u00e5ngvarigt s\u00e4tt. St\u00f6djer hudens v\u00e4lbefinnande.\" \/>\n<meta property=\"og:url\" content=\"https:\/\/membrasin.com\/sv\/produkt\/feminine-moisturiser-supplement-se\/\" \/>\n<meta property=\"og:site_name\" content=\"Membrasin\" \/>\n<meta property=\"article:publisher\" content=\"https:\/\/www.facebook.com\/Membrasin\" \/>\n<meta property=\"article:modified_time\" content=\"2026-03-15T23:36:50+00:00\" \/>\n<meta property=\"og:image\" content=\"https:\/\/membrasin.com\/wp-content\/uploads\/2023\/06\/Nimeton-malli-16.png\" \/>\n\t<meta property=\"og:image:width\" content=\"600\" \/>\n\t<meta property=\"og:image:height\" content=\"600\" \/>\n\t<meta property=\"og:image:type\" content=\"image\/png\" \/>\n<meta name=\"twitter:card\" content=\"summary_large_image\" \/>\n<meta name=\"twitter:label1\" content=\"Ber\u00e4knad l\u00e4stid\" \/>\n\t<meta name=\"twitter:data1\" content=\"2 minuter\" \/>\n<script type=\"application\/ld+json\" class=\"yoast-schema-graph\">{\"@context\":\"https:\\\/\\\/schema.org\",\"@graph\":[{\"@type\":\"WebPage\",\"@id\":\"https:\\\/\\\/membrasin.com\\\/sv\\\/produkt\\\/feminine-moisturiser-supplement-se\\\/\",\"url\":\"https:\\\/\\\/membrasin.com\\\/sv\\\/produkt\\\/feminine-moisturiser-supplement-se\\\/\",\"name\":\"Feminine Moisturiser Supplement - Membrasin\",\"isPartOf\":{\"@id\":\"https:\\\/\\\/membrasin.com\\\/sv\\\/#website\"},\"primaryImageOfPage\":{\"@id\":\"https:\\\/\\\/membrasin.com\\\/sv\\\/produkt\\\/feminine-moisturiser-supplement-se\\\/#primaryimage\"},\"image\":{\"@id\":\"https:\\\/\\\/membrasin.com\\\/sv\\\/produkt\\\/feminine-moisturiser-supplement-se\\\/#primaryimage\"},\"thumbnailUrl\":\"https:\\\/\\\/membrasin.com\\\/wp-content\\\/uploads\\\/2023\\\/06\\\/Nimeton-malli-16.png\",\"datePublished\":\"2023-06-07T07:39:48+00:00\",\"dateModified\":\"2026-03-15T23:36:50+00:00\",\"description\":\"Membrasin Moisture kapslar \u00e5terfuktar och skyddar slemhinnorna i intimomr\u00e5det p\u00e5 ett naturligt och l\u00e5ngvarigt s\u00e4tt. St\u00f6djer hudens v\u00e4lbefinnande.\",\"breadcrumb\":{\"@id\":\"https:\\\/\\\/membrasin.com\\\/sv\\\/produkt\\\/feminine-moisturiser-supplement-se\\\/#breadcrumb\"},\"inLanguage\":\"sv-SE\",\"potentialAction\":[{\"@type\":\"ReadAction\",\"target\":[\"https:\\\/\\\/membrasin.com\\\/sv\\\/produkt\\\/feminine-moisturiser-supplement-se\\\/\"]}]},{\"@type\":\"ImageObject\",\"inLanguage\":\"sv-SE\",\"@id\":\"https:\\\/\\\/membrasin.com\\\/sv\\\/produkt\\\/feminine-moisturiser-supplement-se\\\/#primaryimage\",\"url\":\"https:\\\/\\\/membrasin.com\\\/wp-content\\\/uploads\\\/2023\\\/06\\\/Nimeton-malli-16.png\",\"contentUrl\":\"https:\\\/\\\/membrasin.com\\\/wp-content\\\/uploads\\\/2023\\\/06\\\/Nimeton-malli-16.png\",\"width\":600,\"height\":600},{\"@type\":\"BreadcrumbList\",\"@id\":\"https:\\\/\\\/membrasin.com\\\/sv\\\/produkt\\\/feminine-moisturiser-supplement-se\\\/#breadcrumb\",\"itemListElement\":[{\"@type\":\"ListItem\",\"position\":1,\"name\":\"Etusivu\",\"item\":\"https:\\\/\\\/membrasin.com\\\/sv\\\/\"},{\"@type\":\"ListItem\",\"position\":2,\"name\":\"Produkter\",\"item\":\"https:\\\/\\\/membrasin.com\\\/sv\\\/shop\\\/\"},{\"@type\":\"ListItem\",\"position\":3,\"name\":\"Feminine Moisturiser Supplement\"}]},{\"@type\":\"WebSite\",\"@id\":\"https:\\\/\\\/membrasin.com\\\/sv\\\/#website\",\"url\":\"https:\\\/\\\/membrasin.com\\\/sv\\\/\",\"name\":\"Membrasin\",\"description\":\"\",\"publisher\":{\"@id\":\"https:\\\/\\\/membrasin.com\\\/sv\\\/#organization\"},\"potentialAction\":[{\"@type\":\"SearchAction\",\"target\":{\"@type\":\"EntryPoint\",\"urlTemplate\":\"https:\\\/\\\/membrasin.com\\\/sv\\\/?s={search_term_string}\"},\"query-input\":{\"@type\":\"PropertyValueSpecification\",\"valueRequired\":true,\"valueName\":\"search_term_string\"}}],\"inLanguage\":\"sv-SE\"},{\"@type\":\"Organization\",\"@id\":\"https:\\\/\\\/membrasin.com\\\/sv\\\/#organization\",\"name\":\"Membrasin\",\"url\":\"https:\\\/\\\/membrasin.com\\\/sv\\\/\",\"logo\":{\"@type\":\"ImageObject\",\"inLanguage\":\"sv-SE\",\"@id\":\"https:\\\/\\\/membrasin.com\\\/sv\\\/#\\\/schema\\\/logo\\\/image\\\/\",\"url\":\"https:\\\/\\\/membrasin.com\\\/wp-content\\\/uploads\\\/2022\\\/09\\\/product_placeholder_membrasin_logo.png\",\"contentUrl\":\"https:\\\/\\\/membrasin.com\\\/wp-content\\\/uploads\\\/2022\\\/09\\\/product_placeholder_membrasin_logo.png\",\"width\":600,\"height\":600,\"caption\":\"Membrasin\"},\"image\":{\"@id\":\"https:\\\/\\\/membrasin.com\\\/sv\\\/#\\\/schema\\\/logo\\\/image\\\/\"},\"sameAs\":[\"https:\\\/\\\/www.facebook.com\\\/Membrasin\",\"https:\\\/\\\/www.instagram.com\\\/membrasin\\\/\"]}]}<\/script>\n<!-- \/ Yoast SEO plugin. -->","yoast_head_json":{"title":"Feminine Moisturiser Supplement - Membrasin","description":"Membrasin Moisture kapslar \u00e5terfuktar och skyddar slemhinnorna i intimomr\u00e5det p\u00e5 ett naturligt och l\u00e5ngvarigt s\u00e4tt. St\u00f6djer hudens v\u00e4lbefinnande.","robots":{"index":"index","follow":"follow","max-snippet":"max-snippet:-1","max-image-preview":"max-image-preview:large","max-video-preview":"max-video-preview:-1"},"canonical":"https:\/\/membrasin.com\/sv\/produkt\/feminine-moisturiser-supplement-se\/","og_locale":"sv_SE","og_type":"article","og_title":"Feminine Moisturiser Supplement - Membrasin","og_description":"Membrasin Moisture kapslar \u00e5terfuktar och skyddar slemhinnorna i intimomr\u00e5det p\u00e5 ett naturligt och l\u00e5ngvarigt s\u00e4tt. St\u00f6djer hudens v\u00e4lbefinnande.","og_url":"https:\/\/membrasin.com\/sv\/produkt\/feminine-moisturiser-supplement-se\/","og_site_name":"Membrasin","article_publisher":"https:\/\/www.facebook.com\/Membrasin","article_modified_time":"2026-03-15T23:36:50+00:00","og_image":[{"width":600,"height":600,"url":"https:\/\/membrasin.com\/wp-content\/uploads\/2023\/06\/Nimeton-malli-16.png","type":"image\/png"}],"twitter_card":"summary_large_image","twitter_misc":{"Ber\u00e4knad l\u00e4stid":"2 minuter"},"schema":{"@context":"https:\/\/schema.org","@graph":[{"@type":"WebPage","@id":"https:\/\/membrasin.com\/sv\/produkt\/feminine-moisturiser-supplement-se\/","url":"https:\/\/membrasin.com\/sv\/produkt\/feminine-moisturiser-supplement-se\/","name":"Feminine Moisturiser Supplement - Membrasin","isPartOf":{"@id":"https:\/\/membrasin.com\/sv\/#website"},"primaryImageOfPage":{"@id":"https:\/\/membrasin.com\/sv\/produkt\/feminine-moisturiser-supplement-se\/#primaryimage"},"image":{"@id":"https:\/\/membrasin.com\/sv\/produkt\/feminine-moisturiser-supplement-se\/#primaryimage"},"thumbnailUrl":"https:\/\/membrasin.com\/wp-content\/uploads\/2023\/06\/Nimeton-malli-16.png","datePublished":"2023-06-07T07:39:48+00:00","dateModified":"2026-03-15T23:36:50+00:00","description":"Membrasin Moisture kapslar \u00e5terfuktar och skyddar slemhinnorna i intimomr\u00e5det p\u00e5 ett naturligt och l\u00e5ngvarigt s\u00e4tt. St\u00f6djer hudens v\u00e4lbefinnande.","breadcrumb":{"@id":"https:\/\/membrasin.com\/sv\/produkt\/feminine-moisturiser-supplement-se\/#breadcrumb"},"inLanguage":"sv-SE","potentialAction":[{"@type":"ReadAction","target":["https:\/\/membrasin.com\/sv\/produkt\/feminine-moisturiser-supplement-se\/"]}]},{"@type":"ImageObject","inLanguage":"sv-SE","@id":"https:\/\/membrasin.com\/sv\/produkt\/feminine-moisturiser-supplement-se\/#primaryimage","url":"https:\/\/membrasin.com\/wp-content\/uploads\/2023\/06\/Nimeton-malli-16.png","contentUrl":"https:\/\/membrasin.com\/wp-content\/uploads\/2023\/06\/Nimeton-malli-16.png","width":600,"height":600},{"@type":"BreadcrumbList","@id":"https:\/\/membrasin.com\/sv\/produkt\/feminine-moisturiser-supplement-se\/#breadcrumb","itemListElement":[{"@type":"ListItem","position":1,"name":"Etusivu","item":"https:\/\/membrasin.com\/sv\/"},{"@type":"ListItem","position":2,"name":"Produkter","item":"https:\/\/membrasin.com\/sv\/shop\/"},{"@type":"ListItem","position":3,"name":"Feminine Moisturiser Supplement"}]},{"@type":"WebSite","@id":"https:\/\/membrasin.com\/sv\/#website","url":"https:\/\/membrasin.com\/sv\/","name":"Membrasin","description":"","publisher":{"@id":"https:\/\/membrasin.com\/sv\/#organization"},"potentialAction":[{"@type":"SearchAction","target":{"@type":"EntryPoint","urlTemplate":"https:\/\/membrasin.com\/sv\/?s={search_term_string}"},"query-input":{"@type":"PropertyValueSpecification","valueRequired":true,"valueName":"search_term_string"}}],"inLanguage":"sv-SE"},{"@type":"Organization","@id":"https:\/\/membrasin.com\/sv\/#organization","name":"Membrasin","url":"https:\/\/membrasin.com\/sv\/","logo":{"@type":"ImageObject","inLanguage":"sv-SE","@id":"https:\/\/membrasin.com\/sv\/#\/schema\/logo\/image\/","url":"https:\/\/membrasin.com\/wp-content\/uploads\/2022\/09\/product_placeholder_membrasin_logo.png","contentUrl":"https:\/\/membrasin.com\/wp-content\/uploads\/2022\/09\/product_placeholder_membrasin_logo.png","width":600,"height":600,"caption":"Membrasin"},"image":{"@id":"https:\/\/membrasin.com\/sv\/#\/schema\/logo\/image\/"},"sameAs":["https:\/\/www.facebook.com\/Membrasin","https:\/\/www.instagram.com\/membrasin\/"]}]}},"_links":{"self":[{"href":"https:\/\/membrasin.com\/sv\/wp-json\/wp\/v2\/product\/2585","targetHints":{"allow":["GET"]}}],"collection":[{"href":"https:\/\/membrasin.com\/sv\/wp-json\/wp\/v2\/product"}],"about":[{"href":"https:\/\/membrasin.com\/sv\/wp-json\/wp\/v2\/types\/product"}],"replies":[{"embeddable":true,"href":"https:\/\/membrasin.com\/sv\/wp-json\/wp\/v2\/comments?post=2585"}],"wp:featuredmedia":[{"embeddable":true,"href":"https:\/\/membrasin.com\/sv\/wp-json\/wp\/v2\/media\/3073"}],"wp:attachment":[{"href":"https:\/\/membrasin.com\/sv\/wp-json\/wp\/v2\/media?parent=2585"}],"wp:term":[{"taxonomy":"product_brand","embeddable":true,"href":"https:\/\/membrasin.com\/sv\/wp-json\/wp\/v2\/product_brand?post=2585"},{"taxonomy":"product_cat","embeddable":true,"href":"https:\/\/membrasin.com\/sv\/wp-json\/wp\/v2\/product_cat?post=2585"},{"taxonomy":"product_tag","embeddable":true,"href":"https:\/\/membrasin.com\/sv\/wp-json\/wp\/v2\/product_tag?post=2585"}],"curies":[{"name":"wp","href":"https:\/\/api.w.org\/{rel}","templated":true}]}}