{"id":2582,"date":"2023-06-07T10:48:36","date_gmt":"2023-06-07T07:48:36","guid":{"rendered":"https:\/\/membrasin.com\/tuote\/vaginal-moisture-cream-uusi\/"},"modified":"2026-03-10T08:20:58","modified_gmt":"2026-03-10T06:20:58","slug":"vaginal-moisture-cream-se","status":"publish","type":"product","link":"https:\/\/membrasin.com\/sv\/produkt\/vaginal-moisture-cream-se\/","title":{"rendered":"Vaginal Moisture Cream"},"content":{"rendered":"<p>Membrasin<sup>\u00ae<\/sup>\u00a0Vaginal Moisture Cream \u00e4r trippelverkande salva f\u00f6r intim och vaginal torrhet. Uttorkning av slemhinnorna kan orsakas av bland annat stress, l\u00e4kemedel som torkar ut kroppen, amning och hormonf\u00f6r\u00e4ndringar i klimakteriet.<\/p>\n<p>Salvan inneh\u00e5ller unik SBA24<sup>\u00ae<\/sup>-havtornsolja, mj\u00f6lksyra och hyaluronsyra. Havtornsolja skyddar och \u00e5terfuktar slemhinnorna, mj\u00f6lksyra balanserar pH och hyaluronsyra binder fukt. SBA24<sup>\u00ae<\/sup>\u00a0\u00e4r v\u00e4rldens mest unders\u00f6kta havtornsolja, vars sammans\u00e4ttning, effekt och s\u00e4kerhet har s\u00e4kerst\u00e4llts genom kliniska studier.<\/p>\n<p>Trippelverkande Membrasin Vaginal Moisture Cream:<\/p>\n<ul>\n<li>Havtornsolja skyddar och \u00e5terfuktar slemhinnorna<\/li>\n<li>Hyaluronat \u00f6kar fuktigheten<\/li>\n<li>Mj\u00f6lksyra uppr\u00e4tth\u00e5ller normal pH-balans<\/li>\n<\/ul>\n<p>I kliniska pr\u00f6vningar ville 84 % av respondenterna forts\u00e4tta att anv\u00e4nda Membrasin<sup>\u00ae<\/sup>\u00a0Vaginal Moisture Cream mot symtom p\u00e5 intim och vaginal torrhet.*<\/p>\n<p>F\u00f6rpackningen inneh\u00e5ller en CE-m\u00e4rkt applikator.<\/p>\n<p>F\u00f6r b\u00e4sta resultat, anv\u00e4nd Membrasin<sup>\u00ae<\/sup>\u00a0Moisture med v\u00e5r tv\u00e5stegsl\u00f6sning: Membrasin<sup>\u00ae<\/sup>\u00a0Vaginal Moisture Cream lindrar omedelbart intima och vaginala torrhetssymtom. Membrasin\u00ae Feminine Moisturiser Supplement ger l\u00e5ngvarig naturlig \u00e5terfuktning av slemhinnorna.<\/p>\n<p>*N=164<\/p>\n","protected":false},"excerpt":{"rendered":"<div id=\"tw-target-text-container\" class=\"tw-ta-container F0azHf tw-nfl\" tabindex=\"0\" role=\"text\">\n<p id=\"tw-target-text\" class=\"tw-data-text tw-text-large tw-ta\" data-placeholder=\"Translation\" aria-label=\"Translated text: Kommer snart\" data-ved=\"2ahUKEwjj7r7phayKAxW4JRAIHe7mLBMQ3ewLegQIAxAU\"><span style=\"font-family: Georgia, 'Times New Roman', 'Bitstream Charter', Times, serif;\">Lindrar symtom p\u00e5 vaginal torrhet. Skyddar och \u00e5terfuktar naturligt slemhinnorna i intimomr\u00e5det.<\/span><\/p>\n<\/div>\n<ul>\n<li>Lindrar omedelbart symtom p\u00e5 torrhet i intimomr\u00e5det<\/li>\n<li>Hormonfri och parfymfri<\/li>\n<li>L\u00e4ttanv\u00e4nd och hygienisk<\/li>\n<li>Kliniskt bevisad effekt<\/li>\n<\/ul>\n","protected":false},"featured_media":3076,"comment_status":"open","ping_status":"closed","template":"","meta":{"_acf_changed":false},"product_brand":[],"product_cat":[115],"product_tag":[],"class_list":{"0":"post-2582","1":"product","2":"type-product","3":"status-publish","4":"has-post-thumbnail","6":"product_cat-moisture-sv","8":"first","9":"instock","10":"taxable","11":"shipping-taxable","12":"purchasable","13":"product-type-simple"},"bundled_by":[],"bundle_stock_status":"instock","bundle_stock_quantity":null,"bundle_virtual":false,"bundle_layout":"","bundle_add_to_cart_form_location":"","bundle_editable_in_cart":false,"bundle_sold_individually_context":"","bundle_item_grouping":"","bundle_min_size":"","bundle_max_size":"","bundled_items":[],"bundle_sell_ids":[],"acf":[],"yoast_head":"<!-- This site is optimized with the Yoast SEO plugin v27.3 - https:\/\/yoast.com\/product\/yoast-seo-wordpress\/ -->\n<title>Vaginal Moisture Cream - Membrasin<\/title>\n<meta name=\"description\" content=\"Membrasin Moisture intimkr\u00e4m lindrar symtom p\u00e5 vaginal torrhet. Skyddar och \u00e5terfuktar naturligt slemhinnorna i intimomr\u00e5det.\" \/>\n<meta name=\"robots\" content=\"index, follow, max-snippet:-1, max-image-preview:large, max-video-preview:-1\" \/>\n<link rel=\"canonical\" href=\"https:\/\/membrasin.com\/sv\/produkt\/vaginal-moisture-cream-se\/\" \/>\n<meta property=\"og:locale\" content=\"sv_SE\" \/>\n<meta property=\"og:type\" content=\"article\" \/>\n<meta property=\"og:title\" content=\"Vaginal Moisture Cream - Membrasin\" \/>\n<meta property=\"og:description\" content=\"Membrasin Moisture intimkr\u00e4m lindrar symtom p\u00e5 vaginal torrhet. Skyddar och \u00e5terfuktar naturligt slemhinnorna i intimomr\u00e5det.\" \/>\n<meta property=\"og:url\" content=\"https:\/\/membrasin.com\/sv\/produkt\/vaginal-moisture-cream-se\/\" \/>\n<meta property=\"og:site_name\" content=\"Membrasin\" \/>\n<meta property=\"article:publisher\" content=\"https:\/\/www.facebook.com\/Membrasin\" \/>\n<meta property=\"article:modified_time\" content=\"2026-03-10T06:20:58+00:00\" \/>\n<meta property=\"og:image\" content=\"https:\/\/membrasin.com\/wp-content\/uploads\/2023\/06\/Nimeton-malli-17.png\" \/>\n\t<meta property=\"og:image:width\" content=\"600\" \/>\n\t<meta property=\"og:image:height\" content=\"600\" \/>\n\t<meta property=\"og:image:type\" content=\"image\/png\" \/>\n<meta name=\"twitter:card\" content=\"summary_large_image\" \/>\n<meta name=\"twitter:label1\" content=\"Ber\u00e4knad l\u00e4stid\" \/>\n\t<meta name=\"twitter:data1\" content=\"2 minuter\" \/>\n<script type=\"application\/ld+json\" class=\"yoast-schema-graph\">{\"@context\":\"https:\\\/\\\/schema.org\",\"@graph\":[{\"@type\":\"WebPage\",\"@id\":\"https:\\\/\\\/membrasin.com\\\/sv\\\/produkt\\\/vaginal-moisture-cream-se\\\/\",\"url\":\"https:\\\/\\\/membrasin.com\\\/sv\\\/produkt\\\/vaginal-moisture-cream-se\\\/\",\"name\":\"Vaginal Moisture Cream - Membrasin\",\"isPartOf\":{\"@id\":\"https:\\\/\\\/membrasin.com\\\/sv\\\/#website\"},\"primaryImageOfPage\":{\"@id\":\"https:\\\/\\\/membrasin.com\\\/sv\\\/produkt\\\/vaginal-moisture-cream-se\\\/#primaryimage\"},\"image\":{\"@id\":\"https:\\\/\\\/membrasin.com\\\/sv\\\/produkt\\\/vaginal-moisture-cream-se\\\/#primaryimage\"},\"thumbnailUrl\":\"https:\\\/\\\/membrasin.com\\\/wp-content\\\/uploads\\\/2023\\\/06\\\/Nimeton-malli-17.png\",\"datePublished\":\"2023-06-07T07:48:36+00:00\",\"dateModified\":\"2026-03-10T06:20:58+00:00\",\"description\":\"Membrasin Moisture intimkr\u00e4m lindrar symtom p\u00e5 vaginal torrhet. Skyddar och \u00e5terfuktar naturligt slemhinnorna i intimomr\u00e5det.\",\"breadcrumb\":{\"@id\":\"https:\\\/\\\/membrasin.com\\\/sv\\\/produkt\\\/vaginal-moisture-cream-se\\\/#breadcrumb\"},\"inLanguage\":\"sv-SE\",\"potentialAction\":[{\"@type\":\"ReadAction\",\"target\":[\"https:\\\/\\\/membrasin.com\\\/sv\\\/produkt\\\/vaginal-moisture-cream-se\\\/\"]}]},{\"@type\":\"ImageObject\",\"inLanguage\":\"sv-SE\",\"@id\":\"https:\\\/\\\/membrasin.com\\\/sv\\\/produkt\\\/vaginal-moisture-cream-se\\\/#primaryimage\",\"url\":\"https:\\\/\\\/membrasin.com\\\/wp-content\\\/uploads\\\/2023\\\/06\\\/Nimeton-malli-17.png\",\"contentUrl\":\"https:\\\/\\\/membrasin.com\\\/wp-content\\\/uploads\\\/2023\\\/06\\\/Nimeton-malli-17.png\",\"width\":600,\"height\":600},{\"@type\":\"BreadcrumbList\",\"@id\":\"https:\\\/\\\/membrasin.com\\\/sv\\\/produkt\\\/vaginal-moisture-cream-se\\\/#breadcrumb\",\"itemListElement\":[{\"@type\":\"ListItem\",\"position\":1,\"name\":\"Etusivu\",\"item\":\"https:\\\/\\\/membrasin.com\\\/sv\\\/\"},{\"@type\":\"ListItem\",\"position\":2,\"name\":\"Produkter\",\"item\":\"https:\\\/\\\/membrasin.com\\\/sv\\\/shop\\\/\"},{\"@type\":\"ListItem\",\"position\":3,\"name\":\"Vaginal Moisture Cream\"}]},{\"@type\":\"WebSite\",\"@id\":\"https:\\\/\\\/membrasin.com\\\/sv\\\/#website\",\"url\":\"https:\\\/\\\/membrasin.com\\\/sv\\\/\",\"name\":\"Membrasin\",\"description\":\"\",\"publisher\":{\"@id\":\"https:\\\/\\\/membrasin.com\\\/sv\\\/#organization\"},\"potentialAction\":[{\"@type\":\"SearchAction\",\"target\":{\"@type\":\"EntryPoint\",\"urlTemplate\":\"https:\\\/\\\/membrasin.com\\\/sv\\\/?s={search_term_string}\"},\"query-input\":{\"@type\":\"PropertyValueSpecification\",\"valueRequired\":true,\"valueName\":\"search_term_string\"}}],\"inLanguage\":\"sv-SE\"},{\"@type\":\"Organization\",\"@id\":\"https:\\\/\\\/membrasin.com\\\/sv\\\/#organization\",\"name\":\"Membrasin\",\"url\":\"https:\\\/\\\/membrasin.com\\\/sv\\\/\",\"logo\":{\"@type\":\"ImageObject\",\"inLanguage\":\"sv-SE\",\"@id\":\"https:\\\/\\\/membrasin.com\\\/sv\\\/#\\\/schema\\\/logo\\\/image\\\/\",\"url\":\"https:\\\/\\\/membrasin.com\\\/wp-content\\\/uploads\\\/2022\\\/09\\\/product_placeholder_membrasin_logo.png\",\"contentUrl\":\"https:\\\/\\\/membrasin.com\\\/wp-content\\\/uploads\\\/2022\\\/09\\\/product_placeholder_membrasin_logo.png\",\"width\":600,\"height\":600,\"caption\":\"Membrasin\"},\"image\":{\"@id\":\"https:\\\/\\\/membrasin.com\\\/sv\\\/#\\\/schema\\\/logo\\\/image\\\/\"},\"sameAs\":[\"https:\\\/\\\/www.facebook.com\\\/Membrasin\",\"https:\\\/\\\/www.instagram.com\\\/membrasin\\\/\"]}]}<\/script>\n<!-- \/ Yoast SEO plugin. -->","yoast_head_json":{"title":"Vaginal Moisture Cream - Membrasin","description":"Membrasin Moisture intimkr\u00e4m lindrar symtom p\u00e5 vaginal torrhet. Skyddar och \u00e5terfuktar naturligt slemhinnorna i intimomr\u00e5det.","robots":{"index":"index","follow":"follow","max-snippet":"max-snippet:-1","max-image-preview":"max-image-preview:large","max-video-preview":"max-video-preview:-1"},"canonical":"https:\/\/membrasin.com\/sv\/produkt\/vaginal-moisture-cream-se\/","og_locale":"sv_SE","og_type":"article","og_title":"Vaginal Moisture Cream - Membrasin","og_description":"Membrasin Moisture intimkr\u00e4m lindrar symtom p\u00e5 vaginal torrhet. Skyddar och \u00e5terfuktar naturligt slemhinnorna i intimomr\u00e5det.","og_url":"https:\/\/membrasin.com\/sv\/produkt\/vaginal-moisture-cream-se\/","og_site_name":"Membrasin","article_publisher":"https:\/\/www.facebook.com\/Membrasin","article_modified_time":"2026-03-10T06:20:58+00:00","og_image":[{"width":600,"height":600,"url":"https:\/\/membrasin.com\/wp-content\/uploads\/2023\/06\/Nimeton-malli-17.png","type":"image\/png"}],"twitter_card":"summary_large_image","twitter_misc":{"Ber\u00e4knad l\u00e4stid":"2 minuter"},"schema":{"@context":"https:\/\/schema.org","@graph":[{"@type":"WebPage","@id":"https:\/\/membrasin.com\/sv\/produkt\/vaginal-moisture-cream-se\/","url":"https:\/\/membrasin.com\/sv\/produkt\/vaginal-moisture-cream-se\/","name":"Vaginal Moisture Cream - Membrasin","isPartOf":{"@id":"https:\/\/membrasin.com\/sv\/#website"},"primaryImageOfPage":{"@id":"https:\/\/membrasin.com\/sv\/produkt\/vaginal-moisture-cream-se\/#primaryimage"},"image":{"@id":"https:\/\/membrasin.com\/sv\/produkt\/vaginal-moisture-cream-se\/#primaryimage"},"thumbnailUrl":"https:\/\/membrasin.com\/wp-content\/uploads\/2023\/06\/Nimeton-malli-17.png","datePublished":"2023-06-07T07:48:36+00:00","dateModified":"2026-03-10T06:20:58+00:00","description":"Membrasin Moisture intimkr\u00e4m lindrar symtom p\u00e5 vaginal torrhet. Skyddar och \u00e5terfuktar naturligt slemhinnorna i intimomr\u00e5det.","breadcrumb":{"@id":"https:\/\/membrasin.com\/sv\/produkt\/vaginal-moisture-cream-se\/#breadcrumb"},"inLanguage":"sv-SE","potentialAction":[{"@type":"ReadAction","target":["https:\/\/membrasin.com\/sv\/produkt\/vaginal-moisture-cream-se\/"]}]},{"@type":"ImageObject","inLanguage":"sv-SE","@id":"https:\/\/membrasin.com\/sv\/produkt\/vaginal-moisture-cream-se\/#primaryimage","url":"https:\/\/membrasin.com\/wp-content\/uploads\/2023\/06\/Nimeton-malli-17.png","contentUrl":"https:\/\/membrasin.com\/wp-content\/uploads\/2023\/06\/Nimeton-malli-17.png","width":600,"height":600},{"@type":"BreadcrumbList","@id":"https:\/\/membrasin.com\/sv\/produkt\/vaginal-moisture-cream-se\/#breadcrumb","itemListElement":[{"@type":"ListItem","position":1,"name":"Etusivu","item":"https:\/\/membrasin.com\/sv\/"},{"@type":"ListItem","position":2,"name":"Produkter","item":"https:\/\/membrasin.com\/sv\/shop\/"},{"@type":"ListItem","position":3,"name":"Vaginal Moisture Cream"}]},{"@type":"WebSite","@id":"https:\/\/membrasin.com\/sv\/#website","url":"https:\/\/membrasin.com\/sv\/","name":"Membrasin","description":"","publisher":{"@id":"https:\/\/membrasin.com\/sv\/#organization"},"potentialAction":[{"@type":"SearchAction","target":{"@type":"EntryPoint","urlTemplate":"https:\/\/membrasin.com\/sv\/?s={search_term_string}"},"query-input":{"@type":"PropertyValueSpecification","valueRequired":true,"valueName":"search_term_string"}}],"inLanguage":"sv-SE"},{"@type":"Organization","@id":"https:\/\/membrasin.com\/sv\/#organization","name":"Membrasin","url":"https:\/\/membrasin.com\/sv\/","logo":{"@type":"ImageObject","inLanguage":"sv-SE","@id":"https:\/\/membrasin.com\/sv\/#\/schema\/logo\/image\/","url":"https:\/\/membrasin.com\/wp-content\/uploads\/2022\/09\/product_placeholder_membrasin_logo.png","contentUrl":"https:\/\/membrasin.com\/wp-content\/uploads\/2022\/09\/product_placeholder_membrasin_logo.png","width":600,"height":600,"caption":"Membrasin"},"image":{"@id":"https:\/\/membrasin.com\/sv\/#\/schema\/logo\/image\/"},"sameAs":["https:\/\/www.facebook.com\/Membrasin","https:\/\/www.instagram.com\/membrasin\/"]}]}},"_links":{"self":[{"href":"https:\/\/membrasin.com\/sv\/wp-json\/wp\/v2\/product\/2582","targetHints":{"allow":["GET"]}}],"collection":[{"href":"https:\/\/membrasin.com\/sv\/wp-json\/wp\/v2\/product"}],"about":[{"href":"https:\/\/membrasin.com\/sv\/wp-json\/wp\/v2\/types\/product"}],"replies":[{"embeddable":true,"href":"https:\/\/membrasin.com\/sv\/wp-json\/wp\/v2\/comments?post=2582"}],"wp:featuredmedia":[{"embeddable":true,"href":"https:\/\/membrasin.com\/sv\/wp-json\/wp\/v2\/media\/3076"}],"wp:attachment":[{"href":"https:\/\/membrasin.com\/sv\/wp-json\/wp\/v2\/media?parent=2582"}],"wp:term":[{"taxonomy":"product_brand","embeddable":true,"href":"https:\/\/membrasin.com\/sv\/wp-json\/wp\/v2\/product_brand?post=2582"},{"taxonomy":"product_cat","embeddable":true,"href":"https:\/\/membrasin.com\/sv\/wp-json\/wp\/v2\/product_cat?post=2582"},{"taxonomy":"product_tag","embeddable":true,"href":"https:\/\/membrasin.com\/sv\/wp-json\/wp\/v2\/product_tag?post=2582"}],"curies":[{"name":"wp","href":"https:\/\/api.w.org\/{rel}","templated":true}]}}