{"id":2112,"date":"2022-06-21T13:35:54","date_gmt":"2022-06-21T10:35:54","guid":{"rendered":"https:\/\/membrasin.com\/tuote\/probiotic-skin-care-oil-fi\/"},"modified":"2026-04-07T22:16:56","modified_gmt":"2026-04-07T19:16:56","slug":"probiotic-skin-care-oil","status":"publish","type":"product","link":"https:\/\/membrasin.com\/sv\/produkt\/probiotic-skin-care-oil\/","title":{"rendered":"Probiotic Skincare Oil"},"content":{"rendered":"<p>Membrasin<sup>\u00ae<\/sup> Probiotic Skincare Oil \u00e4r en unik och innovativ hudolja som inneh\u00e5ller aktiva, levande probiotika. Det \u00e5terupplivar, \u00e5terfuktar och mjukar upp mycket torr hud. Oljan inneh\u00e5ller levande bakteriestammar av Lactobacillus rhamnosus samt olja fr\u00e5n inhemska havtorn och svarta vinb\u00e4r.<\/p>\n<p>Havtorns- och svartvinb\u00e4rsfr\u00f6olja inneh\u00e5ller rikligt med omega-3, -6 och -9 fettsyror, som \u00e4r n\u00f6dv\u00e4ndiga f\u00f6r hudens v\u00e4lbefinnande. Kombinationen av aktiva levande bakterier och naturliga b\u00e4roljor st\u00e4rker och v\u00e5rdar effektivt k\u00e4nslig, torr och atopisk hud.<\/p>\n<ul>\n<li>Balanserar och st\u00e4rker hudens normala mikrobiom<\/li>\n<li>\u00c5terupplivar, \u00e5terfuktar och f\u00f6rb\u00e4ttrar mjukheten i torr hud<\/li>\n<li>Inneh\u00e5ller aktiva ingredienser som mj\u00f6lksyrabakterier, havtornsolja och svartvinb\u00e4rsfr\u00f6olja<\/li>\n<li>En innovativ l\u00f6sning f\u00f6r problematiska hudtyper<\/li>\n<li>L\u00e4mplig f\u00f6r behandling av atopisk hud<\/li>\n<\/ul>\n<p>F\u00f6r b\u00e4sta resultat, anv\u00e4nd Membrasin<sup>\u00ae<\/sup> Dermal med v\u00e5r trestegsl\u00f6sning: Membrasin<sup>\u00ae<\/sup> Probiotic Skincare Oil \u00e5terfuktar och balanserar torra hudomr\u00e5den. Membrasin<sup>\u00ae<\/sup> Atopic Skin Repair Cream lindrar symtomen p\u00e5 atopisk hud. Membrasin<sup>\u00ae<\/sup> Skin Hydration Supplement ger l\u00e5ngvarig naturlig \u00e5terfuktning inv\u00e4rtes och skydd f\u00f6r huden.<\/p>\n","protected":false},"excerpt":{"rendered":"<p>\u00c5terst\u00e4ller, \u00e5terfuktar och lugnar torr och atopisk hud. St\u00e4rker den k\u00e4nsliga hudens friska mikrobiom.<\/p>\n<ul>\n<li>Aktiva levande bakterier och naturliga b\u00e4roljor<\/li>\n<li>Omega-3, -6 och -9-fettsyror<\/li>\n<li>V\u00e5rdar k\u00e4nslig, torr och atopisk hud<\/li>\n<li>Passar hela familjen<\/li>\n<\/ul>\n","protected":false},"featured_media":7415,"comment_status":"open","ping_status":"closed","template":"","meta":{"_acf_changed":false},"product_brand":[],"product_cat":[114],"product_tag":[],"class_list":{"0":"post-2112","1":"product","2":"type-product","3":"status-publish","4":"has-post-thumbnail","6":"product_cat-dermal-sv","8":"first","9":"instock","10":"taxable","11":"shipping-taxable","12":"purchasable","13":"product-type-simple"},"bundled_by":[],"bundle_stock_status":"instock","bundle_stock_quantity":39,"bundle_virtual":false,"bundle_layout":"","bundle_add_to_cart_form_location":"","bundle_editable_in_cart":false,"bundle_sold_individually_context":"","bundle_item_grouping":"","bundle_min_size":"","bundle_max_size":"","bundled_items":[],"bundle_sell_ids":[],"acf":[],"yoast_head":"<!-- This site is optimized with the Yoast SEO plugin v27.3 - https:\/\/yoast.com\/product\/yoast-seo-wordpress\/ -->\n<title>Probiotic Skincare Oil - Membrasin<\/title>\n<meta name=\"description\" content=\"Membrasin Probiotic Skin Care Oil - \u00c5terst\u00e4ller, \u00e5terfuktar och lugnar torr och atopisk hud. St\u00e4rker den k\u00e4nsliga hudens friska mikrobiom.\" \/>\n<meta name=\"robots\" content=\"index, follow, max-snippet:-1, max-image-preview:large, max-video-preview:-1\" \/>\n<link rel=\"canonical\" href=\"https:\/\/membrasin.com\/sv\/produkt\/probiotic-skin-care-oil\/\" \/>\n<meta property=\"og:locale\" content=\"sv_SE\" \/>\n<meta property=\"og:type\" content=\"article\" \/>\n<meta property=\"og:title\" content=\"Probiotic Skincare Oil - Membrasin\" \/>\n<meta property=\"og:description\" content=\"Membrasin Probiotic Skin Care Oil - \u00c5terst\u00e4ller, \u00e5terfuktar och lugnar torr och atopisk hud. St\u00e4rker den k\u00e4nsliga hudens friska mikrobiom.\" \/>\n<meta property=\"og:url\" content=\"https:\/\/membrasin.com\/sv\/produkt\/probiotic-skin-care-oil\/\" \/>\n<meta property=\"og:site_name\" content=\"Membrasin\" \/>\n<meta property=\"article:publisher\" content=\"https:\/\/www.facebook.com\/Membrasin\" \/>\n<meta property=\"article:modified_time\" content=\"2026-04-07T19:16:56+00:00\" \/>\n<meta property=\"og:image\" content=\"https:\/\/membrasin.com\/wp-content\/uploads\/2022\/06\/Nimeton-malli-14.png\" \/>\n\t<meta property=\"og:image:width\" content=\"600\" \/>\n\t<meta property=\"og:image:height\" content=\"600\" \/>\n\t<meta property=\"og:image:type\" content=\"image\/png\" \/>\n<meta name=\"twitter:card\" content=\"summary_large_image\" \/>\n<meta name=\"twitter:label1\" content=\"Ber\u00e4knad l\u00e4stid\" \/>\n\t<meta name=\"twitter:data1\" content=\"2 minuter\" \/>\n<script type=\"application\/ld+json\" class=\"yoast-schema-graph\">{\"@context\":\"https:\\\/\\\/schema.org\",\"@graph\":[{\"@type\":\"WebPage\",\"@id\":\"https:\\\/\\\/membrasin.com\\\/sv\\\/produkt\\\/probiotic-skin-care-oil\\\/\",\"url\":\"https:\\\/\\\/membrasin.com\\\/sv\\\/produkt\\\/probiotic-skin-care-oil\\\/\",\"name\":\"Probiotic Skincare Oil - Membrasin\",\"isPartOf\":{\"@id\":\"https:\\\/\\\/membrasin.com\\\/sv\\\/#website\"},\"primaryImageOfPage\":{\"@id\":\"https:\\\/\\\/membrasin.com\\\/sv\\\/produkt\\\/probiotic-skin-care-oil\\\/#primaryimage\"},\"image\":{\"@id\":\"https:\\\/\\\/membrasin.com\\\/sv\\\/produkt\\\/probiotic-skin-care-oil\\\/#primaryimage\"},\"thumbnailUrl\":\"https:\\\/\\\/membrasin.com\\\/wp-content\\\/uploads\\\/2022\\\/06\\\/Nimeton-malli-14.png\",\"datePublished\":\"2022-06-21T10:35:54+00:00\",\"dateModified\":\"2026-04-07T19:16:56+00:00\",\"description\":\"Membrasin Probiotic Skin Care Oil - \u00c5terst\u00e4ller, \u00e5terfuktar och lugnar torr och atopisk hud. St\u00e4rker den k\u00e4nsliga hudens friska mikrobiom.\",\"breadcrumb\":{\"@id\":\"https:\\\/\\\/membrasin.com\\\/sv\\\/produkt\\\/probiotic-skin-care-oil\\\/#breadcrumb\"},\"inLanguage\":\"sv-SE\",\"potentialAction\":[{\"@type\":\"ReadAction\",\"target\":[\"https:\\\/\\\/membrasin.com\\\/sv\\\/produkt\\\/probiotic-skin-care-oil\\\/\"]}]},{\"@type\":\"ImageObject\",\"inLanguage\":\"sv-SE\",\"@id\":\"https:\\\/\\\/membrasin.com\\\/sv\\\/produkt\\\/probiotic-skin-care-oil\\\/#primaryimage\",\"url\":\"https:\\\/\\\/membrasin.com\\\/wp-content\\\/uploads\\\/2022\\\/06\\\/Nimeton-malli-14.png\",\"contentUrl\":\"https:\\\/\\\/membrasin.com\\\/wp-content\\\/uploads\\\/2022\\\/06\\\/Nimeton-malli-14.png\",\"width\":600,\"height\":600},{\"@type\":\"BreadcrumbList\",\"@id\":\"https:\\\/\\\/membrasin.com\\\/sv\\\/produkt\\\/probiotic-skin-care-oil\\\/#breadcrumb\",\"itemListElement\":[{\"@type\":\"ListItem\",\"position\":1,\"name\":\"Etusivu\",\"item\":\"https:\\\/\\\/membrasin.com\\\/sv\\\/\"},{\"@type\":\"ListItem\",\"position\":2,\"name\":\"Produkter\",\"item\":\"https:\\\/\\\/membrasin.com\\\/sv\\\/shop\\\/\"},{\"@type\":\"ListItem\",\"position\":3,\"name\":\"Probiotic Skincare Oil\"}]},{\"@type\":\"WebSite\",\"@id\":\"https:\\\/\\\/membrasin.com\\\/sv\\\/#website\",\"url\":\"https:\\\/\\\/membrasin.com\\\/sv\\\/\",\"name\":\"Membrasin\",\"description\":\"\",\"publisher\":{\"@id\":\"https:\\\/\\\/membrasin.com\\\/sv\\\/#organization\"},\"potentialAction\":[{\"@type\":\"SearchAction\",\"target\":{\"@type\":\"EntryPoint\",\"urlTemplate\":\"https:\\\/\\\/membrasin.com\\\/sv\\\/?s={search_term_string}\"},\"query-input\":{\"@type\":\"PropertyValueSpecification\",\"valueRequired\":true,\"valueName\":\"search_term_string\"}}],\"inLanguage\":\"sv-SE\"},{\"@type\":\"Organization\",\"@id\":\"https:\\\/\\\/membrasin.com\\\/sv\\\/#organization\",\"name\":\"Membrasin\",\"url\":\"https:\\\/\\\/membrasin.com\\\/sv\\\/\",\"logo\":{\"@type\":\"ImageObject\",\"inLanguage\":\"sv-SE\",\"@id\":\"https:\\\/\\\/membrasin.com\\\/sv\\\/#\\\/schema\\\/logo\\\/image\\\/\",\"url\":\"https:\\\/\\\/membrasin.com\\\/wp-content\\\/uploads\\\/2022\\\/09\\\/product_placeholder_membrasin_logo.png\",\"contentUrl\":\"https:\\\/\\\/membrasin.com\\\/wp-content\\\/uploads\\\/2022\\\/09\\\/product_placeholder_membrasin_logo.png\",\"width\":600,\"height\":600,\"caption\":\"Membrasin\"},\"image\":{\"@id\":\"https:\\\/\\\/membrasin.com\\\/sv\\\/#\\\/schema\\\/logo\\\/image\\\/\"},\"sameAs\":[\"https:\\\/\\\/www.facebook.com\\\/Membrasin\",\"https:\\\/\\\/www.instagram.com\\\/membrasin\\\/\"]}]}<\/script>\n<!-- \/ Yoast SEO plugin. -->","yoast_head_json":{"title":"Probiotic Skincare Oil - Membrasin","description":"Membrasin Probiotic Skin Care Oil - \u00c5terst\u00e4ller, \u00e5terfuktar och lugnar torr och atopisk hud. St\u00e4rker den k\u00e4nsliga hudens friska mikrobiom.","robots":{"index":"index","follow":"follow","max-snippet":"max-snippet:-1","max-image-preview":"max-image-preview:large","max-video-preview":"max-video-preview:-1"},"canonical":"https:\/\/membrasin.com\/sv\/produkt\/probiotic-skin-care-oil\/","og_locale":"sv_SE","og_type":"article","og_title":"Probiotic Skincare Oil - Membrasin","og_description":"Membrasin Probiotic Skin Care Oil - \u00c5terst\u00e4ller, \u00e5terfuktar och lugnar torr och atopisk hud. St\u00e4rker den k\u00e4nsliga hudens friska mikrobiom.","og_url":"https:\/\/membrasin.com\/sv\/produkt\/probiotic-skin-care-oil\/","og_site_name":"Membrasin","article_publisher":"https:\/\/www.facebook.com\/Membrasin","article_modified_time":"2026-04-07T19:16:56+00:00","og_image":[{"width":600,"height":600,"url":"https:\/\/membrasin.com\/wp-content\/uploads\/2022\/06\/Nimeton-malli-14.png","type":"image\/png"}],"twitter_card":"summary_large_image","twitter_misc":{"Ber\u00e4knad l\u00e4stid":"2 minuter"},"schema":{"@context":"https:\/\/schema.org","@graph":[{"@type":"WebPage","@id":"https:\/\/membrasin.com\/sv\/produkt\/probiotic-skin-care-oil\/","url":"https:\/\/membrasin.com\/sv\/produkt\/probiotic-skin-care-oil\/","name":"Probiotic Skincare Oil - Membrasin","isPartOf":{"@id":"https:\/\/membrasin.com\/sv\/#website"},"primaryImageOfPage":{"@id":"https:\/\/membrasin.com\/sv\/produkt\/probiotic-skin-care-oil\/#primaryimage"},"image":{"@id":"https:\/\/membrasin.com\/sv\/produkt\/probiotic-skin-care-oil\/#primaryimage"},"thumbnailUrl":"https:\/\/membrasin.com\/wp-content\/uploads\/2022\/06\/Nimeton-malli-14.png","datePublished":"2022-06-21T10:35:54+00:00","dateModified":"2026-04-07T19:16:56+00:00","description":"Membrasin Probiotic Skin Care Oil - \u00c5terst\u00e4ller, \u00e5terfuktar och lugnar torr och atopisk hud. St\u00e4rker den k\u00e4nsliga hudens friska mikrobiom.","breadcrumb":{"@id":"https:\/\/membrasin.com\/sv\/produkt\/probiotic-skin-care-oil\/#breadcrumb"},"inLanguage":"sv-SE","potentialAction":[{"@type":"ReadAction","target":["https:\/\/membrasin.com\/sv\/produkt\/probiotic-skin-care-oil\/"]}]},{"@type":"ImageObject","inLanguage":"sv-SE","@id":"https:\/\/membrasin.com\/sv\/produkt\/probiotic-skin-care-oil\/#primaryimage","url":"https:\/\/membrasin.com\/wp-content\/uploads\/2022\/06\/Nimeton-malli-14.png","contentUrl":"https:\/\/membrasin.com\/wp-content\/uploads\/2022\/06\/Nimeton-malli-14.png","width":600,"height":600},{"@type":"BreadcrumbList","@id":"https:\/\/membrasin.com\/sv\/produkt\/probiotic-skin-care-oil\/#breadcrumb","itemListElement":[{"@type":"ListItem","position":1,"name":"Etusivu","item":"https:\/\/membrasin.com\/sv\/"},{"@type":"ListItem","position":2,"name":"Produkter","item":"https:\/\/membrasin.com\/sv\/shop\/"},{"@type":"ListItem","position":3,"name":"Probiotic Skincare Oil"}]},{"@type":"WebSite","@id":"https:\/\/membrasin.com\/sv\/#website","url":"https:\/\/membrasin.com\/sv\/","name":"Membrasin","description":"","publisher":{"@id":"https:\/\/membrasin.com\/sv\/#organization"},"potentialAction":[{"@type":"SearchAction","target":{"@type":"EntryPoint","urlTemplate":"https:\/\/membrasin.com\/sv\/?s={search_term_string}"},"query-input":{"@type":"PropertyValueSpecification","valueRequired":true,"valueName":"search_term_string"}}],"inLanguage":"sv-SE"},{"@type":"Organization","@id":"https:\/\/membrasin.com\/sv\/#organization","name":"Membrasin","url":"https:\/\/membrasin.com\/sv\/","logo":{"@type":"ImageObject","inLanguage":"sv-SE","@id":"https:\/\/membrasin.com\/sv\/#\/schema\/logo\/image\/","url":"https:\/\/membrasin.com\/wp-content\/uploads\/2022\/09\/product_placeholder_membrasin_logo.png","contentUrl":"https:\/\/membrasin.com\/wp-content\/uploads\/2022\/09\/product_placeholder_membrasin_logo.png","width":600,"height":600,"caption":"Membrasin"},"image":{"@id":"https:\/\/membrasin.com\/sv\/#\/schema\/logo\/image\/"},"sameAs":["https:\/\/www.facebook.com\/Membrasin","https:\/\/www.instagram.com\/membrasin\/"]}]}},"_links":{"self":[{"href":"https:\/\/membrasin.com\/sv\/wp-json\/wp\/v2\/product\/2112","targetHints":{"allow":["GET"]}}],"collection":[{"href":"https:\/\/membrasin.com\/sv\/wp-json\/wp\/v2\/product"}],"about":[{"href":"https:\/\/membrasin.com\/sv\/wp-json\/wp\/v2\/types\/product"}],"replies":[{"embeddable":true,"href":"https:\/\/membrasin.com\/sv\/wp-json\/wp\/v2\/comments?post=2112"}],"wp:featuredmedia":[{"embeddable":true,"href":"https:\/\/membrasin.com\/sv\/wp-json\/wp\/v2\/media\/7415"}],"wp:attachment":[{"href":"https:\/\/membrasin.com\/sv\/wp-json\/wp\/v2\/media?parent=2112"}],"wp:term":[{"taxonomy":"product_brand","embeddable":true,"href":"https:\/\/membrasin.com\/sv\/wp-json\/wp\/v2\/product_brand?post=2112"},{"taxonomy":"product_cat","embeddable":true,"href":"https:\/\/membrasin.com\/sv\/wp-json\/wp\/v2\/product_cat?post=2112"},{"taxonomy":"product_tag","embeddable":true,"href":"https:\/\/membrasin.com\/sv\/wp-json\/wp\/v2\/product_tag?post=2112"}],"curies":[{"name":"wp","href":"https:\/\/api.w.org\/{rel}","templated":true}]}}