{"id":5120,"date":"2022-06-21T13:35:54","date_gmt":"2022-06-21T10:35:54","guid":{"rendered":"https:\/\/membrasin.com\/tuote\/probiotic-skin-care-oil\/"},"modified":"2026-04-07T22:16:56","modified_gmt":"2026-04-07T19:16:56","slug":"probiotic-skin-care-oil","status":"publish","type":"product","link":"https:\/\/membrasin.com\/fr\/tuote\/probiotic-skin-care-oil\/","title":{"rendered":"Probiotic Skincare Oil"},"content":{"rendered":"<p>Membrasin<sup>\u00ae<\/sup> Probiotic Skincare Oil est une huile cutan\u00e9e unique et innovante contenant des probiotiques vivants actifs. Il revitalise, hydrate et redonne douceur aux peaux tr\u00e8s s\u00e8ches. L&rsquo;huile contient des bact\u00e9ries vivantes Lactobacillus rhamnosus, de l&rsquo;huile d&rsquo;argousier et de l&rsquo;huile de graines de cassis.<\/p>\n<p>L&rsquo;huile d&rsquo;argousier et l&rsquo;huile de p\u00e9pins de cassis sont abondantes en acides gras essentiels om\u00e9ga-3, -6 et -9 pour une peau saine. La combinaison de probiotiques actifs vivants et d&rsquo;huiles naturelles de baies apporte un soutien efficace aux peaux sensibles, s\u00e8ches et atopiques.<\/p>\n<ul>\n<li>\u00c9quilibre et renforce le microbiome normal de la peau<\/li>\n<li>Revitalise, hydrate et am\u00e9liore la douceur des peaux tr\u00e8s s\u00e8ches<\/li>\n<li>Contient des ingr\u00e9dients actifs, par ex. bact\u00e9ries lactiques, argousier et huile de p\u00e9pins de cassis<\/li>\n<li>Offre une nouvelle solution pour les types de peau \u00e0 probl\u00e8mes<\/li>\n<li>Convient aux peaux atopiques<\/li>\n<\/ul>\n<p>Pour de meilleurs r\u00e9sultats, combinez Membrasin<sup>\u00ae<\/sup> Probiotic Skincare Oil avec Membrasin<sup>\u00ae<\/sup> Skin Hydration Supplement et Membrasin<sup>\u00ae<\/sup> Atopic Skin Repair Cream pour d\u00e9couvrir la solution unique de soins de la peau en 3 phases pour prot\u00e9ger toute la famille.<\/p>\n","protected":false},"excerpt":{"rendered":"<p>Revitalise, hydrate et am\u00e9liore la douceur des peaux tr\u00e8s s\u00e8ches. Restaure et renforce le microbiome sain de la peau d\u00e9licate.<\/p>\n<ul>\n<li>Probiotiques de vie active et huiles naturelles de baies<\/li>\n<li>Acides gras om\u00e9ga-3, -6 et -9<\/li>\n<li>Apporte un soutien efficace aux peaux sensibles, s\u00e8ches et atopiques<\/li>\n<li>Convient \u00e0 toute la famille<\/li>\n<\/ul>\n","protected":false},"featured_media":7414,"comment_status":"open","ping_status":"closed","template":"","meta":{"_acf_changed":false},"product_brand":[],"product_cat":[131],"product_tag":[],"class_list":{"0":"post-5120","1":"product","2":"type-product","3":"status-publish","4":"has-post-thumbnail","6":"product_cat-dermal-fr","8":"first","9":"instock","10":"taxable","11":"shipping-taxable","12":"purchasable","13":"product-type-simple"},"bundled_by":[],"bundle_stock_status":"instock","bundle_stock_quantity":39,"bundle_virtual":false,"bundle_layout":"","bundle_add_to_cart_form_location":"","bundle_editable_in_cart":false,"bundle_sold_individually_context":"","bundle_item_grouping":"","bundle_min_size":"","bundle_max_size":"","bundled_items":[],"bundle_sell_ids":[],"acf":[],"yoast_head":"<!-- This site is optimized with the Yoast SEO plugin v27.3 - https:\/\/yoast.com\/product\/yoast-seo-wordpress\/ -->\n<title>Probiotic Skincare Oil - Membrasin<\/title>\n<meta name=\"description\" content=\"Membrasin Probiotic Skin Care Oil restaure, revitalise et renforce le microbiome sain de la peau d\u00e9licate et s\u00e8che. Naturel.\" \/>\n<meta name=\"robots\" content=\"index, follow, max-snippet:-1, max-image-preview:large, max-video-preview:-1\" \/>\n<link rel=\"canonical\" href=\"https:\/\/membrasin.com\/fr\/tuote\/probiotic-skin-care-oil\/\" \/>\n<meta property=\"og:locale\" content=\"fr_FR\" \/>\n<meta property=\"og:type\" content=\"article\" \/>\n<meta property=\"og:title\" content=\"Probiotic Skincare Oil - Membrasin\" \/>\n<meta property=\"og:description\" content=\"Membrasin Probiotic Skin Care Oil restaure, revitalise et renforce le microbiome sain de la peau d\u00e9licate et s\u00e8che. Naturel.\" \/>\n<meta property=\"og:url\" content=\"https:\/\/membrasin.com\/fr\/tuote\/probiotic-skin-care-oil\/\" \/>\n<meta property=\"og:site_name\" content=\"Membrasin\" \/>\n<meta property=\"article:publisher\" content=\"https:\/\/www.facebook.com\/Membrasin\" \/>\n<meta property=\"article:modified_time\" content=\"2026-04-07T19:16:56+00:00\" \/>\n<meta property=\"og:image\" content=\"https:\/\/membrasin.com\/wp-content\/uploads\/2022\/06\/Membrasin_dermal_probiotic-oil_package_bottles_72dpi_600x600px-1.png\" \/>\n\t<meta property=\"og:image:width\" content=\"600\" \/>\n\t<meta property=\"og:image:height\" content=\"600\" \/>\n\t<meta property=\"og:image:type\" content=\"image\/png\" \/>\n<meta name=\"twitter:card\" content=\"summary_large_image\" \/>\n<meta name=\"twitter:label1\" content=\"Dur\u00e9e de lecture estim\u00e9e\" \/>\n\t<meta name=\"twitter:data1\" content=\"1 minute\" \/>\n<script type=\"application\/ld+json\" class=\"yoast-schema-graph\">{\"@context\":\"https:\\\/\\\/schema.org\",\"@graph\":[{\"@type\":\"WebPage\",\"@id\":\"https:\\\/\\\/membrasin.com\\\/fr\\\/tuote\\\/probiotic-skin-care-oil\\\/\",\"url\":\"https:\\\/\\\/membrasin.com\\\/fr\\\/tuote\\\/probiotic-skin-care-oil\\\/\",\"name\":\"Probiotic Skincare Oil - Membrasin\",\"isPartOf\":{\"@id\":\"https:\\\/\\\/membrasin.com\\\/fr\\\/#website\"},\"primaryImageOfPage\":{\"@id\":\"https:\\\/\\\/membrasin.com\\\/fr\\\/tuote\\\/probiotic-skin-care-oil\\\/#primaryimage\"},\"image\":{\"@id\":\"https:\\\/\\\/membrasin.com\\\/fr\\\/tuote\\\/probiotic-skin-care-oil\\\/#primaryimage\"},\"thumbnailUrl\":\"https:\\\/\\\/membrasin.com\\\/wp-content\\\/uploads\\\/2022\\\/06\\\/Nimeton-malli-14.png\",\"datePublished\":\"2022-06-21T10:35:54+00:00\",\"dateModified\":\"2026-04-07T19:16:56+00:00\",\"description\":\"Membrasin Probiotic Skin Care Oil restaure, revitalise et renforce le microbiome sain de la peau d\u00e9licate et s\u00e8che. Naturel.\",\"breadcrumb\":{\"@id\":\"https:\\\/\\\/membrasin.com\\\/fr\\\/tuote\\\/probiotic-skin-care-oil\\\/#breadcrumb\"},\"inLanguage\":\"fr-FR\",\"potentialAction\":[{\"@type\":\"ReadAction\",\"target\":[\"https:\\\/\\\/membrasin.com\\\/fr\\\/tuote\\\/probiotic-skin-care-oil\\\/\"]}]},{\"@type\":\"ImageObject\",\"inLanguage\":\"fr-FR\",\"@id\":\"https:\\\/\\\/membrasin.com\\\/fr\\\/tuote\\\/probiotic-skin-care-oil\\\/#primaryimage\",\"url\":\"https:\\\/\\\/membrasin.com\\\/wp-content\\\/uploads\\\/2022\\\/06\\\/Nimeton-malli-14.png\",\"contentUrl\":\"https:\\\/\\\/membrasin.com\\\/wp-content\\\/uploads\\\/2022\\\/06\\\/Nimeton-malli-14.png\",\"width\":600,\"height\":600},{\"@type\":\"BreadcrumbList\",\"@id\":\"https:\\\/\\\/membrasin.com\\\/fr\\\/tuote\\\/probiotic-skin-care-oil\\\/#breadcrumb\",\"itemListElement\":[{\"@type\":\"ListItem\",\"position\":1,\"name\":\"Etusivu\",\"item\":\"https:\\\/\\\/membrasin.com\\\/fr\\\/\"},{\"@type\":\"ListItem\",\"position\":2,\"name\":\"Produits\",\"item\":\"https:\\\/\\\/membrasin.com\\\/fr\\\/shop\\\/\"},{\"@type\":\"ListItem\",\"position\":3,\"name\":\"Probiotic Skincare Oil\"}]},{\"@type\":\"WebSite\",\"@id\":\"https:\\\/\\\/membrasin.com\\\/fr\\\/#website\",\"url\":\"https:\\\/\\\/membrasin.com\\\/fr\\\/\",\"name\":\"Membrasin\",\"description\":\"\",\"publisher\":{\"@id\":\"https:\\\/\\\/membrasin.com\\\/fr\\\/#organization\"},\"potentialAction\":[{\"@type\":\"SearchAction\",\"target\":{\"@type\":\"EntryPoint\",\"urlTemplate\":\"https:\\\/\\\/membrasin.com\\\/fr\\\/?s={search_term_string}\"},\"query-input\":{\"@type\":\"PropertyValueSpecification\",\"valueRequired\":true,\"valueName\":\"search_term_string\"}}],\"inLanguage\":\"fr-FR\"},{\"@type\":\"Organization\",\"@id\":\"https:\\\/\\\/membrasin.com\\\/fr\\\/#organization\",\"name\":\"Membrasin\",\"url\":\"https:\\\/\\\/membrasin.com\\\/fr\\\/\",\"logo\":{\"@type\":\"ImageObject\",\"inLanguage\":\"fr-FR\",\"@id\":\"https:\\\/\\\/membrasin.com\\\/fr\\\/#\\\/schema\\\/logo\\\/image\\\/\",\"url\":\"https:\\\/\\\/membrasin.com\\\/wp-content\\\/uploads\\\/2022\\\/09\\\/product_placeholder_membrasin_logo.png\",\"contentUrl\":\"https:\\\/\\\/membrasin.com\\\/wp-content\\\/uploads\\\/2022\\\/09\\\/product_placeholder_membrasin_logo.png\",\"width\":600,\"height\":600,\"caption\":\"Membrasin\"},\"image\":{\"@id\":\"https:\\\/\\\/membrasin.com\\\/fr\\\/#\\\/schema\\\/logo\\\/image\\\/\"},\"sameAs\":[\"https:\\\/\\\/www.facebook.com\\\/Membrasin\",\"https:\\\/\\\/www.instagram.com\\\/membrasin\\\/\"]}]}<\/script>\n<!-- \/ Yoast SEO plugin. -->","yoast_head_json":{"title":"Probiotic Skincare Oil - Membrasin","description":"Membrasin Probiotic Skin Care Oil restaure, revitalise et renforce le microbiome sain de la peau d\u00e9licate et s\u00e8che. Naturel.","robots":{"index":"index","follow":"follow","max-snippet":"max-snippet:-1","max-image-preview":"max-image-preview:large","max-video-preview":"max-video-preview:-1"},"canonical":"https:\/\/membrasin.com\/fr\/tuote\/probiotic-skin-care-oil\/","og_locale":"fr_FR","og_type":"article","og_title":"Probiotic Skincare Oil - Membrasin","og_description":"Membrasin Probiotic Skin Care Oil restaure, revitalise et renforce le microbiome sain de la peau d\u00e9licate et s\u00e8che. Naturel.","og_url":"https:\/\/membrasin.com\/fr\/tuote\/probiotic-skin-care-oil\/","og_site_name":"Membrasin","article_publisher":"https:\/\/www.facebook.com\/Membrasin","article_modified_time":"2026-04-07T19:16:56+00:00","og_image":[{"width":600,"height":600,"url":"https:\/\/membrasin.com\/wp-content\/uploads\/2022\/06\/Membrasin_dermal_probiotic-oil_package_bottles_72dpi_600x600px-1.png","type":"image\/png"}],"twitter_card":"summary_large_image","twitter_misc":{"Dur\u00e9e de lecture estim\u00e9e":"1 minute"},"schema":{"@context":"https:\/\/schema.org","@graph":[{"@type":"WebPage","@id":"https:\/\/membrasin.com\/fr\/tuote\/probiotic-skin-care-oil\/","url":"https:\/\/membrasin.com\/fr\/tuote\/probiotic-skin-care-oil\/","name":"Probiotic Skincare Oil - Membrasin","isPartOf":{"@id":"https:\/\/membrasin.com\/fr\/#website"},"primaryImageOfPage":{"@id":"https:\/\/membrasin.com\/fr\/tuote\/probiotic-skin-care-oil\/#primaryimage"},"image":{"@id":"https:\/\/membrasin.com\/fr\/tuote\/probiotic-skin-care-oil\/#primaryimage"},"thumbnailUrl":"https:\/\/membrasin.com\/wp-content\/uploads\/2022\/06\/Nimeton-malli-14.png","datePublished":"2022-06-21T10:35:54+00:00","dateModified":"2026-04-07T19:16:56+00:00","description":"Membrasin Probiotic Skin Care Oil restaure, revitalise et renforce le microbiome sain de la peau d\u00e9licate et s\u00e8che. Naturel.","breadcrumb":{"@id":"https:\/\/membrasin.com\/fr\/tuote\/probiotic-skin-care-oil\/#breadcrumb"},"inLanguage":"fr-FR","potentialAction":[{"@type":"ReadAction","target":["https:\/\/membrasin.com\/fr\/tuote\/probiotic-skin-care-oil\/"]}]},{"@type":"ImageObject","inLanguage":"fr-FR","@id":"https:\/\/membrasin.com\/fr\/tuote\/probiotic-skin-care-oil\/#primaryimage","url":"https:\/\/membrasin.com\/wp-content\/uploads\/2022\/06\/Nimeton-malli-14.png","contentUrl":"https:\/\/membrasin.com\/wp-content\/uploads\/2022\/06\/Nimeton-malli-14.png","width":600,"height":600},{"@type":"BreadcrumbList","@id":"https:\/\/membrasin.com\/fr\/tuote\/probiotic-skin-care-oil\/#breadcrumb","itemListElement":[{"@type":"ListItem","position":1,"name":"Etusivu","item":"https:\/\/membrasin.com\/fr\/"},{"@type":"ListItem","position":2,"name":"Produits","item":"https:\/\/membrasin.com\/fr\/shop\/"},{"@type":"ListItem","position":3,"name":"Probiotic Skincare Oil"}]},{"@type":"WebSite","@id":"https:\/\/membrasin.com\/fr\/#website","url":"https:\/\/membrasin.com\/fr\/","name":"Membrasin","description":"","publisher":{"@id":"https:\/\/membrasin.com\/fr\/#organization"},"potentialAction":[{"@type":"SearchAction","target":{"@type":"EntryPoint","urlTemplate":"https:\/\/membrasin.com\/fr\/?s={search_term_string}"},"query-input":{"@type":"PropertyValueSpecification","valueRequired":true,"valueName":"search_term_string"}}],"inLanguage":"fr-FR"},{"@type":"Organization","@id":"https:\/\/membrasin.com\/fr\/#organization","name":"Membrasin","url":"https:\/\/membrasin.com\/fr\/","logo":{"@type":"ImageObject","inLanguage":"fr-FR","@id":"https:\/\/membrasin.com\/fr\/#\/schema\/logo\/image\/","url":"https:\/\/membrasin.com\/wp-content\/uploads\/2022\/09\/product_placeholder_membrasin_logo.png","contentUrl":"https:\/\/membrasin.com\/wp-content\/uploads\/2022\/09\/product_placeholder_membrasin_logo.png","width":600,"height":600,"caption":"Membrasin"},"image":{"@id":"https:\/\/membrasin.com\/fr\/#\/schema\/logo\/image\/"},"sameAs":["https:\/\/www.facebook.com\/Membrasin","https:\/\/www.instagram.com\/membrasin\/"]}]}},"_links":{"self":[{"href":"https:\/\/membrasin.com\/fr\/wp-json\/wp\/v2\/product\/5120","targetHints":{"allow":["GET"]}}],"collection":[{"href":"https:\/\/membrasin.com\/fr\/wp-json\/wp\/v2\/product"}],"about":[{"href":"https:\/\/membrasin.com\/fr\/wp-json\/wp\/v2\/types\/product"}],"replies":[{"embeddable":true,"href":"https:\/\/membrasin.com\/fr\/wp-json\/wp\/v2\/comments?post=5120"}],"wp:featuredmedia":[{"embeddable":true,"href":"https:\/\/membrasin.com\/fr\/wp-json\/wp\/v2\/media\/7414"}],"wp:attachment":[{"href":"https:\/\/membrasin.com\/fr\/wp-json\/wp\/v2\/media?parent=5120"}],"wp:term":[{"taxonomy":"product_brand","embeddable":true,"href":"https:\/\/membrasin.com\/fr\/wp-json\/wp\/v2\/product_brand?post=5120"},{"taxonomy":"product_cat","embeddable":true,"href":"https:\/\/membrasin.com\/fr\/wp-json\/wp\/v2\/product_cat?post=5120"},{"taxonomy":"product_tag","embeddable":true,"href":"https:\/\/membrasin.com\/fr\/wp-json\/wp\/v2\/product_tag?post=5120"}],"curies":[{"name":"wp","href":"https:\/\/api.w.org\/{rel}","templated":true}]}}