{"id":5107,"date":"2022-06-30T11:41:59","date_gmt":"2022-06-30T08:41:59","guid":{"rendered":"https:\/\/membrasin.com\/tuote\/skin-hydration-supplement\/"},"modified":"2026-04-03T19:41:40","modified_gmt":"2026-04-03T16:41:40","slug":"skin-hydration-supplement","status":"publish","type":"product","link":"https:\/\/membrasin.com\/fr\/tuote\/skin-hydration-supplement\/","title":{"rendered":"Skin Hydration Supplement"},"content":{"rendered":"<p>Membrasin<sup>\u00ae<\/sup> Skin Hydration Supplement aide \u00e0 maintenir la couche protectrice de la peau et pr\u00e9vient et apaise la peau s\u00e8che et les d\u00e9mangeaisons. Il offre naturellement une protection nutritionnelle et un soutien pour une peau saine.<\/p>\n<p>Le suppl\u00e9ment se compose d&rsquo;une combinaison unique d&rsquo;huile de p\u00e9pins de cassis BC634\u00ae et d&rsquo;huile d&rsquo;argousier SBA24\u00ae, les deux riches en acides gras essentiels pour une peau saine. L&rsquo;innocuit\u00e9 et l&rsquo;efficacit\u00e9 de l&rsquo;huile d&rsquo;argousier SBA24\u00ae et de l&rsquo;huile de p\u00e9pins de cassis BC634\u00ae ont \u00e9t\u00e9 scientifiquement prouv\u00e9es.<\/p>\n<p>Le compl\u00e9ment alimentaire contient \u00e9galement de la vitamine A, issue du b\u00eata-carot\u00e8ne naturel, qui contribue au maintien d&rsquo;une peau et des muqueuses normales, et de la vitamine E, qui prot\u00e8ge la peau des dommages oxydatifs.<\/p>\n<p>Les huiles BC634\u00ae et SBA24\u00ae sont d\u00e9licatement extraites des baies et des graines de baies, pour pr\u00e9server les pr\u00e9cieux acides gras et les ingr\u00e9dients bioactifs. Les huiles contiennent uniquement des baies biologiques ou cultiv\u00e9es \u00e0 l\u2019\u00e9tat sauvage. Le processus de fabrication est \u00e9cologique et sans solvant.<\/p>\n<ul>\n<li>Les acides gras essentiels om\u00e9ga-3, -6, -7 et -9 et les vitamines A et E favorisent une peau saine<\/li>\n<li>L\u2019acide gamma-linol\u00e9nique (GLA) soutient l\u2019\u00e9quilibre hydrique de la peau<\/li>\n<li>La vitamine A* soutient le fonctionnement normal de la muqueuse cutan\u00e9e et du syst\u00e8me immunitaire<\/li>\n<li>La vitamine E* offre une protection antioxydante<\/li>\n<li>Principes actifs naturels, par ex. huile de graines d&rsquo;argousier et de cassis<\/li>\n<li>Les r\u00e9sultats sont g\u00e9n\u00e9ralement visibles dans les 2 \u00e0 5 semaines<\/li>\n<li>Les capsules molles \u00e0 base de plantes conviennent aux v\u00e9g\u00e9taliens<\/li>\n<\/ul>\n<p>Pour de meilleurs r\u00e9sultats, combinez le compl\u00e9ment alimentaire d\u2019hydratation de la peau Membrasin\u00ae Moisture avec la cr\u00e8me r\u00e9paratrice pour la peau atopique Membrasin\u00ae et l\u2019huile de soin probiotique Membrasin\u00ae pour d\u00e9couvrir la solution unique de soins de la peau en 3 phases pour prot\u00e9ger toute la famille.<\/p>\n<p>*All\u00e9gations officielles concernant les vitamines A et E<\/p>\n","protected":false},"excerpt":{"rendered":"<p>Protection nutritionnelle naturelle et soutien pour une peau saine. Combine les bienfaits de l&rsquo;huile de p\u00e9pins de cassis, de l&rsquo;huile d&rsquo;argousier et des vitamines naturelles A &amp; E.<\/p>\n<ul>\n<li>Acides gras om\u00e9ga-3, -6, -7 et -9, vitamines A et E<\/li>\n<li>Pour les peaux s\u00e8ches et irrit\u00e9es<\/li>\n<li>Aide \u00e0 maintenir une peau saine<\/li>\n<li>Hydratation naturelle de la peau en 2 \u00e0 5 semaines<\/li>\n<\/ul>\n","protected":false},"featured_media":5113,"comment_status":"open","ping_status":"closed","template":"","meta":{"_acf_changed":false},"product_brand":[],"product_cat":[131],"product_tag":[],"class_list":{"0":"post-5107","1":"product","2":"type-product","3":"status-publish","4":"has-post-thumbnail","6":"product_cat-dermal-fr","8":"first","9":"instock","10":"taxable","11":"shipping-taxable","12":"purchasable","13":"product-type-simple"},"bundled_by":[],"bundle_stock_status":"instock","bundle_stock_quantity":19,"bundle_virtual":false,"bundle_layout":"","bundle_add_to_cart_form_location":"","bundle_editable_in_cart":false,"bundle_sold_individually_context":"","bundle_item_grouping":"","bundle_min_size":"","bundle_max_size":"","bundled_items":[],"bundle_sell_ids":[],"acf":[],"yoast_head":"<!-- This site is optimized with the Yoast SEO plugin v27.3 - https:\/\/yoast.com\/product\/yoast-seo-wordpress\/ -->\n<title>Skin Hydration Supplement - Membrasin<\/title>\n<meta name=\"description\" content=\"Membrasin\u00ae Skin Hydration Supplement aide \u00e0 maintenir la couche protectrice de la peau. Apaise la peau s\u00e8che et les d\u00e9mangeaisons. Protection naturelle pour une peau saine.\" \/>\n<meta name=\"robots\" content=\"index, follow, max-snippet:-1, max-image-preview:large, max-video-preview:-1\" \/>\n<link rel=\"canonical\" href=\"https:\/\/membrasin.com\/fr\/tuote\/skin-hydration-supplement\/\" \/>\n<meta property=\"og:locale\" content=\"fr_FR\" \/>\n<meta property=\"og:type\" content=\"article\" \/>\n<meta property=\"og:title\" content=\"Skin Hydration Supplement - Membrasin\" \/>\n<meta property=\"og:description\" content=\"Membrasin\u00ae Skin Hydration Supplement aide \u00e0 maintenir la couche protectrice de la peau. Apaise la peau s\u00e8che et les d\u00e9mangeaisons. Protection naturelle pour une peau saine.\" \/>\n<meta property=\"og:url\" content=\"https:\/\/membrasin.com\/fr\/tuote\/skin-hydration-supplement\/\" \/>\n<meta property=\"og:site_name\" content=\"Membrasin\" \/>\n<meta property=\"article:publisher\" content=\"https:\/\/www.facebook.com\/Membrasin\" \/>\n<meta property=\"article:modified_time\" content=\"2026-04-03T16:41:40+00:00\" \/>\n<meta property=\"og:image\" content=\"https:\/\/membrasin.com\/wp-content\/uploads\/2022\/06\/Membrasin_dermal_capsules_caps_package_72dpi_600x600px-1.png\" \/>\n\t<meta property=\"og:image:width\" content=\"600\" \/>\n\t<meta property=\"og:image:height\" content=\"600\" \/>\n\t<meta property=\"og:image:type\" content=\"image\/png\" \/>\n<meta name=\"twitter:card\" content=\"summary_large_image\" \/>\n<meta name=\"twitter:label1\" content=\"Dur\u00e9e de lecture estim\u00e9e\" \/>\n\t<meta name=\"twitter:data1\" content=\"3 minutes\" \/>\n<script type=\"application\/ld+json\" class=\"yoast-schema-graph\">{\"@context\":\"https:\\\/\\\/schema.org\",\"@graph\":[{\"@type\":\"WebPage\",\"@id\":\"https:\\\/\\\/membrasin.com\\\/fr\\\/tuote\\\/skin-hydration-supplement\\\/\",\"url\":\"https:\\\/\\\/membrasin.com\\\/fr\\\/tuote\\\/skin-hydration-supplement\\\/\",\"name\":\"Skin Hydration Supplement - Membrasin\",\"isPartOf\":{\"@id\":\"https:\\\/\\\/membrasin.com\\\/fr\\\/#website\"},\"primaryImageOfPage\":{\"@id\":\"https:\\\/\\\/membrasin.com\\\/fr\\\/tuote\\\/skin-hydration-supplement\\\/#primaryimage\"},\"image\":{\"@id\":\"https:\\\/\\\/membrasin.com\\\/fr\\\/tuote\\\/skin-hydration-supplement\\\/#primaryimage\"},\"thumbnailUrl\":\"https:\\\/\\\/membrasin.com\\\/wp-content\\\/uploads\\\/2022\\\/06\\\/Membrasin_dermal_capsules_caps_package_72dpi_600x600px-1.png\",\"datePublished\":\"2022-06-30T08:41:59+00:00\",\"dateModified\":\"2026-04-03T16:41:40+00:00\",\"description\":\"Membrasin\u00ae Skin Hydration Supplement aide \u00e0 maintenir la couche protectrice de la peau. Apaise la peau s\u00e8che et les d\u00e9mangeaisons. Protection naturelle pour une peau saine.\",\"breadcrumb\":{\"@id\":\"https:\\\/\\\/membrasin.com\\\/fr\\\/tuote\\\/skin-hydration-supplement\\\/#breadcrumb\"},\"inLanguage\":\"fr-FR\",\"potentialAction\":[{\"@type\":\"ReadAction\",\"target\":[\"https:\\\/\\\/membrasin.com\\\/fr\\\/tuote\\\/skin-hydration-supplement\\\/\"]}]},{\"@type\":\"ImageObject\",\"inLanguage\":\"fr-FR\",\"@id\":\"https:\\\/\\\/membrasin.com\\\/fr\\\/tuote\\\/skin-hydration-supplement\\\/#primaryimage\",\"url\":\"https:\\\/\\\/membrasin.com\\\/wp-content\\\/uploads\\\/2022\\\/06\\\/Membrasin_dermal_capsules_caps_package_72dpi_600x600px-1.png\",\"contentUrl\":\"https:\\\/\\\/membrasin.com\\\/wp-content\\\/uploads\\\/2022\\\/06\\\/Membrasin_dermal_capsules_caps_package_72dpi_600x600px-1.png\",\"width\":600,\"height\":600},{\"@type\":\"BreadcrumbList\",\"@id\":\"https:\\\/\\\/membrasin.com\\\/fr\\\/tuote\\\/skin-hydration-supplement\\\/#breadcrumb\",\"itemListElement\":[{\"@type\":\"ListItem\",\"position\":1,\"name\":\"Etusivu\",\"item\":\"https:\\\/\\\/membrasin.com\\\/fr\\\/\"},{\"@type\":\"ListItem\",\"position\":2,\"name\":\"Produits\",\"item\":\"https:\\\/\\\/membrasin.com\\\/fr\\\/shop\\\/\"},{\"@type\":\"ListItem\",\"position\":3,\"name\":\"Skin Hydration Supplement\"}]},{\"@type\":\"WebSite\",\"@id\":\"https:\\\/\\\/membrasin.com\\\/fr\\\/#website\",\"url\":\"https:\\\/\\\/membrasin.com\\\/fr\\\/\",\"name\":\"Membrasin\",\"description\":\"\",\"publisher\":{\"@id\":\"https:\\\/\\\/membrasin.com\\\/fr\\\/#organization\"},\"potentialAction\":[{\"@type\":\"SearchAction\",\"target\":{\"@type\":\"EntryPoint\",\"urlTemplate\":\"https:\\\/\\\/membrasin.com\\\/fr\\\/?s={search_term_string}\"},\"query-input\":{\"@type\":\"PropertyValueSpecification\",\"valueRequired\":true,\"valueName\":\"search_term_string\"}}],\"inLanguage\":\"fr-FR\"},{\"@type\":\"Organization\",\"@id\":\"https:\\\/\\\/membrasin.com\\\/fr\\\/#organization\",\"name\":\"Membrasin\",\"url\":\"https:\\\/\\\/membrasin.com\\\/fr\\\/\",\"logo\":{\"@type\":\"ImageObject\",\"inLanguage\":\"fr-FR\",\"@id\":\"https:\\\/\\\/membrasin.com\\\/fr\\\/#\\\/schema\\\/logo\\\/image\\\/\",\"url\":\"https:\\\/\\\/membrasin.com\\\/wp-content\\\/uploads\\\/2022\\\/09\\\/product_placeholder_membrasin_logo.png\",\"contentUrl\":\"https:\\\/\\\/membrasin.com\\\/wp-content\\\/uploads\\\/2022\\\/09\\\/product_placeholder_membrasin_logo.png\",\"width\":600,\"height\":600,\"caption\":\"Membrasin\"},\"image\":{\"@id\":\"https:\\\/\\\/membrasin.com\\\/fr\\\/#\\\/schema\\\/logo\\\/image\\\/\"},\"sameAs\":[\"https:\\\/\\\/www.facebook.com\\\/Membrasin\",\"https:\\\/\\\/www.instagram.com\\\/membrasin\\\/\"]}]}<\/script>\n<!-- \/ Yoast SEO plugin. -->","yoast_head_json":{"title":"Skin Hydration Supplement - Membrasin","description":"Membrasin\u00ae Skin Hydration Supplement aide \u00e0 maintenir la couche protectrice de la peau. Apaise la peau s\u00e8che et les d\u00e9mangeaisons. Protection naturelle pour une peau saine.","robots":{"index":"index","follow":"follow","max-snippet":"max-snippet:-1","max-image-preview":"max-image-preview:large","max-video-preview":"max-video-preview:-1"},"canonical":"https:\/\/membrasin.com\/fr\/tuote\/skin-hydration-supplement\/","og_locale":"fr_FR","og_type":"article","og_title":"Skin Hydration Supplement - Membrasin","og_description":"Membrasin\u00ae Skin Hydration Supplement aide \u00e0 maintenir la couche protectrice de la peau. Apaise la peau s\u00e8che et les d\u00e9mangeaisons. Protection naturelle pour une peau saine.","og_url":"https:\/\/membrasin.com\/fr\/tuote\/skin-hydration-supplement\/","og_site_name":"Membrasin","article_publisher":"https:\/\/www.facebook.com\/Membrasin","article_modified_time":"2026-04-03T16:41:40+00:00","og_image":[{"width":600,"height":600,"url":"https:\/\/membrasin.com\/wp-content\/uploads\/2022\/06\/Membrasin_dermal_capsules_caps_package_72dpi_600x600px-1.png","type":"image\/png"}],"twitter_card":"summary_large_image","twitter_misc":{"Dur\u00e9e de lecture estim\u00e9e":"3 minutes"},"schema":{"@context":"https:\/\/schema.org","@graph":[{"@type":"WebPage","@id":"https:\/\/membrasin.com\/fr\/tuote\/skin-hydration-supplement\/","url":"https:\/\/membrasin.com\/fr\/tuote\/skin-hydration-supplement\/","name":"Skin Hydration Supplement - Membrasin","isPartOf":{"@id":"https:\/\/membrasin.com\/fr\/#website"},"primaryImageOfPage":{"@id":"https:\/\/membrasin.com\/fr\/tuote\/skin-hydration-supplement\/#primaryimage"},"image":{"@id":"https:\/\/membrasin.com\/fr\/tuote\/skin-hydration-supplement\/#primaryimage"},"thumbnailUrl":"https:\/\/membrasin.com\/wp-content\/uploads\/2022\/06\/Membrasin_dermal_capsules_caps_package_72dpi_600x600px-1.png","datePublished":"2022-06-30T08:41:59+00:00","dateModified":"2026-04-03T16:41:40+00:00","description":"Membrasin\u00ae Skin Hydration Supplement aide \u00e0 maintenir la couche protectrice de la peau. Apaise la peau s\u00e8che et les d\u00e9mangeaisons. Protection naturelle pour une peau saine.","breadcrumb":{"@id":"https:\/\/membrasin.com\/fr\/tuote\/skin-hydration-supplement\/#breadcrumb"},"inLanguage":"fr-FR","potentialAction":[{"@type":"ReadAction","target":["https:\/\/membrasin.com\/fr\/tuote\/skin-hydration-supplement\/"]}]},{"@type":"ImageObject","inLanguage":"fr-FR","@id":"https:\/\/membrasin.com\/fr\/tuote\/skin-hydration-supplement\/#primaryimage","url":"https:\/\/membrasin.com\/wp-content\/uploads\/2022\/06\/Membrasin_dermal_capsules_caps_package_72dpi_600x600px-1.png","contentUrl":"https:\/\/membrasin.com\/wp-content\/uploads\/2022\/06\/Membrasin_dermal_capsules_caps_package_72dpi_600x600px-1.png","width":600,"height":600},{"@type":"BreadcrumbList","@id":"https:\/\/membrasin.com\/fr\/tuote\/skin-hydration-supplement\/#breadcrumb","itemListElement":[{"@type":"ListItem","position":1,"name":"Etusivu","item":"https:\/\/membrasin.com\/fr\/"},{"@type":"ListItem","position":2,"name":"Produits","item":"https:\/\/membrasin.com\/fr\/shop\/"},{"@type":"ListItem","position":3,"name":"Skin Hydration Supplement"}]},{"@type":"WebSite","@id":"https:\/\/membrasin.com\/fr\/#website","url":"https:\/\/membrasin.com\/fr\/","name":"Membrasin","description":"","publisher":{"@id":"https:\/\/membrasin.com\/fr\/#organization"},"potentialAction":[{"@type":"SearchAction","target":{"@type":"EntryPoint","urlTemplate":"https:\/\/membrasin.com\/fr\/?s={search_term_string}"},"query-input":{"@type":"PropertyValueSpecification","valueRequired":true,"valueName":"search_term_string"}}],"inLanguage":"fr-FR"},{"@type":"Organization","@id":"https:\/\/membrasin.com\/fr\/#organization","name":"Membrasin","url":"https:\/\/membrasin.com\/fr\/","logo":{"@type":"ImageObject","inLanguage":"fr-FR","@id":"https:\/\/membrasin.com\/fr\/#\/schema\/logo\/image\/","url":"https:\/\/membrasin.com\/wp-content\/uploads\/2022\/09\/product_placeholder_membrasin_logo.png","contentUrl":"https:\/\/membrasin.com\/wp-content\/uploads\/2022\/09\/product_placeholder_membrasin_logo.png","width":600,"height":600,"caption":"Membrasin"},"image":{"@id":"https:\/\/membrasin.com\/fr\/#\/schema\/logo\/image\/"},"sameAs":["https:\/\/www.facebook.com\/Membrasin","https:\/\/www.instagram.com\/membrasin\/"]}]}},"_links":{"self":[{"href":"https:\/\/membrasin.com\/fr\/wp-json\/wp\/v2\/product\/5107","targetHints":{"allow":["GET"]}}],"collection":[{"href":"https:\/\/membrasin.com\/fr\/wp-json\/wp\/v2\/product"}],"about":[{"href":"https:\/\/membrasin.com\/fr\/wp-json\/wp\/v2\/types\/product"}],"replies":[{"embeddable":true,"href":"https:\/\/membrasin.com\/fr\/wp-json\/wp\/v2\/comments?post=5107"}],"wp:featuredmedia":[{"embeddable":true,"href":"https:\/\/membrasin.com\/fr\/wp-json\/wp\/v2\/media\/5113"}],"wp:attachment":[{"href":"https:\/\/membrasin.com\/fr\/wp-json\/wp\/v2\/media?parent=5107"}],"wp:term":[{"taxonomy":"product_brand","embeddable":true,"href":"https:\/\/membrasin.com\/fr\/wp-json\/wp\/v2\/product_brand?post=5107"},{"taxonomy":"product_cat","embeddable":true,"href":"https:\/\/membrasin.com\/fr\/wp-json\/wp\/v2\/product_cat?post=5107"},{"taxonomy":"product_tag","embeddable":true,"href":"https:\/\/membrasin.com\/fr\/wp-json\/wp\/v2\/product_tag?post=5107"}],"curies":[{"name":"wp","href":"https:\/\/api.w.org\/{rel}","templated":true}]}}