{"id":5097,"date":"2022-06-30T11:43:09","date_gmt":"2022-06-30T08:43:09","guid":{"rendered":"https:\/\/membrasin.com\/tuote\/atopic-skin-repair-cream\/"},"modified":"2026-04-07T01:53:08","modified_gmt":"2026-04-06T22:53:08","slug":"atopic-skin-repair-cream","status":"publish","type":"product","link":"https:\/\/membrasin.com\/fr\/tuote\/atopic-skin-repair-cream\/","title":{"rendered":"Atopic skin repair cream"},"content":{"rendered":"<p><a href=\"https:\/\/membrasin.com\/fr\/tuote\/atopic-skin-repair-cream\/\">Membrasin<sup>\u00ae<\/sup> Atopic Skin Repair Cream<\/a> soulage l&rsquo;ecz\u00e9ma atopique, les d\u00e9mangeaisons et les rougeurs. Il adoucit et hydrate \u00e9galement la peau s\u00e8che.<\/p>\n<p>L&rsquo;huile de p\u00e9pins de cassis est une riche source d&rsquo;acides gras essentiels om\u00e9ga-3, -6 et -9 pour une peau saine. L&rsquo;association de l&rsquo;huile de p\u00e9pins de cassis et d&rsquo;autres actifs naturels prot\u00e8ge efficacement les peaux sensibles, s\u00e8ches et atopiques.<\/p>\n<p>La s\u00e9curit\u00e9 et l&rsquo;efficacit\u00e9 de la Cr\u00e8me R\u00e9paratrice Peau Atopique ont \u00e9t\u00e9 scientifiquement prouv\u00e9es et elle convient \u00e0 toute la famille.<\/p>\n<ul>\n<li>Soulage les d\u00e9mangeaisons et les rougeurs<\/li>\n<li>Adoucit et hydrate la peau<\/li>\n<li>Prot\u00e8ge et am\u00e9liore la barri\u00e8re cutan\u00e9e en pr\u00e9venant la s\u00e9cheresse et l&rsquo;inflammation<\/li>\n<li>Son efficacit\u00e9 est cliniquement prouv\u00e9e<\/li>\n<li>Contient des actifs naturels (par exemple huile de p\u00e9pins de cassis, hyaluronate de sodium, huile de coco, beurre de karit\u00e9, huile d&rsquo;amande douce, acide lactique)<\/li>\n<\/ul>\n<p>Elle est approuv\u00e9e par les essais cliniques : 75 % des participants \u00e0 l\u2019\u00e9tude souhaitaient continuer \u00e0 utiliser la \u00a0<a href=\"https:\/\/membrasin.com\/fr\/tuote\/atopic-skin-repair-cream\/\">Membrasin\u00ae Atopic Skin Repair Cream<\/a> pour traiter les sympt\u00f4mes de la peau atopique. *<\/p>\n<p>Pour de meilleurs r\u00e9sultats, combinez la <a href=\"https:\/\/membrasin.com\/fr\/tuote\/atopic-skin-repair-cream\/\">Membrasin\u00ae Atopic Skin Repair Cream<\/a> avec le <a href=\"https:\/\/membrasin.com\/fr\/tuote\/skin-hydration-supplement\/\">compl\u00e9ment alimentaire Membrasin\u00ae Dermal<\/a> et<a href=\"https:\/\/membrasin.com\/fr\/tuote\/probiotic-skin-care-oil\/\"> l\u2019huile de soin probiotique Membrasin\u00ae<\/a> pour d\u00e9couvrir la solution unique de soins de la peau en 3 phases pour prot\u00e9ger toute la famille.<\/p>\n<p>*Total N=69, p\u00e9riodes d\u2019\u00e9tudes de 2 et 5 semaines<\/p>\n","protected":false},"excerpt":{"rendered":"<p><strong><span data-teams=\"true\"><span class=\"ui-provider a b c d e f g h i j k l m n o p q r s t u v w x y z ab ac ae af ag ah ai aj ak\" dir=\"ltr\">Veuillez noter la date de p\u00e9remption: 12\/24.<\/span><\/span><\/strong><\/p>\n<p>Prot\u00e8ge et am\u00e9liore naturellement la barri\u00e8re cutan\u00e9e en \u00e9vitant le dess\u00e8chement. Traite les peaux atopiques s\u00e8ches et soulage les d\u00e9mangeaisons.<\/p>\n<ul>\n<li>Traite les sympt\u00f4mes de la peau atopique<\/li>\n<li>Efficacit\u00e9 cliniquement prouv\u00e9e<\/li>\n<li>Convient \u00e0 toute la famille<\/li>\n<\/ul>\n","protected":false},"featured_media":5103,"comment_status":"open","ping_status":"closed","template":"","meta":{"_acf_changed":false},"product_brand":[],"product_cat":[131],"product_tag":[],"class_list":{"0":"post-5097","1":"product","2":"type-product","3":"status-publish","4":"has-post-thumbnail","6":"product_cat-dermal-fr","8":"first","9":"instock","10":"taxable","11":"shipping-taxable","12":"purchasable","13":"product-type-simple"},"bundled_by":[],"bundle_stock_status":"instock","bundle_stock_quantity":null,"bundle_virtual":false,"bundle_layout":"","bundle_add_to_cart_form_location":"","bundle_editable_in_cart":false,"bundle_sold_individually_context":"","bundle_item_grouping":"","bundle_min_size":"","bundle_max_size":"","bundled_items":[],"bundle_sell_ids":[],"acf":[],"yoast_head":"<!-- This site is optimized with the Yoast SEO plugin v27.3 - https:\/\/yoast.com\/product\/yoast-seo-wordpress\/ -->\n<title>Atopic skin repair cream - Membrasin<\/title>\n<meta name=\"description\" content=\"Membrasin\u00ae Atopic Skin Repair Cream soulage l&#039;ecz\u00e9ma atopique et les d\u00e9mangeaisons. Il adoucit et hydrate \u00e9galement la peau s\u00e8che. Des actifs naturels\" \/>\n<meta name=\"robots\" content=\"index, follow, max-snippet:-1, max-image-preview:large, max-video-preview:-1\" \/>\n<link rel=\"canonical\" href=\"https:\/\/membrasin.com\/fr\/tuote\/atopic-skin-repair-cream\/\" \/>\n<meta property=\"og:locale\" content=\"fr_FR\" \/>\n<meta property=\"og:type\" content=\"article\" \/>\n<meta property=\"og:title\" content=\"Atopic skin repair cream - Membrasin\" \/>\n<meta property=\"og:description\" content=\"Membrasin\u00ae Atopic Skin Repair Cream soulage l&#039;ecz\u00e9ma atopique et les d\u00e9mangeaisons. Il adoucit et hydrate \u00e9galement la peau s\u00e8che. Des actifs naturels\" \/>\n<meta property=\"og:url\" content=\"https:\/\/membrasin.com\/fr\/tuote\/atopic-skin-repair-cream\/\" \/>\n<meta property=\"og:site_name\" content=\"Membrasin\" \/>\n<meta property=\"article:publisher\" content=\"https:\/\/www.facebook.com\/Membrasin\" \/>\n<meta property=\"article:modified_time\" content=\"2026-04-06T22:53:08+00:00\" \/>\n<meta property=\"og:image\" content=\"https:\/\/membrasin.com\/wp-content\/uploads\/2022\/06\/dermal_skin-repair-cream_package_tube_72dpi_600x600px.png\" \/>\n\t<meta property=\"og:image:width\" content=\"600\" \/>\n\t<meta property=\"og:image:height\" content=\"600\" \/>\n\t<meta property=\"og:image:type\" content=\"image\/png\" \/>\n<meta name=\"twitter:card\" content=\"summary_large_image\" \/>\n<meta name=\"twitter:label1\" content=\"Dur\u00e9e de lecture estim\u00e9e\" \/>\n\t<meta name=\"twitter:data1\" content=\"2 minutes\" \/>\n<script type=\"application\/ld+json\" class=\"yoast-schema-graph\">{\"@context\":\"https:\\\/\\\/schema.org\",\"@graph\":[{\"@type\":\"WebPage\",\"@id\":\"https:\\\/\\\/membrasin.com\\\/fr\\\/tuote\\\/atopic-skin-repair-cream\\\/\",\"url\":\"https:\\\/\\\/membrasin.com\\\/fr\\\/tuote\\\/atopic-skin-repair-cream\\\/\",\"name\":\"Atopic skin repair cream - Membrasin\",\"isPartOf\":{\"@id\":\"https:\\\/\\\/membrasin.com\\\/fr\\\/#website\"},\"primaryImageOfPage\":{\"@id\":\"https:\\\/\\\/membrasin.com\\\/fr\\\/tuote\\\/atopic-skin-repair-cream\\\/#primaryimage\"},\"image\":{\"@id\":\"https:\\\/\\\/membrasin.com\\\/fr\\\/tuote\\\/atopic-skin-repair-cream\\\/#primaryimage\"},\"thumbnailUrl\":\"https:\\\/\\\/membrasin.com\\\/wp-content\\\/uploads\\\/2022\\\/06\\\/dermal_skin-repair-cream_package_tube_72dpi_600x600px.png\",\"datePublished\":\"2022-06-30T08:43:09+00:00\",\"dateModified\":\"2026-04-06T22:53:08+00:00\",\"description\":\"Membrasin\u00ae Atopic Skin Repair Cream soulage l'ecz\u00e9ma atopique et les d\u00e9mangeaisons. Il adoucit et hydrate \u00e9galement la peau s\u00e8che. Des actifs naturels\",\"breadcrumb\":{\"@id\":\"https:\\\/\\\/membrasin.com\\\/fr\\\/tuote\\\/atopic-skin-repair-cream\\\/#breadcrumb\"},\"inLanguage\":\"fr-FR\",\"potentialAction\":[{\"@type\":\"ReadAction\",\"target\":[\"https:\\\/\\\/membrasin.com\\\/fr\\\/tuote\\\/atopic-skin-repair-cream\\\/\"]}]},{\"@type\":\"ImageObject\",\"inLanguage\":\"fr-FR\",\"@id\":\"https:\\\/\\\/membrasin.com\\\/fr\\\/tuote\\\/atopic-skin-repair-cream\\\/#primaryimage\",\"url\":\"https:\\\/\\\/membrasin.com\\\/wp-content\\\/uploads\\\/2022\\\/06\\\/dermal_skin-repair-cream_package_tube_72dpi_600x600px.png\",\"contentUrl\":\"https:\\\/\\\/membrasin.com\\\/wp-content\\\/uploads\\\/2022\\\/06\\\/dermal_skin-repair-cream_package_tube_72dpi_600x600px.png\",\"width\":600,\"height\":600},{\"@type\":\"BreadcrumbList\",\"@id\":\"https:\\\/\\\/membrasin.com\\\/fr\\\/tuote\\\/atopic-skin-repair-cream\\\/#breadcrumb\",\"itemListElement\":[{\"@type\":\"ListItem\",\"position\":1,\"name\":\"Etusivu\",\"item\":\"https:\\\/\\\/membrasin.com\\\/fr\\\/\"},{\"@type\":\"ListItem\",\"position\":2,\"name\":\"Produits\",\"item\":\"https:\\\/\\\/membrasin.com\\\/fr\\\/shop\\\/\"},{\"@type\":\"ListItem\",\"position\":3,\"name\":\"Atopic skin repair cream\"}]},{\"@type\":\"WebSite\",\"@id\":\"https:\\\/\\\/membrasin.com\\\/fr\\\/#website\",\"url\":\"https:\\\/\\\/membrasin.com\\\/fr\\\/\",\"name\":\"Membrasin\",\"description\":\"\",\"publisher\":{\"@id\":\"https:\\\/\\\/membrasin.com\\\/fr\\\/#organization\"},\"potentialAction\":[{\"@type\":\"SearchAction\",\"target\":{\"@type\":\"EntryPoint\",\"urlTemplate\":\"https:\\\/\\\/membrasin.com\\\/fr\\\/?s={search_term_string}\"},\"query-input\":{\"@type\":\"PropertyValueSpecification\",\"valueRequired\":true,\"valueName\":\"search_term_string\"}}],\"inLanguage\":\"fr-FR\"},{\"@type\":\"Organization\",\"@id\":\"https:\\\/\\\/membrasin.com\\\/fr\\\/#organization\",\"name\":\"Membrasin\",\"url\":\"https:\\\/\\\/membrasin.com\\\/fr\\\/\",\"logo\":{\"@type\":\"ImageObject\",\"inLanguage\":\"fr-FR\",\"@id\":\"https:\\\/\\\/membrasin.com\\\/fr\\\/#\\\/schema\\\/logo\\\/image\\\/\",\"url\":\"https:\\\/\\\/membrasin.com\\\/wp-content\\\/uploads\\\/2022\\\/09\\\/product_placeholder_membrasin_logo.png\",\"contentUrl\":\"https:\\\/\\\/membrasin.com\\\/wp-content\\\/uploads\\\/2022\\\/09\\\/product_placeholder_membrasin_logo.png\",\"width\":600,\"height\":600,\"caption\":\"Membrasin\"},\"image\":{\"@id\":\"https:\\\/\\\/membrasin.com\\\/fr\\\/#\\\/schema\\\/logo\\\/image\\\/\"},\"sameAs\":[\"https:\\\/\\\/www.facebook.com\\\/Membrasin\",\"https:\\\/\\\/www.instagram.com\\\/membrasin\\\/\"]}]}<\/script>\n<!-- \/ Yoast SEO plugin. -->","yoast_head_json":{"title":"Atopic skin repair cream - Membrasin","description":"Membrasin\u00ae Atopic Skin Repair Cream soulage l'ecz\u00e9ma atopique et les d\u00e9mangeaisons. Il adoucit et hydrate \u00e9galement la peau s\u00e8che. Des actifs naturels","robots":{"index":"index","follow":"follow","max-snippet":"max-snippet:-1","max-image-preview":"max-image-preview:large","max-video-preview":"max-video-preview:-1"},"canonical":"https:\/\/membrasin.com\/fr\/tuote\/atopic-skin-repair-cream\/","og_locale":"fr_FR","og_type":"article","og_title":"Atopic skin repair cream - Membrasin","og_description":"Membrasin\u00ae Atopic Skin Repair Cream soulage l'ecz\u00e9ma atopique et les d\u00e9mangeaisons. Il adoucit et hydrate \u00e9galement la peau s\u00e8che. Des actifs naturels","og_url":"https:\/\/membrasin.com\/fr\/tuote\/atopic-skin-repair-cream\/","og_site_name":"Membrasin","article_publisher":"https:\/\/www.facebook.com\/Membrasin","article_modified_time":"2026-04-06T22:53:08+00:00","og_image":[{"width":600,"height":600,"url":"https:\/\/membrasin.com\/wp-content\/uploads\/2022\/06\/dermal_skin-repair-cream_package_tube_72dpi_600x600px.png","type":"image\/png"}],"twitter_card":"summary_large_image","twitter_misc":{"Dur\u00e9e de lecture estim\u00e9e":"2 minutes"},"schema":{"@context":"https:\/\/schema.org","@graph":[{"@type":"WebPage","@id":"https:\/\/membrasin.com\/fr\/tuote\/atopic-skin-repair-cream\/","url":"https:\/\/membrasin.com\/fr\/tuote\/atopic-skin-repair-cream\/","name":"Atopic skin repair cream - Membrasin","isPartOf":{"@id":"https:\/\/membrasin.com\/fr\/#website"},"primaryImageOfPage":{"@id":"https:\/\/membrasin.com\/fr\/tuote\/atopic-skin-repair-cream\/#primaryimage"},"image":{"@id":"https:\/\/membrasin.com\/fr\/tuote\/atopic-skin-repair-cream\/#primaryimage"},"thumbnailUrl":"https:\/\/membrasin.com\/wp-content\/uploads\/2022\/06\/dermal_skin-repair-cream_package_tube_72dpi_600x600px.png","datePublished":"2022-06-30T08:43:09+00:00","dateModified":"2026-04-06T22:53:08+00:00","description":"Membrasin\u00ae Atopic Skin Repair Cream soulage l'ecz\u00e9ma atopique et les d\u00e9mangeaisons. Il adoucit et hydrate \u00e9galement la peau s\u00e8che. Des actifs naturels","breadcrumb":{"@id":"https:\/\/membrasin.com\/fr\/tuote\/atopic-skin-repair-cream\/#breadcrumb"},"inLanguage":"fr-FR","potentialAction":[{"@type":"ReadAction","target":["https:\/\/membrasin.com\/fr\/tuote\/atopic-skin-repair-cream\/"]}]},{"@type":"ImageObject","inLanguage":"fr-FR","@id":"https:\/\/membrasin.com\/fr\/tuote\/atopic-skin-repair-cream\/#primaryimage","url":"https:\/\/membrasin.com\/wp-content\/uploads\/2022\/06\/dermal_skin-repair-cream_package_tube_72dpi_600x600px.png","contentUrl":"https:\/\/membrasin.com\/wp-content\/uploads\/2022\/06\/dermal_skin-repair-cream_package_tube_72dpi_600x600px.png","width":600,"height":600},{"@type":"BreadcrumbList","@id":"https:\/\/membrasin.com\/fr\/tuote\/atopic-skin-repair-cream\/#breadcrumb","itemListElement":[{"@type":"ListItem","position":1,"name":"Etusivu","item":"https:\/\/membrasin.com\/fr\/"},{"@type":"ListItem","position":2,"name":"Produits","item":"https:\/\/membrasin.com\/fr\/shop\/"},{"@type":"ListItem","position":3,"name":"Atopic skin repair cream"}]},{"@type":"WebSite","@id":"https:\/\/membrasin.com\/fr\/#website","url":"https:\/\/membrasin.com\/fr\/","name":"Membrasin","description":"","publisher":{"@id":"https:\/\/membrasin.com\/fr\/#organization"},"potentialAction":[{"@type":"SearchAction","target":{"@type":"EntryPoint","urlTemplate":"https:\/\/membrasin.com\/fr\/?s={search_term_string}"},"query-input":{"@type":"PropertyValueSpecification","valueRequired":true,"valueName":"search_term_string"}}],"inLanguage":"fr-FR"},{"@type":"Organization","@id":"https:\/\/membrasin.com\/fr\/#organization","name":"Membrasin","url":"https:\/\/membrasin.com\/fr\/","logo":{"@type":"ImageObject","inLanguage":"fr-FR","@id":"https:\/\/membrasin.com\/fr\/#\/schema\/logo\/image\/","url":"https:\/\/membrasin.com\/wp-content\/uploads\/2022\/09\/product_placeholder_membrasin_logo.png","contentUrl":"https:\/\/membrasin.com\/wp-content\/uploads\/2022\/09\/product_placeholder_membrasin_logo.png","width":600,"height":600,"caption":"Membrasin"},"image":{"@id":"https:\/\/membrasin.com\/fr\/#\/schema\/logo\/image\/"},"sameAs":["https:\/\/www.facebook.com\/Membrasin","https:\/\/www.instagram.com\/membrasin\/"]}]}},"_links":{"self":[{"href":"https:\/\/membrasin.com\/fr\/wp-json\/wp\/v2\/product\/5097","targetHints":{"allow":["GET"]}}],"collection":[{"href":"https:\/\/membrasin.com\/fr\/wp-json\/wp\/v2\/product"}],"about":[{"href":"https:\/\/membrasin.com\/fr\/wp-json\/wp\/v2\/types\/product"}],"replies":[{"embeddable":true,"href":"https:\/\/membrasin.com\/fr\/wp-json\/wp\/v2\/comments?post=5097"}],"wp:featuredmedia":[{"embeddable":true,"href":"https:\/\/membrasin.com\/fr\/wp-json\/wp\/v2\/media\/5103"}],"wp:attachment":[{"href":"https:\/\/membrasin.com\/fr\/wp-json\/wp\/v2\/media?parent=5097"}],"wp:term":[{"taxonomy":"product_brand","embeddable":true,"href":"https:\/\/membrasin.com\/fr\/wp-json\/wp\/v2\/product_brand?post=5097"},{"taxonomy":"product_cat","embeddable":true,"href":"https:\/\/membrasin.com\/fr\/wp-json\/wp\/v2\/product_cat?post=5097"},{"taxonomy":"product_tag","embeddable":true,"href":"https:\/\/membrasin.com\/fr\/wp-json\/wp\/v2\/product_tag?post=5097"}],"curies":[{"name":"wp","href":"https:\/\/api.w.org\/{rel}","templated":true}]}}