{"id":5078,"date":"2023-05-16T13:22:56","date_gmt":"2023-05-16T10:22:56","guid":{"rendered":"https:\/\/membrasin.com\/tuote\/feminine-moisturiser-supplement-2\/"},"modified":"2026-04-07T03:29:01","modified_gmt":"2026-04-07T00:29:01","slug":"feminine-moisturiser-supplement-fr","status":"publish","type":"product","link":"https:\/\/membrasin.com\/fr\/tuote\/feminine-moisturiser-supplement-fr\/","title":{"rendered":"Feminine Moisturiser Supplement"},"content":{"rendered":"<p>Le compl\u00e9ment alimentaire Membrasin\u00ae r\u00e9g\u00e9n\u00e8re et nourrit les muqueuses chez la femme et favorise l\u2019hydratation naturelle de la peau.<\/p>\n<p>Ilcontient du SBA24\u00ae, une huile d\u2019argousier unique, qui hydrate et prot\u00e8ge les muqueuses et la peau. L\u2019huile SBA24\u00ae est compos\u00e9e d\u2019huile extraite \u00e0 la fois des baies et des graines. En cons\u00e9quence, cette composition unique d\u2019huile contient un rapport \u00e9quilibr\u00e9 de tous les acides gras om\u00e9ga. Il est \u00e9galement riche en antioxydants et en st\u00e9rols v\u00e9g\u00e9taux, importants pour la vitalit\u00e9 humaine.<\/p>\n<p>En plus des acides gras, ilcontient de la vitamine A, issue du b\u00eata-carot\u00e8ne naturel, et de la vitamine E. La vitamine A maintient les fonctions normales des muqueuses et de la peau, et la vitamine E contribue \u00e0 prot\u00e9ger les cellules du stress oxydatif.*<\/p>\n<p>\u00c0 l\u2019\u00e9chelle mondiale, l\u2019huile d\u2019argousier SBA24\u00ae est le plus \u00e9tudi\u00e9e. C\u2019est pourquoi sa composition, sa s\u00e9curit\u00e9 et son efficacit\u00e9 ont \u00e9t\u00e9 cliniquement prouv\u00e9es.<\/p>\n<p>L\u2019huile d\u2019argousier SBA24\u00ae est d\u00e9licatement extraite des baies et des graines d\u2019argousier, tout en pr\u00e9servant les pr\u00e9cieux acides gras et les ingr\u00e9dients bioactifs. L\u2019huile contient uniquement des baies cultiv\u00e9es de mani\u00e8re biologique ou cultiv\u00e9es \u00e0 l\u2019\u00e9tat sauvage. Le processus de fabrication est \u00e9cologique et sans solvant.<\/p>\n<ul>\n<li>L\u2019huile d\u2019argousier SBA24\u00ae contient des acides gras om\u00e9ga-3, -6, -7 et -9, ainsi que des vitamines A et E.<\/li>\n<li>L\u2019efficacit\u00e9 et la s\u00e9curit\u00e9 ont \u00e9t\u00e9 prouv\u00e9es par des \u00e9tudes cliniques<\/li>\n<li>Les r\u00e9sultats sont g\u00e9n\u00e9ralement visibles dans les 2 \u00e0 5 semaines<\/li>\n<li>Sans \u0153strog\u00e8ne. Uniquement des ingr\u00e9dients naturels purs<\/li>\n<li>Capsules molles \u00e0 base de plantes. Convient aux v\u00e9g\u00e9taliens<\/li>\n<li>Pas d\u2019arri\u00e8re-go\u00fbt d\u00e9sagr\u00e9able (comme avec l\u2019huile de poisson)<\/li>\n<\/ul>\n<p>Pour des meilleurs r\u00e9sultats, combinez <a href=\"https:\/\/membrasin.com\/fr\/tuote\/feminine-moisturiser-supplement-fr\/\">le compl\u00e9ment alimentaire Membrasin\u00ae Moisture<\/a> avec<a href=\"https:\/\/membrasin.com\/fr\/tuote\/vaginal-moisture-cream-2\/\"> la cr\u00e8me hydratante vaginale Membrasin\u00ae<\/a> pour d\u00e9couvrir la solution unique en 2 \u00e9tapes pour restaurer en profondeur l\u2019hydratation f\u00e9minine naturelle.<\/p>\n<p>* Compl\u00e9ment alimentaire : contient du b\u00eata-carot\u00e8ne naturel, source de vitamine A, qui contribue au maintien des fonctions normales des muqueuses et de la peau. La vitamine E prot\u00e8ge les cellules du stress oxydatif.<\/p>\n","protected":false},"excerpt":{"rendered":"<p>Hydrate et prot\u00e8ge naturellement les muqueuses f\u00e9minines, notamment dans la zone intime. Il soutient \u00e9galement la beaut\u00e9 naturelle de la peau.<\/p>\n<ul>\n<li>Hydrate efficacement les muqueuses chez la femme<\/li>\n<li>Contient des acides gras\u00a0: om\u00e9ga-3, -6, -7 et -9, ainsi que des vitamines A et E<\/li>\n<li>Contient du SBA24\u00ae \u2013 une huile d\u2019argousier standardis\u00e9e de mani\u00e8re unique<\/li>\n<li>Fournit une hydratation et une protection naturelles en 2 \u00e0 5 semaines<\/li>\n<li>Approuv\u00e9 par des centaines de milliers de patients satisfaits dans le monde entier<\/li>\n<\/ul>\n","protected":false},"featured_media":5079,"comment_status":"open","ping_status":"closed","template":"","meta":{"_acf_changed":false},"product_brand":[],"product_cat":[132],"product_tag":[],"class_list":{"0":"post-5078","1":"product","2":"type-product","3":"status-publish","4":"has-post-thumbnail","6":"product_cat-moisture-fr","8":"first","9":"instock","10":"taxable","11":"shipping-taxable","12":"purchasable","13":"product-type-simple"},"bundled_by":[],"bundle_stock_status":"instock","bundle_stock_quantity":null,"bundle_virtual":false,"bundle_layout":"","bundle_add_to_cart_form_location":"","bundle_editable_in_cart":false,"bundle_sold_individually_context":"","bundle_item_grouping":"","bundle_min_size":"","bundle_max_size":"","bundled_items":[],"bundle_sell_ids":[],"acf":[],"yoast_head":"<!-- This site is optimized with the Yoast SEO plugin v27.3 - https:\/\/yoast.com\/product\/yoast-seo-wordpress\/ -->\n<title>Feminine Moisturiser Supplement - Membrasin<\/title>\n<meta name=\"robots\" content=\"index, follow, max-snippet:-1, max-image-preview:large, max-video-preview:-1\" \/>\n<link rel=\"canonical\" href=\"https:\/\/membrasin.com\/fr\/tuote\/feminine-moisturiser-supplement-fr\/\" \/>\n<meta property=\"og:locale\" content=\"fr_FR\" \/>\n<meta property=\"og:type\" content=\"article\" \/>\n<meta property=\"og:title\" content=\"Feminine Moisturiser Supplement - Membrasin\" \/>\n<meta property=\"og:description\" content=\"Hydrate et prot\u00e8ge naturellement les muqueuses f\u00e9minines, notamment dans la zone intime. Il soutient \u00e9galement la beaut\u00e9 naturelle de la peau.   Hydrate efficacement les muqueuses chez la femme  Contient des acides gras\u00a0: om\u00e9ga-3, -6, -7 et -9, ainsi que des vitamines A et E  Contient du SBA24\u00ae \u2013 une huile d\u2019argousier standardis\u00e9e de mani\u00e8re unique  Fournit une hydratation et une protection naturelles en 2 \u00e0 5 semaines  Approuv\u00e9 par des centaines de milliers de patients satisfaits dans le monde entier\" \/>\n<meta property=\"og:url\" content=\"https:\/\/membrasin.com\/fr\/tuote\/feminine-moisturiser-supplement-fr\/\" \/>\n<meta property=\"og:site_name\" content=\"Membrasin\" \/>\n<meta property=\"article:publisher\" content=\"https:\/\/www.facebook.com\/Membrasin\" \/>\n<meta property=\"article:modified_time\" content=\"2026-04-07T00:29:01+00:00\" \/>\n<meta property=\"og:image\" content=\"https:\/\/membrasin.com\/wp-content\/uploads\/2022\/06\/Membrasin_moisture_capsules_caps_package_72dpi_600x600px.png\" \/>\n\t<meta property=\"og:image:width\" content=\"600\" \/>\n\t<meta property=\"og:image:height\" content=\"600\" \/>\n\t<meta property=\"og:image:type\" content=\"image\/png\" \/>\n<meta name=\"twitter:card\" content=\"summary_large_image\" \/>\n<meta name=\"twitter:label1\" content=\"Dur\u00e9e de lecture estim\u00e9e\" \/>\n\t<meta name=\"twitter:data1\" content=\"3 minutes\" \/>\n<script type=\"application\/ld+json\" class=\"yoast-schema-graph\">{\"@context\":\"https:\\\/\\\/schema.org\",\"@graph\":[{\"@type\":\"WebPage\",\"@id\":\"https:\\\/\\\/membrasin.com\\\/fr\\\/tuote\\\/feminine-moisturiser-supplement-fr\\\/\",\"url\":\"https:\\\/\\\/membrasin.com\\\/fr\\\/tuote\\\/feminine-moisturiser-supplement-fr\\\/\",\"name\":\"Feminine Moisturiser Supplement - Membrasin\",\"isPartOf\":{\"@id\":\"https:\\\/\\\/membrasin.com\\\/fr\\\/#website\"},\"primaryImageOfPage\":{\"@id\":\"https:\\\/\\\/membrasin.com\\\/fr\\\/tuote\\\/feminine-moisturiser-supplement-fr\\\/#primaryimage\"},\"image\":{\"@id\":\"https:\\\/\\\/membrasin.com\\\/fr\\\/tuote\\\/feminine-moisturiser-supplement-fr\\\/#primaryimage\"},\"thumbnailUrl\":\"https:\\\/\\\/membrasin.com\\\/wp-content\\\/uploads\\\/2022\\\/06\\\/Membrasin_moisture_capsules_caps_package_72dpi_600x600px.png\",\"datePublished\":\"2023-05-16T10:22:56+00:00\",\"dateModified\":\"2026-04-07T00:29:01+00:00\",\"breadcrumb\":{\"@id\":\"https:\\\/\\\/membrasin.com\\\/fr\\\/tuote\\\/feminine-moisturiser-supplement-fr\\\/#breadcrumb\"},\"inLanguage\":\"fr-FR\",\"potentialAction\":[{\"@type\":\"ReadAction\",\"target\":[\"https:\\\/\\\/membrasin.com\\\/fr\\\/tuote\\\/feminine-moisturiser-supplement-fr\\\/\"]}]},{\"@type\":\"ImageObject\",\"inLanguage\":\"fr-FR\",\"@id\":\"https:\\\/\\\/membrasin.com\\\/fr\\\/tuote\\\/feminine-moisturiser-supplement-fr\\\/#primaryimage\",\"url\":\"https:\\\/\\\/membrasin.com\\\/wp-content\\\/uploads\\\/2022\\\/06\\\/Membrasin_moisture_capsules_caps_package_72dpi_600x600px.png\",\"contentUrl\":\"https:\\\/\\\/membrasin.com\\\/wp-content\\\/uploads\\\/2022\\\/06\\\/Membrasin_moisture_capsules_caps_package_72dpi_600x600px.png\",\"width\":600,\"height\":600},{\"@type\":\"BreadcrumbList\",\"@id\":\"https:\\\/\\\/membrasin.com\\\/fr\\\/tuote\\\/feminine-moisturiser-supplement-fr\\\/#breadcrumb\",\"itemListElement\":[{\"@type\":\"ListItem\",\"position\":1,\"name\":\"Etusivu\",\"item\":\"https:\\\/\\\/membrasin.com\\\/fr\\\/\"},{\"@type\":\"ListItem\",\"position\":2,\"name\":\"Produits\",\"item\":\"https:\\\/\\\/membrasin.com\\\/fr\\\/shop\\\/\"},{\"@type\":\"ListItem\",\"position\":3,\"name\":\"Feminine Moisturiser Supplement\"}]},{\"@type\":\"WebSite\",\"@id\":\"https:\\\/\\\/membrasin.com\\\/fr\\\/#website\",\"url\":\"https:\\\/\\\/membrasin.com\\\/fr\\\/\",\"name\":\"Membrasin\",\"description\":\"\",\"publisher\":{\"@id\":\"https:\\\/\\\/membrasin.com\\\/fr\\\/#organization\"},\"potentialAction\":[{\"@type\":\"SearchAction\",\"target\":{\"@type\":\"EntryPoint\",\"urlTemplate\":\"https:\\\/\\\/membrasin.com\\\/fr\\\/?s={search_term_string}\"},\"query-input\":{\"@type\":\"PropertyValueSpecification\",\"valueRequired\":true,\"valueName\":\"search_term_string\"}}],\"inLanguage\":\"fr-FR\"},{\"@type\":\"Organization\",\"@id\":\"https:\\\/\\\/membrasin.com\\\/fr\\\/#organization\",\"name\":\"Membrasin\",\"url\":\"https:\\\/\\\/membrasin.com\\\/fr\\\/\",\"logo\":{\"@type\":\"ImageObject\",\"inLanguage\":\"fr-FR\",\"@id\":\"https:\\\/\\\/membrasin.com\\\/fr\\\/#\\\/schema\\\/logo\\\/image\\\/\",\"url\":\"https:\\\/\\\/membrasin.com\\\/wp-content\\\/uploads\\\/2022\\\/09\\\/product_placeholder_membrasin_logo.png\",\"contentUrl\":\"https:\\\/\\\/membrasin.com\\\/wp-content\\\/uploads\\\/2022\\\/09\\\/product_placeholder_membrasin_logo.png\",\"width\":600,\"height\":600,\"caption\":\"Membrasin\"},\"image\":{\"@id\":\"https:\\\/\\\/membrasin.com\\\/fr\\\/#\\\/schema\\\/logo\\\/image\\\/\"},\"sameAs\":[\"https:\\\/\\\/www.facebook.com\\\/Membrasin\",\"https:\\\/\\\/www.instagram.com\\\/membrasin\\\/\"]}]}<\/script>\n<!-- \/ Yoast SEO plugin. -->","yoast_head_json":{"title":"Feminine Moisturiser Supplement - Membrasin","robots":{"index":"index","follow":"follow","max-snippet":"max-snippet:-1","max-image-preview":"max-image-preview:large","max-video-preview":"max-video-preview:-1"},"canonical":"https:\/\/membrasin.com\/fr\/tuote\/feminine-moisturiser-supplement-fr\/","og_locale":"fr_FR","og_type":"article","og_title":"Feminine Moisturiser Supplement - Membrasin","og_description":"Hydrate et prot\u00e8ge naturellement les muqueuses f\u00e9minines, notamment dans la zone intime. Il soutient \u00e9galement la beaut\u00e9 naturelle de la peau.   Hydrate efficacement les muqueuses chez la femme  Contient des acides gras\u00a0: om\u00e9ga-3, -6, -7 et -9, ainsi que des vitamines A et E  Contient du SBA24\u00ae \u2013 une huile d\u2019argousier standardis\u00e9e de mani\u00e8re unique  Fournit une hydratation et une protection naturelles en 2 \u00e0 5 semaines  Approuv\u00e9 par des centaines de milliers de patients satisfaits dans le monde entier","og_url":"https:\/\/membrasin.com\/fr\/tuote\/feminine-moisturiser-supplement-fr\/","og_site_name":"Membrasin","article_publisher":"https:\/\/www.facebook.com\/Membrasin","article_modified_time":"2026-04-07T00:29:01+00:00","og_image":[{"width":600,"height":600,"url":"https:\/\/membrasin.com\/wp-content\/uploads\/2022\/06\/Membrasin_moisture_capsules_caps_package_72dpi_600x600px.png","type":"image\/png"}],"twitter_card":"summary_large_image","twitter_misc":{"Dur\u00e9e de lecture estim\u00e9e":"3 minutes"},"schema":{"@context":"https:\/\/schema.org","@graph":[{"@type":"WebPage","@id":"https:\/\/membrasin.com\/fr\/tuote\/feminine-moisturiser-supplement-fr\/","url":"https:\/\/membrasin.com\/fr\/tuote\/feminine-moisturiser-supplement-fr\/","name":"Feminine Moisturiser Supplement - Membrasin","isPartOf":{"@id":"https:\/\/membrasin.com\/fr\/#website"},"primaryImageOfPage":{"@id":"https:\/\/membrasin.com\/fr\/tuote\/feminine-moisturiser-supplement-fr\/#primaryimage"},"image":{"@id":"https:\/\/membrasin.com\/fr\/tuote\/feminine-moisturiser-supplement-fr\/#primaryimage"},"thumbnailUrl":"https:\/\/membrasin.com\/wp-content\/uploads\/2022\/06\/Membrasin_moisture_capsules_caps_package_72dpi_600x600px.png","datePublished":"2023-05-16T10:22:56+00:00","dateModified":"2026-04-07T00:29:01+00:00","breadcrumb":{"@id":"https:\/\/membrasin.com\/fr\/tuote\/feminine-moisturiser-supplement-fr\/#breadcrumb"},"inLanguage":"fr-FR","potentialAction":[{"@type":"ReadAction","target":["https:\/\/membrasin.com\/fr\/tuote\/feminine-moisturiser-supplement-fr\/"]}]},{"@type":"ImageObject","inLanguage":"fr-FR","@id":"https:\/\/membrasin.com\/fr\/tuote\/feminine-moisturiser-supplement-fr\/#primaryimage","url":"https:\/\/membrasin.com\/wp-content\/uploads\/2022\/06\/Membrasin_moisture_capsules_caps_package_72dpi_600x600px.png","contentUrl":"https:\/\/membrasin.com\/wp-content\/uploads\/2022\/06\/Membrasin_moisture_capsules_caps_package_72dpi_600x600px.png","width":600,"height":600},{"@type":"BreadcrumbList","@id":"https:\/\/membrasin.com\/fr\/tuote\/feminine-moisturiser-supplement-fr\/#breadcrumb","itemListElement":[{"@type":"ListItem","position":1,"name":"Etusivu","item":"https:\/\/membrasin.com\/fr\/"},{"@type":"ListItem","position":2,"name":"Produits","item":"https:\/\/membrasin.com\/fr\/shop\/"},{"@type":"ListItem","position":3,"name":"Feminine Moisturiser Supplement"}]},{"@type":"WebSite","@id":"https:\/\/membrasin.com\/fr\/#website","url":"https:\/\/membrasin.com\/fr\/","name":"Membrasin","description":"","publisher":{"@id":"https:\/\/membrasin.com\/fr\/#organization"},"potentialAction":[{"@type":"SearchAction","target":{"@type":"EntryPoint","urlTemplate":"https:\/\/membrasin.com\/fr\/?s={search_term_string}"},"query-input":{"@type":"PropertyValueSpecification","valueRequired":true,"valueName":"search_term_string"}}],"inLanguage":"fr-FR"},{"@type":"Organization","@id":"https:\/\/membrasin.com\/fr\/#organization","name":"Membrasin","url":"https:\/\/membrasin.com\/fr\/","logo":{"@type":"ImageObject","inLanguage":"fr-FR","@id":"https:\/\/membrasin.com\/fr\/#\/schema\/logo\/image\/","url":"https:\/\/membrasin.com\/wp-content\/uploads\/2022\/09\/product_placeholder_membrasin_logo.png","contentUrl":"https:\/\/membrasin.com\/wp-content\/uploads\/2022\/09\/product_placeholder_membrasin_logo.png","width":600,"height":600,"caption":"Membrasin"},"image":{"@id":"https:\/\/membrasin.com\/fr\/#\/schema\/logo\/image\/"},"sameAs":["https:\/\/www.facebook.com\/Membrasin","https:\/\/www.instagram.com\/membrasin\/"]}]}},"_links":{"self":[{"href":"https:\/\/membrasin.com\/fr\/wp-json\/wp\/v2\/product\/5078","targetHints":{"allow":["GET"]}}],"collection":[{"href":"https:\/\/membrasin.com\/fr\/wp-json\/wp\/v2\/product"}],"about":[{"href":"https:\/\/membrasin.com\/fr\/wp-json\/wp\/v2\/types\/product"}],"replies":[{"embeddable":true,"href":"https:\/\/membrasin.com\/fr\/wp-json\/wp\/v2\/comments?post=5078"}],"wp:featuredmedia":[{"embeddable":true,"href":"https:\/\/membrasin.com\/fr\/wp-json\/wp\/v2\/media\/5079"}],"wp:attachment":[{"href":"https:\/\/membrasin.com\/fr\/wp-json\/wp\/v2\/media?parent=5078"}],"wp:term":[{"taxonomy":"product_brand","embeddable":true,"href":"https:\/\/membrasin.com\/fr\/wp-json\/wp\/v2\/product_brand?post=5078"},{"taxonomy":"product_cat","embeddable":true,"href":"https:\/\/membrasin.com\/fr\/wp-json\/wp\/v2\/product_cat?post=5078"},{"taxonomy":"product_tag","embeddable":true,"href":"https:\/\/membrasin.com\/fr\/wp-json\/wp\/v2\/product_tag?post=5078"}],"curies":[{"name":"wp","href":"https:\/\/api.w.org\/{rel}","templated":true}]}}