{"id":5069,"date":"2023-05-16T14:12:53","date_gmt":"2023-05-16T11:12:53","guid":{"rendered":"https:\/\/membrasin.com\/tuote\/vaginal-moisture-cream-2\/"},"modified":"2026-03-10T11:35:55","modified_gmt":"2026-03-10T09:35:55","slug":"vaginal-moisture-cream-2","status":"publish","type":"product","link":"https:\/\/membrasin.com\/fr\/tuote\/vaginal-moisture-cream-2\/","title":{"rendered":"Vaginal Moisture Cream"},"content":{"rendered":"<p>La cr\u00e8me hydratante vaginale Membrasin\u00ae nourrit et maintient saines les muqueuses et la peau de la zone intime. Il att\u00e9nue \u00e9galement les sympt\u00f4mes li\u00e9s \u00e0 la s\u00e9cheresse, par exemple les sensations d\u2019irritation, de douleur et de sensibilit\u00e9 lors de l\u2019exercice physique.<\/p>\n<p>La cr\u00e8me contient du SBA24\u00ae, de l\u2019acide lactique et du hyaluronate. Le SBA24\u00ae est une huile d\u2019argousier unique, qui renforce et prot\u00e8ge les muqueuses et la peau. L\u2019acide lactique aide \u00e0 maintenir un \u00e9quilibre optimal du pH. L\u2019hyaluronate favorise une hydratation optimale.<\/p>\n<p>L\u2019huile d\u2019argousier SBA24\u00ae est l\u2019huile d\u2019argousier la plus \u00e9tudi\u00e9e au monde. Sa composition, sa s\u00e9curit\u00e9 et son efficacit\u00e9 ont \u00e9t\u00e9 cliniquement prouv\u00e9es.<\/p>\n<p>Triple effet:<\/p>\n<ol>\n<li>L\u2019huile d\u2019argousier renforce et prot\u00e8ge la muqueuse et la peau de la zone intime<\/li>\n<li>L\u2019hyaluronate optimise l\u2019hydratation<\/li>\n<li>L\u2019acide lactique assure un \u00e9quilibre optimal du pH<\/li>\n<\/ol>\n<p>Dans une \u00e9tude clinique, 84 % des participantes souhaitaient continuer \u00e0 utiliser la cr\u00e8me hydratante vaginale Membrasin\u00ae pour traiter les sympt\u00f4mes associ\u00e9s \u00e0 la s\u00e9cheresse vaginale et vulvaire.*<\/p>\n<p>Comprend un applicateur multi-usage marqu\u00e9 CE.<\/p>\n<p>Pour de meilleurs r\u00e9sultats, combinez la cr\u00e8me hydratante vaginale Membrasin\u00ae avec le compl\u00e9ment alimentaire Membrasin\u00ae \u00a0moisture pour d\u00e9couvrir la solution unique en 2 \u00e9tapes pour restaurer en profondeur l\u2019hydratation f\u00e9minine naturelle.<\/p>\n<p>*Nombre total = 164<\/p>\n","protected":false},"excerpt":{"rendered":"<p>Soulage la s\u00e9cheresse vaginale. Traite les muqueuses de la zone intime et att\u00e9nue les sympt\u00f4mes li\u00e9s \u00e0 la s\u00e9cheresse vaginale et vulvaire.<\/p>\n<ul>\n<li>Soulagement rapide des sympt\u00f4mes<\/li>\n<li>Efficacit\u00e9 cliniquement prouv\u00e9e<\/li>\n<li>Sans hormones ni parfum<\/li>\n<li>Utilisation facile et hygi\u00e9nique<\/li>\n<\/ul>\n","protected":false},"featured_media":5070,"comment_status":"open","ping_status":"closed","template":"","meta":{"_acf_changed":false},"product_brand":[],"product_cat":[132],"product_tag":[],"class_list":{"0":"post-5069","1":"product","2":"type-product","3":"status-publish","4":"has-post-thumbnail","6":"product_cat-moisture-fr","8":"first","9":"outofstock","10":"taxable","11":"shipping-taxable","12":"purchasable","13":"product-type-simple"},"bundled_by":[],"bundle_stock_status":"outofstock","bundle_stock_quantity":0,"bundle_virtual":false,"bundle_layout":"","bundle_add_to_cart_form_location":"","bundle_editable_in_cart":false,"bundle_sold_individually_context":"","bundle_item_grouping":"","bundle_min_size":"","bundle_max_size":"","bundled_items":[],"bundle_sell_ids":[],"acf":[],"yoast_head":"<!-- This site is optimized with the Yoast SEO plugin v27.3 - https:\/\/yoast.com\/product\/yoast-seo-wordpress\/ -->\n<title>Vaginal Moisture Cream - Membrasin<\/title>\n<meta name=\"robots\" content=\"index, follow, max-snippet:-1, max-image-preview:large, max-video-preview:-1\" \/>\n<link rel=\"canonical\" href=\"https:\/\/membrasin.com\/fr\/tuote\/vaginal-moisture-cream-2\/\" \/>\n<meta property=\"og:locale\" content=\"fr_FR\" \/>\n<meta property=\"og:type\" content=\"article\" \/>\n<meta property=\"og:title\" content=\"Vaginal Moisture Cream - Membrasin\" \/>\n<meta property=\"og:description\" content=\"Soulage la s\u00e9cheresse vaginale. Traite les muqueuses de la zone intime et att\u00e9nue les sympt\u00f4mes li\u00e9s \u00e0 la s\u00e9cheresse vaginale et vulvaire.   Soulagement rapide des sympt\u00f4mes  Efficacit\u00e9 cliniquement prouv\u00e9e  Sans hormones ni parfum  Utilisation facile et hygi\u00e9nique\" \/>\n<meta property=\"og:url\" content=\"https:\/\/membrasin.com\/fr\/tuote\/vaginal-moisture-cream-2\/\" \/>\n<meta property=\"og:site_name\" content=\"Membrasin\" \/>\n<meta property=\"article:publisher\" content=\"https:\/\/www.facebook.com\/Membrasin\" \/>\n<meta property=\"article:modified_time\" content=\"2026-03-10T09:35:55+00:00\" \/>\n<meta property=\"og:image\" content=\"https:\/\/membrasin.com\/wp-content\/uploads\/2022\/06\/Membrasin_moisture_cream_tube_package_72dpi_600x600px.png\" \/>\n\t<meta property=\"og:image:width\" content=\"600\" \/>\n\t<meta property=\"og:image:height\" content=\"600\" \/>\n\t<meta property=\"og:image:type\" content=\"image\/png\" \/>\n<meta name=\"twitter:card\" content=\"summary_large_image\" \/>\n<meta name=\"twitter:label1\" content=\"Dur\u00e9e de lecture estim\u00e9e\" \/>\n\t<meta name=\"twitter:data1\" content=\"2 minutes\" \/>\n<script type=\"application\/ld+json\" class=\"yoast-schema-graph\">{\"@context\":\"https:\\\/\\\/schema.org\",\"@graph\":[{\"@type\":\"WebPage\",\"@id\":\"https:\\\/\\\/membrasin.com\\\/fr\\\/tuote\\\/vaginal-moisture-cream-2\\\/\",\"url\":\"https:\\\/\\\/membrasin.com\\\/fr\\\/tuote\\\/vaginal-moisture-cream-2\\\/\",\"name\":\"Vaginal Moisture Cream - Membrasin\",\"isPartOf\":{\"@id\":\"https:\\\/\\\/membrasin.com\\\/fr\\\/#website\"},\"primaryImageOfPage\":{\"@id\":\"https:\\\/\\\/membrasin.com\\\/fr\\\/tuote\\\/vaginal-moisture-cream-2\\\/#primaryimage\"},\"image\":{\"@id\":\"https:\\\/\\\/membrasin.com\\\/fr\\\/tuote\\\/vaginal-moisture-cream-2\\\/#primaryimage\"},\"thumbnailUrl\":\"https:\\\/\\\/membrasin.com\\\/wp-content\\\/uploads\\\/2022\\\/06\\\/Membrasin_moisture_cream_tube_package_72dpi_600x600px.png\",\"datePublished\":\"2023-05-16T11:12:53+00:00\",\"dateModified\":\"2026-03-10T09:35:55+00:00\",\"breadcrumb\":{\"@id\":\"https:\\\/\\\/membrasin.com\\\/fr\\\/tuote\\\/vaginal-moisture-cream-2\\\/#breadcrumb\"},\"inLanguage\":\"fr-FR\",\"potentialAction\":[{\"@type\":\"ReadAction\",\"target\":[\"https:\\\/\\\/membrasin.com\\\/fr\\\/tuote\\\/vaginal-moisture-cream-2\\\/\"]}]},{\"@type\":\"ImageObject\",\"inLanguage\":\"fr-FR\",\"@id\":\"https:\\\/\\\/membrasin.com\\\/fr\\\/tuote\\\/vaginal-moisture-cream-2\\\/#primaryimage\",\"url\":\"https:\\\/\\\/membrasin.com\\\/wp-content\\\/uploads\\\/2022\\\/06\\\/Membrasin_moisture_cream_tube_package_72dpi_600x600px.png\",\"contentUrl\":\"https:\\\/\\\/membrasin.com\\\/wp-content\\\/uploads\\\/2022\\\/06\\\/Membrasin_moisture_cream_tube_package_72dpi_600x600px.png\",\"width\":600,\"height\":600},{\"@type\":\"BreadcrumbList\",\"@id\":\"https:\\\/\\\/membrasin.com\\\/fr\\\/tuote\\\/vaginal-moisture-cream-2\\\/#breadcrumb\",\"itemListElement\":[{\"@type\":\"ListItem\",\"position\":1,\"name\":\"Etusivu\",\"item\":\"https:\\\/\\\/membrasin.com\\\/fr\\\/\"},{\"@type\":\"ListItem\",\"position\":2,\"name\":\"Produits\",\"item\":\"https:\\\/\\\/membrasin.com\\\/fr\\\/shop\\\/\"},{\"@type\":\"ListItem\",\"position\":3,\"name\":\"Vaginal Moisture Cream\"}]},{\"@type\":\"WebSite\",\"@id\":\"https:\\\/\\\/membrasin.com\\\/fr\\\/#website\",\"url\":\"https:\\\/\\\/membrasin.com\\\/fr\\\/\",\"name\":\"Membrasin\",\"description\":\"\",\"publisher\":{\"@id\":\"https:\\\/\\\/membrasin.com\\\/fr\\\/#organization\"},\"potentialAction\":[{\"@type\":\"SearchAction\",\"target\":{\"@type\":\"EntryPoint\",\"urlTemplate\":\"https:\\\/\\\/membrasin.com\\\/fr\\\/?s={search_term_string}\"},\"query-input\":{\"@type\":\"PropertyValueSpecification\",\"valueRequired\":true,\"valueName\":\"search_term_string\"}}],\"inLanguage\":\"fr-FR\"},{\"@type\":\"Organization\",\"@id\":\"https:\\\/\\\/membrasin.com\\\/fr\\\/#organization\",\"name\":\"Membrasin\",\"url\":\"https:\\\/\\\/membrasin.com\\\/fr\\\/\",\"logo\":{\"@type\":\"ImageObject\",\"inLanguage\":\"fr-FR\",\"@id\":\"https:\\\/\\\/membrasin.com\\\/fr\\\/#\\\/schema\\\/logo\\\/image\\\/\",\"url\":\"https:\\\/\\\/membrasin.com\\\/wp-content\\\/uploads\\\/2022\\\/09\\\/product_placeholder_membrasin_logo.png\",\"contentUrl\":\"https:\\\/\\\/membrasin.com\\\/wp-content\\\/uploads\\\/2022\\\/09\\\/product_placeholder_membrasin_logo.png\",\"width\":600,\"height\":600,\"caption\":\"Membrasin\"},\"image\":{\"@id\":\"https:\\\/\\\/membrasin.com\\\/fr\\\/#\\\/schema\\\/logo\\\/image\\\/\"},\"sameAs\":[\"https:\\\/\\\/www.facebook.com\\\/Membrasin\",\"https:\\\/\\\/www.instagram.com\\\/membrasin\\\/\"]}]}<\/script>\n<!-- \/ Yoast SEO plugin. -->","yoast_head_json":{"title":"Vaginal Moisture Cream - Membrasin","robots":{"index":"index","follow":"follow","max-snippet":"max-snippet:-1","max-image-preview":"max-image-preview:large","max-video-preview":"max-video-preview:-1"},"canonical":"https:\/\/membrasin.com\/fr\/tuote\/vaginal-moisture-cream-2\/","og_locale":"fr_FR","og_type":"article","og_title":"Vaginal Moisture Cream - Membrasin","og_description":"Soulage la s\u00e9cheresse vaginale. Traite les muqueuses de la zone intime et att\u00e9nue les sympt\u00f4mes li\u00e9s \u00e0 la s\u00e9cheresse vaginale et vulvaire.   Soulagement rapide des sympt\u00f4mes  Efficacit\u00e9 cliniquement prouv\u00e9e  Sans hormones ni parfum  Utilisation facile et hygi\u00e9nique","og_url":"https:\/\/membrasin.com\/fr\/tuote\/vaginal-moisture-cream-2\/","og_site_name":"Membrasin","article_publisher":"https:\/\/www.facebook.com\/Membrasin","article_modified_time":"2026-03-10T09:35:55+00:00","og_image":[{"width":600,"height":600,"url":"https:\/\/membrasin.com\/wp-content\/uploads\/2022\/06\/Membrasin_moisture_cream_tube_package_72dpi_600x600px.png","type":"image\/png"}],"twitter_card":"summary_large_image","twitter_misc":{"Dur\u00e9e de lecture estim\u00e9e":"2 minutes"},"schema":{"@context":"https:\/\/schema.org","@graph":[{"@type":"WebPage","@id":"https:\/\/membrasin.com\/fr\/tuote\/vaginal-moisture-cream-2\/","url":"https:\/\/membrasin.com\/fr\/tuote\/vaginal-moisture-cream-2\/","name":"Vaginal Moisture Cream - Membrasin","isPartOf":{"@id":"https:\/\/membrasin.com\/fr\/#website"},"primaryImageOfPage":{"@id":"https:\/\/membrasin.com\/fr\/tuote\/vaginal-moisture-cream-2\/#primaryimage"},"image":{"@id":"https:\/\/membrasin.com\/fr\/tuote\/vaginal-moisture-cream-2\/#primaryimage"},"thumbnailUrl":"https:\/\/membrasin.com\/wp-content\/uploads\/2022\/06\/Membrasin_moisture_cream_tube_package_72dpi_600x600px.png","datePublished":"2023-05-16T11:12:53+00:00","dateModified":"2026-03-10T09:35:55+00:00","breadcrumb":{"@id":"https:\/\/membrasin.com\/fr\/tuote\/vaginal-moisture-cream-2\/#breadcrumb"},"inLanguage":"fr-FR","potentialAction":[{"@type":"ReadAction","target":["https:\/\/membrasin.com\/fr\/tuote\/vaginal-moisture-cream-2\/"]}]},{"@type":"ImageObject","inLanguage":"fr-FR","@id":"https:\/\/membrasin.com\/fr\/tuote\/vaginal-moisture-cream-2\/#primaryimage","url":"https:\/\/membrasin.com\/wp-content\/uploads\/2022\/06\/Membrasin_moisture_cream_tube_package_72dpi_600x600px.png","contentUrl":"https:\/\/membrasin.com\/wp-content\/uploads\/2022\/06\/Membrasin_moisture_cream_tube_package_72dpi_600x600px.png","width":600,"height":600},{"@type":"BreadcrumbList","@id":"https:\/\/membrasin.com\/fr\/tuote\/vaginal-moisture-cream-2\/#breadcrumb","itemListElement":[{"@type":"ListItem","position":1,"name":"Etusivu","item":"https:\/\/membrasin.com\/fr\/"},{"@type":"ListItem","position":2,"name":"Produits","item":"https:\/\/membrasin.com\/fr\/shop\/"},{"@type":"ListItem","position":3,"name":"Vaginal Moisture Cream"}]},{"@type":"WebSite","@id":"https:\/\/membrasin.com\/fr\/#website","url":"https:\/\/membrasin.com\/fr\/","name":"Membrasin","description":"","publisher":{"@id":"https:\/\/membrasin.com\/fr\/#organization"},"potentialAction":[{"@type":"SearchAction","target":{"@type":"EntryPoint","urlTemplate":"https:\/\/membrasin.com\/fr\/?s={search_term_string}"},"query-input":{"@type":"PropertyValueSpecification","valueRequired":true,"valueName":"search_term_string"}}],"inLanguage":"fr-FR"},{"@type":"Organization","@id":"https:\/\/membrasin.com\/fr\/#organization","name":"Membrasin","url":"https:\/\/membrasin.com\/fr\/","logo":{"@type":"ImageObject","inLanguage":"fr-FR","@id":"https:\/\/membrasin.com\/fr\/#\/schema\/logo\/image\/","url":"https:\/\/membrasin.com\/wp-content\/uploads\/2022\/09\/product_placeholder_membrasin_logo.png","contentUrl":"https:\/\/membrasin.com\/wp-content\/uploads\/2022\/09\/product_placeholder_membrasin_logo.png","width":600,"height":600,"caption":"Membrasin"},"image":{"@id":"https:\/\/membrasin.com\/fr\/#\/schema\/logo\/image\/"},"sameAs":["https:\/\/www.facebook.com\/Membrasin","https:\/\/www.instagram.com\/membrasin\/"]}]}},"_links":{"self":[{"href":"https:\/\/membrasin.com\/fr\/wp-json\/wp\/v2\/product\/5069","targetHints":{"allow":["GET"]}}],"collection":[{"href":"https:\/\/membrasin.com\/fr\/wp-json\/wp\/v2\/product"}],"about":[{"href":"https:\/\/membrasin.com\/fr\/wp-json\/wp\/v2\/types\/product"}],"replies":[{"embeddable":true,"href":"https:\/\/membrasin.com\/fr\/wp-json\/wp\/v2\/comments?post=5069"}],"wp:featuredmedia":[{"embeddable":true,"href":"https:\/\/membrasin.com\/fr\/wp-json\/wp\/v2\/media\/5070"}],"wp:attachment":[{"href":"https:\/\/membrasin.com\/fr\/wp-json\/wp\/v2\/media?parent=5069"}],"wp:term":[{"taxonomy":"product_brand","embeddable":true,"href":"https:\/\/membrasin.com\/fr\/wp-json\/wp\/v2\/product_brand?post=5069"},{"taxonomy":"product_cat","embeddable":true,"href":"https:\/\/membrasin.com\/fr\/wp-json\/wp\/v2\/product_cat?post=5069"},{"taxonomy":"product_tag","embeddable":true,"href":"https:\/\/membrasin.com\/fr\/wp-json\/wp\/v2\/product_tag?post=5069"}],"curies":[{"name":"wp","href":"https:\/\/api.w.org\/{rel}","templated":true}]}}