{"id":5061,"date":"2023-06-09T11:08:32","date_gmt":"2023-06-09T08:08:32","guid":{"rendered":"https:\/\/membrasin.com\/tuote\/eye-hydration-supplement-2\/"},"modified":"2026-01-07T21:35:49","modified_gmt":"2026-01-07T19:35:49","slug":"eye-hydration-supplement-fr","status":"publish","type":"product","link":"https:\/\/membrasin.com\/fr\/tuote\/eye-hydration-supplement-fr\/","title":{"rendered":"Eye hydration supplement"},"content":{"rendered":"<p>Le compl\u00e9ment alimentaire pour les yeux Membrasin\u00ae hydrate et prot\u00e8ge les yeux naturellement. Il contient une combinaison unique d\u2019huile d\u2019argousier SBA24\u00ae, de lut\u00e9ine et de z\u00e9axanthine pour prot\u00e9ger la muqueuse de l\u2019\u0153il, la r\u00e9tine et le film lacrymal. Le compl\u00e9ment alimentaire renforce \u00e9galement le pigment maculaire et prot\u00e8ge l\u2019\u0153il de la lumi\u00e8re bleue.<\/p>\n<p>L\u2019huile d\u2019argousier SBA24\u00ae est l\u2019huile d\u2019argousier la plus \u00e9tudi\u00e9e au monde. Sa composition, sa s\u00e9curit\u00e9 et son efficacit\u00e9 ont \u00e9t\u00e9 cliniquement v\u00e9rifi\u00e9es.<\/p>\n<p>La lut\u00e9ine et la z\u00e9axanthine sont essentielles au fonctionnement normal de l\u2019\u0153il. Le m\u00e9lange unique de FloraGLO-lut\u00e9ine et de z\u00e9axanthine est hautement absorbant et ses bienfaits ont \u00e9t\u00e9 scientifiquement prouv\u00e9s par la recherche clinique.<\/p>\n<p>Le compl\u00e9ment alimentaire contient \u00e9galement une source naturelle de vitamine A, issue du b\u00eata-carot\u00e8ne naturel, qui contribue au maintien d\u2019une vision normale, et de la vitamine E, qui prot\u00e8ge les cellules des dommages oxydatifs.*<\/p>\n<p>Contient de l\u2019huile d\u2019argousier SBA24\u00ae, des acides gras om\u00e9ga-3, -6, -7 et -9, des vitamines A et E, de la lut\u00e9ine et de la z\u00e9axanthine.<\/p>\n<ul>\n<li>D\u00e9velopp\u00e9 avec des ophtalmologistes<\/li>\n<li>L\u2019efficacit\u00e9 et la s\u00e9curit\u00e9 ont \u00e9t\u00e9 v\u00e9rifi\u00e9es dans des \u00e9tudes cliniques<\/li>\n<li>Les r\u00e9sultats sont g\u00e9n\u00e9ralement visibles dans les 2 \u00e0 5 semaines<\/li>\n<li>Uniquement des ingr\u00e9dients naturels purs<\/li>\n<li>Capsules molles \u00e0 base de plantes. Convient aux v\u00e9g\u00e9taliens<\/li>\n<li>Pas d\u2019arri\u00e8re-go\u00fbt d\u00e9sagr\u00e9able comme avec les suppl\u00e9ments d\u2019huile de poisson<\/li>\n<li>Pour de meilleurs r\u00e9sultats, combinez le compl\u00e9ment alimentaire d\u2019hydratation des yeux Membrasin\u00ae avec le spray anti-yeux secs<\/li>\n<li>Membrasin\u00ae pour d\u00e9couvrir la solution unique en 2 \u00e9tapes pour soulager les sympt\u00f4mes de la s\u00e9cheresse oculaire.<\/li>\n<\/ul>\n<p>*Compl\u00e9ment nutritionnel : contient du b\u00eata-carot\u00e8ne, source de vitamine A, qui contribue au maintien d\u2019une vision normale. La vitamine E contribue \u00e0 la protection des cellules contre les dommages oxydatifs.<\/p>\n","protected":false},"excerpt":{"rendered":"<p>Hydrate naturellement les yeux secs et prot\u00e8ge la muqueuse oculaire. Maintient une vision normale.<\/p>\n<ul>\n<li>Hydratation et protection naturelles des yeux en 2 \u00e0 5 semaines<\/li>\n<li>Acides gras om\u00e9ga-3, -6, -7 et -9, vitamines A et E, lut\u00e9ine et z\u00e9axanthine<\/li>\n<li>Efficacit\u00e9 cliniquement prouv\u00e9e<\/li>\n<li>D\u00e9velopp\u00e9 avec des ophtalmologistes<\/li>\n<\/ul>\n","protected":false},"featured_media":5062,"comment_status":"open","ping_status":"closed","template":"","meta":{"_acf_changed":false},"product_brand":[],"product_cat":[133],"product_tag":[],"class_list":{"0":"post-5061","1":"product","2":"type-product","3":"status-publish","4":"has-post-thumbnail","6":"product_cat-vision-fr","8":"first","9":"instock","10":"taxable","11":"shipping-taxable","12":"purchasable","13":"product-type-simple"},"bundled_by":[],"bundle_stock_status":"instock","bundle_stock_quantity":null,"bundle_virtual":false,"bundle_layout":"","bundle_add_to_cart_form_location":"","bundle_editable_in_cart":false,"bundle_sold_individually_context":"","bundle_item_grouping":"","bundle_min_size":"","bundle_max_size":"","bundled_items":[],"bundle_sell_ids":[],"acf":[],"yoast_head":"<!-- This site is optimized with the Yoast SEO plugin v27.3 - https:\/\/yoast.com\/product\/yoast-seo-wordpress\/ -->\n<title>Eye hydration supplement - Membrasin<\/title>\n<meta name=\"description\" content=\"Le suppl\u00e9ment d\u2019hydratation oculaire Membrasin Vision hydrate naturellement les yeux secs et prot\u00e8ge la muqueuse oculaire. Maintient une vision normale. Achetez maintenant!\" \/>\n<meta name=\"robots\" content=\"index, follow, max-snippet:-1, max-image-preview:large, max-video-preview:-1\" \/>\n<link rel=\"canonical\" href=\"https:\/\/membrasin.com\/fr\/tuote\/eye-hydration-supplement-fr\/\" \/>\n<meta property=\"og:locale\" content=\"fr_FR\" \/>\n<meta property=\"og:type\" content=\"article\" \/>\n<meta property=\"og:title\" content=\"Eye hydration supplement - Membrasin\" \/>\n<meta property=\"og:description\" content=\"Le suppl\u00e9ment d\u2019hydratation oculaire Membrasin Vision hydrate naturellement les yeux secs et prot\u00e8ge la muqueuse oculaire. Maintient une vision normale. Achetez maintenant!\" \/>\n<meta property=\"og:url\" content=\"https:\/\/membrasin.com\/fr\/tuote\/eye-hydration-supplement-fr\/\" \/>\n<meta property=\"og:site_name\" content=\"Membrasin\" \/>\n<meta property=\"article:publisher\" content=\"https:\/\/www.facebook.com\/Membrasin\" \/>\n<meta property=\"article:modified_time\" content=\"2026-01-07T19:35:49+00:00\" \/>\n<meta property=\"og:image\" content=\"https:\/\/membrasin.com\/wp-content\/uploads\/2022\/06\/Membrasin_Vision_capsules_caps_package_72dpi_600x600px.png\" \/>\n\t<meta property=\"og:image:width\" content=\"600\" \/>\n\t<meta property=\"og:image:height\" content=\"600\" \/>\n\t<meta property=\"og:image:type\" content=\"image\/png\" \/>\n<meta name=\"twitter:card\" content=\"summary_large_image\" \/>\n<meta name=\"twitter:label1\" content=\"Dur\u00e9e de lecture estim\u00e9e\" \/>\n\t<meta name=\"twitter:data1\" content=\"2 minutes\" \/>\n<script type=\"application\/ld+json\" class=\"yoast-schema-graph\">{\"@context\":\"https:\\\/\\\/schema.org\",\"@graph\":[{\"@type\":\"WebPage\",\"@id\":\"https:\\\/\\\/membrasin.com\\\/fr\\\/tuote\\\/eye-hydration-supplement-fr\\\/\",\"url\":\"https:\\\/\\\/membrasin.com\\\/fr\\\/tuote\\\/eye-hydration-supplement-fr\\\/\",\"name\":\"Eye hydration supplement - Membrasin\",\"isPartOf\":{\"@id\":\"https:\\\/\\\/membrasin.com\\\/fr\\\/#website\"},\"primaryImageOfPage\":{\"@id\":\"https:\\\/\\\/membrasin.com\\\/fr\\\/tuote\\\/eye-hydration-supplement-fr\\\/#primaryimage\"},\"image\":{\"@id\":\"https:\\\/\\\/membrasin.com\\\/fr\\\/tuote\\\/eye-hydration-supplement-fr\\\/#primaryimage\"},\"thumbnailUrl\":\"https:\\\/\\\/membrasin.com\\\/wp-content\\\/uploads\\\/2022\\\/06\\\/Membrasin_Vision_capsules_caps_package_72dpi_600x600px.png\",\"datePublished\":\"2023-06-09T08:08:32+00:00\",\"dateModified\":\"2026-01-07T19:35:49+00:00\",\"description\":\"Le suppl\u00e9ment d\u2019hydratation oculaire Membrasin Vision hydrate naturellement les yeux secs et prot\u00e8ge la muqueuse oculaire. Maintient une vision normale. Achetez maintenant!\",\"breadcrumb\":{\"@id\":\"https:\\\/\\\/membrasin.com\\\/fr\\\/tuote\\\/eye-hydration-supplement-fr\\\/#breadcrumb\"},\"inLanguage\":\"fr-FR\",\"potentialAction\":[{\"@type\":\"ReadAction\",\"target\":[\"https:\\\/\\\/membrasin.com\\\/fr\\\/tuote\\\/eye-hydration-supplement-fr\\\/\"]}]},{\"@type\":\"ImageObject\",\"inLanguage\":\"fr-FR\",\"@id\":\"https:\\\/\\\/membrasin.com\\\/fr\\\/tuote\\\/eye-hydration-supplement-fr\\\/#primaryimage\",\"url\":\"https:\\\/\\\/membrasin.com\\\/wp-content\\\/uploads\\\/2022\\\/06\\\/Membrasin_Vision_capsules_caps_package_72dpi_600x600px.png\",\"contentUrl\":\"https:\\\/\\\/membrasin.com\\\/wp-content\\\/uploads\\\/2022\\\/06\\\/Membrasin_Vision_capsules_caps_package_72dpi_600x600px.png\",\"width\":600,\"height\":600},{\"@type\":\"BreadcrumbList\",\"@id\":\"https:\\\/\\\/membrasin.com\\\/fr\\\/tuote\\\/eye-hydration-supplement-fr\\\/#breadcrumb\",\"itemListElement\":[{\"@type\":\"ListItem\",\"position\":1,\"name\":\"Etusivu\",\"item\":\"https:\\\/\\\/membrasin.com\\\/fr\\\/\"},{\"@type\":\"ListItem\",\"position\":2,\"name\":\"Produits\",\"item\":\"https:\\\/\\\/membrasin.com\\\/fr\\\/shop\\\/\"},{\"@type\":\"ListItem\",\"position\":3,\"name\":\"Eye hydration supplement\"}]},{\"@type\":\"WebSite\",\"@id\":\"https:\\\/\\\/membrasin.com\\\/fr\\\/#website\",\"url\":\"https:\\\/\\\/membrasin.com\\\/fr\\\/\",\"name\":\"Membrasin\",\"description\":\"\",\"publisher\":{\"@id\":\"https:\\\/\\\/membrasin.com\\\/fr\\\/#organization\"},\"potentialAction\":[{\"@type\":\"SearchAction\",\"target\":{\"@type\":\"EntryPoint\",\"urlTemplate\":\"https:\\\/\\\/membrasin.com\\\/fr\\\/?s={search_term_string}\"},\"query-input\":{\"@type\":\"PropertyValueSpecification\",\"valueRequired\":true,\"valueName\":\"search_term_string\"}}],\"inLanguage\":\"fr-FR\"},{\"@type\":\"Organization\",\"@id\":\"https:\\\/\\\/membrasin.com\\\/fr\\\/#organization\",\"name\":\"Membrasin\",\"url\":\"https:\\\/\\\/membrasin.com\\\/fr\\\/\",\"logo\":{\"@type\":\"ImageObject\",\"inLanguage\":\"fr-FR\",\"@id\":\"https:\\\/\\\/membrasin.com\\\/fr\\\/#\\\/schema\\\/logo\\\/image\\\/\",\"url\":\"https:\\\/\\\/membrasin.com\\\/wp-content\\\/uploads\\\/2022\\\/09\\\/product_placeholder_membrasin_logo.png\",\"contentUrl\":\"https:\\\/\\\/membrasin.com\\\/wp-content\\\/uploads\\\/2022\\\/09\\\/product_placeholder_membrasin_logo.png\",\"width\":600,\"height\":600,\"caption\":\"Membrasin\"},\"image\":{\"@id\":\"https:\\\/\\\/membrasin.com\\\/fr\\\/#\\\/schema\\\/logo\\\/image\\\/\"},\"sameAs\":[\"https:\\\/\\\/www.facebook.com\\\/Membrasin\",\"https:\\\/\\\/www.instagram.com\\\/membrasin\\\/\"]}]}<\/script>\n<!-- \/ Yoast SEO plugin. -->","yoast_head_json":{"title":"Eye hydration supplement - Membrasin","description":"Le suppl\u00e9ment d\u2019hydratation oculaire Membrasin Vision hydrate naturellement les yeux secs et prot\u00e8ge la muqueuse oculaire. Maintient une vision normale. Achetez maintenant!","robots":{"index":"index","follow":"follow","max-snippet":"max-snippet:-1","max-image-preview":"max-image-preview:large","max-video-preview":"max-video-preview:-1"},"canonical":"https:\/\/membrasin.com\/fr\/tuote\/eye-hydration-supplement-fr\/","og_locale":"fr_FR","og_type":"article","og_title":"Eye hydration supplement - Membrasin","og_description":"Le suppl\u00e9ment d\u2019hydratation oculaire Membrasin Vision hydrate naturellement les yeux secs et prot\u00e8ge la muqueuse oculaire. Maintient une vision normale. Achetez maintenant!","og_url":"https:\/\/membrasin.com\/fr\/tuote\/eye-hydration-supplement-fr\/","og_site_name":"Membrasin","article_publisher":"https:\/\/www.facebook.com\/Membrasin","article_modified_time":"2026-01-07T19:35:49+00:00","og_image":[{"width":600,"height":600,"url":"https:\/\/membrasin.com\/wp-content\/uploads\/2022\/06\/Membrasin_Vision_capsules_caps_package_72dpi_600x600px.png","type":"image\/png"}],"twitter_card":"summary_large_image","twitter_misc":{"Dur\u00e9e de lecture estim\u00e9e":"2 minutes"},"schema":{"@context":"https:\/\/schema.org","@graph":[{"@type":"WebPage","@id":"https:\/\/membrasin.com\/fr\/tuote\/eye-hydration-supplement-fr\/","url":"https:\/\/membrasin.com\/fr\/tuote\/eye-hydration-supplement-fr\/","name":"Eye hydration supplement - Membrasin","isPartOf":{"@id":"https:\/\/membrasin.com\/fr\/#website"},"primaryImageOfPage":{"@id":"https:\/\/membrasin.com\/fr\/tuote\/eye-hydration-supplement-fr\/#primaryimage"},"image":{"@id":"https:\/\/membrasin.com\/fr\/tuote\/eye-hydration-supplement-fr\/#primaryimage"},"thumbnailUrl":"https:\/\/membrasin.com\/wp-content\/uploads\/2022\/06\/Membrasin_Vision_capsules_caps_package_72dpi_600x600px.png","datePublished":"2023-06-09T08:08:32+00:00","dateModified":"2026-01-07T19:35:49+00:00","description":"Le suppl\u00e9ment d\u2019hydratation oculaire Membrasin Vision hydrate naturellement les yeux secs et prot\u00e8ge la muqueuse oculaire. Maintient une vision normale. Achetez maintenant!","breadcrumb":{"@id":"https:\/\/membrasin.com\/fr\/tuote\/eye-hydration-supplement-fr\/#breadcrumb"},"inLanguage":"fr-FR","potentialAction":[{"@type":"ReadAction","target":["https:\/\/membrasin.com\/fr\/tuote\/eye-hydration-supplement-fr\/"]}]},{"@type":"ImageObject","inLanguage":"fr-FR","@id":"https:\/\/membrasin.com\/fr\/tuote\/eye-hydration-supplement-fr\/#primaryimage","url":"https:\/\/membrasin.com\/wp-content\/uploads\/2022\/06\/Membrasin_Vision_capsules_caps_package_72dpi_600x600px.png","contentUrl":"https:\/\/membrasin.com\/wp-content\/uploads\/2022\/06\/Membrasin_Vision_capsules_caps_package_72dpi_600x600px.png","width":600,"height":600},{"@type":"BreadcrumbList","@id":"https:\/\/membrasin.com\/fr\/tuote\/eye-hydration-supplement-fr\/#breadcrumb","itemListElement":[{"@type":"ListItem","position":1,"name":"Etusivu","item":"https:\/\/membrasin.com\/fr\/"},{"@type":"ListItem","position":2,"name":"Produits","item":"https:\/\/membrasin.com\/fr\/shop\/"},{"@type":"ListItem","position":3,"name":"Eye hydration supplement"}]},{"@type":"WebSite","@id":"https:\/\/membrasin.com\/fr\/#website","url":"https:\/\/membrasin.com\/fr\/","name":"Membrasin","description":"","publisher":{"@id":"https:\/\/membrasin.com\/fr\/#organization"},"potentialAction":[{"@type":"SearchAction","target":{"@type":"EntryPoint","urlTemplate":"https:\/\/membrasin.com\/fr\/?s={search_term_string}"},"query-input":{"@type":"PropertyValueSpecification","valueRequired":true,"valueName":"search_term_string"}}],"inLanguage":"fr-FR"},{"@type":"Organization","@id":"https:\/\/membrasin.com\/fr\/#organization","name":"Membrasin","url":"https:\/\/membrasin.com\/fr\/","logo":{"@type":"ImageObject","inLanguage":"fr-FR","@id":"https:\/\/membrasin.com\/fr\/#\/schema\/logo\/image\/","url":"https:\/\/membrasin.com\/wp-content\/uploads\/2022\/09\/product_placeholder_membrasin_logo.png","contentUrl":"https:\/\/membrasin.com\/wp-content\/uploads\/2022\/09\/product_placeholder_membrasin_logo.png","width":600,"height":600,"caption":"Membrasin"},"image":{"@id":"https:\/\/membrasin.com\/fr\/#\/schema\/logo\/image\/"},"sameAs":["https:\/\/www.facebook.com\/Membrasin","https:\/\/www.instagram.com\/membrasin\/"]}]}},"_links":{"self":[{"href":"https:\/\/membrasin.com\/fr\/wp-json\/wp\/v2\/product\/5061","targetHints":{"allow":["GET"]}}],"collection":[{"href":"https:\/\/membrasin.com\/fr\/wp-json\/wp\/v2\/product"}],"about":[{"href":"https:\/\/membrasin.com\/fr\/wp-json\/wp\/v2\/types\/product"}],"replies":[{"embeddable":true,"href":"https:\/\/membrasin.com\/fr\/wp-json\/wp\/v2\/comments?post=5061"}],"wp:featuredmedia":[{"embeddable":true,"href":"https:\/\/membrasin.com\/fr\/wp-json\/wp\/v2\/media\/5062"}],"wp:attachment":[{"href":"https:\/\/membrasin.com\/fr\/wp-json\/wp\/v2\/media?parent=5061"}],"wp:term":[{"taxonomy":"product_brand","embeddable":true,"href":"https:\/\/membrasin.com\/fr\/wp-json\/wp\/v2\/product_brand?post=5061"},{"taxonomy":"product_cat","embeddable":true,"href":"https:\/\/membrasin.com\/fr\/wp-json\/wp\/v2\/product_cat?post=5061"},{"taxonomy":"product_tag","embeddable":true,"href":"https:\/\/membrasin.com\/fr\/wp-json\/wp\/v2\/product_tag?post=5061"}],"curies":[{"name":"wp","href":"https:\/\/api.w.org\/{rel}","templated":true}]}}