{"id":5055,"date":"2023-06-09T11:15:21","date_gmt":"2023-06-09T08:15:21","guid":{"rendered":"https:\/\/membrasin.com\/tuote\/dry-eye-relief-spray-2\/"},"modified":"2026-04-03T18:32:39","modified_gmt":"2026-04-03T15:32:39","slug":"dry-eye-relief-spray-2","status":"publish","type":"product","link":"https:\/\/membrasin.com\/fr\/tuote\/dry-eye-relief-spray-2\/","title":{"rendered":"Dry Eye Relief Spray"},"content":{"rendered":"<p>Membrasin\u00ae Dry Eye Relief Spray soulage instantan\u00e9ment les sympt\u00f4mes de la s\u00e9cheresse oculaire et hydrate les paupi\u00e8res. Les principes actifs du spray sont l\u2019huile d\u2019argousier et le hyaluronate. L\u2019huile d\u2019argousier se propage \u00e0 la surface du film lacrymal, renfor\u00e7ant la couche lipidique des larmes et l\u2019hyaluronate renforce la capacit\u00e9 de r\u00e9tention d\u2019eau du liquide lacrymal. Le spray hydrate et apaise \u00e9galement la peau du contour des yeux.<\/p>\n<p>Ce spray facile \u00e0 utiliser peut-\u00eatre utilis\u00e9 quotidiennement et convient aux yeux sensibles. Il peut \u00e9galement \u00eatre utilis\u00e9 avec des lentilles de contact et du maquillage. Le spray est sans alcool ni conservateur et ne contient aucun ingr\u00e9dient d\u2019origine animale.<\/p>\n<p>Spray de soulagement sec double action :<\/p>\n<ol>\n<li>L\u2019huile d\u2019argousier se r\u00e9pand \u00e0 la surface du film lacrymal, renfor\u00e7ant la couche lipidique des larmes qui prot\u00e8ge les yeux du dess\u00e8chement.<\/li>\n<li>L\u2019hyaluronate soutient la capacit\u00e9 de r\u00e9tention d\u2019eau du liquide lacrymal et prot\u00e8ge les cellules contre les dommages<\/li>\n<\/ol>\n<p>Pour de meilleurs r\u00e9sultats, combinez le spray anti-s\u00e8cheresse oculaire Membrasin\u00ae avec le compl\u00e9ment alimentaire Membrasin\u00ae pour d\u00e9couvrir la solution unique en 2 \u00e9tapes pour soulager les sympt\u00f4mes de la s\u00e9cheresse oculaire.<\/p>\n","protected":false},"excerpt":{"rendered":"<p>Soulage naturellement les sympt\u00f4mes de la s\u00e9cheresse oculaire et hydrate les paupi\u00e8res. Apaise la peau du contour des yeux.<\/p>\n<ul>\n<li>Soulagement instantan\u00e9 des sympt\u00f4mes de s\u00e9cheresse oculaire<\/li>\n<li>Efficacit\u00e9 cliniquement prouv\u00e9e<\/li>\n<li>Utilisation facile et hygi\u00e9nique<\/li>\n<li>D\u00e9velopp\u00e9 avec\u00a0des ophtalmologistes<\/li>\n<\/ul>\n","protected":false},"featured_media":7512,"comment_status":"open","ping_status":"closed","template":"","meta":{"_acf_changed":false},"product_brand":[],"product_cat":[133],"product_tag":[],"class_list":{"0":"post-5055","1":"product","2":"type-product","3":"status-publish","4":"has-post-thumbnail","6":"product_cat-vision-fr","8":"first","9":"instock","10":"taxable","11":"shipping-taxable","12":"purchasable","13":"product-type-simple"},"bundled_by":[],"bundle_stock_status":"instock","bundle_stock_quantity":null,"bundle_virtual":false,"bundle_layout":"","bundle_add_to_cart_form_location":"","bundle_editable_in_cart":false,"bundle_sold_individually_context":"","bundle_item_grouping":"","bundle_min_size":"","bundle_max_size":"","bundled_items":[],"bundle_sell_ids":[],"acf":[],"yoast_head":"<!-- This site is optimized with the Yoast SEO plugin v27.3 - https:\/\/yoast.com\/product\/yoast-seo-wordpress\/ -->\n<title>Dry Eye Relief Spray - Membrasin<\/title>\n<meta name=\"description\" content=\"Membrasin Vision Dry Eye Relief Spray soulage naturellement les sympt\u00f4mes de la s\u00e9cheresse oculaire et hydrate les paupi\u00e8res. Apaise la peau du contour des yeux. Achetez maintenant!\" \/>\n<meta name=\"robots\" content=\"index, follow, max-snippet:-1, max-image-preview:large, max-video-preview:-1\" \/>\n<link rel=\"canonical\" href=\"https:\/\/membrasin.com\/fr\/tuote\/dry-eye-relief-spray-2\/\" \/>\n<meta property=\"og:locale\" content=\"fr_FR\" \/>\n<meta property=\"og:type\" content=\"article\" \/>\n<meta property=\"og:title\" content=\"Dry Eye Relief Spray - Membrasin\" \/>\n<meta property=\"og:description\" content=\"Membrasin Vision Dry Eye Relief Spray soulage naturellement les sympt\u00f4mes de la s\u00e9cheresse oculaire et hydrate les paupi\u00e8res. Apaise la peau du contour des yeux. Achetez maintenant!\" \/>\n<meta property=\"og:url\" content=\"https:\/\/membrasin.com\/fr\/tuote\/dry-eye-relief-spray-2\/\" \/>\n<meta property=\"og:site_name\" content=\"Membrasin\" \/>\n<meta property=\"article:publisher\" content=\"https:\/\/www.facebook.com\/Membrasin\" \/>\n<meta property=\"article:modified_time\" content=\"2026-04-03T15:32:39+00:00\" \/>\n<meta property=\"og:image\" content=\"https:\/\/membrasin.com\/wp-content\/uploads\/2022\/06\/Membrasin_Vision_spray_bottle-package_72dpi_600x600px.png\" \/>\n\t<meta property=\"og:image:width\" content=\"600\" \/>\n\t<meta property=\"og:image:height\" content=\"600\" \/>\n\t<meta property=\"og:image:type\" content=\"image\/png\" \/>\n<meta name=\"twitter:card\" content=\"summary_large_image\" \/>\n<meta name=\"twitter:label1\" content=\"Dur\u00e9e de lecture estim\u00e9e\" \/>\n\t<meta name=\"twitter:data1\" content=\"2 minutes\" \/>\n<script type=\"application\/ld+json\" class=\"yoast-schema-graph\">{\"@context\":\"https:\\\/\\\/schema.org\",\"@graph\":[{\"@type\":\"WebPage\",\"@id\":\"https:\\\/\\\/membrasin.com\\\/fr\\\/tuote\\\/dry-eye-relief-spray-2\\\/\",\"url\":\"https:\\\/\\\/membrasin.com\\\/fr\\\/tuote\\\/dry-eye-relief-spray-2\\\/\",\"name\":\"Dry Eye Relief Spray - Membrasin\",\"isPartOf\":{\"@id\":\"https:\\\/\\\/membrasin.com\\\/fr\\\/#website\"},\"primaryImageOfPage\":{\"@id\":\"https:\\\/\\\/membrasin.com\\\/fr\\\/tuote\\\/dry-eye-relief-spray-2\\\/#primaryimage\"},\"image\":{\"@id\":\"https:\\\/\\\/membrasin.com\\\/fr\\\/tuote\\\/dry-eye-relief-spray-2\\\/#primaryimage\"},\"thumbnailUrl\":\"https:\\\/\\\/membrasin.com\\\/wp-content\\\/uploads\\\/2023\\\/06\\\/BERRY-Omega7-Membr-TUOTEKUVAT-5.png\",\"datePublished\":\"2023-06-09T08:15:21+00:00\",\"dateModified\":\"2026-04-03T15:32:39+00:00\",\"description\":\"Membrasin Vision Dry Eye Relief Spray soulage naturellement les sympt\u00f4mes de la s\u00e9cheresse oculaire et hydrate les paupi\u00e8res. Apaise la peau du contour des yeux. Achetez maintenant!\",\"breadcrumb\":{\"@id\":\"https:\\\/\\\/membrasin.com\\\/fr\\\/tuote\\\/dry-eye-relief-spray-2\\\/#breadcrumb\"},\"inLanguage\":\"fr-FR\",\"potentialAction\":[{\"@type\":\"ReadAction\",\"target\":[\"https:\\\/\\\/membrasin.com\\\/fr\\\/tuote\\\/dry-eye-relief-spray-2\\\/\"]}]},{\"@type\":\"ImageObject\",\"inLanguage\":\"fr-FR\",\"@id\":\"https:\\\/\\\/membrasin.com\\\/fr\\\/tuote\\\/dry-eye-relief-spray-2\\\/#primaryimage\",\"url\":\"https:\\\/\\\/membrasin.com\\\/wp-content\\\/uploads\\\/2023\\\/06\\\/BERRY-Omega7-Membr-TUOTEKUVAT-5.png\",\"contentUrl\":\"https:\\\/\\\/membrasin.com\\\/wp-content\\\/uploads\\\/2023\\\/06\\\/BERRY-Omega7-Membr-TUOTEKUVAT-5.png\",\"width\":650,\"height\":650},{\"@type\":\"BreadcrumbList\",\"@id\":\"https:\\\/\\\/membrasin.com\\\/fr\\\/tuote\\\/dry-eye-relief-spray-2\\\/#breadcrumb\",\"itemListElement\":[{\"@type\":\"ListItem\",\"position\":1,\"name\":\"Etusivu\",\"item\":\"https:\\\/\\\/membrasin.com\\\/fr\\\/\"},{\"@type\":\"ListItem\",\"position\":2,\"name\":\"Produits\",\"item\":\"https:\\\/\\\/membrasin.com\\\/fr\\\/shop\\\/\"},{\"@type\":\"ListItem\",\"position\":3,\"name\":\"Dry Eye Relief Spray\"}]},{\"@type\":\"WebSite\",\"@id\":\"https:\\\/\\\/membrasin.com\\\/fr\\\/#website\",\"url\":\"https:\\\/\\\/membrasin.com\\\/fr\\\/\",\"name\":\"Membrasin\",\"description\":\"\",\"publisher\":{\"@id\":\"https:\\\/\\\/membrasin.com\\\/fr\\\/#organization\"},\"potentialAction\":[{\"@type\":\"SearchAction\",\"target\":{\"@type\":\"EntryPoint\",\"urlTemplate\":\"https:\\\/\\\/membrasin.com\\\/fr\\\/?s={search_term_string}\"},\"query-input\":{\"@type\":\"PropertyValueSpecification\",\"valueRequired\":true,\"valueName\":\"search_term_string\"}}],\"inLanguage\":\"fr-FR\"},{\"@type\":\"Organization\",\"@id\":\"https:\\\/\\\/membrasin.com\\\/fr\\\/#organization\",\"name\":\"Membrasin\",\"url\":\"https:\\\/\\\/membrasin.com\\\/fr\\\/\",\"logo\":{\"@type\":\"ImageObject\",\"inLanguage\":\"fr-FR\",\"@id\":\"https:\\\/\\\/membrasin.com\\\/fr\\\/#\\\/schema\\\/logo\\\/image\\\/\",\"url\":\"https:\\\/\\\/membrasin.com\\\/wp-content\\\/uploads\\\/2022\\\/09\\\/product_placeholder_membrasin_logo.png\",\"contentUrl\":\"https:\\\/\\\/membrasin.com\\\/wp-content\\\/uploads\\\/2022\\\/09\\\/product_placeholder_membrasin_logo.png\",\"width\":600,\"height\":600,\"caption\":\"Membrasin\"},\"image\":{\"@id\":\"https:\\\/\\\/membrasin.com\\\/fr\\\/#\\\/schema\\\/logo\\\/image\\\/\"},\"sameAs\":[\"https:\\\/\\\/www.facebook.com\\\/Membrasin\",\"https:\\\/\\\/www.instagram.com\\\/membrasin\\\/\"]}]}<\/script>\n<!-- \/ Yoast SEO plugin. -->","yoast_head_json":{"title":"Dry Eye Relief Spray - Membrasin","description":"Membrasin Vision Dry Eye Relief Spray soulage naturellement les sympt\u00f4mes de la s\u00e9cheresse oculaire et hydrate les paupi\u00e8res. Apaise la peau du contour des yeux. Achetez maintenant!","robots":{"index":"index","follow":"follow","max-snippet":"max-snippet:-1","max-image-preview":"max-image-preview:large","max-video-preview":"max-video-preview:-1"},"canonical":"https:\/\/membrasin.com\/fr\/tuote\/dry-eye-relief-spray-2\/","og_locale":"fr_FR","og_type":"article","og_title":"Dry Eye Relief Spray - Membrasin","og_description":"Membrasin Vision Dry Eye Relief Spray soulage naturellement les sympt\u00f4mes de la s\u00e9cheresse oculaire et hydrate les paupi\u00e8res. Apaise la peau du contour des yeux. Achetez maintenant!","og_url":"https:\/\/membrasin.com\/fr\/tuote\/dry-eye-relief-spray-2\/","og_site_name":"Membrasin","article_publisher":"https:\/\/www.facebook.com\/Membrasin","article_modified_time":"2026-04-03T15:32:39+00:00","og_image":[{"width":600,"height":600,"url":"https:\/\/membrasin.com\/wp-content\/uploads\/2022\/06\/Membrasin_Vision_spray_bottle-package_72dpi_600x600px.png","type":"image\/png"}],"twitter_card":"summary_large_image","twitter_misc":{"Dur\u00e9e de lecture estim\u00e9e":"2 minutes"},"schema":{"@context":"https:\/\/schema.org","@graph":[{"@type":"WebPage","@id":"https:\/\/membrasin.com\/fr\/tuote\/dry-eye-relief-spray-2\/","url":"https:\/\/membrasin.com\/fr\/tuote\/dry-eye-relief-spray-2\/","name":"Dry Eye Relief Spray - Membrasin","isPartOf":{"@id":"https:\/\/membrasin.com\/fr\/#website"},"primaryImageOfPage":{"@id":"https:\/\/membrasin.com\/fr\/tuote\/dry-eye-relief-spray-2\/#primaryimage"},"image":{"@id":"https:\/\/membrasin.com\/fr\/tuote\/dry-eye-relief-spray-2\/#primaryimage"},"thumbnailUrl":"https:\/\/membrasin.com\/wp-content\/uploads\/2023\/06\/BERRY-Omega7-Membr-TUOTEKUVAT-5.png","datePublished":"2023-06-09T08:15:21+00:00","dateModified":"2026-04-03T15:32:39+00:00","description":"Membrasin Vision Dry Eye Relief Spray soulage naturellement les sympt\u00f4mes de la s\u00e9cheresse oculaire et hydrate les paupi\u00e8res. Apaise la peau du contour des yeux. Achetez maintenant!","breadcrumb":{"@id":"https:\/\/membrasin.com\/fr\/tuote\/dry-eye-relief-spray-2\/#breadcrumb"},"inLanguage":"fr-FR","potentialAction":[{"@type":"ReadAction","target":["https:\/\/membrasin.com\/fr\/tuote\/dry-eye-relief-spray-2\/"]}]},{"@type":"ImageObject","inLanguage":"fr-FR","@id":"https:\/\/membrasin.com\/fr\/tuote\/dry-eye-relief-spray-2\/#primaryimage","url":"https:\/\/membrasin.com\/wp-content\/uploads\/2023\/06\/BERRY-Omega7-Membr-TUOTEKUVAT-5.png","contentUrl":"https:\/\/membrasin.com\/wp-content\/uploads\/2023\/06\/BERRY-Omega7-Membr-TUOTEKUVAT-5.png","width":650,"height":650},{"@type":"BreadcrumbList","@id":"https:\/\/membrasin.com\/fr\/tuote\/dry-eye-relief-spray-2\/#breadcrumb","itemListElement":[{"@type":"ListItem","position":1,"name":"Etusivu","item":"https:\/\/membrasin.com\/fr\/"},{"@type":"ListItem","position":2,"name":"Produits","item":"https:\/\/membrasin.com\/fr\/shop\/"},{"@type":"ListItem","position":3,"name":"Dry Eye Relief Spray"}]},{"@type":"WebSite","@id":"https:\/\/membrasin.com\/fr\/#website","url":"https:\/\/membrasin.com\/fr\/","name":"Membrasin","description":"","publisher":{"@id":"https:\/\/membrasin.com\/fr\/#organization"},"potentialAction":[{"@type":"SearchAction","target":{"@type":"EntryPoint","urlTemplate":"https:\/\/membrasin.com\/fr\/?s={search_term_string}"},"query-input":{"@type":"PropertyValueSpecification","valueRequired":true,"valueName":"search_term_string"}}],"inLanguage":"fr-FR"},{"@type":"Organization","@id":"https:\/\/membrasin.com\/fr\/#organization","name":"Membrasin","url":"https:\/\/membrasin.com\/fr\/","logo":{"@type":"ImageObject","inLanguage":"fr-FR","@id":"https:\/\/membrasin.com\/fr\/#\/schema\/logo\/image\/","url":"https:\/\/membrasin.com\/wp-content\/uploads\/2022\/09\/product_placeholder_membrasin_logo.png","contentUrl":"https:\/\/membrasin.com\/wp-content\/uploads\/2022\/09\/product_placeholder_membrasin_logo.png","width":600,"height":600,"caption":"Membrasin"},"image":{"@id":"https:\/\/membrasin.com\/fr\/#\/schema\/logo\/image\/"},"sameAs":["https:\/\/www.facebook.com\/Membrasin","https:\/\/www.instagram.com\/membrasin\/"]}]}},"_links":{"self":[{"href":"https:\/\/membrasin.com\/fr\/wp-json\/wp\/v2\/product\/5055","targetHints":{"allow":["GET"]}}],"collection":[{"href":"https:\/\/membrasin.com\/fr\/wp-json\/wp\/v2\/product"}],"about":[{"href":"https:\/\/membrasin.com\/fr\/wp-json\/wp\/v2\/types\/product"}],"replies":[{"embeddable":true,"href":"https:\/\/membrasin.com\/fr\/wp-json\/wp\/v2\/comments?post=5055"}],"wp:featuredmedia":[{"embeddable":true,"href":"https:\/\/membrasin.com\/fr\/wp-json\/wp\/v2\/media\/7512"}],"wp:attachment":[{"href":"https:\/\/membrasin.com\/fr\/wp-json\/wp\/v2\/media?parent=5055"}],"wp:term":[{"taxonomy":"product_brand","embeddable":true,"href":"https:\/\/membrasin.com\/fr\/wp-json\/wp\/v2\/product_brand?post=5055"},{"taxonomy":"product_cat","embeddable":true,"href":"https:\/\/membrasin.com\/fr\/wp-json\/wp\/v2\/product_cat?post=5055"},{"taxonomy":"product_tag","embeddable":true,"href":"https:\/\/membrasin.com\/fr\/wp-json\/wp\/v2\/product_tag?post=5055"}],"curies":[{"name":"wp","href":"https:\/\/api.w.org\/{rel}","templated":true}]}}