{"id":6700,"date":"2025-01-17T13:32:38","date_gmt":"2025-01-17T11:32:38","guid":{"rendered":"https:\/\/membrasin.com\/?post_type=product&#038;p=6700"},"modified":"2026-04-07T22:16:32","modified_gmt":"2026-04-07T19:16:32","slug":"atopic-skin-repair-cream-fin","status":"publish","type":"product","link":"https:\/\/membrasin.com\/fi\/tuote\/atopic-skin-repair-cream-fin\/","title":{"rendered":"Atopic Skin Repair Cream"},"content":{"rendered":"<h2>Hoitava voide kuivalle ja atooppiselle iholle<\/h2>\n<p>Membrasin<sup>\u00ae<\/sup> Atopic Skin Repair Cream -voide lievitt\u00e4\u00e4 atooppista ekseemaa, kutinaa ja punoitusta. Lis\u00e4ksi se pehment\u00e4\u00e4 ja kosteuttaa kuivaa ihoa.<\/p>\n<p><span data-teams=\"true\">Membrasin\u00ae Dermal Atopic Skin Repair voide sis\u00e4lt\u00e4\u00e4 runsaasti luonnollisia tehoaineita, jotka helliv\u00e4t kuivaa ja atooppista ihoa. <\/span>Mustaherukan siemen\u00f6ljy sis\u00e4lt\u00e4\u00e4 runsaasti ihon hyvinvoinnille v\u00e4ltt\u00e4m\u00e4tt\u00f6mi\u00e4 omega-3, -6 ja -9-rasvahappoja. Mustaherukan siemen\u00f6ljyn ja muiden luonnollisten aktiivisten aineosien yhdistelm\u00e4 suojaa tehokkaasti herkk\u00e4\u00e4, kuivaa ja atooppista ihoa.<span data-teams=\"true\">\u00a0 Ainutlaatuinen SymCalmin\u00ae Avena kaurayhdiste auttaa lievitt\u00e4m\u00e4\u00e4n herk\u00e4n ja atooppisen ihon oireita, kuten kutinaa, kireytt\u00e4 ja punoitusta. Lis\u00e4ksi voide sis\u00e4lt\u00e4\u00e4 pehment\u00e4v\u00e4\u00e4 ja hoitavaa sheavoita, manteli\u00f6ljy\u00e4 ja kookos\u00f6ljy\u00e4 sek\u00e4 kosteutta sitovaa hyaluronaattia.<\/span><\/p>\n<h2>Kuivuutta hoitava voide joka sopii koko perheen k\u00e4ytt\u00f6\u00f6n &#8211; lapsille ja vanhemmille<\/h2>\n<p>Atopic Skin Repair Cream -voiteen koostumus, teho ja turvallisuus on varmistettu kliinisill\u00e4 tutkimuksilla ja se sopii koko perheen k\u00e4ytt\u00f6\u00f6n.<\/p>\n<ul>\n<li>Lievitt\u00e4\u00e4 kutinaa ja punoitusta<\/li>\n<li>Kosteuttaa ja pehment\u00e4\u00e4 ihoa<\/li>\n<li>Suojaa ja parantaa ihon suojakerrosta ehk\u00e4isten kuivumista ja tulehduksia<\/li>\n<li>Luonnolliset aktiiviset ainesosat (mustaherukan siemen\u00f6ljy, hyaluronihappo, kookos\u00f6ljy, karitevoi, manteli\u00f6ljy, maitohappo)<\/li>\n<li>Teho ja turvallisuus varmistettu kliinisess\u00e4 tutkimuksessa<\/li>\n<li>Kliinisess\u00e4 tutkimuksessa 75 % vastaajista halusi jatkaa Membrasin<sup>\u00ae<\/sup> Atopic Skin Repair Cream -voiteen k\u00e4ytt\u00f6\u00e4 atooppisen ihon oireiden hoitoon.*<\/li>\n<\/ul>\n<p>*N=69, 2 viikon ja 5 viikon tutkimusjaksot<\/p>\n<h2>Hoida kuivaa ihoa ulkoisesti voiteella ja \u00f6ljyll\u00e4 ja sis\u00e4isesti kapselilla hoidon tehostamiseksi<\/h2>\n<p>Parhaan tuloksen saat Membrasin<sup>\u00ae<\/sup> Dermal 3-vaiheisella ratkaisulla: <a href=\"https:\/\/membrasin.com\/fi\/tuote\/atopic-skin-repair-cream-fi\/\">Membrasin<sup>\u00ae<\/sup> Atopic Skin Repair Cream -voide<\/a> lievitt\u00e4\u00e4 tutkitusti atooppisen ihon oireita. <a href=\"https:\/\/membrasin.com\/fi\/tuote\/skin-hydration-supplement-fi\/\">Membrasin<sup>\u00ae<\/sup> Skin Hydration Supplement -kapseli<\/a> antaa sis\u00e4isesti pitk\u00e4kestoista luonnollista kosteutusta ja suojaa iholle. <a href=\"https:\/\/membrasin.com\/fi\/tuote\/probiotic-skin-care-oil-fi\/\">Membrasin<sup>\u00ae<\/sup> Probiotic Skincare Oil -iho\u00f6ljy<\/a> on t\u00e4sm\u00e4tuote kosteuttamaan ja tasapainottamaan kuivia ihoalueita.<\/p>\n<h3>Lue lis\u00e4\u00e4 ihon kuivuudesta ja sen hoidosta<\/h3>\n<ul>\n<li><a href=\"https:\/\/membrasin.com\/fi\/mita-hyotya-omega-rasvahapoista-on-ihonhoidossa\/\">Mit\u00e4 hy\u00f6ty\u00e4 omega-rasvahapoista on ihonhoidossa?<\/a><\/li>\n<li><a href=\"https:\/\/membrasin.com\/fi\/kuiva-iho-on-erittain-yleinen-vaiva\/\">Kuiva iho on eritt\u00e4in yleinen vaiva<\/a><\/li>\n<li><a href=\"https:\/\/membrasin.com\/fi\/ihon-hyvinvointi-talven-kylmyydessa-dermal-sarja-kuivalle-atooppiselle-iholle\/\">Ihon hyvinvointi talven kylmyydess\u00e4: Membrasin\u00ae Dermal-sarja kuivalle ja atooppiselle iholle<\/a><\/li>\n<\/ul>\n<p>&nbsp;<\/p>\n","protected":false},"excerpt":{"rendered":"<p>Suojaa ja parantaa luonnollisesti ihon suojakerrosta ehk\u00e4isten kuivuutta. Hoitaa atooppista ja kuivaa ihoa sek\u00e4 lievitt\u00e4\u00e4 kutinaa.<\/p>\n<ul>\n<li>Hoitaa atooppisen ihon oireita<\/li>\n<li>Kliinisesti osoitettu teho<\/li>\n<li>Sopii koko perheelle<\/li>\n<li>Kehitetty ja valmistettu Suomessa<\/li>\n<\/ul>\n","protected":false},"featured_media":6701,"comment_status":"open","ping_status":"closed","template":"","meta":{"_acf_changed":false},"product_brand":[],"product_cat":[61],"product_tag":[],"class_list":{"0":"post-6700","1":"product","2":"type-product","3":"status-publish","4":"has-post-thumbnail","6":"product_cat-dermal-fi","8":"first","9":"instock","10":"taxable","11":"shipping-taxable","12":"purchasable","13":"product-type-simple"},"bundled_by":[],"bundle_stock_status":"instock","bundle_stock_quantity":null,"bundle_virtual":false,"bundle_layout":"","bundle_add_to_cart_form_location":"","bundle_editable_in_cart":false,"bundle_sold_individually_context":"","bundle_item_grouping":"","bundle_min_size":"","bundle_max_size":"","bundled_items":[],"bundle_sell_ids":[],"acf":[],"yoast_head":"<!-- This site is optimized with the Yoast SEO plugin v27.3 - https:\/\/yoast.com\/product\/yoast-seo-wordpress\/ -->\n<title>Atopic Skin Repair Cream - Membrasin<\/title>\n<meta name=\"description\" content=\"Membrasin\u00ae Atopic Skin Repair Cream -voide lievitt\u00e4\u00e4 atooppista ekseemaa, kutinaa ja punoitusta. Lis\u00e4ksi se pehment\u00e4\u00e4 ja kosteuttaa kuivaa ihoa.\" \/>\n<meta name=\"robots\" content=\"index, follow, max-snippet:-1, max-image-preview:large, max-video-preview:-1\" \/>\n<link rel=\"canonical\" href=\"https:\/\/membrasin.com\/fi\/tuote\/atopic-skin-repair-cream-fin\/\" \/>\n<meta property=\"og:locale\" content=\"fi_FI\" \/>\n<meta property=\"og:type\" content=\"article\" \/>\n<meta property=\"og:title\" content=\"Atopic Skin Repair Cream - Membrasin\" \/>\n<meta property=\"og:description\" content=\"Membrasin\u00ae Atopic Skin Repair Cream -voide lievitt\u00e4\u00e4 atooppista ekseemaa, kutinaa ja punoitusta. Lis\u00e4ksi se pehment\u00e4\u00e4 ja kosteuttaa kuivaa ihoa.\" \/>\n<meta property=\"og:url\" content=\"https:\/\/membrasin.com\/fi\/tuote\/atopic-skin-repair-cream-fin\/\" \/>\n<meta property=\"og:site_name\" content=\"Membrasin\" \/>\n<meta property=\"article:publisher\" content=\"https:\/\/www.facebook.com\/Membrasin\" \/>\n<meta property=\"article:modified_time\" content=\"2026-04-07T19:16:32+00:00\" \/>\n<meta property=\"og:image\" content=\"https:\/\/membrasin.com\/wp-content\/uploads\/2025\/01\/Nimeton-malli-2025-01-17T132955.994.png\" \/>\n\t<meta property=\"og:image:width\" content=\"600\" \/>\n\t<meta property=\"og:image:height\" content=\"600\" \/>\n\t<meta property=\"og:image:type\" content=\"image\/png\" \/>\n<meta name=\"twitter:card\" content=\"summary_large_image\" \/>\n<meta name=\"twitter:label1\" content=\"Arvioitu lukuaika\" \/>\n\t<meta name=\"twitter:data1\" content=\"2 minuuttia\" \/>\n<script type=\"application\/ld+json\" class=\"yoast-schema-graph\">{\"@context\":\"https:\\\/\\\/schema.org\",\"@graph\":[{\"@type\":\"WebPage\",\"@id\":\"https:\\\/\\\/membrasin.com\\\/fi\\\/tuote\\\/atopic-skin-repair-cream-fin\\\/\",\"url\":\"https:\\\/\\\/membrasin.com\\\/fi\\\/tuote\\\/atopic-skin-repair-cream-fin\\\/\",\"name\":\"Atopic Skin Repair Cream - Membrasin\",\"isPartOf\":{\"@id\":\"https:\\\/\\\/membrasin.com\\\/fi\\\/#website\"},\"primaryImageOfPage\":{\"@id\":\"https:\\\/\\\/membrasin.com\\\/fi\\\/tuote\\\/atopic-skin-repair-cream-fin\\\/#primaryimage\"},\"image\":{\"@id\":\"https:\\\/\\\/membrasin.com\\\/fi\\\/tuote\\\/atopic-skin-repair-cream-fin\\\/#primaryimage\"},\"thumbnailUrl\":\"https:\\\/\\\/membrasin.com\\\/wp-content\\\/uploads\\\/2025\\\/01\\\/Nimeton-malli-2025-01-17T132955.994.png\",\"datePublished\":\"2025-01-17T11:32:38+00:00\",\"dateModified\":\"2026-04-07T19:16:32+00:00\",\"description\":\"Membrasin\u00ae Atopic Skin Repair Cream -voide lievitt\u00e4\u00e4 atooppista ekseemaa, kutinaa ja punoitusta. Lis\u00e4ksi se pehment\u00e4\u00e4 ja kosteuttaa kuivaa ihoa.\",\"breadcrumb\":{\"@id\":\"https:\\\/\\\/membrasin.com\\\/fi\\\/tuote\\\/atopic-skin-repair-cream-fin\\\/#breadcrumb\"},\"inLanguage\":\"fi\",\"potentialAction\":[{\"@type\":\"ReadAction\",\"target\":[\"https:\\\/\\\/membrasin.com\\\/fi\\\/tuote\\\/atopic-skin-repair-cream-fin\\\/\"]}]},{\"@type\":\"ImageObject\",\"inLanguage\":\"fi\",\"@id\":\"https:\\\/\\\/membrasin.com\\\/fi\\\/tuote\\\/atopic-skin-repair-cream-fin\\\/#primaryimage\",\"url\":\"https:\\\/\\\/membrasin.com\\\/wp-content\\\/uploads\\\/2025\\\/01\\\/Nimeton-malli-2025-01-17T132955.994.png\",\"contentUrl\":\"https:\\\/\\\/membrasin.com\\\/wp-content\\\/uploads\\\/2025\\\/01\\\/Nimeton-malli-2025-01-17T132955.994.png\",\"width\":600,\"height\":600},{\"@type\":\"BreadcrumbList\",\"@id\":\"https:\\\/\\\/membrasin.com\\\/fi\\\/tuote\\\/atopic-skin-repair-cream-fin\\\/#breadcrumb\",\"itemListElement\":[{\"@type\":\"ListItem\",\"position\":1,\"name\":\"Etusivu\",\"item\":\"https:\\\/\\\/membrasin.com\\\/fi\\\/\"},{\"@type\":\"ListItem\",\"position\":2,\"name\":\"Tuotteet\",\"item\":\"https:\\\/\\\/membrasin.com\\\/fi\\\/shop\\\/\"},{\"@type\":\"ListItem\",\"position\":3,\"name\":\"Atopic Skin Repair Cream\"}]},{\"@type\":\"WebSite\",\"@id\":\"https:\\\/\\\/membrasin.com\\\/fi\\\/#website\",\"url\":\"https:\\\/\\\/membrasin.com\\\/fi\\\/\",\"name\":\"Membrasin\",\"description\":\"\",\"publisher\":{\"@id\":\"https:\\\/\\\/membrasin.com\\\/fi\\\/#organization\"},\"potentialAction\":[{\"@type\":\"SearchAction\",\"target\":{\"@type\":\"EntryPoint\",\"urlTemplate\":\"https:\\\/\\\/membrasin.com\\\/fi\\\/?s={search_term_string}\"},\"query-input\":{\"@type\":\"PropertyValueSpecification\",\"valueRequired\":true,\"valueName\":\"search_term_string\"}}],\"inLanguage\":\"fi\"},{\"@type\":\"Organization\",\"@id\":\"https:\\\/\\\/membrasin.com\\\/fi\\\/#organization\",\"name\":\"Membrasin\",\"url\":\"https:\\\/\\\/membrasin.com\\\/fi\\\/\",\"logo\":{\"@type\":\"ImageObject\",\"inLanguage\":\"fi\",\"@id\":\"https:\\\/\\\/membrasin.com\\\/fi\\\/#\\\/schema\\\/logo\\\/image\\\/\",\"url\":\"https:\\\/\\\/membrasin.com\\\/wp-content\\\/uploads\\\/2022\\\/09\\\/product_placeholder_membrasin_logo.png\",\"contentUrl\":\"https:\\\/\\\/membrasin.com\\\/wp-content\\\/uploads\\\/2022\\\/09\\\/product_placeholder_membrasin_logo.png\",\"width\":600,\"height\":600,\"caption\":\"Membrasin\"},\"image\":{\"@id\":\"https:\\\/\\\/membrasin.com\\\/fi\\\/#\\\/schema\\\/logo\\\/image\\\/\"},\"sameAs\":[\"https:\\\/\\\/www.facebook.com\\\/Membrasin\",\"https:\\\/\\\/www.instagram.com\\\/membrasin\\\/\"]}]}<\/script>\n<!-- \/ Yoast SEO plugin. -->","yoast_head_json":{"title":"Atopic Skin Repair Cream - Membrasin","description":"Membrasin\u00ae Atopic Skin Repair Cream -voide lievitt\u00e4\u00e4 atooppista ekseemaa, kutinaa ja punoitusta. Lis\u00e4ksi se pehment\u00e4\u00e4 ja kosteuttaa kuivaa ihoa.","robots":{"index":"index","follow":"follow","max-snippet":"max-snippet:-1","max-image-preview":"max-image-preview:large","max-video-preview":"max-video-preview:-1"},"canonical":"https:\/\/membrasin.com\/fi\/tuote\/atopic-skin-repair-cream-fin\/","og_locale":"fi_FI","og_type":"article","og_title":"Atopic Skin Repair Cream - Membrasin","og_description":"Membrasin\u00ae Atopic Skin Repair Cream -voide lievitt\u00e4\u00e4 atooppista ekseemaa, kutinaa ja punoitusta. Lis\u00e4ksi se pehment\u00e4\u00e4 ja kosteuttaa kuivaa ihoa.","og_url":"https:\/\/membrasin.com\/fi\/tuote\/atopic-skin-repair-cream-fin\/","og_site_name":"Membrasin","article_publisher":"https:\/\/www.facebook.com\/Membrasin","article_modified_time":"2026-04-07T19:16:32+00:00","og_image":[{"width":600,"height":600,"url":"https:\/\/membrasin.com\/wp-content\/uploads\/2025\/01\/Nimeton-malli-2025-01-17T132955.994.png","type":"image\/png"}],"twitter_card":"summary_large_image","twitter_misc":{"Arvioitu lukuaika":"2 minuuttia"},"schema":{"@context":"https:\/\/schema.org","@graph":[{"@type":"WebPage","@id":"https:\/\/membrasin.com\/fi\/tuote\/atopic-skin-repair-cream-fin\/","url":"https:\/\/membrasin.com\/fi\/tuote\/atopic-skin-repair-cream-fin\/","name":"Atopic Skin Repair Cream - Membrasin","isPartOf":{"@id":"https:\/\/membrasin.com\/fi\/#website"},"primaryImageOfPage":{"@id":"https:\/\/membrasin.com\/fi\/tuote\/atopic-skin-repair-cream-fin\/#primaryimage"},"image":{"@id":"https:\/\/membrasin.com\/fi\/tuote\/atopic-skin-repair-cream-fin\/#primaryimage"},"thumbnailUrl":"https:\/\/membrasin.com\/wp-content\/uploads\/2025\/01\/Nimeton-malli-2025-01-17T132955.994.png","datePublished":"2025-01-17T11:32:38+00:00","dateModified":"2026-04-07T19:16:32+00:00","description":"Membrasin\u00ae Atopic Skin Repair Cream -voide lievitt\u00e4\u00e4 atooppista ekseemaa, kutinaa ja punoitusta. Lis\u00e4ksi se pehment\u00e4\u00e4 ja kosteuttaa kuivaa ihoa.","breadcrumb":{"@id":"https:\/\/membrasin.com\/fi\/tuote\/atopic-skin-repair-cream-fin\/#breadcrumb"},"inLanguage":"fi","potentialAction":[{"@type":"ReadAction","target":["https:\/\/membrasin.com\/fi\/tuote\/atopic-skin-repair-cream-fin\/"]}]},{"@type":"ImageObject","inLanguage":"fi","@id":"https:\/\/membrasin.com\/fi\/tuote\/atopic-skin-repair-cream-fin\/#primaryimage","url":"https:\/\/membrasin.com\/wp-content\/uploads\/2025\/01\/Nimeton-malli-2025-01-17T132955.994.png","contentUrl":"https:\/\/membrasin.com\/wp-content\/uploads\/2025\/01\/Nimeton-malli-2025-01-17T132955.994.png","width":600,"height":600},{"@type":"BreadcrumbList","@id":"https:\/\/membrasin.com\/fi\/tuote\/atopic-skin-repair-cream-fin\/#breadcrumb","itemListElement":[{"@type":"ListItem","position":1,"name":"Etusivu","item":"https:\/\/membrasin.com\/fi\/"},{"@type":"ListItem","position":2,"name":"Tuotteet","item":"https:\/\/membrasin.com\/fi\/shop\/"},{"@type":"ListItem","position":3,"name":"Atopic Skin Repair Cream"}]},{"@type":"WebSite","@id":"https:\/\/membrasin.com\/fi\/#website","url":"https:\/\/membrasin.com\/fi\/","name":"Membrasin","description":"","publisher":{"@id":"https:\/\/membrasin.com\/fi\/#organization"},"potentialAction":[{"@type":"SearchAction","target":{"@type":"EntryPoint","urlTemplate":"https:\/\/membrasin.com\/fi\/?s={search_term_string}"},"query-input":{"@type":"PropertyValueSpecification","valueRequired":true,"valueName":"search_term_string"}}],"inLanguage":"fi"},{"@type":"Organization","@id":"https:\/\/membrasin.com\/fi\/#organization","name":"Membrasin","url":"https:\/\/membrasin.com\/fi\/","logo":{"@type":"ImageObject","inLanguage":"fi","@id":"https:\/\/membrasin.com\/fi\/#\/schema\/logo\/image\/","url":"https:\/\/membrasin.com\/wp-content\/uploads\/2022\/09\/product_placeholder_membrasin_logo.png","contentUrl":"https:\/\/membrasin.com\/wp-content\/uploads\/2022\/09\/product_placeholder_membrasin_logo.png","width":600,"height":600,"caption":"Membrasin"},"image":{"@id":"https:\/\/membrasin.com\/fi\/#\/schema\/logo\/image\/"},"sameAs":["https:\/\/www.facebook.com\/Membrasin","https:\/\/www.instagram.com\/membrasin\/"]}]}},"_links":{"self":[{"href":"https:\/\/membrasin.com\/fi\/wp-json\/wp\/v2\/product\/6700","targetHints":{"allow":["GET"]}}],"collection":[{"href":"https:\/\/membrasin.com\/fi\/wp-json\/wp\/v2\/product"}],"about":[{"href":"https:\/\/membrasin.com\/fi\/wp-json\/wp\/v2\/types\/product"}],"replies":[{"embeddable":true,"href":"https:\/\/membrasin.com\/fi\/wp-json\/wp\/v2\/comments?post=6700"}],"wp:featuredmedia":[{"embeddable":true,"href":"https:\/\/membrasin.com\/fi\/wp-json\/wp\/v2\/media\/6701"}],"wp:attachment":[{"href":"https:\/\/membrasin.com\/fi\/wp-json\/wp\/v2\/media?parent=6700"}],"wp:term":[{"taxonomy":"product_brand","embeddable":true,"href":"https:\/\/membrasin.com\/fi\/wp-json\/wp\/v2\/product_brand?post=6700"},{"taxonomy":"product_cat","embeddable":true,"href":"https:\/\/membrasin.com\/fi\/wp-json\/wp\/v2\/product_cat?post=6700"},{"taxonomy":"product_tag","embeddable":true,"href":"https:\/\/membrasin.com\/fi\/wp-json\/wp\/v2\/product_tag?post=6700"}],"curies":[{"name":"wp","href":"https:\/\/api.w.org\/{rel}","templated":true}]}}