{"id":3294,"date":"2023-09-07T13:25:16","date_gmt":"2023-09-07T10:25:16","guid":{"rendered":"https:\/\/membrasin.com\/?post_type=product&#038;p=3294"},"modified":"2026-01-22T11:10:44","modified_gmt":"2026-01-22T09:10:44","slug":"vaginal-moisture-cream-50ml","status":"publish","type":"product","link":"https:\/\/membrasin.com\/fi\/tuote\/vaginal-moisture-cream-50ml\/","title":{"rendered":"Vaginal Moisture Cream 50ml"},"content":{"rendered":"<h2>Kotimainen, kosteuttava ja hormoniton em\u00e4tinvoide intiimialueen kuivuuteen<\/h2>\n<p>Membrasin<sup>\u00ae<\/sup> intiimivoide on kotimainen, hormoniton, kolmitehoinen voide intiimialueen ja vaginan kuivuusoireisiin. Limakalvojen kuivuutta aiheuttavat monet syyt, kuten stressi, <a href=\"https:\/\/membrasin.com\/fi\/useiden-tavallisten-laakitysten-sivuvaikutuksena-on-limakalvojen-kuivuminen\/\">elimist\u00f6\u00e4 kuivattavat l\u00e4\u00e4kkeet<\/a>, <a href=\"https:\/\/membrasin.com\/fi\/imetyksen-aikana-intiimialueiden-limakalvot-voivat-kuivua\/\">imetys<\/a> ja <a href=\"https:\/\/membrasin.com\/fi\/vaihdevuodet-tietoa-tukea-ja-terveysvinkkeja\/\">hormonimuutokset vaihdevuosi-i\u00e4ss\u00e4<\/a>.<\/p>\n<p>Voide sis\u00e4lt\u00e4\u00e4 ainutlaatuista SBA24<sup>\u00ae<\/sup>\u00a0tyrni\u00f6ljy\u00e4, maitohappoa sek\u00e4 hyaluronihappoa. Tyrni\u00f6ljy suojaa ja kosteuttaa limakalvoja, maitohappo tasapainottaa pH:ta ja hyaluronihappo sitoo kosteutta. SBA24<sup>\u00ae<\/sup>\u00a0on maailman tutkituin tyrni\u00f6ljy, jonka koostumus, teho ja turvallisuus on varmistettu kliinisill\u00e4 tutkimuksilla.<\/p>\n<h3>Kolmitehoinen Membrasin<sup>\u00ae<\/sup> em\u00e4tinvoide suojaa ja kosteuttaa:<\/h3>\n<ul>\n<li>Tyrni\u00f6ljy suojaa ja kosteuttaa limakalvoja<\/li>\n<li>Hyaluronihappo lis\u00e4\u00e4 kosteutta<\/li>\n<li>Maitohappo yll\u00e4pit\u00e4\u00e4 normaalia pH-tasapainoa<\/li>\n<\/ul>\n<p>Kliinisiss\u00e4 tutkimuksissa 84 % vastaajista halusi jatkaa Membrasin<sup>\u00ae<\/sup>\u00a0intiimivoiteen k\u00e4ytt\u00f6\u00e4 intiimialueen ja vaginan kuivuusoireisiin.*<\/p>\n<p>Pakkaus sis\u00e4lt\u00e4\u00e4 asettimen.<\/p>\n<h2>Hoida kuivuutta em\u00e4tinvoiteella ulkoisesti sek\u00e4 kapselilla sis\u00e4isesti<\/h2>\n<p>Parhaan tuloksen saat Membrasin<sup>\u00ae<\/sup>\u00a0Moisture 2-vaiheisella ratkaisulla: <a href=\"https:\/\/membrasin.com\/fi\/tuote\/vaginal-moisture-cream-u\/\">Membrasin\u00ae intiimivoide<\/a> lievitt\u00e4\u00e4 v\u00e4litt\u00f6m\u00e4sti intiimialueen sek\u00e4 vaginan kuivuusoireita ja <a href=\"https:\/\/membrasin.com\/fi\/tuote\/feminine-moisturiser-supplement-u\/\">Membrasin<sup>\u00ae<\/sup>\u00a0Feminine Moisturiser Supplement<\/a> -kapseli antaa sis\u00e4isesti pitk\u00e4kestoista luonnollista kosteutusta limakalvoille.<\/p>\n<p>*N=164<\/p>\n<h3>Lue lis\u00e4\u00e4 intiimikuivuudesta ja sen syist\u00e4<\/h3>\n<ul>\n<li><a href=\"https:\/\/membrasin.com\/fi\/taistelu-intiimikuivuutta-vastaan-syyt-ja-ratkaisut\/\">Taistelu intiimikuivuutta vastaan: syyt ja ratkaisut kaikenik\u00e4isille naisille<\/a><\/li>\n<li><a href=\"https:\/\/membrasin.com\/fi\/karsitko-intiimialueen-kuivuudesta-heidi-willman-suosittelee-kotimaisia-membrasin-moisture-tuotteita\/\">K\u00e4rsitk\u00f6 intiimikuivuudesta? Heidi Willman suosittelee kotimaisia Membrasin\u00ae Moisture -tuotteita<\/a><\/li>\n<li><a href=\"https:\/\/membrasin.com\/fi\/aknelaakkeiden-sivuvaikutus-voi-olla-intiimikuivuus\/\">Aknel\u00e4\u00e4kkeiden sivuvaikutus voi olla intiimialueiden kuivuus<\/a><\/li>\n<li><a href=\"https:\/\/membrasin.com\/fi\/intiimikuivuutta-voi-esiintya-kaiken-ikaisilla-naisilla\/\">Intiimikuivuutta voi esiinty\u00e4 kaiken ik\u00e4isill\u00e4 naisilla<\/a><\/li>\n<\/ul>\n","protected":false},"excerpt":{"rendered":"<p>Lievitt\u00e4\u00e4 vaginan kuivuusoireita. Suojaa ja kosteuttaa luonnollisesti intiimialueen limakalvoja.<\/p>\n<ul>\n<li>Lievitt\u00e4\u00e4 v\u00e4litt\u00f6m\u00e4sti intiimialueen kuivuusoireita<\/li>\n<li>Hormoniton ja hajusteeton<\/li>\n<li>Helppok\u00e4ytt\u00f6inen ja hygieeninen<\/li>\n<li>Kliinisesti osoitettu teho<\/li>\n<li>Kehitetty ja valmistettu Suomessa<\/li>\n<\/ul>\n","protected":false},"featured_media":3456,"comment_status":"open","ping_status":"closed","template":"","meta":{"_acf_changed":false},"product_brand":[],"product_cat":[83],"product_tag":[],"class_list":{"0":"post-3294","1":"product","2":"type-product","3":"status-publish","4":"has-post-thumbnail","6":"product_cat-moisture-fi","8":"first","9":"instock","10":"taxable","11":"shipping-taxable","12":"purchasable","13":"product-type-simple"},"bundled_by":[],"bundle_stock_status":"instock","bundle_stock_quantity":null,"bundle_virtual":false,"bundle_layout":"","bundle_add_to_cart_form_location":"","bundle_editable_in_cart":false,"bundle_sold_individually_context":"","bundle_item_grouping":"","bundle_min_size":"","bundle_max_size":"","bundled_items":[],"bundle_sell_ids":[],"acf":[],"yoast_head":"<!-- This site is optimized with the Yoast SEO plugin v27.3 - https:\/\/yoast.com\/product\/yoast-seo-wordpress\/ -->\n<title>Vaginal Moisture Cream 50ml - Membrasin<\/title>\n<meta name=\"description\" content=\"Membrasin Moisture intiimivoide lievitt\u00e4\u00e4 vaginan kuivuusoireita. Suojaa ja kosteuttaa luonnollisesti intiimialueen limakalvoja.\" \/>\n<meta name=\"robots\" content=\"index, follow, max-snippet:-1, max-image-preview:large, max-video-preview:-1\" \/>\n<link rel=\"canonical\" href=\"https:\/\/membrasin.com\/fi\/tuote\/vaginal-moisture-cream-50ml\/\" \/>\n<meta property=\"og:locale\" content=\"fi_FI\" \/>\n<meta property=\"og:type\" content=\"article\" \/>\n<meta property=\"og:title\" content=\"Vaginal Moisture Cream 50ml - Membrasin\" \/>\n<meta property=\"og:description\" content=\"Membrasin Moisture intiimivoide lievitt\u00e4\u00e4 vaginan kuivuusoireita. Suojaa ja kosteuttaa luonnollisesti intiimialueen limakalvoja.\" \/>\n<meta property=\"og:url\" content=\"https:\/\/membrasin.com\/fi\/tuote\/vaginal-moisture-cream-50ml\/\" \/>\n<meta property=\"og:site_name\" content=\"Membrasin\" \/>\n<meta property=\"article:publisher\" content=\"https:\/\/www.facebook.com\/Membrasin\" \/>\n<meta property=\"article:modified_time\" content=\"2026-01-22T09:10:44+00:00\" \/>\n<meta property=\"og:image\" content=\"https:\/\/membrasin.com\/wp-content\/uploads\/2023\/09\/Nimeton-malli-34.png\" \/>\n\t<meta property=\"og:image:width\" content=\"600\" \/>\n\t<meta property=\"og:image:height\" content=\"600\" \/>\n\t<meta property=\"og:image:type\" content=\"image\/png\" \/>\n<meta name=\"twitter:card\" content=\"summary_large_image\" \/>\n<meta name=\"twitter:label1\" content=\"Arvioitu lukuaika\" \/>\n\t<meta name=\"twitter:data1\" content=\"2 minuuttia\" \/>\n<script type=\"application\/ld+json\" class=\"yoast-schema-graph\">{\"@context\":\"https:\\\/\\\/schema.org\",\"@graph\":[{\"@type\":\"WebPage\",\"@id\":\"https:\\\/\\\/membrasin.com\\\/fi\\\/tuote\\\/vaginal-moisture-cream-50ml\\\/\",\"url\":\"https:\\\/\\\/membrasin.com\\\/fi\\\/tuote\\\/vaginal-moisture-cream-50ml\\\/\",\"name\":\"Vaginal Moisture Cream 50ml - Membrasin\",\"isPartOf\":{\"@id\":\"https:\\\/\\\/membrasin.com\\\/fi\\\/#website\"},\"primaryImageOfPage\":{\"@id\":\"https:\\\/\\\/membrasin.com\\\/fi\\\/tuote\\\/vaginal-moisture-cream-50ml\\\/#primaryimage\"},\"image\":{\"@id\":\"https:\\\/\\\/membrasin.com\\\/fi\\\/tuote\\\/vaginal-moisture-cream-50ml\\\/#primaryimage\"},\"thumbnailUrl\":\"https:\\\/\\\/membrasin.com\\\/wp-content\\\/uploads\\\/2023\\\/09\\\/Nimeton-malli-34.png\",\"datePublished\":\"2023-09-07T10:25:16+00:00\",\"dateModified\":\"2026-01-22T09:10:44+00:00\",\"description\":\"Membrasin Moisture intiimivoide lievitt\u00e4\u00e4 vaginan kuivuusoireita. Suojaa ja kosteuttaa luonnollisesti intiimialueen limakalvoja.\",\"breadcrumb\":{\"@id\":\"https:\\\/\\\/membrasin.com\\\/fi\\\/tuote\\\/vaginal-moisture-cream-50ml\\\/#breadcrumb\"},\"inLanguage\":\"fi\",\"potentialAction\":[{\"@type\":\"ReadAction\",\"target\":[\"https:\\\/\\\/membrasin.com\\\/fi\\\/tuote\\\/vaginal-moisture-cream-50ml\\\/\"]}]},{\"@type\":\"ImageObject\",\"inLanguage\":\"fi\",\"@id\":\"https:\\\/\\\/membrasin.com\\\/fi\\\/tuote\\\/vaginal-moisture-cream-50ml\\\/#primaryimage\",\"url\":\"https:\\\/\\\/membrasin.com\\\/wp-content\\\/uploads\\\/2023\\\/09\\\/Nimeton-malli-34.png\",\"contentUrl\":\"https:\\\/\\\/membrasin.com\\\/wp-content\\\/uploads\\\/2023\\\/09\\\/Nimeton-malli-34.png\",\"width\":600,\"height\":600},{\"@type\":\"BreadcrumbList\",\"@id\":\"https:\\\/\\\/membrasin.com\\\/fi\\\/tuote\\\/vaginal-moisture-cream-50ml\\\/#breadcrumb\",\"itemListElement\":[{\"@type\":\"ListItem\",\"position\":1,\"name\":\"Etusivu\",\"item\":\"https:\\\/\\\/membrasin.com\\\/fi\\\/\"},{\"@type\":\"ListItem\",\"position\":2,\"name\":\"Tuotteet\",\"item\":\"https:\\\/\\\/membrasin.com\\\/fi\\\/shop\\\/\"},{\"@type\":\"ListItem\",\"position\":3,\"name\":\"Vaginal Moisture Cream 50ml\"}]},{\"@type\":\"WebSite\",\"@id\":\"https:\\\/\\\/membrasin.com\\\/fi\\\/#website\",\"url\":\"https:\\\/\\\/membrasin.com\\\/fi\\\/\",\"name\":\"Membrasin\",\"description\":\"\",\"publisher\":{\"@id\":\"https:\\\/\\\/membrasin.com\\\/fi\\\/#organization\"},\"potentialAction\":[{\"@type\":\"SearchAction\",\"target\":{\"@type\":\"EntryPoint\",\"urlTemplate\":\"https:\\\/\\\/membrasin.com\\\/fi\\\/?s={search_term_string}\"},\"query-input\":{\"@type\":\"PropertyValueSpecification\",\"valueRequired\":true,\"valueName\":\"search_term_string\"}}],\"inLanguage\":\"fi\"},{\"@type\":\"Organization\",\"@id\":\"https:\\\/\\\/membrasin.com\\\/fi\\\/#organization\",\"name\":\"Membrasin\",\"url\":\"https:\\\/\\\/membrasin.com\\\/fi\\\/\",\"logo\":{\"@type\":\"ImageObject\",\"inLanguage\":\"fi\",\"@id\":\"https:\\\/\\\/membrasin.com\\\/fi\\\/#\\\/schema\\\/logo\\\/image\\\/\",\"url\":\"https:\\\/\\\/membrasin.com\\\/wp-content\\\/uploads\\\/2022\\\/09\\\/product_placeholder_membrasin_logo.png\",\"contentUrl\":\"https:\\\/\\\/membrasin.com\\\/wp-content\\\/uploads\\\/2022\\\/09\\\/product_placeholder_membrasin_logo.png\",\"width\":600,\"height\":600,\"caption\":\"Membrasin\"},\"image\":{\"@id\":\"https:\\\/\\\/membrasin.com\\\/fi\\\/#\\\/schema\\\/logo\\\/image\\\/\"},\"sameAs\":[\"https:\\\/\\\/www.facebook.com\\\/Membrasin\",\"https:\\\/\\\/www.instagram.com\\\/membrasin\\\/\"]}]}<\/script>\n<!-- \/ Yoast SEO plugin. -->","yoast_head_json":{"title":"Vaginal Moisture Cream 50ml - Membrasin","description":"Membrasin Moisture intiimivoide lievitt\u00e4\u00e4 vaginan kuivuusoireita. Suojaa ja kosteuttaa luonnollisesti intiimialueen limakalvoja.","robots":{"index":"index","follow":"follow","max-snippet":"max-snippet:-1","max-image-preview":"max-image-preview:large","max-video-preview":"max-video-preview:-1"},"canonical":"https:\/\/membrasin.com\/fi\/tuote\/vaginal-moisture-cream-50ml\/","og_locale":"fi_FI","og_type":"article","og_title":"Vaginal Moisture Cream 50ml - Membrasin","og_description":"Membrasin Moisture intiimivoide lievitt\u00e4\u00e4 vaginan kuivuusoireita. Suojaa ja kosteuttaa luonnollisesti intiimialueen limakalvoja.","og_url":"https:\/\/membrasin.com\/fi\/tuote\/vaginal-moisture-cream-50ml\/","og_site_name":"Membrasin","article_publisher":"https:\/\/www.facebook.com\/Membrasin","article_modified_time":"2026-01-22T09:10:44+00:00","og_image":[{"width":600,"height":600,"url":"https:\/\/membrasin.com\/wp-content\/uploads\/2023\/09\/Nimeton-malli-34.png","type":"image\/png"}],"twitter_card":"summary_large_image","twitter_misc":{"Arvioitu lukuaika":"2 minuuttia"},"schema":{"@context":"https:\/\/schema.org","@graph":[{"@type":"WebPage","@id":"https:\/\/membrasin.com\/fi\/tuote\/vaginal-moisture-cream-50ml\/","url":"https:\/\/membrasin.com\/fi\/tuote\/vaginal-moisture-cream-50ml\/","name":"Vaginal Moisture Cream 50ml - Membrasin","isPartOf":{"@id":"https:\/\/membrasin.com\/fi\/#website"},"primaryImageOfPage":{"@id":"https:\/\/membrasin.com\/fi\/tuote\/vaginal-moisture-cream-50ml\/#primaryimage"},"image":{"@id":"https:\/\/membrasin.com\/fi\/tuote\/vaginal-moisture-cream-50ml\/#primaryimage"},"thumbnailUrl":"https:\/\/membrasin.com\/wp-content\/uploads\/2023\/09\/Nimeton-malli-34.png","datePublished":"2023-09-07T10:25:16+00:00","dateModified":"2026-01-22T09:10:44+00:00","description":"Membrasin Moisture intiimivoide lievitt\u00e4\u00e4 vaginan kuivuusoireita. Suojaa ja kosteuttaa luonnollisesti intiimialueen limakalvoja.","breadcrumb":{"@id":"https:\/\/membrasin.com\/fi\/tuote\/vaginal-moisture-cream-50ml\/#breadcrumb"},"inLanguage":"fi","potentialAction":[{"@type":"ReadAction","target":["https:\/\/membrasin.com\/fi\/tuote\/vaginal-moisture-cream-50ml\/"]}]},{"@type":"ImageObject","inLanguage":"fi","@id":"https:\/\/membrasin.com\/fi\/tuote\/vaginal-moisture-cream-50ml\/#primaryimage","url":"https:\/\/membrasin.com\/wp-content\/uploads\/2023\/09\/Nimeton-malli-34.png","contentUrl":"https:\/\/membrasin.com\/wp-content\/uploads\/2023\/09\/Nimeton-malli-34.png","width":600,"height":600},{"@type":"BreadcrumbList","@id":"https:\/\/membrasin.com\/fi\/tuote\/vaginal-moisture-cream-50ml\/#breadcrumb","itemListElement":[{"@type":"ListItem","position":1,"name":"Etusivu","item":"https:\/\/membrasin.com\/fi\/"},{"@type":"ListItem","position":2,"name":"Tuotteet","item":"https:\/\/membrasin.com\/fi\/shop\/"},{"@type":"ListItem","position":3,"name":"Vaginal Moisture Cream 50ml"}]},{"@type":"WebSite","@id":"https:\/\/membrasin.com\/fi\/#website","url":"https:\/\/membrasin.com\/fi\/","name":"Membrasin","description":"","publisher":{"@id":"https:\/\/membrasin.com\/fi\/#organization"},"potentialAction":[{"@type":"SearchAction","target":{"@type":"EntryPoint","urlTemplate":"https:\/\/membrasin.com\/fi\/?s={search_term_string}"},"query-input":{"@type":"PropertyValueSpecification","valueRequired":true,"valueName":"search_term_string"}}],"inLanguage":"fi"},{"@type":"Organization","@id":"https:\/\/membrasin.com\/fi\/#organization","name":"Membrasin","url":"https:\/\/membrasin.com\/fi\/","logo":{"@type":"ImageObject","inLanguage":"fi","@id":"https:\/\/membrasin.com\/fi\/#\/schema\/logo\/image\/","url":"https:\/\/membrasin.com\/wp-content\/uploads\/2022\/09\/product_placeholder_membrasin_logo.png","contentUrl":"https:\/\/membrasin.com\/wp-content\/uploads\/2022\/09\/product_placeholder_membrasin_logo.png","width":600,"height":600,"caption":"Membrasin"},"image":{"@id":"https:\/\/membrasin.com\/fi\/#\/schema\/logo\/image\/"},"sameAs":["https:\/\/www.facebook.com\/Membrasin","https:\/\/www.instagram.com\/membrasin\/"]}]}},"_links":{"self":[{"href":"https:\/\/membrasin.com\/fi\/wp-json\/wp\/v2\/product\/3294","targetHints":{"allow":["GET"]}}],"collection":[{"href":"https:\/\/membrasin.com\/fi\/wp-json\/wp\/v2\/product"}],"about":[{"href":"https:\/\/membrasin.com\/fi\/wp-json\/wp\/v2\/types\/product"}],"replies":[{"embeddable":true,"href":"https:\/\/membrasin.com\/fi\/wp-json\/wp\/v2\/comments?post=3294"}],"wp:featuredmedia":[{"embeddable":true,"href":"https:\/\/membrasin.com\/fi\/wp-json\/wp\/v2\/media\/3456"}],"wp:attachment":[{"href":"https:\/\/membrasin.com\/fi\/wp-json\/wp\/v2\/media?parent=3294"}],"wp:term":[{"taxonomy":"product_brand","embeddable":true,"href":"https:\/\/membrasin.com\/fi\/wp-json\/wp\/v2\/product_brand?post=3294"},{"taxonomy":"product_cat","embeddable":true,"href":"https:\/\/membrasin.com\/fi\/wp-json\/wp\/v2\/product_cat?post=3294"},{"taxonomy":"product_tag","embeddable":true,"href":"https:\/\/membrasin.com\/fi\/wp-json\/wp\/v2\/product_tag?post=3294"}],"curies":[{"name":"wp","href":"https:\/\/api.w.org\/{rel}","templated":true}]}}