{"id":2657,"date":"2023-06-13T14:16:44","date_gmt":"2023-06-13T11:16:44","guid":{"rendered":"https:\/\/membrasin.com\/?post_type=product&#038;p=2657"},"modified":"2026-03-22T11:58:25","modified_gmt":"2026-03-22T09:58:25","slug":"dry-eye-relief-spray-fi-2","status":"publish","type":"product","link":"https:\/\/membrasin.com\/fi\/tuote\/dry-eye-relief-spray-fi-2\/","title":{"rendered":"Dry Eye Relief Spray"},"content":{"rendered":"<h2>Kotimainen kosteuttava silm\u00e4suihke kuiville silmille<\/h2>\n<p>Membrasin<sup>\u00ae<\/sup> silm\u00e4suihke on kotimainen valmiste, joka helpottaa v\u00e4litt\u00f6m\u00e4sti kuivasilm\u00e4isyyden oireita sek\u00e4 kosteuttaa silm\u00e4luomia. Suihke sis\u00e4lt\u00e4\u00e4 tyrni\u00f6ljy\u00e4 ja hyaluronaattia. Tyrni\u00f6ljy silmille vahvistaa silm\u00e4n lipidikalvoa ja hyaluronaatti parantaa kyynelnesteen vedensitomiskyky\u00e4 sek\u00e4 suojaa silm\u00e4n limakalvoja soluvaurioilta. Suihke hoitaa ja kosteuttaa my\u00f6s silm\u00e4nymp\u00e4rysihoa.<\/p>\n<p>Helppok\u00e4ytt\u00f6inen suihke suihkutetaan suljetuille silmille. Suihke sopii herkille silmille ja sit\u00e4 voi k\u00e4ytt\u00e4\u00e4 yhdess\u00e4 piilolinssien sek\u00e4 meikin kanssa pitkin p\u00e4iv\u00e4\u00e4. Suihke on alkoholiton ja s\u00e4il\u00f6nt\u00e4aineeton eik\u00e4 sis\u00e4ll\u00e4 el\u00e4inper\u00e4isi\u00e4 ainesosia.<\/p>\n<h4>Kaksitehoinen kosteuttava silm\u00e4suihke:<\/h4>\n<ul>\n<li>Tyrni\u00f6ljy silmille vahvistaa kyynelnesteen kalvorakennetta ja v\u00e4hent\u00e4\u00e4 n\u00e4in merkitt\u00e4v\u00e4sti kosteuden haihtumista pois silm\u00e4n pinnalta<\/li>\n<li>Hyaluronaatti parantaa kyynelnesteen vedensitomiskyky\u00e4 ja suojaa silm\u00e4n limakalvoja soluvaurioilta<\/li>\n<\/ul>\n<h2>Hoida silmien kuivuutta ulkoisesti tyrnisilm\u00e4suihkeella ja sis\u00e4isesti ravintolis\u00e4ll\u00e4<\/h2>\n<p>Parhaan tuloksen saat <a href=\"https:\/\/membrasin.com\/fi\/tuote-osasto\/vision-fi\/\">Membrasin<sup>\u00ae<\/sup>\u00a0Vision<\/a> 2-vaiheisella ratkaisulla: <a href=\"https:\/\/membrasin.com\/fi\/tuote\/dry-eye-relief-spray-fi-2\/\">Membrasin<sup>\u00ae<\/sup>\u00a0silm\u00e4suihke<\/a> kosteuttaa v\u00e4litt\u00f6m\u00e4sti silm\u00e4\u00e4 sek\u00e4 silm\u00e4nymp\u00e4rysihoa ja <a href=\"https:\/\/membrasin.com\/fi\/tuote\/eye-hydration-supplemet-fi\/\">Membrasin<sup>\u00ae<\/sup>\u00a0Eye Hydration Supplement<\/a> -kapseli antaa sis\u00e4isesti pitk\u00e4kestoista luonnollista kosteutusta ja suojaa silmille.<\/p>\n<h3>Lis\u00e4\u00e4 tietoa silmien kuivuudesta:<\/h3>\n<ul>\n<li><a href=\"https:\/\/membrasin.com\/fi\/kuivasilmaisyys-ei-ole-vain-talviajan-ongelma\/\">Kuivasilm\u00e4isyys ei ole vain talviajan ongelma<\/a><\/li>\n<li><a href=\"https:\/\/membrasin.com\/fi\/kuiva-etelan-tuuli-ja-paahtava-aurinko-ihanaa-paitsi-ei-silmille\/\">Kuiva tuuli ja paahtava aurinko. Ihanaa \u2013 paitsi ei silmille!<\/a><\/li>\n<li><a href=\"https:\/\/membrasin.com\/fi\/lentomatka-edessa-tyrnista-apua-silmien-kuivumiseen\/\">Lentomatka edess\u00e4? Tyrnist\u00e4 apua silmien kuivumiseen<\/a><\/li>\n<li><a href=\"https:\/\/membrasin.com\/fi\/useiden-tavallisten-laakitysten-sivuvaikutuksena-on-limakalvojen-kuivuminen\/\">L\u00e4\u00e4kitysten sivuvaikutuksena limakalvojen kuivuus<\/a><\/li>\n<\/ul>\n","protected":false},"excerpt":{"rendered":"<p>Helpottaa luonnollisesti ja tehokkaasti kuivasilm\u00e4isyyden oireita sek\u00e4 kosteuttaa silm\u00e4luomia. Hoitaa silm\u00e4nymp\u00e4rysihoa.<\/p>\n<ul>\n<li>Helpottaa v\u00e4litt\u00f6m\u00e4sti kuivasilm\u00e4isyyden oireita<\/li>\n<li>Kliinisesti osoitettu teho<\/li>\n<li>Alkoholiton ja s\u00e4il\u00f6nt\u00e4aineeton<\/li>\n<li>Helppok\u00e4ytt\u00f6inen ja hygieeninen<\/li>\n<li>Kehitetty Suomessa yhteisty\u00f6ss\u00e4 silm\u00e4l\u00e4\u00e4k\u00e4reiden kanssa<\/li>\n<\/ul>\n","protected":false},"featured_media":1534,"comment_status":"open","ping_status":"closed","template":"","meta":{"_acf_changed":false},"product_brand":[],"product_cat":[84],"product_tag":[],"class_list":{"0":"post-2657","1":"product","2":"type-product","3":"status-publish","4":"has-post-thumbnail","6":"product_cat-vision-fi","8":"first","9":"instock","10":"taxable","11":"shipping-taxable","12":"purchasable","13":"product-type-simple"},"bundled_by":[],"bundle_stock_status":"instock","bundle_stock_quantity":null,"bundle_virtual":false,"bundle_layout":"","bundle_add_to_cart_form_location":"","bundle_editable_in_cart":false,"bundle_sold_individually_context":"","bundle_item_grouping":"","bundle_min_size":"","bundle_max_size":"","bundled_items":[],"bundle_sell_ids":[],"acf":[],"yoast_head":"<!-- This site is optimized with the Yoast SEO plugin v27.3 - https:\/\/yoast.com\/product\/yoast-seo-wordpress\/ -->\n<title>Silm\u00e4suihke kuiville silmille - Dry Eye Relief Spray - Membrasin<\/title>\n<meta name=\"description\" content=\"Membrasin -silm\u00e4suihke helpottaa luonnollisesti ja tehokkaasti kuivasilm\u00e4isyyden oireita sek\u00e4 kosteuttaa silm\u00e4luomia. Hoitaa my\u00f6s silm\u00e4nymp\u00e4rysihoa.\" \/>\n<meta name=\"robots\" content=\"index, follow, max-snippet:-1, max-image-preview:large, max-video-preview:-1\" \/>\n<link rel=\"canonical\" href=\"https:\/\/membrasin.com\/fi\/tuote\/dry-eye-relief-spray-fi-2\/\" \/>\n<meta property=\"og:locale\" content=\"fi_FI\" \/>\n<meta property=\"og:type\" content=\"article\" \/>\n<meta property=\"og:title\" content=\"Silm\u00e4suihke kuiville silmille - Dry Eye Relief Spray - Membrasin\" \/>\n<meta property=\"og:description\" content=\"Membrasin -silm\u00e4suihke helpottaa luonnollisesti ja tehokkaasti kuivasilm\u00e4isyyden oireita sek\u00e4 kosteuttaa silm\u00e4luomia. Hoitaa my\u00f6s silm\u00e4nymp\u00e4rysihoa.\" \/>\n<meta property=\"og:url\" content=\"https:\/\/membrasin.com\/fi\/tuote\/dry-eye-relief-spray-fi-2\/\" \/>\n<meta property=\"og:site_name\" content=\"Membrasin\" \/>\n<meta property=\"article:publisher\" content=\"https:\/\/www.facebook.com\/Membrasin\" \/>\n<meta property=\"article:modified_time\" content=\"2026-03-22T09:58:25+00:00\" \/>\n<meta property=\"og:image\" content=\"https:\/\/membrasin.com\/wp-content\/uploads\/2022\/06\/Membrasin_Vision_Spray_package_600x600_FIN.png\" \/>\n\t<meta property=\"og:image:width\" content=\"600\" \/>\n\t<meta property=\"og:image:height\" content=\"600\" \/>\n\t<meta property=\"og:image:type\" content=\"image\/png\" \/>\n<meta name=\"twitter:card\" content=\"summary_large_image\" \/>\n<meta name=\"twitter:label1\" content=\"Arvioitu lukuaika\" \/>\n\t<meta name=\"twitter:data1\" content=\"2 minuuttia\" \/>\n<script type=\"application\/ld+json\" class=\"yoast-schema-graph\">{\"@context\":\"https:\\\/\\\/schema.org\",\"@graph\":[{\"@type\":\"WebPage\",\"@id\":\"https:\\\/\\\/membrasin.com\\\/fi\\\/tuote\\\/dry-eye-relief-spray-fi-2\\\/\",\"url\":\"https:\\\/\\\/membrasin.com\\\/fi\\\/tuote\\\/dry-eye-relief-spray-fi-2\\\/\",\"name\":\"Silm\u00e4suihke kuiville silmille - Dry Eye Relief Spray - Membrasin\",\"isPartOf\":{\"@id\":\"https:\\\/\\\/membrasin.com\\\/fi\\\/#website\"},\"primaryImageOfPage\":{\"@id\":\"https:\\\/\\\/membrasin.com\\\/fi\\\/tuote\\\/dry-eye-relief-spray-fi-2\\\/#primaryimage\"},\"image\":{\"@id\":\"https:\\\/\\\/membrasin.com\\\/fi\\\/tuote\\\/dry-eye-relief-spray-fi-2\\\/#primaryimage\"},\"thumbnailUrl\":\"https:\\\/\\\/membrasin.com\\\/wp-content\\\/uploads\\\/2022\\\/06\\\/Membrasin_Vision_Spray_package_600x600_FIN.png\",\"datePublished\":\"2023-06-13T11:16:44+00:00\",\"dateModified\":\"2026-03-22T09:58:25+00:00\",\"description\":\"Membrasin -silm\u00e4suihke helpottaa luonnollisesti ja tehokkaasti kuivasilm\u00e4isyyden oireita sek\u00e4 kosteuttaa silm\u00e4luomia. Hoitaa my\u00f6s silm\u00e4nymp\u00e4rysihoa.\",\"breadcrumb\":{\"@id\":\"https:\\\/\\\/membrasin.com\\\/fi\\\/tuote\\\/dry-eye-relief-spray-fi-2\\\/#breadcrumb\"},\"inLanguage\":\"fi\",\"potentialAction\":[{\"@type\":\"ReadAction\",\"target\":[\"https:\\\/\\\/membrasin.com\\\/fi\\\/tuote\\\/dry-eye-relief-spray-fi-2\\\/\"]}]},{\"@type\":\"ImageObject\",\"inLanguage\":\"fi\",\"@id\":\"https:\\\/\\\/membrasin.com\\\/fi\\\/tuote\\\/dry-eye-relief-spray-fi-2\\\/#primaryimage\",\"url\":\"https:\\\/\\\/membrasin.com\\\/wp-content\\\/uploads\\\/2022\\\/06\\\/Membrasin_Vision_Spray_package_600x600_FIN.png\",\"contentUrl\":\"https:\\\/\\\/membrasin.com\\\/wp-content\\\/uploads\\\/2022\\\/06\\\/Membrasin_Vision_Spray_package_600x600_FIN.png\",\"width\":600,\"height\":600},{\"@type\":\"BreadcrumbList\",\"@id\":\"https:\\\/\\\/membrasin.com\\\/fi\\\/tuote\\\/dry-eye-relief-spray-fi-2\\\/#breadcrumb\",\"itemListElement\":[{\"@type\":\"ListItem\",\"position\":1,\"name\":\"Etusivu\",\"item\":\"https:\\\/\\\/membrasin.com\\\/fi\\\/\"},{\"@type\":\"ListItem\",\"position\":2,\"name\":\"Tuotteet\",\"item\":\"https:\\\/\\\/membrasin.com\\\/fi\\\/shop\\\/\"},{\"@type\":\"ListItem\",\"position\":3,\"name\":\"Dry Eye Relief Spray\"}]},{\"@type\":\"WebSite\",\"@id\":\"https:\\\/\\\/membrasin.com\\\/fi\\\/#website\",\"url\":\"https:\\\/\\\/membrasin.com\\\/fi\\\/\",\"name\":\"Membrasin\",\"description\":\"\",\"publisher\":{\"@id\":\"https:\\\/\\\/membrasin.com\\\/fi\\\/#organization\"},\"potentialAction\":[{\"@type\":\"SearchAction\",\"target\":{\"@type\":\"EntryPoint\",\"urlTemplate\":\"https:\\\/\\\/membrasin.com\\\/fi\\\/?s={search_term_string}\"},\"query-input\":{\"@type\":\"PropertyValueSpecification\",\"valueRequired\":true,\"valueName\":\"search_term_string\"}}],\"inLanguage\":\"fi\"},{\"@type\":\"Organization\",\"@id\":\"https:\\\/\\\/membrasin.com\\\/fi\\\/#organization\",\"name\":\"Membrasin\",\"url\":\"https:\\\/\\\/membrasin.com\\\/fi\\\/\",\"logo\":{\"@type\":\"ImageObject\",\"inLanguage\":\"fi\",\"@id\":\"https:\\\/\\\/membrasin.com\\\/fi\\\/#\\\/schema\\\/logo\\\/image\\\/\",\"url\":\"https:\\\/\\\/membrasin.com\\\/wp-content\\\/uploads\\\/2022\\\/09\\\/product_placeholder_membrasin_logo.png\",\"contentUrl\":\"https:\\\/\\\/membrasin.com\\\/wp-content\\\/uploads\\\/2022\\\/09\\\/product_placeholder_membrasin_logo.png\",\"width\":600,\"height\":600,\"caption\":\"Membrasin\"},\"image\":{\"@id\":\"https:\\\/\\\/membrasin.com\\\/fi\\\/#\\\/schema\\\/logo\\\/image\\\/\"},\"sameAs\":[\"https:\\\/\\\/www.facebook.com\\\/Membrasin\",\"https:\\\/\\\/www.instagram.com\\\/membrasin\\\/\"]}]}<\/script>\n<!-- \/ Yoast SEO plugin. -->","yoast_head_json":{"title":"Silm\u00e4suihke kuiville silmille - Dry Eye Relief Spray - Membrasin","description":"Membrasin -silm\u00e4suihke helpottaa luonnollisesti ja tehokkaasti kuivasilm\u00e4isyyden oireita sek\u00e4 kosteuttaa silm\u00e4luomia. Hoitaa my\u00f6s silm\u00e4nymp\u00e4rysihoa.","robots":{"index":"index","follow":"follow","max-snippet":"max-snippet:-1","max-image-preview":"max-image-preview:large","max-video-preview":"max-video-preview:-1"},"canonical":"https:\/\/membrasin.com\/fi\/tuote\/dry-eye-relief-spray-fi-2\/","og_locale":"fi_FI","og_type":"article","og_title":"Silm\u00e4suihke kuiville silmille - Dry Eye Relief Spray - Membrasin","og_description":"Membrasin -silm\u00e4suihke helpottaa luonnollisesti ja tehokkaasti kuivasilm\u00e4isyyden oireita sek\u00e4 kosteuttaa silm\u00e4luomia. Hoitaa my\u00f6s silm\u00e4nymp\u00e4rysihoa.","og_url":"https:\/\/membrasin.com\/fi\/tuote\/dry-eye-relief-spray-fi-2\/","og_site_name":"Membrasin","article_publisher":"https:\/\/www.facebook.com\/Membrasin","article_modified_time":"2026-03-22T09:58:25+00:00","og_image":[{"width":600,"height":600,"url":"https:\/\/membrasin.com\/wp-content\/uploads\/2022\/06\/Membrasin_Vision_Spray_package_600x600_FIN.png","type":"image\/png"}],"twitter_card":"summary_large_image","twitter_misc":{"Arvioitu lukuaika":"2 minuuttia"},"schema":{"@context":"https:\/\/schema.org","@graph":[{"@type":"WebPage","@id":"https:\/\/membrasin.com\/fi\/tuote\/dry-eye-relief-spray-fi-2\/","url":"https:\/\/membrasin.com\/fi\/tuote\/dry-eye-relief-spray-fi-2\/","name":"Silm\u00e4suihke kuiville silmille - Dry Eye Relief Spray - Membrasin","isPartOf":{"@id":"https:\/\/membrasin.com\/fi\/#website"},"primaryImageOfPage":{"@id":"https:\/\/membrasin.com\/fi\/tuote\/dry-eye-relief-spray-fi-2\/#primaryimage"},"image":{"@id":"https:\/\/membrasin.com\/fi\/tuote\/dry-eye-relief-spray-fi-2\/#primaryimage"},"thumbnailUrl":"https:\/\/membrasin.com\/wp-content\/uploads\/2022\/06\/Membrasin_Vision_Spray_package_600x600_FIN.png","datePublished":"2023-06-13T11:16:44+00:00","dateModified":"2026-03-22T09:58:25+00:00","description":"Membrasin -silm\u00e4suihke helpottaa luonnollisesti ja tehokkaasti kuivasilm\u00e4isyyden oireita sek\u00e4 kosteuttaa silm\u00e4luomia. Hoitaa my\u00f6s silm\u00e4nymp\u00e4rysihoa.","breadcrumb":{"@id":"https:\/\/membrasin.com\/fi\/tuote\/dry-eye-relief-spray-fi-2\/#breadcrumb"},"inLanguage":"fi","potentialAction":[{"@type":"ReadAction","target":["https:\/\/membrasin.com\/fi\/tuote\/dry-eye-relief-spray-fi-2\/"]}]},{"@type":"ImageObject","inLanguage":"fi","@id":"https:\/\/membrasin.com\/fi\/tuote\/dry-eye-relief-spray-fi-2\/#primaryimage","url":"https:\/\/membrasin.com\/wp-content\/uploads\/2022\/06\/Membrasin_Vision_Spray_package_600x600_FIN.png","contentUrl":"https:\/\/membrasin.com\/wp-content\/uploads\/2022\/06\/Membrasin_Vision_Spray_package_600x600_FIN.png","width":600,"height":600},{"@type":"BreadcrumbList","@id":"https:\/\/membrasin.com\/fi\/tuote\/dry-eye-relief-spray-fi-2\/#breadcrumb","itemListElement":[{"@type":"ListItem","position":1,"name":"Etusivu","item":"https:\/\/membrasin.com\/fi\/"},{"@type":"ListItem","position":2,"name":"Tuotteet","item":"https:\/\/membrasin.com\/fi\/shop\/"},{"@type":"ListItem","position":3,"name":"Dry Eye Relief Spray"}]},{"@type":"WebSite","@id":"https:\/\/membrasin.com\/fi\/#website","url":"https:\/\/membrasin.com\/fi\/","name":"Membrasin","description":"","publisher":{"@id":"https:\/\/membrasin.com\/fi\/#organization"},"potentialAction":[{"@type":"SearchAction","target":{"@type":"EntryPoint","urlTemplate":"https:\/\/membrasin.com\/fi\/?s={search_term_string}"},"query-input":{"@type":"PropertyValueSpecification","valueRequired":true,"valueName":"search_term_string"}}],"inLanguage":"fi"},{"@type":"Organization","@id":"https:\/\/membrasin.com\/fi\/#organization","name":"Membrasin","url":"https:\/\/membrasin.com\/fi\/","logo":{"@type":"ImageObject","inLanguage":"fi","@id":"https:\/\/membrasin.com\/fi\/#\/schema\/logo\/image\/","url":"https:\/\/membrasin.com\/wp-content\/uploads\/2022\/09\/product_placeholder_membrasin_logo.png","contentUrl":"https:\/\/membrasin.com\/wp-content\/uploads\/2022\/09\/product_placeholder_membrasin_logo.png","width":600,"height":600,"caption":"Membrasin"},"image":{"@id":"https:\/\/membrasin.com\/fi\/#\/schema\/logo\/image\/"},"sameAs":["https:\/\/www.facebook.com\/Membrasin","https:\/\/www.instagram.com\/membrasin\/"]}]}},"_links":{"self":[{"href":"https:\/\/membrasin.com\/fi\/wp-json\/wp\/v2\/product\/2657","targetHints":{"allow":["GET"]}}],"collection":[{"href":"https:\/\/membrasin.com\/fi\/wp-json\/wp\/v2\/product"}],"about":[{"href":"https:\/\/membrasin.com\/fi\/wp-json\/wp\/v2\/types\/product"}],"replies":[{"embeddable":true,"href":"https:\/\/membrasin.com\/fi\/wp-json\/wp\/v2\/comments?post=2657"}],"wp:featuredmedia":[{"embeddable":true,"href":"https:\/\/membrasin.com\/fi\/wp-json\/wp\/v2\/media\/1534"}],"wp:attachment":[{"href":"https:\/\/membrasin.com\/fi\/wp-json\/wp\/v2\/media?parent=2657"}],"wp:term":[{"taxonomy":"product_brand","embeddable":true,"href":"https:\/\/membrasin.com\/fi\/wp-json\/wp\/v2\/product_brand?post=2657"},{"taxonomy":"product_cat","embeddable":true,"href":"https:\/\/membrasin.com\/fi\/wp-json\/wp\/v2\/product_cat?post=2657"},{"taxonomy":"product_tag","embeddable":true,"href":"https:\/\/membrasin.com\/fi\/wp-json\/wp\/v2\/product_tag?post=2657"}],"curies":[{"name":"wp","href":"https:\/\/api.w.org\/{rel}","templated":true}]}}