{"id":2654,"date":"2023-06-13T14:09:15","date_gmt":"2023-06-13T11:09:15","guid":{"rendered":"https:\/\/membrasin.com\/?post_type=product&#038;p=2654"},"modified":"2026-04-02T16:44:16","modified_gmt":"2026-04-02T13:44:16","slug":"eye-hydration-supplemet-fi","status":"publish","type":"product","link":"https:\/\/membrasin.com\/fi\/tuote\/eye-hydration-supplemet-fi\/","title":{"rendered":"Eye Hydration Supplement"},"content":{"rendered":"<h2>Kotimainen kosteuttava ravintolis\u00e4 silmien kuivuutta vastaan<\/h2>\n<p>Membrasin<sup>\u00ae<\/sup> Eye Hydration Supplement on kotimainen ravintolis\u00e4 silmille, joka kosteuttaa ja suojaa silmi\u00e4 luonnollisesti. Kapseli sis\u00e4lt\u00e4\u00e4 ainutlaatuisen yhdistelm\u00e4n SBA24<sup>\u00ae<\/sup>\u00a0tyrni\u00f6ljy\u00e4, luteiinia ja zeaksantiinia silm\u00e4n limakalvojen, silm\u00e4n verkkokalvon ja kyynelnesteen tarpeisiin. S<span class=\"cf0\">is\u00e4lt\u00e4\u00e4 FloraGLO-luteiinia, jonka on todettu kliinisess\u00e4 tutkimuksessa vahvistavan<\/span>\u00a0my\u00f6s makulan pigmentti\u00e4 sek\u00e4 suojaavan silm\u00e4\u00e4 siniselt\u00e4 valolta. SBA24<sup>\u00ae<\/sup>\u00a0on maailman tutkituin tyrni\u00f6ljy, jonka koostumus, teho ja turvallisuus on varmistettu kliinisill\u00e4 tutkimuksilla.<\/p>\n<h2>Tieteellisesti tutkittu hy\u00f6ty silmien kuivuuteen<\/h2>\n<p>Luteiini ja zeaksantiini ovat silm\u00e4n toiminnalle v\u00e4ltt\u00e4m\u00e4tt\u00f6mi\u00e4 aineosia. Ainutlaatuinen FloraGLO -luteiini-zeaksantiini-seos on tehokkaasti imeytyv\u00e4 ja sen hy\u00f6dyt silmille on osoitettu useissa tieteellisiss\u00e4 tutkimuksissa.<\/p>\n<p>Membrasin<sup>\u00ae<\/sup>\u00a0Eye Hydration Supplement -ravintolis\u00e4 sis\u00e4lt\u00e4\u00e4 my\u00f6s luonnollista A-vitamiinia beetakaroteenista sek\u00e4 E-vitamiinia. A-vitamiini edist\u00e4\u00e4 n\u00e4\u00f6n pysymist\u00e4 normaalina ja E-vitamiini suojaa soluja oksidatiiviselta stressilt\u00e4*.<\/p>\n<ul>\n<li>Sis\u00e4lt\u00e4\u00e4 SBA24<sup>\u00ae<\/sup>\u00a0tyrni\u00f6ljy\u00e4, omega-3, -6, -7 ja -9-rasvahappoja, A- ja E-vitamiinia sek\u00e4 luteiinia ja zeaksantiinia<\/li>\n<li>Kehitetty yhteisty\u00f6ss\u00e4 silm\u00e4l\u00e4\u00e4k\u00e4reiden kanssa<\/li>\n<li><span class=\"cf0\">Sis\u00e4lt\u00e4\u00e4 kliinisesti tutkittua SBA24\u00ae-\u00f6ljy\u00e4<\/span><\/li>\n<li>Tyypillisesti vaikutus saadaan 2-5 viikossa<\/li>\n<li>Ainoastaan puhtaita luonnosta eristettyj\u00e4 ainesosia<\/li>\n<li>Pehme\u00e4 kasvipohjainen kapseli<\/li>\n<li>100 % vegaaninen. Ei el\u00e4inper\u00e4isi\u00e4 ainesosia<\/li>\n<li>Ei ik\u00e4v\u00e4\u00e4 j\u00e4lkimakua, kuten kala\u00f6ljyvalmisteissa<\/li>\n<\/ul>\n<h2>Hoida kuivuutta ravintolis\u00e4ll\u00e4 sis\u00e4isesti sek\u00e4 silm\u00e4suihkeella ulkoisesti<\/h2>\n<p>Parhaan tuloksen saat <a href=\"https:\/\/membrasin.com\/fi\/tuote-osasto\/vision-fi\/\">Membrasin<sup>\u00ae<\/sup>\u00a0Vision<\/a> 2-vaiheisella ratkaisulla: <a href=\"https:\/\/membrasin.com\/fi\/tuote\/eye-hydration-supplemet-fi\/\">Membrasin<sup>\u00ae<\/sup>\u00a0Eye Hydration Supplement -kapseli<\/a> antaa sis\u00e4isesti pitk\u00e4kestoista luonnollista kosteutusta sek\u00e4 suojaa silmille ja <a href=\"https:\/\/membrasin.com\/fi\/tuote\/dry-eye-relief-spray-fi-2\/\">Membrasin<sup>\u00ae<\/sup>\u00a0silm\u00e4suihke<\/a> kosteuttaa v\u00e4litt\u00f6m\u00e4sti silm\u00e4\u00e4 ja silm\u00e4nymp\u00e4rysihoa.<\/p>\n<p>* Ravintolis\u00e4: sis\u00e4lt\u00e4\u00e4 luonnollista beetakaroteenia, A-vitamiinin l\u00e4hdett\u00e4, joka edist\u00e4\u00e4 n\u00e4\u00f6n pysymist\u00e4 normaalina. E-vitamiini edist\u00e4\u00e4 solujen suojaamista oksidatiiviselta stressilt\u00e4.<\/p>\n<h3>Lue lis\u00e4\u00e4 silmien kuivuudesta<\/h3>\n<ul>\n<li><a href=\"https:\/\/membrasin.com\/fi\/talvi-kuivattaa-silmia-vuotavat-silmat-kertovat-kuivuudesta\/\">Talvi kuivattaa silmi\u00e4 \u2013 vuotavat silm\u00e4t kertovat kuivuudesta<\/a><\/li>\n<li><a href=\"https:\/\/membrasin.com\/fi\/kuiva-etelan-tuuli-ja-paahtava-aurinko-ihanaa-paitsi-ei-silmille\/\">Kuiva tuuli ja paahtava aurinko. Ihanaa \u2013 paitsi ei silmille!<\/a><\/li>\n<li><a href=\"https:\/\/membrasin.com\/fi\/lentomatka-edessa-tyrnista-apua-silmien-kuivumiseen\/\">Lentomatka edess\u00e4? Tyrnist\u00e4 apua silmien kuivumiseen<\/a><\/li>\n<\/ul>\n","protected":false},"excerpt":{"rendered":"<p>Kosteuttaa luonnollisesti kuivia silmi\u00e4 sek\u00e4 suojaa silmien limakalvoja. Auttaa normaalin n\u00e4kokyvyn yll\u00e4pit\u00e4misess\u00e4.<\/p>\n<ul>\n<li>Luonnollista kosteutusta ja suojaa kuiville silmille 2-5 viikossa<\/li>\n<li>Omega-3, -6, -7 ja -9-rasvahappoja, A- ja E-vitamiinia sek\u00e4 luteiinia ja zeaksantiinia<\/li>\n<li><span class=\"cf0\">Sis\u00e4lt\u00e4\u00e4 kliinisesti tutkittua SBA24<sup>\u00ae<\/sup>-\u00f6ljy\u00e4<\/span><\/li>\n<li>Kehitetty Suomessa yhteisty\u00f6ss\u00e4 silm\u00e4l\u00e4\u00e4k\u00e4reiden kanssa<\/li>\n<\/ul>\n","protected":false},"featured_media":3077,"comment_status":"open","ping_status":"closed","template":"","meta":{"_acf_changed":false},"product_brand":[],"product_cat":[84],"product_tag":[],"class_list":{"0":"post-2654","1":"product","2":"type-product","3":"status-publish","4":"has-post-thumbnail","6":"product_cat-vision-fi","8":"first","9":"instock","10":"taxable","11":"shipping-taxable","12":"purchasable","13":"product-type-simple"},"bundled_by":[],"bundle_stock_status":"instock","bundle_stock_quantity":null,"bundle_virtual":false,"bundle_layout":"","bundle_add_to_cart_form_location":"","bundle_editable_in_cart":false,"bundle_sold_individually_context":"","bundle_item_grouping":"","bundle_min_size":"","bundle_max_size":"","bundled_items":[],"bundle_sell_ids":[],"acf":[],"yoast_head":"<!-- This site is optimized with the Yoast SEO plugin v27.3 - https:\/\/yoast.com\/product\/yoast-seo-wordpress\/ -->\n<title>Ravintolis\u00e4 kuiville silmille - Eye Hydration Supplement - Membrasin<\/title>\n<meta name=\"description\" content=\"Membrasin Vision -kapseli on ravintolis\u00e4 silmille, joka kosteuttaa luonnollisesti kuivia silmi\u00e4 sek\u00e4 suojaa silmien limakalvoja. Auttaa normaalin n\u00e4kokyvyn yll\u00e4pit\u00e4misess\u00e4.\" \/>\n<meta name=\"robots\" content=\"index, follow, max-snippet:-1, max-image-preview:large, max-video-preview:-1\" \/>\n<link rel=\"canonical\" href=\"https:\/\/membrasin.com\/fi\/tuote\/eye-hydration-supplemet-fi\/\" \/>\n<meta property=\"og:locale\" content=\"fi_FI\" \/>\n<meta property=\"og:type\" content=\"article\" \/>\n<meta property=\"og:title\" content=\"Ravintolis\u00e4 kuiville silmille - Eye Hydration Supplement - Membrasin\" \/>\n<meta property=\"og:description\" content=\"Membrasin Vision -kapseli on ravintolis\u00e4 silmille, joka kosteuttaa luonnollisesti kuivia silmi\u00e4 sek\u00e4 suojaa silmien limakalvoja. Auttaa normaalin n\u00e4kokyvyn yll\u00e4pit\u00e4misess\u00e4.\" \/>\n<meta property=\"og:url\" content=\"https:\/\/membrasin.com\/fi\/tuote\/eye-hydration-supplemet-fi\/\" \/>\n<meta property=\"og:site_name\" content=\"Membrasin\" \/>\n<meta property=\"article:publisher\" content=\"https:\/\/www.facebook.com\/Membrasin\" \/>\n<meta property=\"article:modified_time\" content=\"2026-04-02T13:44:16+00:00\" \/>\n<meta property=\"og:image\" content=\"https:\/\/membrasin.com\/wp-content\/uploads\/2023\/06\/Nimeton-malli-19.png\" \/>\n\t<meta property=\"og:image:width\" content=\"600\" \/>\n\t<meta property=\"og:image:height\" content=\"600\" \/>\n\t<meta property=\"og:image:type\" content=\"image\/png\" \/>\n<meta name=\"twitter:card\" content=\"summary_large_image\" \/>\n<meta name=\"twitter:label1\" content=\"Arvioitu lukuaika\" \/>\n\t<meta name=\"twitter:data1\" content=\"2 minuuttia\" \/>\n<script type=\"application\/ld+json\" class=\"yoast-schema-graph\">{\"@context\":\"https:\\\/\\\/schema.org\",\"@graph\":[{\"@type\":\"WebPage\",\"@id\":\"https:\\\/\\\/membrasin.com\\\/fi\\\/tuote\\\/eye-hydration-supplemet-fi\\\/\",\"url\":\"https:\\\/\\\/membrasin.com\\\/fi\\\/tuote\\\/eye-hydration-supplemet-fi\\\/\",\"name\":\"Ravintolis\u00e4 kuiville silmille - Eye Hydration Supplement - Membrasin\",\"isPartOf\":{\"@id\":\"https:\\\/\\\/membrasin.com\\\/fi\\\/#website\"},\"primaryImageOfPage\":{\"@id\":\"https:\\\/\\\/membrasin.com\\\/fi\\\/tuote\\\/eye-hydration-supplemet-fi\\\/#primaryimage\"},\"image\":{\"@id\":\"https:\\\/\\\/membrasin.com\\\/fi\\\/tuote\\\/eye-hydration-supplemet-fi\\\/#primaryimage\"},\"thumbnailUrl\":\"https:\\\/\\\/membrasin.com\\\/wp-content\\\/uploads\\\/2023\\\/06\\\/Nimeton-malli-19.png\",\"datePublished\":\"2023-06-13T11:09:15+00:00\",\"dateModified\":\"2026-04-02T13:44:16+00:00\",\"description\":\"Membrasin Vision -kapseli on ravintolis\u00e4 silmille, joka kosteuttaa luonnollisesti kuivia silmi\u00e4 sek\u00e4 suojaa silmien limakalvoja. Auttaa normaalin n\u00e4kokyvyn yll\u00e4pit\u00e4misess\u00e4.\",\"breadcrumb\":{\"@id\":\"https:\\\/\\\/membrasin.com\\\/fi\\\/tuote\\\/eye-hydration-supplemet-fi\\\/#breadcrumb\"},\"inLanguage\":\"fi\",\"potentialAction\":[{\"@type\":\"ReadAction\",\"target\":[\"https:\\\/\\\/membrasin.com\\\/fi\\\/tuote\\\/eye-hydration-supplemet-fi\\\/\"]}]},{\"@type\":\"ImageObject\",\"inLanguage\":\"fi\",\"@id\":\"https:\\\/\\\/membrasin.com\\\/fi\\\/tuote\\\/eye-hydration-supplemet-fi\\\/#primaryimage\",\"url\":\"https:\\\/\\\/membrasin.com\\\/wp-content\\\/uploads\\\/2023\\\/06\\\/Nimeton-malli-19.png\",\"contentUrl\":\"https:\\\/\\\/membrasin.com\\\/wp-content\\\/uploads\\\/2023\\\/06\\\/Nimeton-malli-19.png\",\"width\":600,\"height\":600},{\"@type\":\"BreadcrumbList\",\"@id\":\"https:\\\/\\\/membrasin.com\\\/fi\\\/tuote\\\/eye-hydration-supplemet-fi\\\/#breadcrumb\",\"itemListElement\":[{\"@type\":\"ListItem\",\"position\":1,\"name\":\"Etusivu\",\"item\":\"https:\\\/\\\/membrasin.com\\\/fi\\\/\"},{\"@type\":\"ListItem\",\"position\":2,\"name\":\"Tuotteet\",\"item\":\"https:\\\/\\\/membrasin.com\\\/fi\\\/shop\\\/\"},{\"@type\":\"ListItem\",\"position\":3,\"name\":\"Eye Hydration Supplement\"}]},{\"@type\":\"WebSite\",\"@id\":\"https:\\\/\\\/membrasin.com\\\/fi\\\/#website\",\"url\":\"https:\\\/\\\/membrasin.com\\\/fi\\\/\",\"name\":\"Membrasin\",\"description\":\"\",\"publisher\":{\"@id\":\"https:\\\/\\\/membrasin.com\\\/fi\\\/#organization\"},\"potentialAction\":[{\"@type\":\"SearchAction\",\"target\":{\"@type\":\"EntryPoint\",\"urlTemplate\":\"https:\\\/\\\/membrasin.com\\\/fi\\\/?s={search_term_string}\"},\"query-input\":{\"@type\":\"PropertyValueSpecification\",\"valueRequired\":true,\"valueName\":\"search_term_string\"}}],\"inLanguage\":\"fi\"},{\"@type\":\"Organization\",\"@id\":\"https:\\\/\\\/membrasin.com\\\/fi\\\/#organization\",\"name\":\"Membrasin\",\"url\":\"https:\\\/\\\/membrasin.com\\\/fi\\\/\",\"logo\":{\"@type\":\"ImageObject\",\"inLanguage\":\"fi\",\"@id\":\"https:\\\/\\\/membrasin.com\\\/fi\\\/#\\\/schema\\\/logo\\\/image\\\/\",\"url\":\"https:\\\/\\\/membrasin.com\\\/wp-content\\\/uploads\\\/2022\\\/09\\\/product_placeholder_membrasin_logo.png\",\"contentUrl\":\"https:\\\/\\\/membrasin.com\\\/wp-content\\\/uploads\\\/2022\\\/09\\\/product_placeholder_membrasin_logo.png\",\"width\":600,\"height\":600,\"caption\":\"Membrasin\"},\"image\":{\"@id\":\"https:\\\/\\\/membrasin.com\\\/fi\\\/#\\\/schema\\\/logo\\\/image\\\/\"},\"sameAs\":[\"https:\\\/\\\/www.facebook.com\\\/Membrasin\",\"https:\\\/\\\/www.instagram.com\\\/membrasin\\\/\"]}]}<\/script>\n<!-- \/ Yoast SEO plugin. -->","yoast_head_json":{"title":"Ravintolis\u00e4 kuiville silmille - Eye Hydration Supplement - Membrasin","description":"Membrasin Vision -kapseli on ravintolis\u00e4 silmille, joka kosteuttaa luonnollisesti kuivia silmi\u00e4 sek\u00e4 suojaa silmien limakalvoja. Auttaa normaalin n\u00e4kokyvyn yll\u00e4pit\u00e4misess\u00e4.","robots":{"index":"index","follow":"follow","max-snippet":"max-snippet:-1","max-image-preview":"max-image-preview:large","max-video-preview":"max-video-preview:-1"},"canonical":"https:\/\/membrasin.com\/fi\/tuote\/eye-hydration-supplemet-fi\/","og_locale":"fi_FI","og_type":"article","og_title":"Ravintolis\u00e4 kuiville silmille - Eye Hydration Supplement - Membrasin","og_description":"Membrasin Vision -kapseli on ravintolis\u00e4 silmille, joka kosteuttaa luonnollisesti kuivia silmi\u00e4 sek\u00e4 suojaa silmien limakalvoja. Auttaa normaalin n\u00e4kokyvyn yll\u00e4pit\u00e4misess\u00e4.","og_url":"https:\/\/membrasin.com\/fi\/tuote\/eye-hydration-supplemet-fi\/","og_site_name":"Membrasin","article_publisher":"https:\/\/www.facebook.com\/Membrasin","article_modified_time":"2026-04-02T13:44:16+00:00","og_image":[{"width":600,"height":600,"url":"https:\/\/membrasin.com\/wp-content\/uploads\/2023\/06\/Nimeton-malli-19.png","type":"image\/png"}],"twitter_card":"summary_large_image","twitter_misc":{"Arvioitu lukuaika":"2 minuuttia"},"schema":{"@context":"https:\/\/schema.org","@graph":[{"@type":"WebPage","@id":"https:\/\/membrasin.com\/fi\/tuote\/eye-hydration-supplemet-fi\/","url":"https:\/\/membrasin.com\/fi\/tuote\/eye-hydration-supplemet-fi\/","name":"Ravintolis\u00e4 kuiville silmille - Eye Hydration Supplement - Membrasin","isPartOf":{"@id":"https:\/\/membrasin.com\/fi\/#website"},"primaryImageOfPage":{"@id":"https:\/\/membrasin.com\/fi\/tuote\/eye-hydration-supplemet-fi\/#primaryimage"},"image":{"@id":"https:\/\/membrasin.com\/fi\/tuote\/eye-hydration-supplemet-fi\/#primaryimage"},"thumbnailUrl":"https:\/\/membrasin.com\/wp-content\/uploads\/2023\/06\/Nimeton-malli-19.png","datePublished":"2023-06-13T11:09:15+00:00","dateModified":"2026-04-02T13:44:16+00:00","description":"Membrasin Vision -kapseli on ravintolis\u00e4 silmille, joka kosteuttaa luonnollisesti kuivia silmi\u00e4 sek\u00e4 suojaa silmien limakalvoja. Auttaa normaalin n\u00e4kokyvyn yll\u00e4pit\u00e4misess\u00e4.","breadcrumb":{"@id":"https:\/\/membrasin.com\/fi\/tuote\/eye-hydration-supplemet-fi\/#breadcrumb"},"inLanguage":"fi","potentialAction":[{"@type":"ReadAction","target":["https:\/\/membrasin.com\/fi\/tuote\/eye-hydration-supplemet-fi\/"]}]},{"@type":"ImageObject","inLanguage":"fi","@id":"https:\/\/membrasin.com\/fi\/tuote\/eye-hydration-supplemet-fi\/#primaryimage","url":"https:\/\/membrasin.com\/wp-content\/uploads\/2023\/06\/Nimeton-malli-19.png","contentUrl":"https:\/\/membrasin.com\/wp-content\/uploads\/2023\/06\/Nimeton-malli-19.png","width":600,"height":600},{"@type":"BreadcrumbList","@id":"https:\/\/membrasin.com\/fi\/tuote\/eye-hydration-supplemet-fi\/#breadcrumb","itemListElement":[{"@type":"ListItem","position":1,"name":"Etusivu","item":"https:\/\/membrasin.com\/fi\/"},{"@type":"ListItem","position":2,"name":"Tuotteet","item":"https:\/\/membrasin.com\/fi\/shop\/"},{"@type":"ListItem","position":3,"name":"Eye Hydration Supplement"}]},{"@type":"WebSite","@id":"https:\/\/membrasin.com\/fi\/#website","url":"https:\/\/membrasin.com\/fi\/","name":"Membrasin","description":"","publisher":{"@id":"https:\/\/membrasin.com\/fi\/#organization"},"potentialAction":[{"@type":"SearchAction","target":{"@type":"EntryPoint","urlTemplate":"https:\/\/membrasin.com\/fi\/?s={search_term_string}"},"query-input":{"@type":"PropertyValueSpecification","valueRequired":true,"valueName":"search_term_string"}}],"inLanguage":"fi"},{"@type":"Organization","@id":"https:\/\/membrasin.com\/fi\/#organization","name":"Membrasin","url":"https:\/\/membrasin.com\/fi\/","logo":{"@type":"ImageObject","inLanguage":"fi","@id":"https:\/\/membrasin.com\/fi\/#\/schema\/logo\/image\/","url":"https:\/\/membrasin.com\/wp-content\/uploads\/2022\/09\/product_placeholder_membrasin_logo.png","contentUrl":"https:\/\/membrasin.com\/wp-content\/uploads\/2022\/09\/product_placeholder_membrasin_logo.png","width":600,"height":600,"caption":"Membrasin"},"image":{"@id":"https:\/\/membrasin.com\/fi\/#\/schema\/logo\/image\/"},"sameAs":["https:\/\/www.facebook.com\/Membrasin","https:\/\/www.instagram.com\/membrasin\/"]}]}},"_links":{"self":[{"href":"https:\/\/membrasin.com\/fi\/wp-json\/wp\/v2\/product\/2654","targetHints":{"allow":["GET"]}}],"collection":[{"href":"https:\/\/membrasin.com\/fi\/wp-json\/wp\/v2\/product"}],"about":[{"href":"https:\/\/membrasin.com\/fi\/wp-json\/wp\/v2\/types\/product"}],"replies":[{"embeddable":true,"href":"https:\/\/membrasin.com\/fi\/wp-json\/wp\/v2\/comments?post=2654"}],"wp:featuredmedia":[{"embeddable":true,"href":"https:\/\/membrasin.com\/fi\/wp-json\/wp\/v2\/media\/3077"}],"wp:attachment":[{"href":"https:\/\/membrasin.com\/fi\/wp-json\/wp\/v2\/media?parent=2654"}],"wp:term":[{"taxonomy":"product_brand","embeddable":true,"href":"https:\/\/membrasin.com\/fi\/wp-json\/wp\/v2\/product_brand?post=2654"},{"taxonomy":"product_cat","embeddable":true,"href":"https:\/\/membrasin.com\/fi\/wp-json\/wp\/v2\/product_cat?post=2654"},{"taxonomy":"product_tag","embeddable":true,"href":"https:\/\/membrasin.com\/fi\/wp-json\/wp\/v2\/product_tag?post=2654"}],"curies":[{"name":"wp","href":"https:\/\/api.w.org\/{rel}","templated":true}]}}