{"id":2579,"date":"2023-06-07T10:39:48","date_gmt":"2023-06-07T07:39:48","guid":{"rendered":"https:\/\/membrasin.com\/?post_type=product&#038;p=2579"},"modified":"2026-04-16T11:16:39","modified_gmt":"2026-04-16T08:16:39","slug":"feminine-moisturiser-supplement-u","status":"publish","type":"product","link":"https:\/\/membrasin.com\/fi\/tuote\/feminine-moisturiser-supplement-u\/","title":{"rendered":"Feminine Moisturiser Supplement"},"content":{"rendered":"<h2>Kotimainen ravintolis\u00e4 kuiville limakalvoille<\/h2>\n<p>Membrasin<sup>\u00ae<\/sup>\u00a0Feminine Moisturiser Supplement on kotimainen ravintolis\u00e4 limakalvojen ja ihon kuivuuden tunteeseen. Se uudistaa ja ravitsee naisille t\u00e4rkeit\u00e4 limakalvoja, erityisesti intiimialueella. Samalla kapseli antaa luonnollista kosteutusta iholle.<\/p>\n<p>Ravintolis\u00e4 sis\u00e4lt\u00e4\u00e4 ainutlaatuista SBA24<sup>\u00ae<\/sup>\u00a0tyrni\u00f6ljy\u00e4, joka kosteuttaa ja suojaa limakalvoja ja ihoa. SBA24<sup>\u00ae<\/sup> \u00f6ljy koostuu sek\u00e4 tyrnin marja\u00f6ljyst\u00e4 ett\u00e4 siemen\u00f6ljyst\u00e4. Vakioitu koostumus sis\u00e4lt\u00e4\u00e4 kaikki t\u00e4rke\u00e4t omega-rasvahapot. Rasvahappojen lis\u00e4ksi tuote sis\u00e4lt\u00e4\u00e4 runsaasti antioksidantteja sek\u00e4 kasvisteroleja, jotka ovat ihmisen elinvoimaisuudelle v\u00e4ltt\u00e4m\u00e4tt\u00f6mi\u00e4. Ravintolis\u00e4ll\u00e4 voi tukea normaalia ruokavaliota.<\/p>\n<h2>Rasvahappoja ja vitamiineja kuivien limakalvojen hyv\u00e4ksi<\/h2>\n<p>Ravintolis\u00e4 sis\u00e4lt\u00e4\u00e4 my\u00f6s A-vitamiinia beetakaroteenista sek\u00e4 E-vitamiinia. A-vitamiini edist\u00e4\u00e4 limakalvojen ja ihon pysymist\u00e4 normaalina. E-vitamiini suojaa soluja oksidatiiviselta stressilt\u00e4*.<\/p>\n<p>SBA24<sup>\u00ae<\/sup>\u00a0on maailman tutkituin tyrni\u00f6ljy, jonka koostumus, teho ja turvallisuus on varmistettu kliinisill\u00e4 tutkimuksilla. Tyrni\u00f6ljy uutetaan hell\u00e4varaisesti marjoista ja siemenist\u00e4 s\u00e4ilytt\u00e4en herk\u00e4t bioaktiiviset ainesosat. Marjat ovat puhtaita luomumarjoja tai villin\u00e4 luonnossa kasvaneita marjoja. Tuotantoprosessi on ymp\u00e4rist\u00f6yst\u00e4v\u00e4llinen, eik\u00e4 siin\u00e4 k\u00e4ytet\u00e4 liuottimia.<\/p>\n<ul>\n<li>Ainutlaatuinen SBA24<sup>\u00ae<\/sup>\u00a0tyrni\u00f6ljy sis\u00e4lt\u00e4\u00e4 omega-3, -6, -7, ja -9-rasvahappoja sek\u00e4 A- ja E-vitamiinia<\/li>\n<li>Teho ja turvallisuus varmistettu kliinisill\u00e4 tutkimuksilla<\/li>\n<li>Tyypillisesti vaikutus saadaan 2-5 viikossa<\/li>\n<li>Ainoastaan puhtaita luonnosta eristettyj\u00e4 ainesosia<\/li>\n<li>Pehme\u00e4 kasvipohjainen kapseli<\/li>\n<li>100 % vegaaninen. Ei el\u00e4inper\u00e4isi\u00e4 ainesosia<\/li>\n<li>Ei ik\u00e4v\u00e4\u00e4 j\u00e4lkimakua, kuten kala\u00f6ljyvalmisteissa<\/li>\n<\/ul>\n<h2>Vaikuta kuiviin limakalvoihin sis\u00e4isesti sek\u00e4 ulkoisesti<\/h2>\n<p>Parhaan tuloksen saat Membrasin<sup>\u00ae<\/sup>\u00a0Moisture 2-vaiheisella ratkaisulla: <a href=\"https:\/\/membrasin.com\/fi\/tuote\/feminine-moisturiser-supplement-u\/\">Membrasin<sup>\u00ae<\/sup>\u00a0Feminine Moisturiser Supplement<\/a> -kapseli antaa sis\u00e4isesti pitk\u00e4kestoista luonnollista kosteutusta limakalvoille ja <a href=\"https:\/\/membrasin.com\/fi\/tuote\/vaginal-moisture-cream-u\/\">Membrasin<sup>\u00ae<\/sup>\u00a0Vaginal Vitality Cream -voide<\/a> lievitt\u00e4\u00e4 v\u00e4litt\u00f6m\u00e4sti intiimialueen ja vaginan kuivuusoireita.<\/p>\n<p><span data-teams=\"true\"><span class=\"ui-provider a b c d e f g h i j k l m n o p q r s t u v w x y z ab ac ae af ag ah ai aj ak\" dir=\"ltr\">* Ravintolis\u00e4: sis\u00e4lt\u00e4\u00e4 luonnollista betakaroteenia, A-vitamiinin l\u00e4hdett\u00e4, joka edist\u00e4\u00e4 limakalvojen ja ihon pysymist\u00e4 normaalina. E-vitamiini edist\u00e4\u00e4 solujen suojaamista hapettumisstressilt\u00e4.<\/span><\/span><\/p>\n<h3>Lue lis\u00e4\u00e4 intiimikuivuudesta ja sen syist\u00e4<\/h3>\n<p>Intiimikuivuutta voi ilmenty\u00e4 kaikenik\u00e4isill\u00e4, niin <a href=\"https:\/\/membrasin.com\/fi\/taistelu-intiimikuivuutta-vastaan-syyt-ja-ratkaisut\/\">nuorilla naisilla kuin vaihdevuosienkin aikaan<\/a> sek\u00e4 naisilla eri el\u00e4m\u00e4ntilanteissa niiden v\u00e4lill\u00e4.<\/p>\n<ul>\n<li><a href=\"https:\/\/membrasin.com\/fi\/intiimikuivuutta-voi-esiintya-kaiken-ikaisilla-naisilla\/\">Intiimikuivuutta voi esiinty\u00e4 kaiken ik\u00e4isill\u00e4 naisilla<\/a><\/li>\n<li><a href=\"https:\/\/membrasin.com\/fi\/ehkaisypillerit-voi-aiheuttaa-intiimialueiden-kuivuutta\/\">Ehk\u00e4isypillerit voivat aiheuttaa intiimialueiden kuivuutta<\/a><\/li>\n<li><a href=\"https:\/\/membrasin.com\/fi\/imetyksen-aikana-intiimialueiden-limakalvot-voivat-kuivua\/\">Imetyksen aikana intiimialueiden limakalvot voivat kuivua<\/a><\/li>\n<li><a href=\"https:\/\/membrasin.com\/fi\/aknelaakkeiden-sivuvaikutus-voi-olla-intiimikuivuus\/\">Aknel\u00e4\u00e4kkeiden sivuvaikutus voi olla intiimialueiden kuivuus<\/a><\/li>\n<li><a href=\"https:\/\/membrasin.com\/fi\/piritta-hagman-suosittelee-asiakkailleen-membrasin-moisture-tuotteita-intiimialueen-kuivuuteen\/\">Piritta Hagman suosittelee asiakkailleen Membrasin\u00ae Moisture -tuotteita intiimialueen kuivuuteen<\/a><\/li>\n<\/ul>\n","protected":false},"excerpt":{"rendered":"<p>Kosteuttaa ja suojaa luonnollisesti ja pitk\u00e4kestoisesti intiimialueen limakalvoja. Tukee ihon hyvinvointia.<\/p>\n<ul>\n<li>Kosteuttaa tehokkaasti intiimialueen limakalvoja 2-5 viikossa<\/li>\n<li>Sis\u00e4lt\u00e4\u00e4 SBA24<sup>\u00ae<\/sup>\u00a0tyrni\u00f6ljy\u00e4, joka on maailman tutkituin tyrni\u00f6ljy<\/li>\n<li>Omega-3, -6, -7 ja -9-rasvahappoja sek\u00e4 A- ja E-vitamiinia<\/li>\n<li>Kliinisesti osoitettu teho<\/li>\n<li>Kehitetty ja valmistettu Suomessa<\/li>\n<li>Kansainv\u00e4lisesti satojatuhansia tyytyv\u00e4isi\u00e4 k\u00e4ytt\u00e4ji\u00e4<\/li>\n<\/ul>\n","protected":false},"featured_media":3071,"comment_status":"open","ping_status":"closed","template":"","meta":{"_acf_changed":false},"product_brand":[],"product_cat":[83],"product_tag":[],"class_list":{"0":"post-2579","1":"product","2":"type-product","3":"status-publish","4":"has-post-thumbnail","6":"product_cat-moisture-fi","8":"first","9":"instock","10":"taxable","11":"shipping-taxable","12":"purchasable","13":"product-type-variable"},"bundled_by":[],"bundle_stock_status":"instock","bundle_stock_quantity":null,"bundle_virtual":false,"bundle_layout":"","bundle_add_to_cart_form_location":"","bundle_editable_in_cart":false,"bundle_sold_individually_context":"","bundle_item_grouping":"","bundle_min_size":"","bundle_max_size":"","bundled_items":[],"bundle_sell_ids":[],"acf":[],"yoast_head":"<!-- This site is optimized with the Yoast SEO plugin v27.4 - https:\/\/yoast.com\/product\/yoast-seo-wordpress\/ -->\n<title>Ravintolis\u00e4 kuiville limakalvoille - Feminine Moisturiser Supplement - Membrasin<\/title>\n<meta name=\"description\" content=\"Membrasin Moisture kapseli kosteuttaa ja suojaa luonnollisesti ja pitk\u00e4kestoisesti intiimialueen limakalvoja. Tukee ihon hyvinvointia.\" \/>\n<meta name=\"robots\" content=\"index, follow, max-snippet:-1, max-image-preview:large, max-video-preview:-1\" \/>\n<link rel=\"canonical\" href=\"https:\/\/membrasin.com\/fi\/tuote\/feminine-moisturiser-supplement-u\/\" \/>\n<meta property=\"og:locale\" content=\"fi_FI\" \/>\n<meta property=\"og:type\" content=\"article\" \/>\n<meta property=\"og:title\" content=\"Ravintolis\u00e4 kuiville limakalvoille - Feminine Moisturiser Supplement - Membrasin\" \/>\n<meta property=\"og:description\" content=\"Membrasin Moisture kapseli kosteuttaa ja suojaa luonnollisesti ja pitk\u00e4kestoisesti intiimialueen limakalvoja. Tukee ihon hyvinvointia.\" \/>\n<meta property=\"og:url\" content=\"https:\/\/membrasin.com\/fi\/tuote\/feminine-moisturiser-supplement-u\/\" \/>\n<meta property=\"og:site_name\" content=\"Membrasin\" \/>\n<meta property=\"article:publisher\" content=\"https:\/\/www.facebook.com\/Membrasin\" \/>\n<meta property=\"article:modified_time\" content=\"2026-04-16T08:16:39+00:00\" \/>\n<meta property=\"og:image\" content=\"https:\/\/membrasin.com\/wp-content\/uploads\/2023\/06\/Nimeton-malli-16.png\" \/>\n\t<meta property=\"og:image:width\" content=\"600\" \/>\n\t<meta property=\"og:image:height\" content=\"600\" \/>\n\t<meta property=\"og:image:type\" content=\"image\/png\" \/>\n<meta name=\"twitter:card\" content=\"summary_large_image\" \/>\n<meta name=\"twitter:label1\" content=\"Arvioitu lukuaika\" \/>\n\t<meta name=\"twitter:data1\" content=\"3 minuuttia\" \/>\n<script type=\"application\/ld+json\" class=\"yoast-schema-graph\">{\"@context\":\"https:\\\/\\\/schema.org\",\"@graph\":[{\"@type\":\"WebPage\",\"@id\":\"https:\\\/\\\/membrasin.com\\\/fi\\\/tuote\\\/feminine-moisturiser-supplement-u\\\/\",\"url\":\"https:\\\/\\\/membrasin.com\\\/fi\\\/tuote\\\/feminine-moisturiser-supplement-u\\\/\",\"name\":\"Ravintolis\u00e4 kuiville limakalvoille - Feminine Moisturiser Supplement - Membrasin\",\"isPartOf\":{\"@id\":\"https:\\\/\\\/membrasin.com\\\/fi\\\/#website\"},\"primaryImageOfPage\":{\"@id\":\"https:\\\/\\\/membrasin.com\\\/fi\\\/tuote\\\/feminine-moisturiser-supplement-u\\\/#primaryimage\"},\"image\":{\"@id\":\"https:\\\/\\\/membrasin.com\\\/fi\\\/tuote\\\/feminine-moisturiser-supplement-u\\\/#primaryimage\"},\"thumbnailUrl\":\"https:\\\/\\\/membrasin.com\\\/wp-content\\\/uploads\\\/2023\\\/06\\\/Nimeton-malli-16.png\",\"datePublished\":\"2023-06-07T07:39:48+00:00\",\"dateModified\":\"2026-04-16T08:16:39+00:00\",\"description\":\"Membrasin Moisture kapseli kosteuttaa ja suojaa luonnollisesti ja pitk\u00e4kestoisesti intiimialueen limakalvoja. Tukee ihon hyvinvointia.\",\"breadcrumb\":{\"@id\":\"https:\\\/\\\/membrasin.com\\\/fi\\\/tuote\\\/feminine-moisturiser-supplement-u\\\/#breadcrumb\"},\"inLanguage\":\"fi\",\"potentialAction\":[{\"@type\":\"ReadAction\",\"target\":[\"https:\\\/\\\/membrasin.com\\\/fi\\\/tuote\\\/feminine-moisturiser-supplement-u\\\/\"]}]},{\"@type\":\"ImageObject\",\"inLanguage\":\"fi\",\"@id\":\"https:\\\/\\\/membrasin.com\\\/fi\\\/tuote\\\/feminine-moisturiser-supplement-u\\\/#primaryimage\",\"url\":\"https:\\\/\\\/membrasin.com\\\/wp-content\\\/uploads\\\/2023\\\/06\\\/Nimeton-malli-16.png\",\"contentUrl\":\"https:\\\/\\\/membrasin.com\\\/wp-content\\\/uploads\\\/2023\\\/06\\\/Nimeton-malli-16.png\",\"width\":600,\"height\":600},{\"@type\":\"BreadcrumbList\",\"@id\":\"https:\\\/\\\/membrasin.com\\\/fi\\\/tuote\\\/feminine-moisturiser-supplement-u\\\/#breadcrumb\",\"itemListElement\":[{\"@type\":\"ListItem\",\"position\":1,\"name\":\"Etusivu\",\"item\":\"https:\\\/\\\/membrasin.com\\\/fi\\\/\"},{\"@type\":\"ListItem\",\"position\":2,\"name\":\"Tuotteet\",\"item\":\"https:\\\/\\\/membrasin.com\\\/fi\\\/shop\\\/\"},{\"@type\":\"ListItem\",\"position\":3,\"name\":\"Feminine Moisturiser Supplement\"}]},{\"@type\":\"WebSite\",\"@id\":\"https:\\\/\\\/membrasin.com\\\/fi\\\/#website\",\"url\":\"https:\\\/\\\/membrasin.com\\\/fi\\\/\",\"name\":\"Membrasin\",\"description\":\"\",\"publisher\":{\"@id\":\"https:\\\/\\\/membrasin.com\\\/fi\\\/#organization\"},\"potentialAction\":[{\"@type\":\"SearchAction\",\"target\":{\"@type\":\"EntryPoint\",\"urlTemplate\":\"https:\\\/\\\/membrasin.com\\\/fi\\\/?s={search_term_string}\"},\"query-input\":{\"@type\":\"PropertyValueSpecification\",\"valueRequired\":true,\"valueName\":\"search_term_string\"}}],\"inLanguage\":\"fi\"},{\"@type\":\"Organization\",\"@id\":\"https:\\\/\\\/membrasin.com\\\/fi\\\/#organization\",\"name\":\"Membrasin\",\"url\":\"https:\\\/\\\/membrasin.com\\\/fi\\\/\",\"logo\":{\"@type\":\"ImageObject\",\"inLanguage\":\"fi\",\"@id\":\"https:\\\/\\\/membrasin.com\\\/fi\\\/#\\\/schema\\\/logo\\\/image\\\/\",\"url\":\"https:\\\/\\\/membrasin.com\\\/wp-content\\\/uploads\\\/2022\\\/09\\\/product_placeholder_membrasin_logo.png\",\"contentUrl\":\"https:\\\/\\\/membrasin.com\\\/wp-content\\\/uploads\\\/2022\\\/09\\\/product_placeholder_membrasin_logo.png\",\"width\":600,\"height\":600,\"caption\":\"Membrasin\"},\"image\":{\"@id\":\"https:\\\/\\\/membrasin.com\\\/fi\\\/#\\\/schema\\\/logo\\\/image\\\/\"},\"sameAs\":[\"https:\\\/\\\/www.facebook.com\\\/Membrasin\",\"https:\\\/\\\/www.instagram.com\\\/membrasin\\\/\"]}]}<\/script>\n<!-- \/ Yoast SEO plugin. -->","yoast_head_json":{"title":"Ravintolis\u00e4 kuiville limakalvoille - Feminine Moisturiser Supplement - Membrasin","description":"Membrasin Moisture kapseli kosteuttaa ja suojaa luonnollisesti ja pitk\u00e4kestoisesti intiimialueen limakalvoja. Tukee ihon hyvinvointia.","robots":{"index":"index","follow":"follow","max-snippet":"max-snippet:-1","max-image-preview":"max-image-preview:large","max-video-preview":"max-video-preview:-1"},"canonical":"https:\/\/membrasin.com\/fi\/tuote\/feminine-moisturiser-supplement-u\/","og_locale":"fi_FI","og_type":"article","og_title":"Ravintolis\u00e4 kuiville limakalvoille - Feminine Moisturiser Supplement - Membrasin","og_description":"Membrasin Moisture kapseli kosteuttaa ja suojaa luonnollisesti ja pitk\u00e4kestoisesti intiimialueen limakalvoja. Tukee ihon hyvinvointia.","og_url":"https:\/\/membrasin.com\/fi\/tuote\/feminine-moisturiser-supplement-u\/","og_site_name":"Membrasin","article_publisher":"https:\/\/www.facebook.com\/Membrasin","article_modified_time":"2026-04-16T08:16:39+00:00","og_image":[{"width":600,"height":600,"url":"https:\/\/membrasin.com\/wp-content\/uploads\/2023\/06\/Nimeton-malli-16.png","type":"image\/png"}],"twitter_card":"summary_large_image","twitter_misc":{"Arvioitu lukuaika":"3 minuuttia"},"schema":{"@context":"https:\/\/schema.org","@graph":[{"@type":"WebPage","@id":"https:\/\/membrasin.com\/fi\/tuote\/feminine-moisturiser-supplement-u\/","url":"https:\/\/membrasin.com\/fi\/tuote\/feminine-moisturiser-supplement-u\/","name":"Ravintolis\u00e4 kuiville limakalvoille - Feminine Moisturiser Supplement - Membrasin","isPartOf":{"@id":"https:\/\/membrasin.com\/fi\/#website"},"primaryImageOfPage":{"@id":"https:\/\/membrasin.com\/fi\/tuote\/feminine-moisturiser-supplement-u\/#primaryimage"},"image":{"@id":"https:\/\/membrasin.com\/fi\/tuote\/feminine-moisturiser-supplement-u\/#primaryimage"},"thumbnailUrl":"https:\/\/membrasin.com\/wp-content\/uploads\/2023\/06\/Nimeton-malli-16.png","datePublished":"2023-06-07T07:39:48+00:00","dateModified":"2026-04-16T08:16:39+00:00","description":"Membrasin Moisture kapseli kosteuttaa ja suojaa luonnollisesti ja pitk\u00e4kestoisesti intiimialueen limakalvoja. Tukee ihon hyvinvointia.","breadcrumb":{"@id":"https:\/\/membrasin.com\/fi\/tuote\/feminine-moisturiser-supplement-u\/#breadcrumb"},"inLanguage":"fi","potentialAction":[{"@type":"ReadAction","target":["https:\/\/membrasin.com\/fi\/tuote\/feminine-moisturiser-supplement-u\/"]}]},{"@type":"ImageObject","inLanguage":"fi","@id":"https:\/\/membrasin.com\/fi\/tuote\/feminine-moisturiser-supplement-u\/#primaryimage","url":"https:\/\/membrasin.com\/wp-content\/uploads\/2023\/06\/Nimeton-malli-16.png","contentUrl":"https:\/\/membrasin.com\/wp-content\/uploads\/2023\/06\/Nimeton-malli-16.png","width":600,"height":600},{"@type":"BreadcrumbList","@id":"https:\/\/membrasin.com\/fi\/tuote\/feminine-moisturiser-supplement-u\/#breadcrumb","itemListElement":[{"@type":"ListItem","position":1,"name":"Etusivu","item":"https:\/\/membrasin.com\/fi\/"},{"@type":"ListItem","position":2,"name":"Tuotteet","item":"https:\/\/membrasin.com\/fi\/shop\/"},{"@type":"ListItem","position":3,"name":"Feminine Moisturiser Supplement"}]},{"@type":"WebSite","@id":"https:\/\/membrasin.com\/fi\/#website","url":"https:\/\/membrasin.com\/fi\/","name":"Membrasin","description":"","publisher":{"@id":"https:\/\/membrasin.com\/fi\/#organization"},"potentialAction":[{"@type":"SearchAction","target":{"@type":"EntryPoint","urlTemplate":"https:\/\/membrasin.com\/fi\/?s={search_term_string}"},"query-input":{"@type":"PropertyValueSpecification","valueRequired":true,"valueName":"search_term_string"}}],"inLanguage":"fi"},{"@type":"Organization","@id":"https:\/\/membrasin.com\/fi\/#organization","name":"Membrasin","url":"https:\/\/membrasin.com\/fi\/","logo":{"@type":"ImageObject","inLanguage":"fi","@id":"https:\/\/membrasin.com\/fi\/#\/schema\/logo\/image\/","url":"https:\/\/membrasin.com\/wp-content\/uploads\/2022\/09\/product_placeholder_membrasin_logo.png","contentUrl":"https:\/\/membrasin.com\/wp-content\/uploads\/2022\/09\/product_placeholder_membrasin_logo.png","width":600,"height":600,"caption":"Membrasin"},"image":{"@id":"https:\/\/membrasin.com\/fi\/#\/schema\/logo\/image\/"},"sameAs":["https:\/\/www.facebook.com\/Membrasin","https:\/\/www.instagram.com\/membrasin\/"]}]}},"_links":{"self":[{"href":"https:\/\/membrasin.com\/fi\/wp-json\/wp\/v2\/product\/2579","targetHints":{"allow":["GET"]}}],"collection":[{"href":"https:\/\/membrasin.com\/fi\/wp-json\/wp\/v2\/product"}],"about":[{"href":"https:\/\/membrasin.com\/fi\/wp-json\/wp\/v2\/types\/product"}],"replies":[{"embeddable":true,"href":"https:\/\/membrasin.com\/fi\/wp-json\/wp\/v2\/comments?post=2579"}],"wp:featuredmedia":[{"embeddable":true,"href":"https:\/\/membrasin.com\/fi\/wp-json\/wp\/v2\/media\/3071"}],"wp:attachment":[{"href":"https:\/\/membrasin.com\/fi\/wp-json\/wp\/v2\/media?parent=2579"}],"wp:term":[{"taxonomy":"product_brand","embeddable":true,"href":"https:\/\/membrasin.com\/fi\/wp-json\/wp\/v2\/product_brand?post=2579"},{"taxonomy":"product_cat","embeddable":true,"href":"https:\/\/membrasin.com\/fi\/wp-json\/wp\/v2\/product_cat?post=2579"},{"taxonomy":"product_tag","embeddable":true,"href":"https:\/\/membrasin.com\/fi\/wp-json\/wp\/v2\/product_tag?post=2579"}],"curies":[{"name":"wp","href":"https:\/\/api.w.org\/{rel}","templated":true}]}}