{"id":1240,"date":"2022-06-21T13:35:54","date_gmt":"2022-06-21T10:35:54","guid":{"rendered":"https:\/\/membrasin.com\/tuote\/probiotic-skin-care-oil\/"},"modified":"2026-04-07T22:16:56","modified_gmt":"2026-04-07T19:16:56","slug":"probiotic-skin-care-oil-fi","status":"publish","type":"product","link":"https:\/\/membrasin.com\/fi\/tuote\/probiotic-skin-care-oil-fi\/","title":{"rendered":"Probiotic Skincare Oil"},"content":{"rendered":"<h2>Elvytt\u00e4v\u00e4 probioottinen \u00f6ljy kuivalle iholle<\/h2>\n<p>Membrasin<sup>\u00ae<\/sup> Probiotic Skincare Oil -\u00f6ljy on ainutlaatuinen ja innovatiivinen iho\u00f6ljy, joka sis\u00e4lt\u00e4\u00e4 aktiivisia, el\u00e4vi\u00e4 probiootteja. Se elvytt\u00e4\u00e4, kosteuttaa ja pehment\u00e4\u00e4 eritt\u00e4in kuivaa ihoa. \u00d6ljy sis\u00e4lt\u00e4\u00e4 el\u00e4vi\u00e4 Lactobacillus rhamnosus -bakteerikantoja sek\u00e4 kotimaisia tyrnin- ja mustaherukansiemen\u00f6ljyj\u00e4.<\/p>\n<p>Tyrnin- ja mustaherukansiemen\u00f6ljy sis\u00e4lt\u00e4v\u00e4t runsaasti ihon hyvinvoinnille v\u00e4ltt\u00e4m\u00e4tt\u00f6mi\u00e4 omega-3, -6 ja -9-rasvahappoja. Aktiivisten el\u00e4vien bakteereiden ja luonnollisten marja\u00f6ljyjen yhdistelm\u00e4 vahvistaa ja hellii tehokkaasti herkk\u00e4\u00e4, kuivaa sek\u00e4 atooppista ihoa.<\/p>\n<ul>\n<li>Tasapainottaa ja vahvistaa ihon normaalia mikrobiomia<\/li>\n<li>Elvytt\u00e4\u00e4, kosteuttaa ja parantaa kuivan ihon pehmeytt\u00e4<\/li>\n<li>Sis\u00e4lt\u00e4\u00e4 aktiivisia ainesosia, kuten maitohappobakteereita, tyrni\u00f6ljy\u00e4 ja mustaherukansiemen\u00f6ljy\u00e4<\/li>\n<li>Tarjoaa innovatiivisen ratkaisun ongelmallisille ihotyypeille<\/li>\n<li>Sopii atooppisen ihon hoitoon<\/li>\n<\/ul>\n<h2>Hoida kuivaa ihoa ulkoisesti tyrni\u00f6ljyll\u00e4 ja voiteella sek\u00e4 sis\u00e4isesti kapselilla hoidon tehostamiseksi<\/h2>\n<p>Parhaan tuloksen saat Membrasin<sup>\u00ae<\/sup> Dermal 3-vaiheisella ratkaisulla: <a href=\"https:\/\/membrasin.com\/fi\/tuote\/probiotic-skin-care-oil-fi\/\">Membrasin<sup>\u00ae<\/sup> Probiotic Skincare Oil -iho\u00f6ljy<\/a> kosteuttaa ja tasapainottaa kuivia ihoalueita. <a href=\"https:\/\/membrasin.com\/fi\/tuote\/atopic-skin-repair-cream-fin\/\">Membrasin<sup>\u00ae<\/sup> Atopic Skin Repair Cream -voide<\/a> lievitt\u00e4\u00e4 tutkitusti atooppisen ihon oireita. <a href=\"https:\/\/membrasin.com\/fi\/tuote\/skin-hydration-supplement-fi\/\">Membrasin<sup>\u00ae<\/sup> Skin Hydration Supplement -kapseli<\/a> antaa sis\u00e4isesti pitk\u00e4kestoista luonnollista kosteutusta ja suojaa iholle.<\/p>\n<h3>Lue lis\u00e4\u00e4 kuivasta ihosta ja sen hoidosta:<\/h3>\n<ul>\n<li><a href=\"https:\/\/membrasin.com\/fi\/kuiva-iho-on-erittain-yleinen-vaiva\/\">Kuiva iho on eritt\u00e4in yleinen vaiva<\/a><\/li>\n<li><a href=\"https:\/\/membrasin.com\/fi\/ihon-hyvinvointi-talven-kylmyydessa-dermal-sarja-kuivalle-atooppiselle-iholle\/\">Ihon hyvinvointi talven kylmyydess\u00e4: Membrasin\u00ae Dermal-sarja kuivalle ja atooppiselle iholle<\/a><\/li>\n<li><a href=\"https:\/\/membrasin.com\/fi\/mita-hyotya-omega-rasvahapoista-on-ihonhoidossa\/\">Mit\u00e4 hy\u00f6ty\u00e4 omega-rasvahapoista on ihonhoidossa?<\/a><\/li>\n<\/ul>\n","protected":false},"excerpt":{"rendered":"<p>Tervehdytt\u00e4\u00e4, kosteuttaa sek\u00e4 rauhoittaa kuivaa ja atooppista ihoa. Vahvistaa herk\u00e4n ihon tervett\u00e4 mikrobiomia.<\/p>\n<ul>\n<li>Aktiivisia el\u00e4vi\u00e4 bakteereita ja luonnollisia marja\u00f6ljyj\u00e4<\/li>\n<li>Omega-3, -6 ja -9-rasvahappoja<\/li>\n<li>Hoitaa herkk\u00e4\u00e4, kuivaa ja atooppista ihoa<\/li>\n<li>Sopii koko perheelle<\/li>\n<li>Kehitetty Suomessa<\/li>\n<\/ul>\n","protected":false},"featured_media":7412,"comment_status":"open","ping_status":"closed","template":"","meta":{"_acf_changed":false},"product_brand":[],"product_cat":[61],"product_tag":[],"class_list":{"0":"post-1240","1":"product","2":"type-product","3":"status-publish","4":"has-post-thumbnail","6":"product_cat-dermal-fi","8":"first","9":"instock","10":"taxable","11":"shipping-taxable","12":"purchasable","13":"product-type-simple"},"bundled_by":[],"bundle_stock_status":"instock","bundle_stock_quantity":39,"bundle_virtual":false,"bundle_layout":"","bundle_add_to_cart_form_location":"","bundle_editable_in_cart":false,"bundle_sold_individually_context":"","bundle_item_grouping":"","bundle_min_size":"","bundle_max_size":"","bundled_items":[],"bundle_sell_ids":[],"acf":[],"yoast_head":"<!-- This site is optimized with the Yoast SEO plugin v27.3 - https:\/\/yoast.com\/product\/yoast-seo-wordpress\/ -->\n<title>\u00d6ljy kuivalle iholle - Probiotic Skincare Oil - Membrasin<\/title>\n<meta name=\"description\" content=\"Membrasin Probiotic Skin Care Oil -probioottinen \u00f6ljy palauttaa, kosteuttaa sek\u00e4 rauhoittaa kuivaa ja atooppista ihoa. Vahvistaa herk\u00e4n ihon tervett\u00e4 mikrobiomia. \u00a0\" \/>\n<meta name=\"robots\" content=\"index, follow, max-snippet:-1, max-image-preview:large, max-video-preview:-1\" \/>\n<link rel=\"canonical\" href=\"https:\/\/membrasin.com\/fi\/tuote\/probiotic-skin-care-oil-fi\/\" \/>\n<meta property=\"og:locale\" content=\"fi_FI\" \/>\n<meta property=\"og:type\" content=\"article\" \/>\n<meta property=\"og:title\" content=\"\u00d6ljy kuivalle iholle - Probiotic Skincare Oil - Membrasin\" \/>\n<meta property=\"og:description\" content=\"Membrasin Probiotic Skin Care Oil -probioottinen \u00f6ljy palauttaa, kosteuttaa sek\u00e4 rauhoittaa kuivaa ja atooppista ihoa. Vahvistaa herk\u00e4n ihon tervett\u00e4 mikrobiomia. \u00a0\" \/>\n<meta property=\"og:url\" content=\"https:\/\/membrasin.com\/fi\/tuote\/probiotic-skin-care-oil-fi\/\" \/>\n<meta property=\"og:site_name\" content=\"Membrasin\" \/>\n<meta property=\"article:publisher\" content=\"https:\/\/www.facebook.com\/Membrasin\" \/>\n<meta property=\"article:modified_time\" content=\"2026-04-07T19:16:56+00:00\" \/>\n<meta property=\"og:image\" content=\"https:\/\/membrasin.com\/wp-content\/uploads\/2022\/06\/Nimeton-malli-14.png\" \/>\n\t<meta property=\"og:image:width\" content=\"600\" \/>\n\t<meta property=\"og:image:height\" content=\"600\" \/>\n\t<meta property=\"og:image:type\" content=\"image\/png\" \/>\n<meta name=\"twitter:card\" content=\"summary_large_image\" \/>\n<meta name=\"twitter:label1\" content=\"Arvioitu lukuaika\" \/>\n\t<meta name=\"twitter:data1\" content=\"2 minuuttia\" \/>\n<script type=\"application\/ld+json\" class=\"yoast-schema-graph\">{\"@context\":\"https:\\\/\\\/schema.org\",\"@graph\":[{\"@type\":\"WebPage\",\"@id\":\"https:\\\/\\\/membrasin.com\\\/fi\\\/tuote\\\/probiotic-skin-care-oil-fi\\\/\",\"url\":\"https:\\\/\\\/membrasin.com\\\/fi\\\/tuote\\\/probiotic-skin-care-oil-fi\\\/\",\"name\":\"\u00d6ljy kuivalle iholle - Probiotic Skincare Oil - Membrasin\",\"isPartOf\":{\"@id\":\"https:\\\/\\\/membrasin.com\\\/fi\\\/#website\"},\"primaryImageOfPage\":{\"@id\":\"https:\\\/\\\/membrasin.com\\\/fi\\\/tuote\\\/probiotic-skin-care-oil-fi\\\/#primaryimage\"},\"image\":{\"@id\":\"https:\\\/\\\/membrasin.com\\\/fi\\\/tuote\\\/probiotic-skin-care-oil-fi\\\/#primaryimage\"},\"thumbnailUrl\":\"https:\\\/\\\/membrasin.com\\\/wp-content\\\/uploads\\\/2022\\\/06\\\/Nimeton-malli-14.png\",\"datePublished\":\"2022-06-21T10:35:54+00:00\",\"dateModified\":\"2026-04-07T19:16:56+00:00\",\"description\":\"Membrasin Probiotic Skin Care Oil -probioottinen \u00f6ljy palauttaa, kosteuttaa sek\u00e4 rauhoittaa kuivaa ja atooppista ihoa. Vahvistaa herk\u00e4n ihon tervett\u00e4 mikrobiomia. \u00a0\",\"breadcrumb\":{\"@id\":\"https:\\\/\\\/membrasin.com\\\/fi\\\/tuote\\\/probiotic-skin-care-oil-fi\\\/#breadcrumb\"},\"inLanguage\":\"fi\",\"potentialAction\":[{\"@type\":\"ReadAction\",\"target\":[\"https:\\\/\\\/membrasin.com\\\/fi\\\/tuote\\\/probiotic-skin-care-oil-fi\\\/\"]}]},{\"@type\":\"ImageObject\",\"inLanguage\":\"fi\",\"@id\":\"https:\\\/\\\/membrasin.com\\\/fi\\\/tuote\\\/probiotic-skin-care-oil-fi\\\/#primaryimage\",\"url\":\"https:\\\/\\\/membrasin.com\\\/wp-content\\\/uploads\\\/2022\\\/06\\\/Nimeton-malli-14.png\",\"contentUrl\":\"https:\\\/\\\/membrasin.com\\\/wp-content\\\/uploads\\\/2022\\\/06\\\/Nimeton-malli-14.png\",\"width\":600,\"height\":600},{\"@type\":\"BreadcrumbList\",\"@id\":\"https:\\\/\\\/membrasin.com\\\/fi\\\/tuote\\\/probiotic-skin-care-oil-fi\\\/#breadcrumb\",\"itemListElement\":[{\"@type\":\"ListItem\",\"position\":1,\"name\":\"Etusivu\",\"item\":\"https:\\\/\\\/membrasin.com\\\/fi\\\/\"},{\"@type\":\"ListItem\",\"position\":2,\"name\":\"Tuotteet\",\"item\":\"https:\\\/\\\/membrasin.com\\\/fi\\\/shop\\\/\"},{\"@type\":\"ListItem\",\"position\":3,\"name\":\"Probiotic Skincare Oil\"}]},{\"@type\":\"WebSite\",\"@id\":\"https:\\\/\\\/membrasin.com\\\/fi\\\/#website\",\"url\":\"https:\\\/\\\/membrasin.com\\\/fi\\\/\",\"name\":\"Membrasin\",\"description\":\"\",\"publisher\":{\"@id\":\"https:\\\/\\\/membrasin.com\\\/fi\\\/#organization\"},\"potentialAction\":[{\"@type\":\"SearchAction\",\"target\":{\"@type\":\"EntryPoint\",\"urlTemplate\":\"https:\\\/\\\/membrasin.com\\\/fi\\\/?s={search_term_string}\"},\"query-input\":{\"@type\":\"PropertyValueSpecification\",\"valueRequired\":true,\"valueName\":\"search_term_string\"}}],\"inLanguage\":\"fi\"},{\"@type\":\"Organization\",\"@id\":\"https:\\\/\\\/membrasin.com\\\/fi\\\/#organization\",\"name\":\"Membrasin\",\"url\":\"https:\\\/\\\/membrasin.com\\\/fi\\\/\",\"logo\":{\"@type\":\"ImageObject\",\"inLanguage\":\"fi\",\"@id\":\"https:\\\/\\\/membrasin.com\\\/fi\\\/#\\\/schema\\\/logo\\\/image\\\/\",\"url\":\"https:\\\/\\\/membrasin.com\\\/wp-content\\\/uploads\\\/2022\\\/09\\\/product_placeholder_membrasin_logo.png\",\"contentUrl\":\"https:\\\/\\\/membrasin.com\\\/wp-content\\\/uploads\\\/2022\\\/09\\\/product_placeholder_membrasin_logo.png\",\"width\":600,\"height\":600,\"caption\":\"Membrasin\"},\"image\":{\"@id\":\"https:\\\/\\\/membrasin.com\\\/fi\\\/#\\\/schema\\\/logo\\\/image\\\/\"},\"sameAs\":[\"https:\\\/\\\/www.facebook.com\\\/Membrasin\",\"https:\\\/\\\/www.instagram.com\\\/membrasin\\\/\"]}]}<\/script>\n<!-- \/ Yoast SEO plugin. -->","yoast_head_json":{"title":"\u00d6ljy kuivalle iholle - Probiotic Skincare Oil - Membrasin","description":"Membrasin Probiotic Skin Care Oil -probioottinen \u00f6ljy palauttaa, kosteuttaa sek\u00e4 rauhoittaa kuivaa ja atooppista ihoa. Vahvistaa herk\u00e4n ihon tervett\u00e4 mikrobiomia. \u00a0","robots":{"index":"index","follow":"follow","max-snippet":"max-snippet:-1","max-image-preview":"max-image-preview:large","max-video-preview":"max-video-preview:-1"},"canonical":"https:\/\/membrasin.com\/fi\/tuote\/probiotic-skin-care-oil-fi\/","og_locale":"fi_FI","og_type":"article","og_title":"\u00d6ljy kuivalle iholle - Probiotic Skincare Oil - Membrasin","og_description":"Membrasin Probiotic Skin Care Oil -probioottinen \u00f6ljy palauttaa, kosteuttaa sek\u00e4 rauhoittaa kuivaa ja atooppista ihoa. Vahvistaa herk\u00e4n ihon tervett\u00e4 mikrobiomia. \u00a0","og_url":"https:\/\/membrasin.com\/fi\/tuote\/probiotic-skin-care-oil-fi\/","og_site_name":"Membrasin","article_publisher":"https:\/\/www.facebook.com\/Membrasin","article_modified_time":"2026-04-07T19:16:56+00:00","og_image":[{"width":600,"height":600,"url":"https:\/\/membrasin.com\/wp-content\/uploads\/2022\/06\/Nimeton-malli-14.png","type":"image\/png"}],"twitter_card":"summary_large_image","twitter_misc":{"Arvioitu lukuaika":"2 minuuttia"},"schema":{"@context":"https:\/\/schema.org","@graph":[{"@type":"WebPage","@id":"https:\/\/membrasin.com\/fi\/tuote\/probiotic-skin-care-oil-fi\/","url":"https:\/\/membrasin.com\/fi\/tuote\/probiotic-skin-care-oil-fi\/","name":"\u00d6ljy kuivalle iholle - Probiotic Skincare Oil - Membrasin","isPartOf":{"@id":"https:\/\/membrasin.com\/fi\/#website"},"primaryImageOfPage":{"@id":"https:\/\/membrasin.com\/fi\/tuote\/probiotic-skin-care-oil-fi\/#primaryimage"},"image":{"@id":"https:\/\/membrasin.com\/fi\/tuote\/probiotic-skin-care-oil-fi\/#primaryimage"},"thumbnailUrl":"https:\/\/membrasin.com\/wp-content\/uploads\/2022\/06\/Nimeton-malli-14.png","datePublished":"2022-06-21T10:35:54+00:00","dateModified":"2026-04-07T19:16:56+00:00","description":"Membrasin Probiotic Skin Care Oil -probioottinen \u00f6ljy palauttaa, kosteuttaa sek\u00e4 rauhoittaa kuivaa ja atooppista ihoa. Vahvistaa herk\u00e4n ihon tervett\u00e4 mikrobiomia. \u00a0","breadcrumb":{"@id":"https:\/\/membrasin.com\/fi\/tuote\/probiotic-skin-care-oil-fi\/#breadcrumb"},"inLanguage":"fi","potentialAction":[{"@type":"ReadAction","target":["https:\/\/membrasin.com\/fi\/tuote\/probiotic-skin-care-oil-fi\/"]}]},{"@type":"ImageObject","inLanguage":"fi","@id":"https:\/\/membrasin.com\/fi\/tuote\/probiotic-skin-care-oil-fi\/#primaryimage","url":"https:\/\/membrasin.com\/wp-content\/uploads\/2022\/06\/Nimeton-malli-14.png","contentUrl":"https:\/\/membrasin.com\/wp-content\/uploads\/2022\/06\/Nimeton-malli-14.png","width":600,"height":600},{"@type":"BreadcrumbList","@id":"https:\/\/membrasin.com\/fi\/tuote\/probiotic-skin-care-oil-fi\/#breadcrumb","itemListElement":[{"@type":"ListItem","position":1,"name":"Etusivu","item":"https:\/\/membrasin.com\/fi\/"},{"@type":"ListItem","position":2,"name":"Tuotteet","item":"https:\/\/membrasin.com\/fi\/shop\/"},{"@type":"ListItem","position":3,"name":"Probiotic Skincare Oil"}]},{"@type":"WebSite","@id":"https:\/\/membrasin.com\/fi\/#website","url":"https:\/\/membrasin.com\/fi\/","name":"Membrasin","description":"","publisher":{"@id":"https:\/\/membrasin.com\/fi\/#organization"},"potentialAction":[{"@type":"SearchAction","target":{"@type":"EntryPoint","urlTemplate":"https:\/\/membrasin.com\/fi\/?s={search_term_string}"},"query-input":{"@type":"PropertyValueSpecification","valueRequired":true,"valueName":"search_term_string"}}],"inLanguage":"fi"},{"@type":"Organization","@id":"https:\/\/membrasin.com\/fi\/#organization","name":"Membrasin","url":"https:\/\/membrasin.com\/fi\/","logo":{"@type":"ImageObject","inLanguage":"fi","@id":"https:\/\/membrasin.com\/fi\/#\/schema\/logo\/image\/","url":"https:\/\/membrasin.com\/wp-content\/uploads\/2022\/09\/product_placeholder_membrasin_logo.png","contentUrl":"https:\/\/membrasin.com\/wp-content\/uploads\/2022\/09\/product_placeholder_membrasin_logo.png","width":600,"height":600,"caption":"Membrasin"},"image":{"@id":"https:\/\/membrasin.com\/fi\/#\/schema\/logo\/image\/"},"sameAs":["https:\/\/www.facebook.com\/Membrasin","https:\/\/www.instagram.com\/membrasin\/"]}]}},"_links":{"self":[{"href":"https:\/\/membrasin.com\/fi\/wp-json\/wp\/v2\/product\/1240","targetHints":{"allow":["GET"]}}],"collection":[{"href":"https:\/\/membrasin.com\/fi\/wp-json\/wp\/v2\/product"}],"about":[{"href":"https:\/\/membrasin.com\/fi\/wp-json\/wp\/v2\/types\/product"}],"replies":[{"embeddable":true,"href":"https:\/\/membrasin.com\/fi\/wp-json\/wp\/v2\/comments?post=1240"}],"wp:featuredmedia":[{"embeddable":true,"href":"https:\/\/membrasin.com\/fi\/wp-json\/wp\/v2\/media\/7412"}],"wp:attachment":[{"href":"https:\/\/membrasin.com\/fi\/wp-json\/wp\/v2\/media?parent=1240"}],"wp:term":[{"taxonomy":"product_brand","embeddable":true,"href":"https:\/\/membrasin.com\/fi\/wp-json\/wp\/v2\/product_brand?post=1240"},{"taxonomy":"product_cat","embeddable":true,"href":"https:\/\/membrasin.com\/fi\/wp-json\/wp\/v2\/product_cat?post=1240"},{"taxonomy":"product_tag","embeddable":true,"href":"https:\/\/membrasin.com\/fi\/wp-json\/wp\/v2\/product_tag?post=1240"}],"curies":[{"name":"wp","href":"https:\/\/api.w.org\/{rel}","templated":true}]}}