{"id":1230,"date":"2022-06-30T11:41:59","date_gmt":"2022-06-30T08:41:59","guid":{"rendered":"https:\/\/membrasin.com\/tuote\/skin-hydration-supplement\/"},"modified":"2026-04-08T16:50:39","modified_gmt":"2026-04-08T13:50:39","slug":"skin-hydration-supplement-havikki","status":"publish","type":"product","link":"https:\/\/membrasin.com\/fi\/tuote\/skin-hydration-supplement-havikki\/","title":{"rendered":"Lahja: Skin Hydration Supplement"},"content":{"rendered":"<h2>Kotimainen ravintolis\u00e4 kuivalle iholle &#8211; teho vahvistettu kliinisesti<\/h2>\n<p>Membrasin<sup>\u00ae<\/sup><span style=\"font-size: 16px;\"> Skin Hydration Supplement on kotimainen ravintolis\u00e4, joka auttaa yll\u00e4pit\u00e4m\u00e4\u00e4n ihon suojakerrosta sek\u00e4 ehk\u00e4isem\u00e4\u00e4n ja rauhoittamaan kuivaa ja kutisevaa ihoa. Se ravitsee ihoa sis\u00e4isesti sek\u00e4 tukee luonnollisesti ihon hyvinvointia. Sis\u00e4isesti ravittu iho tuntuu ja n\u00e4ytt\u00e4\u00e4 hyv\u00e4lt\u00e4.<\/span><\/p>\n<p>Ravintolis\u00e4 sis\u00e4lt\u00e4\u00e4 ainutlaatuisen yhdistelm\u00e4n BC634<sup>\u00ae<\/sup> mustaherukansiemen\u00f6ljy\u00e4 ja SBA24<sup>\u00ae<\/sup> tyrni\u00f6ljy\u00e4, jotka sis\u00e4lt\u00e4v\u00e4t runsaasti iholle t\u00e4rkeit\u00e4 rasvahappoja ja muita ravintoaineita. SBA24<sup>\u00ae<\/sup> tyrni\u00f6ljyn ja BC634<sup>\u00ae<\/sup> mustaherukansiemen\u00f6ljyn koostumus, teho ja turvallisuus on varmistettu kliinisill\u00e4 tutkimuksilla.<\/p>\n<h2>Luonnollisesti ihoon vaikuttavat vitamiinit tukevat ja suojaavat ihoa sis\u00e4lt\u00e4 p\u00e4in<\/h2>\n<p>Membrasin<sup>\u00ae<\/sup> Skin Hydration Supplement -ravintolis\u00e4 sis\u00e4lt\u00e4\u00e4 my\u00f6s A-vitamiinia beetakaroteenista sek\u00e4 E-vitamiinia. A-vitamiini edist\u00e4\u00e4 ihon ja limakalvojen pysymist\u00e4 normaalina. E-vitamiini suojaa ihon ja elimist\u00f6n soluja oksidatiiviselta stressilt\u00e4.*<\/p>\n<p>Mustaherukansiemen\u00f6ljy ja tyrni\u00f6ljy uutetaan hell\u00e4varaisesti marjoista ja siemenist\u00e4 s\u00e4ilytt\u00e4en herk\u00e4t bioaktiiviset ainesosat. Marjat ovat puhtaita luomumarjoja tai villin\u00e4 luonnossa kasvaneita marjoja. Tuotantoprosessi on ymp\u00e4rist\u00f6yst\u00e4v\u00e4llinen, eik\u00e4 siin\u00e4 k\u00e4ytet\u00e4 liuottimia.<\/p>\n<ul>\n<li>Sis\u00e4lt\u00e4\u00e4 iholle t\u00e4rkeit\u00e4 omega-3, -6, -7 ja -9-rasvahappoja sek\u00e4 A- ja E-vitamiinia<\/li>\n<li>Gammalinoleenihappo (GLA) tukee ihon kosteustasapainoa<\/li>\n<li>A-vitamiini* tukee ihon, limakalvojen ja vastustuskyvyn normaalia toimintaa<\/li>\n<li>E-vitamiini* suojaa ihon ja elimist\u00f6n soluja hapettumiselta<\/li>\n<li>Ainoastaan puhtaita luonnosta eristettyj\u00e4 ainesosia<\/li>\n<li>Pehme\u00e4 kasvipohjainen kapseli<\/li>\n<li>100 % vegaaninen<\/li>\n<li>Ei el\u00e4inper\u00e4isi\u00e4 ainesosia<\/li>\n<\/ul>\n<h2>Hoida ihoa sis\u00e4isesti kapselilla ja lievit\u00e4 oireita ulkoisesti voiteella sek\u00e4 \u00f6ljyll\u00e4<\/h2>\n<p>Parhaan tuloksen saat Membrasin<sup>\u00ae<\/sup> Dermal 3-vaiheisella ratkaisulla: <a href=\"https:\/\/membrasin.com\/fi\/tuote\/skin-hydration-supplement-fi\/\">Membrasin<sup>\u00ae<\/sup> Skin Hydration Supplement<\/a> -kapseli antaa sis\u00e4isesti pitk\u00e4kestoista luonnollista kosteutusta sek\u00e4 suojaa iholle ja <a href=\"https:\/\/membrasin.com\/fi\/tuote\/atopic-skin-repair-cream-fin\/\">Membrasin<sup>\u00ae<\/sup> Atopic Skin Repair Cream -voide<\/a> lievitt\u00e4\u00e4 tutkitusti atooppisen ihon oireita. <a href=\"https:\/\/membrasin.com\/fi\/tuote\/probiotic-skin-care-oil-fi\/\">Membrasin<sup>\u00ae<\/sup> Probiotic Skincare Oil -iho\u00f6ljy<\/a> on t\u00e4sm\u00e4tuote kosteuttamaan ja tasapainoittamaan kuvia ihoalueita.<\/p>\n<p>* Ravintolis\u00e4: sis\u00e4lt\u00e4\u00e4 luonnollista beetakaroteenia, A-vitamiinin l\u00e4hdett\u00e4, joka edist\u00e4\u00e4 limakalvojen ja ihon pysymist\u00e4 normaalina. E-vitamiini edist\u00e4\u00e4 solujen suojaamista hapettumisstressilt\u00e4.<\/p>\n<h3>Lue lis\u00e4\u00e4 kuivan ihon aiheuttajista ja hoidosta:<\/h3>\n<ul>\n<li><a href=\"https:\/\/membrasin.com\/fi\/kuiva-iho-on-erittain-yleinen-vaiva\/\">Kuiva iho on eritt\u00e4in yleinen vaiva<\/a><\/li>\n<li><a href=\"https:\/\/membrasin.com\/fi\/ihon-hyvinvointi-talven-kylmyydessa-dermal-sarja-kuivalle-atooppiselle-iholle\/\">Ihon hyvinvointi talven kylmyydess\u00e4: Membrasin\u00ae Dermal-sarja kuivalle ja atooppiselle iholle<\/a><\/li>\n<li><a href=\"https:\/\/membrasin.com\/fi\/mita-hyotya-omega-rasvahapoista-on-ihonhoidossa\/\">Mit\u00e4 hy\u00f6ty\u00e4 omega-rasvahapoista on ihonhoidossa?<\/a><\/li>\n<\/ul>\n","protected":false},"excerpt":{"rendered":"<p>Suojaa ja tukee luonnollisesti ihon hyvinvointia. Erityisesti kuivalle sek\u00e4 atooppiselle iholle ravitsemaan ihoa sis\u00e4isesti.<\/p>\n<ul>\n<li>Luonnollista kosteutusta iholle 2-5 viikossa<\/li>\n<li>Kuivalle ja \u00e4rtyneelle iholle<\/li>\n<li>Omega-3, -6, -7 ja -9-rasvahappoja sek\u00e4 A- ja E-vitamiinia<\/li>\n<li>Yll\u00e4pit\u00e4\u00e4 ihon hyvinvointia<\/li>\n<li><!--StartFragment --><span class=\"cf0\">Sis\u00e4lt\u00e4\u00e4 kliinisesti tutkittua mustaherukansiemen\u00f6ljy\u00e4<\/span><!--EndFragment --><\/li>\n<li>Kehitetty ja valmistettu Suomessa<\/li>\n<\/ul>\n","protected":false},"featured_media":774,"comment_status":"open","ping_status":"closed","template":"","meta":{"_acf_changed":false},"product_brand":[],"product_cat":[61],"product_tag":[],"class_list":{"0":"post-1230","1":"product","2":"type-product","3":"status-publish","4":"has-post-thumbnail","6":"product_cat-dermal-fi","8":"first","9":"instock","10":"taxable","11":"shipping-taxable","12":"purchasable","13":"product-type-simple"},"bundled_by":[],"bundle_stock_status":"instock","bundle_stock_quantity":19,"bundle_virtual":false,"bundle_layout":"","bundle_add_to_cart_form_location":"","bundle_editable_in_cart":false,"bundle_sold_individually_context":"","bundle_item_grouping":"","bundle_min_size":"","bundle_max_size":"","bundled_items":[],"bundle_sell_ids":[],"acf":[],"yoast_head":"<!-- This site is optimized with the Yoast SEO plugin v27.3 - https:\/\/yoast.com\/product\/yoast-seo-wordpress\/ -->\n<title>Ravintolis\u00e4 kuivalle iholle - Lahja: Skin Hydration Supplement - Membrasin<\/title>\n<meta name=\"description\" content=\"Membrasin\u00ae Skin Hydration Supplement -ravintolis\u00e4 suojaa luonnollisesti ihon hyvinvointia. Erityisesti kuivalle sek\u00e4 atooppiselle iholle ravitsemaan ihoa sis\u00e4isesti.\" \/>\n<meta name=\"robots\" content=\"index, follow, max-snippet:-1, max-image-preview:large, max-video-preview:-1\" \/>\n<link rel=\"canonical\" href=\"https:\/\/membrasin.com\/fi\/tuote\/skin-hydration-supplement-havikki\/\" \/>\n<meta property=\"og:locale\" content=\"fi_FI\" \/>\n<meta property=\"og:type\" content=\"article\" \/>\n<meta property=\"og:title\" content=\"Ravintolis\u00e4 kuivalle iholle - Lahja: Skin Hydration Supplement - Membrasin\" \/>\n<meta property=\"og:description\" content=\"Membrasin\u00ae Skin Hydration Supplement -ravintolis\u00e4 suojaa luonnollisesti ihon hyvinvointia. Erityisesti kuivalle sek\u00e4 atooppiselle iholle ravitsemaan ihoa sis\u00e4isesti.\" \/>\n<meta property=\"og:url\" content=\"https:\/\/membrasin.com\/fi\/tuote\/skin-hydration-supplement-havikki\/\" \/>\n<meta property=\"og:site_name\" content=\"Membrasin\" \/>\n<meta property=\"article:publisher\" content=\"https:\/\/www.facebook.com\/Membrasin\" \/>\n<meta property=\"article:modified_time\" content=\"2026-04-08T13:50:39+00:00\" \/>\n<meta property=\"og:image\" content=\"https:\/\/membrasin.com\/wp-content\/uploads\/2022\/06\/Membrasin_dermal_capsules_caps_package_72dpi_600x600px-1.png\" \/>\n\t<meta property=\"og:image:width\" content=\"600\" \/>\n\t<meta property=\"og:image:height\" content=\"600\" \/>\n\t<meta property=\"og:image:type\" content=\"image\/png\" \/>\n<meta name=\"twitter:card\" content=\"summary_large_image\" \/>\n<meta name=\"twitter:label1\" content=\"Arvioitu lukuaika\" \/>\n\t<meta name=\"twitter:data1\" content=\"3 minuuttia\" \/>\n<script type=\"application\/ld+json\" class=\"yoast-schema-graph\">{\"@context\":\"https:\\\/\\\/schema.org\",\"@graph\":[{\"@type\":\"WebPage\",\"@id\":\"https:\\\/\\\/membrasin.com\\\/fi\\\/tuote\\\/skin-hydration-supplement-havikki\\\/\",\"url\":\"https:\\\/\\\/membrasin.com\\\/fi\\\/tuote\\\/skin-hydration-supplement-havikki\\\/\",\"name\":\"Ravintolis\u00e4 kuivalle iholle - Lahja: Skin Hydration Supplement - Membrasin\",\"isPartOf\":{\"@id\":\"https:\\\/\\\/membrasin.com\\\/fi\\\/#website\"},\"primaryImageOfPage\":{\"@id\":\"https:\\\/\\\/membrasin.com\\\/fi\\\/tuote\\\/skin-hydration-supplement-havikki\\\/#primaryimage\"},\"image\":{\"@id\":\"https:\\\/\\\/membrasin.com\\\/fi\\\/tuote\\\/skin-hydration-supplement-havikki\\\/#primaryimage\"},\"thumbnailUrl\":\"https:\\\/\\\/membrasin.com\\\/wp-content\\\/uploads\\\/2022\\\/06\\\/Membrasin_dermal_capsules_caps_package_72dpi_600x600px-1.png\",\"datePublished\":\"2022-06-30T08:41:59+00:00\",\"dateModified\":\"2026-04-08T13:50:39+00:00\",\"description\":\"Membrasin\u00ae Skin Hydration Supplement -ravintolis\u00e4 suojaa luonnollisesti ihon hyvinvointia. Erityisesti kuivalle sek\u00e4 atooppiselle iholle ravitsemaan ihoa sis\u00e4isesti.\",\"breadcrumb\":{\"@id\":\"https:\\\/\\\/membrasin.com\\\/fi\\\/tuote\\\/skin-hydration-supplement-havikki\\\/#breadcrumb\"},\"inLanguage\":\"fi\",\"potentialAction\":[{\"@type\":\"ReadAction\",\"target\":[\"https:\\\/\\\/membrasin.com\\\/fi\\\/tuote\\\/skin-hydration-supplement-havikki\\\/\"]}]},{\"@type\":\"ImageObject\",\"inLanguage\":\"fi\",\"@id\":\"https:\\\/\\\/membrasin.com\\\/fi\\\/tuote\\\/skin-hydration-supplement-havikki\\\/#primaryimage\",\"url\":\"https:\\\/\\\/membrasin.com\\\/wp-content\\\/uploads\\\/2022\\\/06\\\/Membrasin_dermal_capsules_caps_package_72dpi_600x600px-1.png\",\"contentUrl\":\"https:\\\/\\\/membrasin.com\\\/wp-content\\\/uploads\\\/2022\\\/06\\\/Membrasin_dermal_capsules_caps_package_72dpi_600x600px-1.png\",\"width\":600,\"height\":600},{\"@type\":\"BreadcrumbList\",\"@id\":\"https:\\\/\\\/membrasin.com\\\/fi\\\/tuote\\\/skin-hydration-supplement-havikki\\\/#breadcrumb\",\"itemListElement\":[{\"@type\":\"ListItem\",\"position\":1,\"name\":\"Etusivu\",\"item\":\"https:\\\/\\\/membrasin.com\\\/fi\\\/\"},{\"@type\":\"ListItem\",\"position\":2,\"name\":\"Tuotteet\",\"item\":\"https:\\\/\\\/membrasin.com\\\/fi\\\/shop\\\/\"},{\"@type\":\"ListItem\",\"position\":3,\"name\":\"Lahja: Skin Hydration Supplement\"}]},{\"@type\":\"WebSite\",\"@id\":\"https:\\\/\\\/membrasin.com\\\/fi\\\/#website\",\"url\":\"https:\\\/\\\/membrasin.com\\\/fi\\\/\",\"name\":\"Membrasin\",\"description\":\"\",\"publisher\":{\"@id\":\"https:\\\/\\\/membrasin.com\\\/fi\\\/#organization\"},\"potentialAction\":[{\"@type\":\"SearchAction\",\"target\":{\"@type\":\"EntryPoint\",\"urlTemplate\":\"https:\\\/\\\/membrasin.com\\\/fi\\\/?s={search_term_string}\"},\"query-input\":{\"@type\":\"PropertyValueSpecification\",\"valueRequired\":true,\"valueName\":\"search_term_string\"}}],\"inLanguage\":\"fi\"},{\"@type\":\"Organization\",\"@id\":\"https:\\\/\\\/membrasin.com\\\/fi\\\/#organization\",\"name\":\"Membrasin\",\"url\":\"https:\\\/\\\/membrasin.com\\\/fi\\\/\",\"logo\":{\"@type\":\"ImageObject\",\"inLanguage\":\"fi\",\"@id\":\"https:\\\/\\\/membrasin.com\\\/fi\\\/#\\\/schema\\\/logo\\\/image\\\/\",\"url\":\"https:\\\/\\\/membrasin.com\\\/wp-content\\\/uploads\\\/2022\\\/09\\\/product_placeholder_membrasin_logo.png\",\"contentUrl\":\"https:\\\/\\\/membrasin.com\\\/wp-content\\\/uploads\\\/2022\\\/09\\\/product_placeholder_membrasin_logo.png\",\"width\":600,\"height\":600,\"caption\":\"Membrasin\"},\"image\":{\"@id\":\"https:\\\/\\\/membrasin.com\\\/fi\\\/#\\\/schema\\\/logo\\\/image\\\/\"},\"sameAs\":[\"https:\\\/\\\/www.facebook.com\\\/Membrasin\",\"https:\\\/\\\/www.instagram.com\\\/membrasin\\\/\"]}]}<\/script>\n<!-- \/ Yoast SEO plugin. -->","yoast_head_json":{"title":"Ravintolis\u00e4 kuivalle iholle - Lahja: Skin Hydration Supplement - Membrasin","description":"Membrasin\u00ae Skin Hydration Supplement -ravintolis\u00e4 suojaa luonnollisesti ihon hyvinvointia. Erityisesti kuivalle sek\u00e4 atooppiselle iholle ravitsemaan ihoa sis\u00e4isesti.","robots":{"index":"index","follow":"follow","max-snippet":"max-snippet:-1","max-image-preview":"max-image-preview:large","max-video-preview":"max-video-preview:-1"},"canonical":"https:\/\/membrasin.com\/fi\/tuote\/skin-hydration-supplement-havikki\/","og_locale":"fi_FI","og_type":"article","og_title":"Ravintolis\u00e4 kuivalle iholle - Lahja: Skin Hydration Supplement - Membrasin","og_description":"Membrasin\u00ae Skin Hydration Supplement -ravintolis\u00e4 suojaa luonnollisesti ihon hyvinvointia. Erityisesti kuivalle sek\u00e4 atooppiselle iholle ravitsemaan ihoa sis\u00e4isesti.","og_url":"https:\/\/membrasin.com\/fi\/tuote\/skin-hydration-supplement-havikki\/","og_site_name":"Membrasin","article_publisher":"https:\/\/www.facebook.com\/Membrasin","article_modified_time":"2026-04-08T13:50:39+00:00","og_image":[{"width":600,"height":600,"url":"https:\/\/membrasin.com\/wp-content\/uploads\/2022\/06\/Membrasin_dermal_capsules_caps_package_72dpi_600x600px-1.png","type":"image\/png"}],"twitter_card":"summary_large_image","twitter_misc":{"Arvioitu lukuaika":"3 minuuttia"},"schema":{"@context":"https:\/\/schema.org","@graph":[{"@type":"WebPage","@id":"https:\/\/membrasin.com\/fi\/tuote\/skin-hydration-supplement-havikki\/","url":"https:\/\/membrasin.com\/fi\/tuote\/skin-hydration-supplement-havikki\/","name":"Ravintolis\u00e4 kuivalle iholle - Lahja: Skin Hydration Supplement - Membrasin","isPartOf":{"@id":"https:\/\/membrasin.com\/fi\/#website"},"primaryImageOfPage":{"@id":"https:\/\/membrasin.com\/fi\/tuote\/skin-hydration-supplement-havikki\/#primaryimage"},"image":{"@id":"https:\/\/membrasin.com\/fi\/tuote\/skin-hydration-supplement-havikki\/#primaryimage"},"thumbnailUrl":"https:\/\/membrasin.com\/wp-content\/uploads\/2022\/06\/Membrasin_dermal_capsules_caps_package_72dpi_600x600px-1.png","datePublished":"2022-06-30T08:41:59+00:00","dateModified":"2026-04-08T13:50:39+00:00","description":"Membrasin\u00ae Skin Hydration Supplement -ravintolis\u00e4 suojaa luonnollisesti ihon hyvinvointia. Erityisesti kuivalle sek\u00e4 atooppiselle iholle ravitsemaan ihoa sis\u00e4isesti.","breadcrumb":{"@id":"https:\/\/membrasin.com\/fi\/tuote\/skin-hydration-supplement-havikki\/#breadcrumb"},"inLanguage":"fi","potentialAction":[{"@type":"ReadAction","target":["https:\/\/membrasin.com\/fi\/tuote\/skin-hydration-supplement-havikki\/"]}]},{"@type":"ImageObject","inLanguage":"fi","@id":"https:\/\/membrasin.com\/fi\/tuote\/skin-hydration-supplement-havikki\/#primaryimage","url":"https:\/\/membrasin.com\/wp-content\/uploads\/2022\/06\/Membrasin_dermal_capsules_caps_package_72dpi_600x600px-1.png","contentUrl":"https:\/\/membrasin.com\/wp-content\/uploads\/2022\/06\/Membrasin_dermal_capsules_caps_package_72dpi_600x600px-1.png","width":600,"height":600},{"@type":"BreadcrumbList","@id":"https:\/\/membrasin.com\/fi\/tuote\/skin-hydration-supplement-havikki\/#breadcrumb","itemListElement":[{"@type":"ListItem","position":1,"name":"Etusivu","item":"https:\/\/membrasin.com\/fi\/"},{"@type":"ListItem","position":2,"name":"Tuotteet","item":"https:\/\/membrasin.com\/fi\/shop\/"},{"@type":"ListItem","position":3,"name":"Lahja: Skin Hydration Supplement"}]},{"@type":"WebSite","@id":"https:\/\/membrasin.com\/fi\/#website","url":"https:\/\/membrasin.com\/fi\/","name":"Membrasin","description":"","publisher":{"@id":"https:\/\/membrasin.com\/fi\/#organization"},"potentialAction":[{"@type":"SearchAction","target":{"@type":"EntryPoint","urlTemplate":"https:\/\/membrasin.com\/fi\/?s={search_term_string}"},"query-input":{"@type":"PropertyValueSpecification","valueRequired":true,"valueName":"search_term_string"}}],"inLanguage":"fi"},{"@type":"Organization","@id":"https:\/\/membrasin.com\/fi\/#organization","name":"Membrasin","url":"https:\/\/membrasin.com\/fi\/","logo":{"@type":"ImageObject","inLanguage":"fi","@id":"https:\/\/membrasin.com\/fi\/#\/schema\/logo\/image\/","url":"https:\/\/membrasin.com\/wp-content\/uploads\/2022\/09\/product_placeholder_membrasin_logo.png","contentUrl":"https:\/\/membrasin.com\/wp-content\/uploads\/2022\/09\/product_placeholder_membrasin_logo.png","width":600,"height":600,"caption":"Membrasin"},"image":{"@id":"https:\/\/membrasin.com\/fi\/#\/schema\/logo\/image\/"},"sameAs":["https:\/\/www.facebook.com\/Membrasin","https:\/\/www.instagram.com\/membrasin\/"]}]}},"_links":{"self":[{"href":"https:\/\/membrasin.com\/fi\/wp-json\/wp\/v2\/product\/1230","targetHints":{"allow":["GET"]}}],"collection":[{"href":"https:\/\/membrasin.com\/fi\/wp-json\/wp\/v2\/product"}],"about":[{"href":"https:\/\/membrasin.com\/fi\/wp-json\/wp\/v2\/types\/product"}],"replies":[{"embeddable":true,"href":"https:\/\/membrasin.com\/fi\/wp-json\/wp\/v2\/comments?post=1230"}],"wp:featuredmedia":[{"embeddable":true,"href":"https:\/\/membrasin.com\/fi\/wp-json\/wp\/v2\/media\/774"}],"wp:attachment":[{"href":"https:\/\/membrasin.com\/fi\/wp-json\/wp\/v2\/media?parent=1230"}],"wp:term":[{"taxonomy":"product_brand","embeddable":true,"href":"https:\/\/membrasin.com\/fi\/wp-json\/wp\/v2\/product_brand?post=1230"},{"taxonomy":"product_cat","embeddable":true,"href":"https:\/\/membrasin.com\/fi\/wp-json\/wp\/v2\/product_cat?post=1230"},{"taxonomy":"product_tag","embeddable":true,"href":"https:\/\/membrasin.com\/fi\/wp-json\/wp\/v2\/product_tag?post=1230"}],"curies":[{"name":"wp","href":"https:\/\/api.w.org\/{rel}","templated":true}]}}