{"id":1075,"date":"2022-06-20T12:50:41","date_gmt":"2022-06-20T09:50:41","guid":{"rendered":"https:\/\/membrasin.com\/science\/"},"modified":"2023-03-03T15:28:41","modified_gmt":"2023-03-03T13:28:41","slug":"tiede","status":"publish","type":"page","link":"https:\/\/membrasin.com\/fi\/tiede\/","title":{"rendered":"Tiede"},"content":{"rendered":"","protected":false},"excerpt":{"rendered":"","protected":false},"author":1,"featured_media":0,"parent":0,"menu_order":0,"comment_status":"closed","ping_status":"closed","template":"","meta":{"_acf_changed":false,"footnotes":""},"class_list":["post-1075","page","type-page","status-publish","hentry"],"acf":[],"yoast_head":"<!-- This site is optimized with the Yoast SEO plugin v27.3 - https:\/\/yoast.com\/product\/yoast-seo-wordpress\/ -->\n<title>Tiede - Membrasin<\/title>\n<meta name=\"description\" content=\"L\u00e4hteen\u00e4 luonto, perustana tiede. Tuotekehityksen ja tuotteiden toimivuuden ytimess\u00e4 ovat kotimaisuus, luonnollisuus, tiede ja tutkimus.\u00a0\u00a0\" \/>\n<meta name=\"robots\" content=\"index, follow, max-snippet:-1, max-image-preview:large, max-video-preview:-1\" \/>\n<link rel=\"canonical\" href=\"https:\/\/membrasin.com\/fi\/tiede\/\" \/>\n<meta property=\"og:locale\" content=\"fi_FI\" \/>\n<meta property=\"og:type\" content=\"article\" \/>\n<meta property=\"og:title\" content=\"Tiede - Membrasin\" \/>\n<meta property=\"og:description\" content=\"L\u00e4hteen\u00e4 luonto, perustana tiede. Tuotekehityksen ja tuotteiden toimivuuden ytimess\u00e4 ovat kotimaisuus, luonnollisuus, tiede ja tutkimus.\u00a0\u00a0\" \/>\n<meta property=\"og:url\" content=\"https:\/\/membrasin.com\/fi\/tiede\/\" \/>\n<meta property=\"og:site_name\" content=\"Membrasin\" \/>\n<meta property=\"article:publisher\" content=\"https:\/\/www.facebook.com\/Membrasin\" \/>\n<meta property=\"article:modified_time\" content=\"2023-03-03T13:28:41+00:00\" \/>\n<meta name=\"twitter:card\" content=\"summary_large_image\" \/>\n<script type=\"application\/ld+json\" class=\"yoast-schema-graph\">{\"@context\":\"https:\\\/\\\/schema.org\",\"@graph\":[{\"@type\":\"WebPage\",\"@id\":\"https:\\\/\\\/membrasin.com\\\/fi\\\/tiede\\\/\",\"url\":\"https:\\\/\\\/membrasin.com\\\/fi\\\/tiede\\\/\",\"name\":\"Tiede - Membrasin\",\"isPartOf\":{\"@id\":\"https:\\\/\\\/membrasin.com\\\/fi\\\/#website\"},\"datePublished\":\"2022-06-20T09:50:41+00:00\",\"dateModified\":\"2023-03-03T13:28:41+00:00\",\"description\":\"L\u00e4hteen\u00e4 luonto, perustana tiede. Tuotekehityksen ja tuotteiden toimivuuden ytimess\u00e4 ovat kotimaisuus, luonnollisuus, tiede ja tutkimus.\u00a0\u00a0\",\"breadcrumb\":{\"@id\":\"https:\\\/\\\/membrasin.com\\\/fi\\\/tiede\\\/#breadcrumb\"},\"inLanguage\":\"fi\",\"potentialAction\":[{\"@type\":\"ReadAction\",\"target\":[\"https:\\\/\\\/membrasin.com\\\/fi\\\/tiede\\\/\"]}]},{\"@type\":\"BreadcrumbList\",\"@id\":\"https:\\\/\\\/membrasin.com\\\/fi\\\/tiede\\\/#breadcrumb\",\"itemListElement\":[{\"@type\":\"ListItem\",\"position\":1,\"name\":\"Etusivu\",\"item\":\"https:\\\/\\\/membrasin.com\\\/fi\\\/\"},{\"@type\":\"ListItem\",\"position\":2,\"name\":\"Tiede\"}]},{\"@type\":\"WebSite\",\"@id\":\"https:\\\/\\\/membrasin.com\\\/fi\\\/#website\",\"url\":\"https:\\\/\\\/membrasin.com\\\/fi\\\/\",\"name\":\"Membrasin\",\"description\":\"\",\"publisher\":{\"@id\":\"https:\\\/\\\/membrasin.com\\\/fi\\\/#organization\"},\"potentialAction\":[{\"@type\":\"SearchAction\",\"target\":{\"@type\":\"EntryPoint\",\"urlTemplate\":\"https:\\\/\\\/membrasin.com\\\/fi\\\/?s={search_term_string}\"},\"query-input\":{\"@type\":\"PropertyValueSpecification\",\"valueRequired\":true,\"valueName\":\"search_term_string\"}}],\"inLanguage\":\"fi\"},{\"@type\":\"Organization\",\"@id\":\"https:\\\/\\\/membrasin.com\\\/fi\\\/#organization\",\"name\":\"Membrasin\",\"url\":\"https:\\\/\\\/membrasin.com\\\/fi\\\/\",\"logo\":{\"@type\":\"ImageObject\",\"inLanguage\":\"fi\",\"@id\":\"https:\\\/\\\/membrasin.com\\\/fi\\\/#\\\/schema\\\/logo\\\/image\\\/\",\"url\":\"https:\\\/\\\/membrasin.com\\\/wp-content\\\/uploads\\\/2022\\\/09\\\/product_placeholder_membrasin_logo.png\",\"contentUrl\":\"https:\\\/\\\/membrasin.com\\\/wp-content\\\/uploads\\\/2022\\\/09\\\/product_placeholder_membrasin_logo.png\",\"width\":600,\"height\":600,\"caption\":\"Membrasin\"},\"image\":{\"@id\":\"https:\\\/\\\/membrasin.com\\\/fi\\\/#\\\/schema\\\/logo\\\/image\\\/\"},\"sameAs\":[\"https:\\\/\\\/www.facebook.com\\\/Membrasin\",\"https:\\\/\\\/www.instagram.com\\\/membrasin\\\/\"]}]}<\/script>\n<!-- \/ Yoast SEO plugin. -->","yoast_head_json":{"title":"Tiede - Membrasin","description":"L\u00e4hteen\u00e4 luonto, perustana tiede. Tuotekehityksen ja tuotteiden toimivuuden ytimess\u00e4 ovat kotimaisuus, luonnollisuus, tiede ja tutkimus.\u00a0\u00a0","robots":{"index":"index","follow":"follow","max-snippet":"max-snippet:-1","max-image-preview":"max-image-preview:large","max-video-preview":"max-video-preview:-1"},"canonical":"https:\/\/membrasin.com\/fi\/tiede\/","og_locale":"fi_FI","og_type":"article","og_title":"Tiede - Membrasin","og_description":"L\u00e4hteen\u00e4 luonto, perustana tiede. Tuotekehityksen ja tuotteiden toimivuuden ytimess\u00e4 ovat kotimaisuus, luonnollisuus, tiede ja tutkimus.\u00a0\u00a0","og_url":"https:\/\/membrasin.com\/fi\/tiede\/","og_site_name":"Membrasin","article_publisher":"https:\/\/www.facebook.com\/Membrasin","article_modified_time":"2023-03-03T13:28:41+00:00","twitter_card":"summary_large_image","schema":{"@context":"https:\/\/schema.org","@graph":[{"@type":"WebPage","@id":"https:\/\/membrasin.com\/fi\/tiede\/","url":"https:\/\/membrasin.com\/fi\/tiede\/","name":"Tiede - Membrasin","isPartOf":{"@id":"https:\/\/membrasin.com\/fi\/#website"},"datePublished":"2022-06-20T09:50:41+00:00","dateModified":"2023-03-03T13:28:41+00:00","description":"L\u00e4hteen\u00e4 luonto, perustana tiede. Tuotekehityksen ja tuotteiden toimivuuden ytimess\u00e4 ovat kotimaisuus, luonnollisuus, tiede ja tutkimus.\u00a0\u00a0","breadcrumb":{"@id":"https:\/\/membrasin.com\/fi\/tiede\/#breadcrumb"},"inLanguage":"fi","potentialAction":[{"@type":"ReadAction","target":["https:\/\/membrasin.com\/fi\/tiede\/"]}]},{"@type":"BreadcrumbList","@id":"https:\/\/membrasin.com\/fi\/tiede\/#breadcrumb","itemListElement":[{"@type":"ListItem","position":1,"name":"Etusivu","item":"https:\/\/membrasin.com\/fi\/"},{"@type":"ListItem","position":2,"name":"Tiede"}]},{"@type":"WebSite","@id":"https:\/\/membrasin.com\/fi\/#website","url":"https:\/\/membrasin.com\/fi\/","name":"Membrasin","description":"","publisher":{"@id":"https:\/\/membrasin.com\/fi\/#organization"},"potentialAction":[{"@type":"SearchAction","target":{"@type":"EntryPoint","urlTemplate":"https:\/\/membrasin.com\/fi\/?s={search_term_string}"},"query-input":{"@type":"PropertyValueSpecification","valueRequired":true,"valueName":"search_term_string"}}],"inLanguage":"fi"},{"@type":"Organization","@id":"https:\/\/membrasin.com\/fi\/#organization","name":"Membrasin","url":"https:\/\/membrasin.com\/fi\/","logo":{"@type":"ImageObject","inLanguage":"fi","@id":"https:\/\/membrasin.com\/fi\/#\/schema\/logo\/image\/","url":"https:\/\/membrasin.com\/wp-content\/uploads\/2022\/09\/product_placeholder_membrasin_logo.png","contentUrl":"https:\/\/membrasin.com\/wp-content\/uploads\/2022\/09\/product_placeholder_membrasin_logo.png","width":600,"height":600,"caption":"Membrasin"},"image":{"@id":"https:\/\/membrasin.com\/fi\/#\/schema\/logo\/image\/"},"sameAs":["https:\/\/www.facebook.com\/Membrasin","https:\/\/www.instagram.com\/membrasin\/"]}]}},"_links":{"self":[{"href":"https:\/\/membrasin.com\/fi\/wp-json\/wp\/v2\/pages\/1075","targetHints":{"allow":["GET"]}}],"collection":[{"href":"https:\/\/membrasin.com\/fi\/wp-json\/wp\/v2\/pages"}],"about":[{"href":"https:\/\/membrasin.com\/fi\/wp-json\/wp\/v2\/types\/page"}],"author":[{"embeddable":true,"href":"https:\/\/membrasin.com\/fi\/wp-json\/wp\/v2\/users\/1"}],"replies":[{"embeddable":true,"href":"https:\/\/membrasin.com\/fi\/wp-json\/wp\/v2\/comments?post=1075"}],"version-history":[{"count":12,"href":"https:\/\/membrasin.com\/fi\/wp-json\/wp\/v2\/pages\/1075\/revisions"}],"predecessor-version":[{"id":1575,"href":"https:\/\/membrasin.com\/fi\/wp-json\/wp\/v2\/pages\/1075\/revisions\/1575"}],"wp:attachment":[{"href":"https:\/\/membrasin.com\/fi\/wp-json\/wp\/v2\/media?parent=1075"}],"curies":[{"name":"wp","href":"https:\/\/api.w.org\/{rel}","templated":true}]}}